{"id":1705,"date":"2025-05-28T05:40:04","date_gmt":"2025-05-28T05:40:04","guid":{"rendered":"https:\/\/lecochonsavant.com\/?page_id=1705"},"modified":"2025-11-20T13:00:49","modified_gmt":"2025-11-20T18:00:49","slug":"quizzs-queer","status":"publish","type":"page","link":"https:\/\/lecochonsavant.com\/en\/quizzs-queer\/","title":{"rendered":"Quizzs Queer"},"content":{"rendered":"<div data-elementor-type=\"wp-page\" data-elementor-id=\"1705\" class=\"elementor elementor-1705\" data-elementor-post-type=\"page\">\n\t\t\t\t<div class=\"elementor-element elementor-element-5cc292f e-con-full e-flex e-con e-parent\" data-id=\"5cc292f\" data-element_type=\"container\" data-e-type=\"container\">\n\t\t\t\t<div class=\"elementor-element elementor-element-08c1a0b elementor-invisible elementor-widget elementor-widget-image\" data-id=\"08c1a0b\" data-element_type=\"widget\" data-e-type=\"widget\" data-settings=\"{&quot;_animation&quot;:&quot;lightSpeedIn&quot;}\" data-widget_type=\"image.default\">\n\t\t\t\t<div class=\"elementor-widget-container\">\n\t\t\t\t\t\t\t\t\t\t\t\t\t\t\t<img fetchpriority=\"high\" decoding=\"async\" width=\"300\" height=\"191\" src=\"https:\/\/lecochonsavant.com\/wp-content\/uploads\/2025\/05\/quizzs-queer-logo-1-300x191.png\" class=\"attachment-medium size-medium wp-image-1707\" alt=\"\" srcset=\"https:\/\/lecochonsavant.com\/wp-content\/uploads\/2025\/05\/quizzs-queer-logo-1-300x191.png 300w, https:\/\/lecochonsavant.com\/wp-content\/uploads\/2025\/05\/quizzs-queer-logo-1-768x489.png 768w, https:\/\/lecochonsavant.com\/wp-content\/uploads\/2025\/05\/quizzs-queer-logo-1.png 923w\" sizes=\"(max-width: 300px) 100vw, 300px\" \/>\t\t\t\t\t\t\t\t\t\t\t\t\t\t\t<\/div>\n\t\t\t\t<\/div>\n\t\t\t\t<div class=\"elementor-element elementor-element-f7ba88a elementor-widget elementor-widget-text-editor\" data-id=\"f7ba88a\" data-element_type=\"widget\" data-e-type=\"widget\" data-widget_type=\"text-editor.default\">\n\t\t\t\t<div class=\"elementor-widget-container\">\n\t\t\t\t\t\t\t\t\t<h2 data-start=\"116\" data-end=\"140\">\ud83c\udf89 Les Quizzs Queer<\/h2><h3 data-start=\"141\" data-end=\"184\">Des jeux sexy pour esprits aff\u00fbt\u00e9s \ud83e\udde0\ud83c\udf08<\/h3><p data-start=\"186\" data-end=\"418\">Bienvenue dans l\u2019univers effront\u00e9 et ludique du <em data-start=\"234\" data-end=\"249\">Cochon Savant<\/em>.<br data-start=\"250\" data-end=\"253\" \/><strong data-start=\"253\" data-end=\"273\">Les Quizzs Queer<\/strong> sont une s\u00e9rie de jeux trivia con\u00e7us pour titiller ta m\u00e9moire, r\u00e9veiller ta culture LGBTQ+ et faire chauffer ton t\u00e9l\u00e9phone \u2014 seul ou entre amis.<\/p><p data-start=\"420\" data-end=\"630\">Chaque quizz est une <strong data-start=\"441\" data-end=\"465\">s\u00e9lection th\u00e9matique<\/strong> sur un pan de la culture queer masculine :<br data-start=\"508\" data-end=\"511\" \/>des ic\u00f4nes aux fantasmes, des soir\u00e9es cuir aux loges drag, en passant par l\u2019histoire militante et les poilus adorables.<\/p><h4 data-start=\"632\" data-end=\"661\">\ud83c\udfaf Comment \u00e7a marche ?<\/h4><p data-start=\"662\" data-end=\"867\">R\u00e9pondez \u00e0 <strong data-start=\"673\" data-end=\"725\">5 questions correctement en moins de 60 secondes<\/strong>.<br data-start=\"726\" data-end=\"729\" \/>Mais attention : <strong data-start=\"746\" data-end=\"800\">3 mauvaises r\u00e9ponses cons\u00e9cutives, et c\u2019est fini !<\/strong><br data-start=\"800\" data-end=\"803\" \/>Un vrai petit challenge coquin, malin, et terriblement addictif.<\/p><h3 data-start=\"874\" data-end=\"901\">\ud83e\udde0 Th\u00e8mes disponibles :<\/h3><ul data-start=\"902\" data-end=\"1136\"><li data-start=\"902\" data-end=\"960\"><p data-start=\"904\" data-end=\"960\">\ud83d\udcda <strong data-start=\"907\" data-end=\"933\">Culture Queer G\u00e9n\u00e9rale<\/strong> \u2013 le meilleur pour d\u00e9buter<\/p><\/li><li data-start=\"961\" data-end=\"1018\"><p data-start=\"963\" data-end=\"1018\">\ud83d\udc51 <strong data-start=\"966\" data-end=\"978\">Drag Art<\/strong> \u2013 strass, plumes et r\u00e9pliques qui tuent<\/p><\/li><li data-start=\"1019\" data-end=\"1079\"><p data-start=\"1021\" data-end=\"1079\">\ud83d\udd25 <strong data-start=\"1024\" data-end=\"1035\">F\u00e9tiche<\/strong> \u2013 cuir, latex, mouchoirs cod\u00e9s et compagnie<\/p><\/li><li data-start=\"1080\" data-end=\"1136\"><p data-start=\"1082\" data-end=\"1136\">\ud83d\udc3b <strong data-start=\"1085\" data-end=\"1093\">Ours<\/strong> \u2013 chaleur, camaraderie et pilosit\u00e9 assum\u00e9e<\/p><\/li><\/ul><p data-start=\"1138\" data-end=\"1194\">D&#8217;autres th\u00e8mes arrivent bient\u00f4t\u2026 Pr\u00e9pare-toi \u00e0 buzzer !<\/p>\t\t\t\t\t\t\t\t<\/div>\n\t\t\t\t<\/div>\n\t\t<div class=\"elementor-element elementor-element-e1b1f5e e-grid e-con-boxed e-con e-child\" data-id=\"e1b1f5e\" data-element_type=\"container\" data-e-type=\"container\">\n\t\t\t\t\t<div class=\"e-con-inner\">\n\t\t\t\t<div class=\"elementor-element elementor-element-a7223c7 elementor-widget elementor-widget-image\" data-id=\"a7223c7\" data-element_type=\"widget\" data-e-type=\"widget\" data-widget_type=\"image.default\">\n\t\t\t\t<div class=\"elementor-widget-container\">\n\t\t\t\t\t\t\t\t\t\t\t\t\t\t\t\t<a href=\"https:\/\/lecochonsavant.com\/en\/quizz\/\">\n\t\t\t\t\t\t\t<img decoding=\"async\" width=\"576\" height=\"1024\" src=\"https:\/\/lecochonsavant.com\/wp-content\/uploads\/2025\/05\/quizzs-queer-general-promo-1-576x1024.jpg\" class=\"attachment-large size-large wp-image-1708\" alt=\"\" srcset=\"https:\/\/lecochonsavant.com\/wp-content\/uploads\/2025\/05\/quizzs-queer-general-promo-1-576x1024.jpg 576w, https:\/\/lecochonsavant.com\/wp-content\/uploads\/2025\/05\/quizzs-queer-general-promo-1-169x300.jpg 169w, https:\/\/lecochonsavant.com\/wp-content\/uploads\/2025\/05\/quizzs-queer-general-promo-1-768x1365.jpg 768w, https:\/\/lecochonsavant.com\/wp-content\/uploads\/2025\/05\/quizzs-queer-general-promo-1-864x1536.jpg 864w, https:\/\/lecochonsavant.com\/wp-content\/uploads\/2025\/05\/quizzs-queer-general-promo-1.jpg 1024w\" sizes=\"(max-width: 576px) 100vw, 576px\" \/>\t\t\t\t\t\t\t\t<\/a>\n\t\t\t\t\t\t\t\t\t\t\t\t\t\t\t<\/div>\n\t\t\t\t<\/div>\n\t\t\t\t<div class=\"elementor-element elementor-element-23860ab elementor-widget elementor-widget-image\" data-id=\"23860ab\" data-element_type=\"widget\" data-e-type=\"widget\" data-widget_type=\"image.default\">\n\t\t\t\t<div class=\"elementor-widget-container\">\n\t\t\t\t\t\t\t\t\t\t\t\t\t\t\t\t<a href=\"https:\/\/lecochonsavant.com\/en\/quizz-queer-drag\/\">\n\t\t\t\t\t\t\t<img decoding=\"async\" width=\"576\" height=\"1024\" src=\"https:\/\/lecochonsavant.com\/wp-content\/uploads\/2025\/05\/quizzs-queer-drag-art-promo-1-576x1024.jpg\" class=\"attachment-large size-large wp-image-1728\" alt=\"\" srcset=\"https:\/\/lecochonsavant.com\/wp-content\/uploads\/2025\/05\/quizzs-queer-drag-art-promo-1-576x1024.jpg 576w, https:\/\/lecochonsavant.com\/wp-content\/uploads\/2025\/05\/quizzs-queer-drag-art-promo-1-169x300.jpg 169w, https:\/\/lecochonsavant.com\/wp-content\/uploads\/2025\/05\/quizzs-queer-drag-art-promo-1-768x1365.jpg 768w, https:\/\/lecochonsavant.com\/wp-content\/uploads\/2025\/05\/quizzs-queer-drag-art-promo-1-864x1536.jpg 864w, https:\/\/lecochonsavant.com\/wp-content\/uploads\/2025\/05\/quizzs-queer-drag-art-promo-1.jpg 1024w\" sizes=\"(max-width: 576px) 100vw, 576px\" \/>\t\t\t\t\t\t\t\t<\/a>\n\t\t\t\t\t\t\t\t\t\t\t\t\t\t\t<\/div>\n\t\t\t\t<\/div>\n\t\t\t\t<div class=\"elementor-element elementor-element-d89c77a elementor-widget elementor-widget-image\" data-id=\"d89c77a\" data-element_type=\"widget\" data-e-type=\"widget\" data-widget_type=\"image.default\">\n\t\t\t\t<div class=\"elementor-widget-container\">\n\t\t\t\t\t\t\t\t\t\t\t\t\t\t\t\t<a href=\"https:\/\/lecochonsavant.com\/en\/quizz-queer-ours\/\">\n\t\t\t\t\t\t\t<img loading=\"lazy\" decoding=\"async\" width=\"576\" height=\"1024\" src=\"https:\/\/lecochonsavant.com\/wp-content\/uploads\/2025\/05\/quizzs-queer-ours-promo-576x1024.jpg\" class=\"attachment-large size-large wp-image-1711\" alt=\"\" srcset=\"https:\/\/lecochonsavant.com\/wp-content\/uploads\/2025\/05\/quizzs-queer-ours-promo-576x1024.jpg 576w, https:\/\/lecochonsavant.com\/wp-content\/uploads\/2025\/05\/quizzs-queer-ours-promo-169x300.jpg 169w, https:\/\/lecochonsavant.com\/wp-content\/uploads\/2025\/05\/quizzs-queer-ours-promo-768x1365.jpg 768w, https:\/\/lecochonsavant.com\/wp-content\/uploads\/2025\/05\/quizzs-queer-ours-promo-864x1536.jpg 864w, https:\/\/lecochonsavant.com\/wp-content\/uploads\/2025\/05\/quizzs-queer-ours-promo.jpg 1024w\" sizes=\"(max-width: 576px) 100vw, 576px\" \/>\t\t\t\t\t\t\t\t<\/a>\n\t\t\t\t\t\t\t\t\t\t\t\t\t\t\t<\/div>\n\t\t\t\t<\/div>\n\t\t\t\t<div class=\"elementor-element elementor-element-431c27c elementor-widget elementor-widget-image\" data-id=\"431c27c\" data-element_type=\"widget\" data-e-type=\"widget\" data-widget_type=\"image.default\">\n\t\t\t\t<div class=\"elementor-widget-container\">\n\t\t\t\t\t\t\t\t\t\t\t\t\t\t\t\t<a href=\"https:\/\/lecochonsavant.com\/en\/quizz-queer-fetiche\/\">\n\t\t\t\t\t\t\t<img loading=\"lazy\" decoding=\"async\" width=\"576\" height=\"1024\" src=\"https:\/\/lecochonsavant.com\/wp-content\/uploads\/2025\/05\/quizzs-queer-fetiche-promo-576x1024.jpg\" class=\"attachment-large size-large wp-image-1710\" alt=\"\" srcset=\"https:\/\/lecochonsavant.com\/wp-content\/uploads\/2025\/05\/quizzs-queer-fetiche-promo-576x1024.jpg 576w, https:\/\/lecochonsavant.com\/wp-content\/uploads\/2025\/05\/quizzs-queer-fetiche-promo-169x300.jpg 169w, https:\/\/lecochonsavant.com\/wp-content\/uploads\/2025\/05\/quizzs-queer-fetiche-promo-768x1365.jpg 768w, https:\/\/lecochonsavant.com\/wp-content\/uploads\/2025\/05\/quizzs-queer-fetiche-promo-864x1536.jpg 864w, https:\/\/lecochonsavant.com\/wp-content\/uploads\/2025\/05\/quizzs-queer-fetiche-promo.jpg 1024w\" sizes=\"(max-width: 576px) 100vw, 576px\" \/>\t\t\t\t\t\t\t\t<\/a>\n\t\t\t\t\t\t\t\t\t\t\t\t\t\t\t<\/div>\n\t\t\t\t<\/div>\n\t\t\t\t\t<\/div>\n\t\t\t\t<\/div>\n\t\t\t\t<\/div>\n\t\t\t\t<\/div>","protected":false},"excerpt":{"rendered":"<p>\ud83c\udf89 Les Quizzs Queer Des jeux sexy pour esprits aff\u00fbt\u00e9s \ud83e\udde0\ud83c\udf08 Bienvenue dans l\u2019univers effront\u00e9 et ludique du Cochon Savant.Les Quizzs Queer sont une s\u00e9rie de jeux trivia con\u00e7us pour titiller ta m\u00e9moire, r\u00e9veiller ta culture LGBTQ+ et faire chauffer ton t\u00e9l\u00e9phone \u2014 seul ou entre amis. Chaque quizz est une s\u00e9lection th\u00e9matique sur un [&hellip;]<\/p>\n","protected":false},"author":1,"featured_media":0,"parent":0,"menu_order":0,"comment_status":"closed","ping_status":"closed","template":"","meta":{"nf_dc_page":"","_bbp_topic_count":0,"_bbp_reply_count":0,"_bbp_total_topic_count":0,"_bbp_total_reply_count":0,"_bbp_voice_count":0,"_bbp_anonymous_reply_count":0,"_bbp_topic_count_hidden":0,"_bbp_reply_count_hidden":0,"_bbp_forum_subforum_count":0,"footnotes":""},"class_list":["post-1705","page","type-page","status-publish","hentry"],"_links":{"self":[{"href":"https:\/\/lecochonsavant.com\/en\/wp-json\/wp\/v2\/pages\/1705","targetHints":{"allow":["GET"]}}],"collection":[{"href":"https:\/\/lecochonsavant.com\/en\/wp-json\/wp\/v2\/pages"}],"about":[{"href":"https:\/\/lecochonsavant.com\/en\/wp-json\/wp\/v2\/types\/page"}],"author":[{"embeddable":true,"href":"https:\/\/lecochonsavant.com\/en\/wp-json\/wp\/v2\/users\/1"}],"replies":[{"embeddable":true,"href":"https:\/\/lecochonsavant.com\/en\/wp-json\/wp\/v2\/comments?post=1705"}],"version-history":[{"count":20,"href":"https:\/\/lecochonsavant.com\/en\/wp-json\/wp\/v2\/pages\/1705\/revisions"}],"predecessor-version":[{"id":26907,"href":"https:\/\/lecochonsavant.com\/en\/wp-json\/wp\/v2\/pages\/1705\/revisions\/26907"}],"wp:attachment":[{"href":"https:\/\/lecochonsavant.com\/en\/wp-json\/wp\/v2\/media?parent=1705"}],"curies":[{"name":"wp","href":"https:\/\/api.w.org\/{rel}","templated":true}]}}