{"id":2092,"date":"2025-07-02T16:55:19","date_gmt":"2025-07-02T20:55:19","guid":{"rendered":"https:\/\/lecochonsavant.com\/?page_id=2092"},"modified":"2025-12-25T19:51:37","modified_gmt":"2025-12-26T00:51:37","slug":"club-cochon","status":"publish","type":"page","link":"https:\/\/lecochonsavant.com\/en\/club-cochon\/","title":{"rendered":"Club Cochon"},"content":{"rendered":"\t\t<div data-elementor-type=\"wp-page\" data-elementor-id=\"2092\" class=\"elementor elementor-2092\" data-elementor-post-type=\"page\">\n\t\t\t\t<div class=\"elementor-element elementor-element-e83baf3 e-con-full e-flex e-con e-parent\" data-id=\"e83baf3\" data-element_type=\"container\" data-e-type=\"container\">\n\t\t\t\t<div class=\"elementor-element elementor-element-b39ab04 elementor-widget elementor-widget-image\" data-id=\"b39ab04\" data-element_type=\"widget\" data-e-type=\"widget\" data-widget_type=\"image.default\">\n\t\t\t\t<div class=\"elementor-widget-container\">\n\t\t\t\t\t\t\t\t\t\t\t\t\t\t\t<img fetchpriority=\"high\" decoding=\"async\" width=\"1000\" height=\"406\" src=\"https:\/\/lecochonsavant.com\/wp-content\/uploads\/2025\/07\/banniere-club-cochon-e1751488393917.png\" class=\"attachment-full size-full wp-image-2094\" alt=\"\" \/>\t\t\t\t\t\t\t\t\t\t\t\t\t\t\t<\/div>\n\t\t\t\t<\/div>\n\t\t\t\t<div class=\"elementor-element elementor-element-c1fbdd8 elementor-widget elementor-widget-heading\" data-id=\"c1fbdd8\" data-element_type=\"widget\" data-e-type=\"widget\" data-widget_type=\"heading.default\">\n\t\t\t\t<div class=\"elementor-widget-container\">\n\t\t\t\t\t<h2 class=\"elementor-heading-title elementor-size-default\">Entre ici avec tes Points Cochons\u2026 <br>et repars les mains pleines.<\/h2>\t\t\t\t<\/div>\n\t\t\t\t<\/div>\n\t\t\t\t<\/div>\n\t\t<div class=\"elementor-element elementor-element-f765b14 e-flex e-con-boxed e-con e-parent\" data-id=\"f765b14\" data-element_type=\"container\" data-e-type=\"container\">\n\t\t\t\t\t<div class=\"e-con-inner\">\n\t\t\t\t<div class=\"elementor-element elementor-element-da47170 elementor-widget elementor-widget-text-editor\" data-id=\"da47170\" data-element_type=\"widget\" data-e-type=\"widget\" data-widget_type=\"text-editor.default\">\n\t\t\t\t<div class=\"elementor-widget-container\">\n\t\t\t\t\t\t\t\t\t<p data-start=\"3061\" data-end=\"3209\">Ici, tes points prennent vie.<br data-start=\"3090\" data-end=\"3093\" \/>Accumule-les en jouant, en visitant, en d\u00e9couvrant\u2026<br data-start=\"3144\" data-end=\"3147\" \/>Et \u00e9change-les contre des <strong data-start=\"3173\" data-end=\"3191\">coupons rabais<\/strong> pour la boutique.<\/p><p data-start=\"3211\" data-end=\"3378\">\ud83c\udfab <strong data-start=\"3214\" data-end=\"3249\">Les coupons sont non cumulables<\/strong> avec le rabais Privil\u00e8ge (faudrait pas devenir trop cochon).<br data-start=\"3310\" data-end=\"3313\" \/>\ud83c\udf81 <strong data-start=\"3316\" data-end=\"3359\">Tous les coupons sont valables une fois<\/strong>, sur une commande.<\/p><h3 data-start=\"3380\" data-end=\"3412\">\ud83d\udc96 <strong data-start=\"3387\" data-end=\"3412\">Coupons disponibles :<\/strong><\/h3><ul data-start=\"3414\" data-end=\"3652\"><li data-start=\"3414\" data-end=\"3453\"><p data-start=\"3416\" data-end=\"3453\"><strong data-start=\"3416\" data-end=\"3438\">5% \u2013 Petit cochon<\/strong> \u2192 1000 points<\/p><\/li><li data-start=\"3454\" data-end=\"3498\"><p data-start=\"3456\" data-end=\"3498\"><strong data-start=\"3456\" data-end=\"3481\">10% \u2013 Cochon appliqu\u00e9<\/strong> \u2192 1 600 points<\/p><\/li><li data-start=\"3499\" data-end=\"3539\"><p data-start=\"3501\" data-end=\"3539\"><strong data-start=\"3501\" data-end=\"3522\">25% \u2013 Gros cochon<\/strong> \u2192 4 000 points<\/p><\/li><li data-start=\"3540\" data-end=\"3597\"><p data-start=\"3542\" data-end=\"3597\"><strong data-start=\"3542\" data-end=\"3565\">35% \u2013 VIP d\u2019un soir<\/strong> \u2192 5 500 points (validit\u00e9 48h)<\/p><\/li><\/ul><p data-start=\"3654\" data-end=\"3806\">\ud83d\udc49 <em data-start=\"3657\" data-end=\"3731\">Choisis ton coupon, ajoute-le \u00e0 ton compte, et utilise-le quand tu veux.<\/em><br data-start=\"3731\" data-end=\"3734\" \/>\ud83d\udc49 <em data-start=\"3737\" data-end=\"3806\">Une fois appliqu\u00e9, le rabais se d\u00e9duit automatiquement \u00e0 la caisse.<\/em><\/p>\t\t\t\t\t\t\t\t<\/div>\n\t\t\t\t<\/div>\n\t\t\t\t\t<\/div>\n\t\t\t\t<\/div>\n\t\t<div class=\"elementor-element elementor-element-46d0131 e-flex e-con-boxed e-con e-parent\" data-id=\"46d0131\" data-element_type=\"container\" data-e-type=\"container\">\n\t\t\t\t\t<div class=\"e-con-inner\">\n\t\t\t\t<div class=\"elementor-element elementor-element-89af1f2 elementor-widget elementor-widget-shortcode\" data-id=\"89af1f2\" data-element_type=\"widget\" data-e-type=\"widget\" data-widget_type=\"shortcode.default\">\n\t\t\t\t<div class=\"elementor-widget-container\">\n\t\t\t\t\t\t\t<div class=\"elementor-shortcode\">[club_boutique]\n\n<\/div>\n\t\t\t\t\t\t<\/div>\n\t\t\t\t<\/div>\n\t\t\t\t<div class=\"elementor-element elementor-element-41d4d02 elementor-widget elementor-widget-mycred_history\" data-id=\"41d4d02\" data-element_type=\"widget\" data-e-type=\"widget\" data-widget_type=\"mycred_history.default\">\n\t\t\t\t<div class=\"elementor-widget-container\">\n\t\t\t\t\t        <div class=\"elementor-shortcode\"><div class=\"mycred-history-wrapper\">\n<form class=\"form-inline\" role=\"form\" method=\"get\" action=\"\">\n\n\t\n\t<div class=\"table-responsive\">\n<table class=\"table table-condensed mycred-table\" cellspacing=\"0\" cellpadding=\"0\">\n\t<thead>\n\t\t<tr><th scope=\"col\" id=\"username\" class=\"manage-column column-primary column-username\">User<\/th><th scope=\"col\" id=\"time\" class=\"manage-column column-time\">Date<\/th><th scope=\"col\" id=\"creds\" class=\"manage-column column-creds\">Points Cochon<\/th><th scope=\"col\" id=\"entry\" class=\"manage-column column-entry\">Entry<\/th>\n\t\t<\/tr>\n\t<\/thead>\n\t<tbody id=\"the-list\"><tr class=\"entry-875 type-log-entry format-standard hentry\" id=\"entry-875\"><td class=\"column-primary column-username\" data-colname=\"User\"><span>Claude Laverdiere<\/span><\/td><td class=\"column-time\" data-colname=\"Date\"><span>March 31, 2026 9:04 pm<\/span><\/td><td class=\"column-creds\" data-colname=\"Points Cochon\" data-raw=\"1\">1<\/td><td class=\"column-entry\" data-colname=\"Entry\" data-raw=\"%plural% for logging in\">Points Cochon for logging in<\/td><\/tr><tr class=\"entry-876 type-log-entry format-standard hentry alt\" id=\"entry-876\"><td class=\"column-primary column-username\" data-colname=\"User\"><span>Claude Laverdiere<\/span><\/td><td class=\"column-time\" data-colname=\"Date\"><span>March 31, 2026 9:04 pm<\/span><\/td><td class=\"column-creds\" data-colname=\"Points Cochon\" data-raw=\"2\">2<\/td><td class=\"column-entry\" data-colname=\"Entry\" data-raw=\"%plural% for site visit\">Points Cochon for site visit<\/td><\/tr><tr class=\"entry-877 type-log-entry format-standard hentry\" id=\"entry-877\"><td class=\"column-primary column-username\" data-colname=\"User\"><span>Claude Laverdiere<\/span><\/td><td class=\"column-time\" data-colname=\"Date\"><span>March 31, 2026 9:04 pm<\/span><\/td><td class=\"column-creds\" data-colname=\"Points Cochon\" data-raw=\"1\">1<\/td><td class=\"column-entry\" data-colname=\"Entry\" data-raw=\"%plural% for viewing a page\">Points Cochon for viewing a page<\/td><\/tr><tr class=\"entry-874 type-log-entry format-standard hentry alt\" id=\"entry-874\"><td class=\"column-primary column-username\" data-colname=\"User\"><span>Henri<\/span><\/td><td class=\"column-time\" data-colname=\"Date\"><span>March 31, 2026 1:54 pm<\/span><\/td><td class=\"column-creds\" data-colname=\"Points Cochon\" data-raw=\"1\">1<\/td><td class=\"column-entry\" data-colname=\"Entry\" data-raw=\"%plural% for viewing a page\">Points Cochon for viewing a page<\/td><\/tr><tr class=\"entry-873 type-log-entry format-standard hentry\" id=\"entry-873\"><td class=\"column-primary column-username\" data-colname=\"User\"><span>Henri<\/span><\/td><td class=\"column-time\" data-colname=\"Date\"><span>March 31, 2026 1:53 pm<\/span><\/td><td class=\"column-creds\" data-colname=\"Points Cochon\" data-raw=\"1\">1<\/td><td class=\"column-entry\" data-colname=\"Entry\" data-raw=\"%plural% for viewing a page\">Points Cochon for viewing a page<\/td><\/tr><tr class=\"entry-872 type-log-entry format-standard hentry alt\" id=\"entry-872\"><td class=\"column-primary column-username\" data-colname=\"User\"><span>Henri<\/span><\/td><td class=\"column-time\" data-colname=\"Date\"><span>March 31, 2026 1:52 pm<\/span><\/td><td class=\"column-creds\" data-colname=\"Points Cochon\" data-raw=\"1\">1<\/td><td class=\"column-entry\" data-colname=\"Entry\" data-raw=\"%plural% for viewing a page\">Points Cochon for viewing a page<\/td><\/tr><tr class=\"entry-871 type-log-entry format-standard hentry\" id=\"entry-871\"><td class=\"column-primary column-username\" data-colname=\"User\"><span>Henri<\/span><\/td><td class=\"column-time\" data-colname=\"Date\"><span>March 31, 2026 1:50 pm<\/span><\/td><td class=\"column-creds\" data-colname=\"Points Cochon\" data-raw=\"1\">1<\/td><td class=\"column-entry\" data-colname=\"Entry\" data-raw=\"%plural% for viewing a page\">Points Cochon for viewing a page<\/td><\/tr><tr class=\"entry-870 type-log-entry format-standard hentry alt\" id=\"entry-870\"><td class=\"column-primary column-username\" data-colname=\"User\"><span>Henri<\/span><\/td><td class=\"column-time\" data-colname=\"Date\"><span>March 31, 2026 1:45 pm<\/span><\/td><td class=\"column-creds\" data-colname=\"Points Cochon\" data-raw=\"2\">2<\/td><td class=\"column-entry\" data-colname=\"Entry\" data-raw=\"%plural% for site visit\">Points Cochon for site visit<\/td><\/tr><tr class=\"entry-869 type-log-entry format-standard hentry\" id=\"entry-869\"><td class=\"column-primary column-username\" data-colname=\"User\"><span>Henri<\/span><\/td><td class=\"column-time\" data-colname=\"Date\"><span>March 31, 2026 1:44 pm<\/span><\/td><td class=\"column-creds\" data-colname=\"Points Cochon\" data-raw=\"1\">1<\/td><td class=\"column-entry\" data-colname=\"Entry\" data-raw=\"%plural% for logging in\">Points Cochon for logging in<\/td><\/tr><tr class=\"entry-868 type-log-entry format-standard hentry alt\" id=\"entry-868\"><td class=\"column-primary column-username\" data-colname=\"User\"><span>michellachance<\/span><\/td><td class=\"column-time\" data-colname=\"Date\"><span>March 31, 2026 10:25 am<\/span><\/td><td class=\"column-creds\" data-colname=\"Points Cochon\" data-raw=\"2\">2<\/td><td class=\"column-entry\" data-colname=\"Entry\" data-raw=\"%plural% for site visit\">Points Cochon for site visit<\/td><\/tr>\n\t<\/tbody>\n<\/table><\/div>\n\t\n<\/form>\n<\/div>\n<\/div>\n\n        \t\t\t\t<\/div>\n\t\t\t\t<\/div>\n\t\t\t\t\t<\/div>\n\t\t\t\t<\/div>\n\t\t\t\t<\/div>\n\t\t","protected":false},"excerpt":{"rendered":"<p>Entre ici avec tes Points Cochons\u2026 et repars les mains pleines. Ici, tes points prennent vie.Accumule-les en jouant, en visitant, en d\u00e9couvrant\u2026Et \u00e9change-les contre des coupons rabais pour la boutique. \ud83c\udfab Les coupons sont non cumulables avec le rabais Privil\u00e8ge (faudrait pas devenir trop cochon).\ud83c\udf81 Tous les coupons sont valables une fois, sur une commande. [&hellip;]<\/p>\n","protected":false},"author":1,"featured_media":32864,"parent":0,"menu_order":0,"comment_status":"closed","ping_status":"closed","template":"","meta":{"nf_dc_page":"","_bbp_topic_count":0,"_bbp_reply_count":0,"_bbp_total_topic_count":0,"_bbp_total_reply_count":0,"_bbp_voice_count":0,"_bbp_anonymous_reply_count":0,"_bbp_topic_count_hidden":0,"_bbp_reply_count_hidden":0,"_bbp_forum_subforum_count":0,"footnotes":""},"class_list":["post-2092","page","type-page","status-publish","has-post-thumbnail","hentry"],"_links":{"self":[{"href":"https:\/\/lecochonsavant.com\/en\/wp-json\/wp\/v2\/pages\/2092","targetHints":{"allow":["GET"]}}],"collection":[{"href":"https:\/\/lecochonsavant.com\/en\/wp-json\/wp\/v2\/pages"}],"about":[{"href":"https:\/\/lecochonsavant.com\/en\/wp-json\/wp\/v2\/types\/page"}],"author":[{"embeddable":true,"href":"https:\/\/lecochonsavant.com\/en\/wp-json\/wp\/v2\/users\/1"}],"replies":[{"embeddable":true,"href":"https:\/\/lecochonsavant.com\/en\/wp-json\/wp\/v2\/comments?post=2092"}],"version-history":[{"count":20,"href":"https:\/\/lecochonsavant.com\/en\/wp-json\/wp\/v2\/pages\/2092\/revisions"}],"predecessor-version":[{"id":33112,"href":"https:\/\/lecochonsavant.com\/en\/wp-json\/wp\/v2\/pages\/2092\/revisions\/33112"}],"wp:featuredmedia":[{"embeddable":true,"href":"https:\/\/lecochonsavant.com\/en\/wp-json\/wp\/v2\/media\/32864"}],"wp:attachment":[{"href":"https:\/\/lecochonsavant.com\/en\/wp-json\/wp\/v2\/media?parent=2092"}],"curies":[{"name":"wp","href":"https:\/\/api.w.org\/{rel}","templated":true}]}}