{"id":24772,"date":"2025-10-10T10:49:12","date_gmt":"2025-10-10T14:49:12","guid":{"rendered":"https:\/\/lecochonsavant.com\/?page_id=24772"},"modified":"2025-12-25T19:28:27","modified_gmt":"2025-12-26T00:28:27","slug":"chat-cochon","status":"publish","type":"page","link":"https:\/\/lecochonsavant.com\/en\/chat-cochon\/","title":{"rendered":"Chat Cochon"},"content":{"rendered":"<div data-elementor-type=\"wp-page\" data-elementor-id=\"24772\" class=\"elementor elementor-24772\" data-elementor-post-type=\"page\">\n\t\t\t\t<div class=\"elementor-element elementor-element-ac86324 e-flex e-con-boxed e-con e-parent\" data-id=\"ac86324\" data-element_type=\"container\" data-e-type=\"container\">\n\t\t\t\t\t<div class=\"e-con-inner\">\n\t\t\t\t<div class=\"elementor-element elementor-element-e37aeb6 elementor-widget elementor-widget-image\" data-id=\"e37aeb6\" data-element_type=\"widget\" data-e-type=\"widget\" data-widget_type=\"image.default\">\n\t\t\t\t<div class=\"elementor-widget-container\">\n\t\t\t\t\t\t\t\t\t\t\t\t\t\t\t<img fetchpriority=\"high\" decoding=\"async\" width=\"2497\" height=\"459\" src=\"https:\/\/lecochonsavant.com\/wp-content\/uploads\/2025\/10\/chat-cochon-banniere.jpg\" class=\"attachment-full size-full wp-image-24805\" alt=\"\" srcset=\"https:\/\/lecochonsavant.com\/wp-content\/uploads\/2025\/10\/chat-cochon-banniere.jpg 2497w, https:\/\/lecochonsavant.com\/wp-content\/uploads\/2025\/10\/chat-cochon-banniere-300x55.jpg 300w, https:\/\/lecochonsavant.com\/wp-content\/uploads\/2025\/10\/chat-cochon-banniere-1024x188.jpg 1024w, https:\/\/lecochonsavant.com\/wp-content\/uploads\/2025\/10\/chat-cochon-banniere-768x141.jpg 768w, https:\/\/lecochonsavant.com\/wp-content\/uploads\/2025\/10\/chat-cochon-banniere-1536x282.jpg 1536w, https:\/\/lecochonsavant.com\/wp-content\/uploads\/2025\/10\/chat-cochon-banniere-2048x376.jpg 2048w, https:\/\/lecochonsavant.com\/wp-content\/uploads\/2025\/10\/chat-cochon-banniere-600x110.jpg 600w, https:\/\/lecochonsavant.com\/wp-content\/uploads\/2025\/10\/chat-cochon-banniere-64x12.jpg 64w\" sizes=\"(max-width: 2497px) 100vw, 2497px\" \/>\t\t\t\t\t\t\t\t\t\t\t\t\t\t\t<\/div>\n\t\t\t\t<\/div>\n\t\t\t\t<div class=\"elementor-element elementor-element-4bc2943 elementor-widget elementor-widget-text-editor\" data-id=\"4bc2943\" data-element_type=\"widget\" data-e-type=\"widget\" data-widget_type=\"text-editor.default\">\n\t\t\t\t<div class=\"elementor-widget-container\">\n\t\t\t\t\t\t\t\t\t<h3 data-start=\"134\" data-end=\"170\">\ud83d\udc37 Bienvenue au Chat Cochon \ud83d\udcac<\/h3><p data-start=\"171\" data-end=\"383\">Ici, on jase sans tabou, avec esprit et d\u00e9sir.<br data-start=\"217\" data-end=\"220\" \/>Un lieu doux comme une peau ti\u00e8de, piquant comme un mot mal plac\u00e9.<br data-start=\"286\" data-end=\"289\" \/>Entre deux confidences ou trois rires gras, on partage des id\u00e9es, des envies, et des folies.<\/p><p data-start=\"385\" data-end=\"644\">R\u00e8gle d\u2019or : respect, humour et audace \u2014 dans cet ordre ou dans le d\u00e9sordre.<br data-start=\"461\" data-end=\"464\" \/>Alors, installe-toi, fais-toi un petit groin \u00e0 ton go\u00fbt, et laisse le charme op\u00e9rer.<br data-start=\"548\" data-end=\"551\" \/>Le Cochon t\u2019\u00e9coute, te taquine et parfois te trouble un peu\u2026 c\u2019est normal, c\u2019est fait pour.<\/p><h3 data-start=\"385\" data-end=\"644\">Visitez aussi: Le Chat TERMINALQ<\/h3><h3 data-start=\"385\" data-end=\"644\"><a href=\"https:\/\/lecochonsavant.com\/en\/terminal-q\/\"><img decoding=\"async\" class=\"aligncenter wp-image-25529 size-full\" src=\"https:\/\/lecochonsavant.com\/wp-content\/uploads\/2025\/11\/TerminalQ-Promo-1-1.jpg\" alt=\"\" width=\"2560\" height=\"918\" srcset=\"https:\/\/lecochonsavant.com\/wp-content\/uploads\/2025\/11\/TerminalQ-Promo-1-1.jpg 2560w, https:\/\/lecochonsavant.com\/wp-content\/uploads\/2025\/11\/TerminalQ-Promo-1-1-300x108.jpg 300w, https:\/\/lecochonsavant.com\/wp-content\/uploads\/2025\/11\/TerminalQ-Promo-1-1-1024x367.jpg 1024w, https:\/\/lecochonsavant.com\/wp-content\/uploads\/2025\/11\/TerminalQ-Promo-1-1-768x275.jpg 768w, https:\/\/lecochonsavant.com\/wp-content\/uploads\/2025\/11\/TerminalQ-Promo-1-1-1536x551.jpg 1536w, https:\/\/lecochonsavant.com\/wp-content\/uploads\/2025\/11\/TerminalQ-Promo-1-1-2048x734.jpg 2048w, https:\/\/lecochonsavant.com\/wp-content\/uploads\/2025\/11\/TerminalQ-Promo-1-1-600x215.jpg 600w, https:\/\/lecochonsavant.com\/wp-content\/uploads\/2025\/11\/TerminalQ-Promo-1-1-64x23.jpg 64w\" sizes=\"(max-width: 2560px) 100vw, 2560px\" \/><\/a><\/h3>\t\t\t\t\t\t\t\t<\/div>\n\t\t\t\t<\/div>\n\t\t\t\t<div class=\"elementor-element elementor-element-5dca851 elementor-widget elementor-widget-shortcode\" data-id=\"5dca851\" data-element_type=\"widget\" data-e-type=\"widget\" data-widget_type=\"shortcode.default\">\n\t\t\t\t<div class=\"elementor-widget-container\">\n\t\t\t\t\t\t\t<div class=\"elementor-shortcode\"><div class=\"bp-messages-chat-wrap\" style=\"height: 650px\" data-thread-id=\"1\" data-chat-id=\"17652\" data-full-screen=\"0\">                <div class=\"bp-messages-wrap\" style=\"height:650px\">\n                                <div class=\"chat-header\">\n                <div style=\"position: relative; width:200px; height: 20px; margin-left: 10px; border-radius: 4px; overflow: hidden\">\n                    <div class=\"bm-placeholder\"><div class=\"bm-animated-background\"><\/div><\/div>\n                <\/div>\n                <div style=\"position: relative; width:100px; height: 20px; margin-left: auto;margin-right:10px;border-radius: 4px; overflow: hidden\">\n                    <div class=\"bm-placeholder\"><div class=\"bm-animated-background\"><\/div><\/div>\n                <\/div>\n            <\/div>\n                                <div class=\"threads-list\" style=\"padding-top:0; margin-top:0;opacity: 0.6; overflow: hidden;\"><div class=\"thread\"><div class=\"pic\" style=\"top: 0;\"><span class=\"avatar bbpm-avatar\"><div class=\"bm-placeholder-wrapper\" style=\"position: relative; width: 30px; height: 30px; border-radius: 4px; overflow: hidden;\"><div class=\"bm-placeholder\"><div class=\"bm-animated-background\"><\/div><\/div><\/div><\/span><\/div><div class=\"bm-info\"><h4 class=\"name\"><div class=\"bm-placeholder-wrapper\" style=\"position: relative; width: 100px; height: 15px; border-radius: 4px; overflow: hidden;\"><div class=\"bm-placeholder\"><div class=\"bm-animated-background\"><\/div><\/div><\/div><\/h4><h4><div class=\"bm-placeholder-wrapper\" style=\"position: relative; width: 80px; height: 10px; border-radius: 4px; overflow: hidden;\"><div class=\"bm-placeholder\"><div class=\"bm-animated-background\"><\/div><\/div><\/div><\/h4><div class=\"last-message\"><div class=\"bm-last-message-content\"><div class=\"bm-placeholder-wrapper\" style=\"position: relative; min-width: 150px; max-width: 350px; width: 100%; height: 15px; border-radius: 4px; overflow: hidden;\"><div class=\"bm-placeholder\"><div class=\"bm-animated-background\"><\/div><\/div><\/div><\/div><\/div><\/div><div class=\"time\"><span class=\"time-wrapper\"><div class=\"bm-placeholder-wrapper\" style=\"position: relative; width: 50px; height: 15px; border-radius: 4px; overflow: hidden;\"><div class=\"bm-placeholder\"><div class=\"bm-animated-background\"><\/div><\/div><\/div><\/span><\/div><div class=\"actions\"><span class=\"delete\"><\/span><\/div><\/div><div class=\"thread\"><div class=\"pic\" style=\"top: 0;\"><span class=\"avatar bbpm-avatar\"><div class=\"bm-placeholder-wrapper\" style=\"position: relative; width: 30px; height: 30px; border-radius: 4px; overflow: hidden;\"><div class=\"bm-placeholder\"><div class=\"bm-animated-background\"><\/div><\/div><\/div><\/span><\/div><div class=\"bm-info\"><h4 class=\"name\"><div class=\"bm-placeholder-wrapper\" style=\"position: relative; width: 100px; height: 15px; border-radius: 4px; overflow: hidden;\"><div class=\"bm-placeholder\"><div class=\"bm-animated-background\"><\/div><\/div><\/div><\/h4><h4><div class=\"bm-placeholder-wrapper\" style=\"position: relative; width: 80px; height: 10px; border-radius: 4px; overflow: hidden;\"><div class=\"bm-placeholder\"><div class=\"bm-animated-background\"><\/div><\/div><\/div><\/h4><div class=\"last-message\"><div class=\"bm-last-message-content\"><div class=\"bm-placeholder-wrapper\" style=\"position: relative; min-width: 150px; max-width: 350px; width: 100%; height: 15px; border-radius: 4px; overflow: hidden;\"><div class=\"bm-placeholder\"><div class=\"bm-animated-background\"><\/div><\/div><\/div><\/div><\/div><\/div><div class=\"time\"><span class=\"time-wrapper\"><div class=\"bm-placeholder-wrapper\" style=\"position: relative; width: 50px; height: 15px; border-radius: 4px; overflow: hidden;\"><div class=\"bm-placeholder\"><div class=\"bm-animated-background\"><\/div><\/div><\/div><\/span><\/div><div class=\"actions\"><span class=\"delete\"><\/span><\/div><\/div><div class=\"thread\"><div class=\"pic\" style=\"top: 0;\"><span class=\"avatar bbpm-avatar\"><div class=\"bm-placeholder-wrapper\" style=\"position: relative; width: 30px; height: 30px; border-radius: 4px; overflow: hidden;\"><div class=\"bm-placeholder\"><div class=\"bm-animated-background\"><\/div><\/div><\/div><\/span><\/div><div class=\"bm-info\"><h4 class=\"name\"><div class=\"bm-placeholder-wrapper\" style=\"position: relative; width: 100px; height: 15px; border-radius: 4px; overflow: hidden;\"><div class=\"bm-placeholder\"><div class=\"bm-animated-background\"><\/div><\/div><\/div><\/h4><h4><div class=\"bm-placeholder-wrapper\" style=\"position: relative; width: 80px; height: 10px; border-radius: 4px; overflow: hidden;\"><div class=\"bm-placeholder\"><div class=\"bm-animated-background\"><\/div><\/div><\/div><\/h4><div class=\"last-message\"><div class=\"bm-last-message-content\"><div class=\"bm-placeholder-wrapper\" style=\"position: relative; min-width: 150px; max-width: 350px; width: 100%; height: 15px; border-radius: 4px; overflow: hidden;\"><div class=\"bm-placeholder\"><div class=\"bm-animated-background\"><\/div><\/div><\/div><\/div><\/div><\/div><div class=\"time\"><span class=\"time-wrapper\"><div class=\"bm-placeholder-wrapper\" style=\"position: relative; width: 50px; height: 15px; border-radius: 4px; overflow: hidden;\"><div class=\"bm-placeholder\"><div class=\"bm-animated-background\"><\/div><\/div><\/div><\/span><\/div><div class=\"actions\"><span class=\"delete\"><\/span><\/div><\/div><div class=\"thread\"><div class=\"pic\" style=\"top: 0;\"><span class=\"avatar bbpm-avatar\"><div class=\"bm-placeholder-wrapper\" style=\"position: relative; width: 30px; height: 30px; border-radius: 4px; overflow: hidden;\"><div class=\"bm-placeholder\"><div class=\"bm-animated-background\"><\/div><\/div><\/div><\/span><\/div><div class=\"bm-info\"><h4 class=\"name\"><div class=\"bm-placeholder-wrapper\" style=\"position: relative; width: 100px; height: 15px; border-radius: 4px; overflow: hidden;\"><div class=\"bm-placeholder\"><div class=\"bm-animated-background\"><\/div><\/div><\/div><\/h4><h4><div class=\"bm-placeholder-wrapper\" style=\"position: relative; width: 80px; height: 10px; border-radius: 4px; overflow: hidden;\"><div class=\"bm-placeholder\"><div class=\"bm-animated-background\"><\/div><\/div><\/div><\/h4><div class=\"last-message\"><div class=\"bm-last-message-content\"><div class=\"bm-placeholder-wrapper\" style=\"position: relative; min-width: 150px; max-width: 350px; width: 100%; height: 15px; border-radius: 4px; overflow: hidden;\"><div class=\"bm-placeholder\"><div class=\"bm-animated-background\"><\/div><\/div><\/div><\/div><\/div><\/div><div class=\"time\"><span class=\"time-wrapper\"><div class=\"bm-placeholder-wrapper\" style=\"position: relative; width: 50px; height: 15px; border-radius: 4px; overflow: hidden;\"><div class=\"bm-placeholder\"><div class=\"bm-animated-background\"><\/div><\/div><\/div><\/span><\/div><div class=\"actions\"><span class=\"delete\"><\/span><\/div><\/div><div class=\"thread\"><div class=\"pic\" style=\"top: 0;\"><span class=\"avatar bbpm-avatar\"><div class=\"bm-placeholder-wrapper\" style=\"position: relative; width: 30px; height: 30px; border-radius: 4px; overflow: hidden;\"><div class=\"bm-placeholder\"><div class=\"bm-animated-background\"><\/div><\/div><\/div><\/span><\/div><div class=\"bm-info\"><h4 class=\"name\"><div class=\"bm-placeholder-wrapper\" style=\"position: relative; width: 100px; height: 15px; border-radius: 4px; overflow: hidden;\"><div class=\"bm-placeholder\"><div class=\"bm-animated-background\"><\/div><\/div><\/div><\/h4><h4><div class=\"bm-placeholder-wrapper\" style=\"position: relative; width: 80px; height: 10px; border-radius: 4px; overflow: hidden;\"><div class=\"bm-placeholder\"><div class=\"bm-animated-background\"><\/div><\/div><\/div><\/h4><div class=\"last-message\"><div class=\"bm-last-message-content\"><div class=\"bm-placeholder-wrapper\" style=\"position: relative; min-width: 150px; max-width: 350px; width: 100%; height: 15px; border-radius: 4px; overflow: hidden;\"><div class=\"bm-placeholder\"><div class=\"bm-animated-background\"><\/div><\/div><\/div><\/div><\/div><\/div><div class=\"time\"><span class=\"time-wrapper\"><div class=\"bm-placeholder-wrapper\" style=\"position: relative; width: 50px; height: 15px; border-radius: 4px; overflow: hidden;\"><div class=\"bm-placeholder\"><div class=\"bm-animated-background\"><\/div><\/div><\/div><\/span><\/div><div class=\"actions\"><span class=\"delete\"><\/span><\/div><\/div><div class=\"thread\"><div class=\"pic\" style=\"top: 0;\"><span class=\"avatar bbpm-avatar\"><div class=\"bm-placeholder-wrapper\" style=\"position: relative; width: 30px; height: 30px; border-radius: 4px; overflow: hidden;\"><div class=\"bm-placeholder\"><div class=\"bm-animated-background\"><\/div><\/div><\/div><\/span><\/div><div class=\"bm-info\"><h4 class=\"name\"><div class=\"bm-placeholder-wrapper\" style=\"position: relative; width: 100px; height: 15px; border-radius: 4px; overflow: hidden;\"><div class=\"bm-placeholder\"><div class=\"bm-animated-background\"><\/div><\/div><\/div><\/h4><h4><div class=\"bm-placeholder-wrapper\" style=\"position: relative; width: 80px; height: 10px; border-radius: 4px; overflow: hidden;\"><div class=\"bm-placeholder\"><div class=\"bm-animated-background\"><\/div><\/div><\/div><\/h4><div class=\"last-message\"><div class=\"bm-last-message-content\"><div class=\"bm-placeholder-wrapper\" style=\"position: relative; min-width: 150px; max-width: 350px; width: 100%; height: 15px; border-radius: 4px; overflow: hidden;\"><div class=\"bm-placeholder\"><div class=\"bm-animated-background\"><\/div><\/div><\/div><\/div><\/div><\/div><div class=\"time\"><span class=\"time-wrapper\"><div class=\"bm-placeholder-wrapper\" style=\"position: relative; width: 50px; height: 15px; border-radius: 4px; overflow: hidden;\"><div class=\"bm-placeholder\"><div class=\"bm-animated-background\"><\/div><\/div><\/div><\/span><\/div><div class=\"actions\"><span class=\"delete\"><\/span><\/div><\/div><div class=\"thread\"><div class=\"pic\" style=\"top: 0;\"><span class=\"avatar bbpm-avatar\"><div class=\"bm-placeholder-wrapper\" style=\"position: relative; width: 30px; height: 30px; border-radius: 4px; overflow: hidden;\"><div class=\"bm-placeholder\"><div class=\"bm-animated-background\"><\/div><\/div><\/div><\/span><\/div><div class=\"bm-info\"><h4 class=\"name\"><div class=\"bm-placeholder-wrapper\" style=\"position: relative; width: 100px; height: 15px; border-radius: 4px; overflow: hidden;\"><div class=\"bm-placeholder\"><div class=\"bm-animated-background\"><\/div><\/div><\/div><\/h4><h4><div class=\"bm-placeholder-wrapper\" style=\"position: relative; width: 80px; height: 10px; border-radius: 4px; overflow: hidden;\"><div class=\"bm-placeholder\"><div class=\"bm-animated-background\"><\/div><\/div><\/div><\/h4><div class=\"last-message\"><div class=\"bm-last-message-content\"><div class=\"bm-placeholder-wrapper\" style=\"position: relative; min-width: 150px; max-width: 350px; width: 100%; height: 15px; border-radius: 4px; overflow: hidden;\"><div class=\"bm-placeholder\"><div class=\"bm-animated-background\"><\/div><\/div><\/div><\/div><\/div><\/div><div class=\"time\"><span class=\"time-wrapper\"><div class=\"bm-placeholder-wrapper\" style=\"position: relative; width: 50px; height: 15px; border-radius: 4px; overflow: hidden;\"><div class=\"bm-placeholder\"><div class=\"bm-animated-background\"><\/div><\/div><\/div><\/span><\/div><div class=\"actions\"><span class=\"delete\"><\/span><\/div><\/div><div class=\"thread\"><div class=\"pic\" style=\"top: 0;\"><span class=\"avatar bbpm-avatar\"><div class=\"bm-placeholder-wrapper\" style=\"position: relative; width: 30px; height: 30px; border-radius: 4px; overflow: hidden;\"><div class=\"bm-placeholder\"><div class=\"bm-animated-background\"><\/div><\/div><\/div><\/span><\/div><div class=\"bm-info\"><h4 class=\"name\"><div class=\"bm-placeholder-wrapper\" style=\"position: relative; width: 100px; height: 15px; border-radius: 4px; overflow: hidden;\"><div class=\"bm-placeholder\"><div class=\"bm-animated-background\"><\/div><\/div><\/div><\/h4><h4><div class=\"bm-placeholder-wrapper\" style=\"position: relative; width: 80px; height: 10px; border-radius: 4px; overflow: hidden;\"><div class=\"bm-placeholder\"><div class=\"bm-animated-background\"><\/div><\/div><\/div><\/h4><div class=\"last-message\"><div class=\"bm-last-message-content\"><div class=\"bm-placeholder-wrapper\" style=\"position: relative; min-width: 150px; max-width: 350px; width: 100%; height: 15px; border-radius: 4px; overflow: hidden;\"><div class=\"bm-placeholder\"><div class=\"bm-animated-background\"><\/div><\/div><\/div><\/div><\/div><\/div><div class=\"time\"><span class=\"time-wrapper\"><div class=\"bm-placeholder-wrapper\" style=\"position: relative; width: 50px; height: 15px; border-radius: 4px; overflow: hidden;\"><div class=\"bm-placeholder\"><div class=\"bm-animated-background\"><\/div><\/div><\/div><\/span><\/div><div class=\"actions\"><span class=\"delete\"><\/span><\/div><\/div><div class=\"thread\"><div class=\"pic\" style=\"top: 0;\"><span class=\"avatar bbpm-avatar\"><div class=\"bm-placeholder-wrapper\" style=\"position: relative; width: 30px; height: 30px; border-radius: 4px; overflow: hidden;\"><div class=\"bm-placeholder\"><div class=\"bm-animated-background\"><\/div><\/div><\/div><\/span><\/div><div class=\"bm-info\"><h4 class=\"name\"><div class=\"bm-placeholder-wrapper\" style=\"position: relative; width: 100px; height: 15px; border-radius: 4px; overflow: hidden;\"><div class=\"bm-placeholder\"><div class=\"bm-animated-background\"><\/div><\/div><\/div><\/h4><h4><div class=\"bm-placeholder-wrapper\" style=\"position: relative; width: 80px; height: 10px; border-radius: 4px; overflow: hidden;\"><div class=\"bm-placeholder\"><div class=\"bm-animated-background\"><\/div><\/div><\/div><\/h4><div class=\"last-message\"><div class=\"bm-last-message-content\"><div class=\"bm-placeholder-wrapper\" style=\"position: relative; min-width: 150px; max-width: 350px; width: 100%; height: 15px; border-radius: 4px; overflow: hidden;\"><div class=\"bm-placeholder\"><div class=\"bm-animated-background\"><\/div><\/div><\/div><\/div><\/div><\/div><div class=\"time\"><span class=\"time-wrapper\"><div class=\"bm-placeholder-wrapper\" style=\"position: relative; width: 50px; height: 15px; border-radius: 4px; overflow: hidden;\"><div class=\"bm-placeholder\"><div class=\"bm-animated-background\"><\/div><\/div><\/div><\/span><\/div><div class=\"actions\"><span class=\"delete\"><\/span><\/div><\/div><div class=\"thread\"><div class=\"pic\" style=\"top: 0;\"><span class=\"avatar bbpm-avatar\"><div class=\"bm-placeholder-wrapper\" style=\"position: relative; width: 30px; height: 30px; border-radius: 4px; overflow: hidden;\"><div class=\"bm-placeholder\"><div class=\"bm-animated-background\"><\/div><\/div><\/div><\/span><\/div><div class=\"bm-info\"><h4 class=\"name\"><div class=\"bm-placeholder-wrapper\" style=\"position: relative; width: 100px; height: 15px; border-radius: 4px; overflow: hidden;\"><div class=\"bm-placeholder\"><div class=\"bm-animated-background\"><\/div><\/div><\/div><\/h4><h4><div class=\"bm-placeholder-wrapper\" style=\"position: relative; width: 80px; height: 10px; border-radius: 4px; overflow: hidden;\"><div class=\"bm-placeholder\"><div class=\"bm-animated-background\"><\/div><\/div><\/div><\/h4><div class=\"last-message\"><div class=\"bm-last-message-content\"><div class=\"bm-placeholder-wrapper\" style=\"position: relative; min-width: 150px; max-width: 350px; width: 100%; height: 15px; border-radius: 4px; overflow: hidden;\"><div class=\"bm-placeholder\"><div class=\"bm-animated-background\"><\/div><\/div><\/div><\/div><\/div><\/div><div class=\"time\"><span class=\"time-wrapper\"><div class=\"bm-placeholder-wrapper\" style=\"position: relative; width: 50px; height: 15px; border-radius: 4px; overflow: hidden;\"><div class=\"bm-placeholder\"><div class=\"bm-animated-background\"><\/div><\/div><\/div><\/span><\/div><div class=\"actions\"><span class=\"delete\"><\/span><\/div><\/div><\/div>                <\/div>\n                <\/div><\/div>\n\t\t\t\t\t\t<\/div>\n\t\t\t\t<\/div>\n\t\t\t\t\t<\/div>\n\t\t\t\t<\/div>\n\t\t\t\t<\/div>","protected":false},"excerpt":{"rendered":"<p>\ud83d\udc37 Bienvenue au Chat Cochon \ud83d\udcac Ici, on jase sans tabou, avec esprit et d\u00e9sir.Un lieu doux comme une peau ti\u00e8de, piquant comme un mot mal plac\u00e9.Entre deux confidences ou trois rires gras, on partage des id\u00e9es, des envies, et des folies. R\u00e8gle d\u2019or : respect, humour et audace \u2014 dans cet ordre ou dans [&hellip;]<\/p>\n","protected":false},"author":1,"featured_media":33106,"parent":0,"menu_order":0,"comment_status":"closed","ping_status":"closed","template":"","meta":{"nf_dc_page":"","_bbp_topic_count":0,"_bbp_reply_count":0,"_bbp_total_topic_count":0,"_bbp_total_reply_count":0,"_bbp_voice_count":0,"_bbp_anonymous_reply_count":0,"_bbp_topic_count_hidden":0,"_bbp_reply_count_hidden":0,"_bbp_forum_subforum_count":0,"footnotes":""},"class_list":["post-24772","page","type-page","status-publish","has-post-thumbnail","hentry"],"_links":{"self":[{"href":"https:\/\/lecochonsavant.com\/en\/wp-json\/wp\/v2\/pages\/24772","targetHints":{"allow":["GET"]}}],"collection":[{"href":"https:\/\/lecochonsavant.com\/en\/wp-json\/wp\/v2\/pages"}],"about":[{"href":"https:\/\/lecochonsavant.com\/en\/wp-json\/wp\/v2\/types\/page"}],"author":[{"embeddable":true,"href":"https:\/\/lecochonsavant.com\/en\/wp-json\/wp\/v2\/users\/1"}],"replies":[{"embeddable":true,"href":"https:\/\/lecochonsavant.com\/en\/wp-json\/wp\/v2\/comments?post=24772"}],"version-history":[{"count":20,"href":"https:\/\/lecochonsavant.com\/en\/wp-json\/wp\/v2\/pages\/24772\/revisions"}],"predecessor-version":[{"id":33109,"href":"https:\/\/lecochonsavant.com\/en\/wp-json\/wp\/v2\/pages\/24772\/revisions\/33109"}],"wp:featuredmedia":[{"embeddable":true,"href":"https:\/\/lecochonsavant.com\/en\/wp-json\/wp\/v2\/media\/33106"}],"wp:attachment":[{"href":"https:\/\/lecochonsavant.com\/en\/wp-json\/wp\/v2\/media?parent=24772"}],"curies":[{"name":"wp","href":"https:\/\/api.w.org\/{rel}","templated":true}]}}