{"id":25519,"date":"2025-11-02T15:12:16","date_gmt":"2025-11-02T20:12:16","guid":{"rendered":"https:\/\/lecochonsavant.com\/?page_id=25519"},"modified":"2025-11-26T14:19:10","modified_gmt":"2025-11-26T19:19:10","slug":"terminal-q","status":"publish","type":"page","link":"https:\/\/lecochonsavant.com\/en\/terminal-q\/","title":{"rendered":"Terminal Q"},"content":{"rendered":"<div data-elementor-type=\"wp-page\" data-elementor-id=\"25519\" class=\"elementor elementor-25519\" data-elementor-post-type=\"page\">\n\t\t\t\t<div class=\"elementor-element elementor-element-2545b1c e-flex e-con-boxed e-con e-parent\" data-id=\"2545b1c\" data-element_type=\"container\" data-e-type=\"container\">\n\t\t\t\t\t<div class=\"e-con-inner\">\n\t\t\t\t<div class=\"elementor-element elementor-element-0aee297 elementor-widget elementor-widget-image\" data-id=\"0aee297\" data-element_type=\"widget\" data-e-type=\"widget\" data-widget_type=\"image.default\">\n\t\t\t\t<div class=\"elementor-widget-container\">\n\t\t\t\t\t\t\t\t\t\t\t\t\t\t\t<img fetchpriority=\"high\" decoding=\"async\" width=\"2560\" height=\"1447\" src=\"https:\/\/lecochonsavant.com\/wp-content\/uploads\/2025\/11\/TERMINAL-Q-Nb-scaled.png\" class=\"attachment-full size-full wp-image-25518\" alt=\"\" srcset=\"https:\/\/lecochonsavant.com\/wp-content\/uploads\/2025\/11\/TERMINAL-Q-Nb-scaled.png 2560w, https:\/\/lecochonsavant.com\/wp-content\/uploads\/2025\/11\/TERMINAL-Q-Nb-300x170.png 300w, https:\/\/lecochonsavant.com\/wp-content\/uploads\/2025\/11\/TERMINAL-Q-Nb-1024x579.png 1024w, https:\/\/lecochonsavant.com\/wp-content\/uploads\/2025\/11\/TERMINAL-Q-Nb-768x434.png 768w, https:\/\/lecochonsavant.com\/wp-content\/uploads\/2025\/11\/TERMINAL-Q-Nb-1536x868.png 1536w, https:\/\/lecochonsavant.com\/wp-content\/uploads\/2025\/11\/TERMINAL-Q-Nb-2048x1157.png 2048w, https:\/\/lecochonsavant.com\/wp-content\/uploads\/2025\/11\/TERMINAL-Q-Nb-600x339.png 600w, https:\/\/lecochonsavant.com\/wp-content\/uploads\/2025\/11\/TERMINAL-Q-Nb-64x36.png 64w\" sizes=\"(max-width: 2560px) 100vw, 2560px\" \/>\t\t\t\t\t\t\t\t\t\t\t\t\t\t\t<\/div>\n\t\t\t\t<\/div>\n\t\t\t\t<div class=\"elementor-element elementor-element-a9414e1 elementor-widget elementor-widget-text-editor\" data-id=\"a9414e1\" data-element_type=\"widget\" data-e-type=\"widget\" data-widget_type=\"text-editor.default\">\n\t\t\t\t<div class=\"elementor-widget-container\">\n\t\t\t\t\t\t\t\t\t<p data-start=\"203\" data-end=\"231\"><strong data-start=\"203\" data-end=\"229\">Bienvenue \u00e0 Terminal Q<\/strong><\/p><p data-start=\"238\" data-end=\"475\">Ce salon est destin\u00e9 aux <strong data-start=\"263\" data-end=\"281\">voyageurs gays<\/strong> \u00e0 la recherche de <strong data-start=\"300\" data-end=\"327\">guides, d\u2019amis, d\u2019h\u00f4tes<\/strong> ou simplement de <strong data-start=\"345\" data-end=\"362\">bons conseils<\/strong> avant ou pendant leurs s\u00e9jours.<br data-start=\"394\" data-end=\"397\" \/>Ici, on partage ses plans, ses exp\u00e9riences et ses coups de c\u0153ur de voyage.<\/p><p data-start=\"482\" data-end=\"640\">\u26a0\ufe0f <em data-start=\"485\" data-end=\"503\">Reste vigilant :<\/em> garde ton discernement dans tes \u00e9changes et \u00e9vite de divulguer des informations personnelles avant d\u2019avoir \u00e9tabli une vraie confiance.<\/p><p data-start=\"647\" data-end=\"812\">En tant que <strong data-start=\"659\" data-end=\"678\">membre connect\u00e9<\/strong>, tu peux acc\u00e9der \u00e0 des <strong data-start=\"702\" data-end=\"721\">\u00e9changes priv\u00e9s<\/strong>, envoyer des <strong data-start=\"735\" data-end=\"745\">photos<\/strong>, des <strong data-start=\"751\" data-end=\"761\">vid\u00e9os<\/strong> et discuter directement avec d\u2019autres voyageurs.<\/p><p data-start=\"819\" data-end=\"909\">Ce lieu est ouvert \u00e0 la rencontre, \u00e0 la bienveillance et \u00e0 la curiosit\u00e9 du monde queer. \u2708\ufe0f<\/p>\t\t\t\t\t\t\t\t<\/div>\n\t\t\t\t<\/div>\n\t\t\t\t<div class=\"elementor-element elementor-element-cdc04c3 elementor-widget elementor-widget-shortcode\" data-id=\"cdc04c3\" data-element_type=\"widget\" data-e-type=\"widget\" data-widget_type=\"shortcode.default\">\n\t\t\t\t<div class=\"elementor-widget-container\">\n\t\t\t\t\t\t\t<div class=\"elementor-shortcode\"><div class=\"bp-messages-chat-wrap\" style=\"height: 650px\" data-thread-id=\"12\" data-chat-id=\"25517\" data-full-screen=\"0\">                <div class=\"bp-messages-wrap\" style=\"height:650px\">\n                                <div class=\"chat-header\">\n                <div style=\"position: relative; width:200px; height: 20px; margin-left: 10px; border-radius: 4px; overflow: hidden\">\n                    <div class=\"bm-placeholder\"><div class=\"bm-animated-background\"><\/div><\/div>\n                <\/div>\n                <div style=\"position: relative; width:100px; height: 20px; margin-left: auto;margin-right:10px;border-radius: 4px; overflow: hidden\">\n                    <div class=\"bm-placeholder\"><div class=\"bm-animated-background\"><\/div><\/div>\n                <\/div>\n            <\/div>\n                                <div class=\"threads-list\" style=\"padding-top:0; margin-top:0;opacity: 0.6; overflow: hidden;\"><div class=\"thread\"><div class=\"pic\" style=\"top: 0;\"><span class=\"avatar bbpm-avatar\"><div class=\"bm-placeholder-wrapper\" style=\"position: relative; width: 30px; height: 30px; border-radius: 4px; overflow: hidden;\"><div class=\"bm-placeholder\"><div class=\"bm-animated-background\"><\/div><\/div><\/div><\/span><\/div><div class=\"bm-info\"><h4 class=\"name\"><div class=\"bm-placeholder-wrapper\" style=\"position: relative; width: 100px; height: 15px; border-radius: 4px; overflow: hidden;\"><div class=\"bm-placeholder\"><div class=\"bm-animated-background\"><\/div><\/div><\/div><\/h4><h4><div class=\"bm-placeholder-wrapper\" style=\"position: relative; width: 80px; height: 10px; border-radius: 4px; overflow: hidden;\"><div class=\"bm-placeholder\"><div class=\"bm-animated-background\"><\/div><\/div><\/div><\/h4><div class=\"last-message\"><div class=\"bm-last-message-content\"><div class=\"bm-placeholder-wrapper\" style=\"position: relative; min-width: 150px; max-width: 350px; width: 100%; height: 15px; border-radius: 4px; overflow: hidden;\"><div class=\"bm-placeholder\"><div class=\"bm-animated-background\"><\/div><\/div><\/div><\/div><\/div><\/div><div class=\"time\"><span class=\"time-wrapper\"><div class=\"bm-placeholder-wrapper\" style=\"position: relative; width: 50px; height: 15px; border-radius: 4px; overflow: hidden;\"><div class=\"bm-placeholder\"><div class=\"bm-animated-background\"><\/div><\/div><\/div><\/span><\/div><div class=\"actions\"><span class=\"delete\"><\/span><\/div><\/div><div class=\"thread\"><div class=\"pic\" style=\"top: 0;\"><span class=\"avatar bbpm-avatar\"><div class=\"bm-placeholder-wrapper\" style=\"position: relative; width: 30px; height: 30px; border-radius: 4px; overflow: hidden;\"><div class=\"bm-placeholder\"><div class=\"bm-animated-background\"><\/div><\/div><\/div><\/span><\/div><div class=\"bm-info\"><h4 class=\"name\"><div class=\"bm-placeholder-wrapper\" style=\"position: relative; width: 100px; height: 15px; border-radius: 4px; overflow: hidden;\"><div class=\"bm-placeholder\"><div class=\"bm-animated-background\"><\/div><\/div><\/div><\/h4><h4><div class=\"bm-placeholder-wrapper\" style=\"position: relative; width: 80px; height: 10px; border-radius: 4px; overflow: hidden;\"><div class=\"bm-placeholder\"><div class=\"bm-animated-background\"><\/div><\/div><\/div><\/h4><div class=\"last-message\"><div class=\"bm-last-message-content\"><div class=\"bm-placeholder-wrapper\" style=\"position: relative; min-width: 150px; max-width: 350px; width: 100%; height: 15px; border-radius: 4px; overflow: hidden;\"><div class=\"bm-placeholder\"><div class=\"bm-animated-background\"><\/div><\/div><\/div><\/div><\/div><\/div><div class=\"time\"><span class=\"time-wrapper\"><div class=\"bm-placeholder-wrapper\" style=\"position: relative; width: 50px; height: 15px; border-radius: 4px; overflow: hidden;\"><div class=\"bm-placeholder\"><div class=\"bm-animated-background\"><\/div><\/div><\/div><\/span><\/div><div class=\"actions\"><span class=\"delete\"><\/span><\/div><\/div><div class=\"thread\"><div class=\"pic\" style=\"top: 0;\"><span class=\"avatar bbpm-avatar\"><div class=\"bm-placeholder-wrapper\" style=\"position: relative; width: 30px; height: 30px; border-radius: 4px; overflow: hidden;\"><div class=\"bm-placeholder\"><div class=\"bm-animated-background\"><\/div><\/div><\/div><\/span><\/div><div class=\"bm-info\"><h4 class=\"name\"><div class=\"bm-placeholder-wrapper\" style=\"position: relative; width: 100px; height: 15px; border-radius: 4px; overflow: hidden;\"><div class=\"bm-placeholder\"><div class=\"bm-animated-background\"><\/div><\/div><\/div><\/h4><h4><div class=\"bm-placeholder-wrapper\" style=\"position: relative; width: 80px; height: 10px; border-radius: 4px; overflow: hidden;\"><div class=\"bm-placeholder\"><div class=\"bm-animated-background\"><\/div><\/div><\/div><\/h4><div class=\"last-message\"><div class=\"bm-last-message-content\"><div class=\"bm-placeholder-wrapper\" style=\"position: relative; min-width: 150px; max-width: 350px; width: 100%; height: 15px; border-radius: 4px; overflow: hidden;\"><div class=\"bm-placeholder\"><div class=\"bm-animated-background\"><\/div><\/div><\/div><\/div><\/div><\/div><div class=\"time\"><span class=\"time-wrapper\"><div class=\"bm-placeholder-wrapper\" style=\"position: relative; width: 50px; height: 15px; border-radius: 4px; overflow: hidden;\"><div class=\"bm-placeholder\"><div class=\"bm-animated-background\"><\/div><\/div><\/div><\/span><\/div><div class=\"actions\"><span class=\"delete\"><\/span><\/div><\/div><div class=\"thread\"><div class=\"pic\" style=\"top: 0;\"><span class=\"avatar bbpm-avatar\"><div class=\"bm-placeholder-wrapper\" style=\"position: relative; width: 30px; height: 30px; border-radius: 4px; overflow: hidden;\"><div class=\"bm-placeholder\"><div class=\"bm-animated-background\"><\/div><\/div><\/div><\/span><\/div><div class=\"bm-info\"><h4 class=\"name\"><div class=\"bm-placeholder-wrapper\" style=\"position: relative; width: 100px; height: 15px; border-radius: 4px; overflow: hidden;\"><div class=\"bm-placeholder\"><div class=\"bm-animated-background\"><\/div><\/div><\/div><\/h4><h4><div class=\"bm-placeholder-wrapper\" style=\"position: relative; width: 80px; height: 10px; border-radius: 4px; overflow: hidden;\"><div class=\"bm-placeholder\"><div class=\"bm-animated-background\"><\/div><\/div><\/div><\/h4><div class=\"last-message\"><div class=\"bm-last-message-content\"><div class=\"bm-placeholder-wrapper\" style=\"position: relative; min-width: 150px; max-width: 350px; width: 100%; height: 15px; border-radius: 4px; overflow: hidden;\"><div class=\"bm-placeholder\"><div class=\"bm-animated-background\"><\/div><\/div><\/div><\/div><\/div><\/div><div class=\"time\"><span class=\"time-wrapper\"><div class=\"bm-placeholder-wrapper\" style=\"position: relative; width: 50px; height: 15px; border-radius: 4px; overflow: hidden;\"><div class=\"bm-placeholder\"><div class=\"bm-animated-background\"><\/div><\/div><\/div><\/span><\/div><div class=\"actions\"><span class=\"delete\"><\/span><\/div><\/div><div class=\"thread\"><div class=\"pic\" style=\"top: 0;\"><span class=\"avatar bbpm-avatar\"><div class=\"bm-placeholder-wrapper\" style=\"position: relative; width: 30px; height: 30px; border-radius: 4px; overflow: hidden;\"><div class=\"bm-placeholder\"><div class=\"bm-animated-background\"><\/div><\/div><\/div><\/span><\/div><div class=\"bm-info\"><h4 class=\"name\"><div class=\"bm-placeholder-wrapper\" style=\"position: relative; width: 100px; height: 15px; border-radius: 4px; overflow: hidden;\"><div class=\"bm-placeholder\"><div class=\"bm-animated-background\"><\/div><\/div><\/div><\/h4><h4><div class=\"bm-placeholder-wrapper\" style=\"position: relative; width: 80px; height: 10px; border-radius: 4px; overflow: hidden;\"><div class=\"bm-placeholder\"><div class=\"bm-animated-background\"><\/div><\/div><\/div><\/h4><div class=\"last-message\"><div class=\"bm-last-message-content\"><div class=\"bm-placeholder-wrapper\" style=\"position: relative; min-width: 150px; max-width: 350px; width: 100%; height: 15px; border-radius: 4px; overflow: hidden;\"><div class=\"bm-placeholder\"><div class=\"bm-animated-background\"><\/div><\/div><\/div><\/div><\/div><\/div><div class=\"time\"><span class=\"time-wrapper\"><div class=\"bm-placeholder-wrapper\" style=\"position: relative; width: 50px; height: 15px; border-radius: 4px; overflow: hidden;\"><div class=\"bm-placeholder\"><div class=\"bm-animated-background\"><\/div><\/div><\/div><\/span><\/div><div class=\"actions\"><span class=\"delete\"><\/span><\/div><\/div><div class=\"thread\"><div class=\"pic\" style=\"top: 0;\"><span class=\"avatar bbpm-avatar\"><div class=\"bm-placeholder-wrapper\" style=\"position: relative; width: 30px; height: 30px; border-radius: 4px; overflow: hidden;\"><div class=\"bm-placeholder\"><div class=\"bm-animated-background\"><\/div><\/div><\/div><\/span><\/div><div class=\"bm-info\"><h4 class=\"name\"><div class=\"bm-placeholder-wrapper\" style=\"position: relative; width: 100px; height: 15px; border-radius: 4px; overflow: hidden;\"><div class=\"bm-placeholder\"><div class=\"bm-animated-background\"><\/div><\/div><\/div><\/h4><h4><div class=\"bm-placeholder-wrapper\" style=\"position: relative; width: 80px; height: 10px; border-radius: 4px; overflow: hidden;\"><div class=\"bm-placeholder\"><div class=\"bm-animated-background\"><\/div><\/div><\/div><\/h4><div class=\"last-message\"><div class=\"bm-last-message-content\"><div class=\"bm-placeholder-wrapper\" style=\"position: relative; min-width: 150px; max-width: 350px; width: 100%; height: 15px; border-radius: 4px; overflow: hidden;\"><div class=\"bm-placeholder\"><div class=\"bm-animated-background\"><\/div><\/div><\/div><\/div><\/div><\/div><div class=\"time\"><span class=\"time-wrapper\"><div class=\"bm-placeholder-wrapper\" style=\"position: relative; width: 50px; height: 15px; border-radius: 4px; overflow: hidden;\"><div class=\"bm-placeholder\"><div class=\"bm-animated-background\"><\/div><\/div><\/div><\/span><\/div><div class=\"actions\"><span class=\"delete\"><\/span><\/div><\/div><div class=\"thread\"><div class=\"pic\" style=\"top: 0;\"><span class=\"avatar bbpm-avatar\"><div class=\"bm-placeholder-wrapper\" style=\"position: relative; width: 30px; height: 30px; border-radius: 4px; overflow: hidden;\"><div class=\"bm-placeholder\"><div class=\"bm-animated-background\"><\/div><\/div><\/div><\/span><\/div><div class=\"bm-info\"><h4 class=\"name\"><div class=\"bm-placeholder-wrapper\" style=\"position: relative; width: 100px; height: 15px; border-radius: 4px; overflow: hidden;\"><div class=\"bm-placeholder\"><div class=\"bm-animated-background\"><\/div><\/div><\/div><\/h4><h4><div class=\"bm-placeholder-wrapper\" style=\"position: relative; width: 80px; height: 10px; border-radius: 4px; overflow: hidden;\"><div class=\"bm-placeholder\"><div class=\"bm-animated-background\"><\/div><\/div><\/div><\/h4><div class=\"last-message\"><div class=\"bm-last-message-content\"><div class=\"bm-placeholder-wrapper\" style=\"position: relative; min-width: 150px; max-width: 350px; width: 100%; height: 15px; border-radius: 4px; overflow: hidden;\"><div class=\"bm-placeholder\"><div class=\"bm-animated-background\"><\/div><\/div><\/div><\/div><\/div><\/div><div class=\"time\"><span class=\"time-wrapper\"><div class=\"bm-placeholder-wrapper\" style=\"position: relative; width: 50px; height: 15px; border-radius: 4px; overflow: hidden;\"><div class=\"bm-placeholder\"><div class=\"bm-animated-background\"><\/div><\/div><\/div><\/span><\/div><div class=\"actions\"><span class=\"delete\"><\/span><\/div><\/div><div class=\"thread\"><div class=\"pic\" style=\"top: 0;\"><span class=\"avatar bbpm-avatar\"><div class=\"bm-placeholder-wrapper\" style=\"position: relative; width: 30px; height: 30px; border-radius: 4px; overflow: hidden;\"><div class=\"bm-placeholder\"><div class=\"bm-animated-background\"><\/div><\/div><\/div><\/span><\/div><div class=\"bm-info\"><h4 class=\"name\"><div class=\"bm-placeholder-wrapper\" style=\"position: relative; width: 100px; height: 15px; border-radius: 4px; overflow: hidden;\"><div class=\"bm-placeholder\"><div class=\"bm-animated-background\"><\/div><\/div><\/div><\/h4><h4><div class=\"bm-placeholder-wrapper\" style=\"position: relative; width: 80px; height: 10px; border-radius: 4px; overflow: hidden;\"><div class=\"bm-placeholder\"><div class=\"bm-animated-background\"><\/div><\/div><\/div><\/h4><div class=\"last-message\"><div class=\"bm-last-message-content\"><div class=\"bm-placeholder-wrapper\" style=\"position: relative; min-width: 150px; max-width: 350px; width: 100%; height: 15px; border-radius: 4px; overflow: hidden;\"><div class=\"bm-placeholder\"><div class=\"bm-animated-background\"><\/div><\/div><\/div><\/div><\/div><\/div><div class=\"time\"><span class=\"time-wrapper\"><div class=\"bm-placeholder-wrapper\" style=\"position: relative; width: 50px; height: 15px; border-radius: 4px; overflow: hidden;\"><div class=\"bm-placeholder\"><div class=\"bm-animated-background\"><\/div><\/div><\/div><\/span><\/div><div class=\"actions\"><span class=\"delete\"><\/span><\/div><\/div><div class=\"thread\"><div class=\"pic\" style=\"top: 0;\"><span class=\"avatar bbpm-avatar\"><div class=\"bm-placeholder-wrapper\" style=\"position: relative; width: 30px; height: 30px; border-radius: 4px; overflow: hidden;\"><div class=\"bm-placeholder\"><div class=\"bm-animated-background\"><\/div><\/div><\/div><\/span><\/div><div class=\"bm-info\"><h4 class=\"name\"><div class=\"bm-placeholder-wrapper\" style=\"position: relative; width: 100px; height: 15px; border-radius: 4px; overflow: hidden;\"><div class=\"bm-placeholder\"><div class=\"bm-animated-background\"><\/div><\/div><\/div><\/h4><h4><div class=\"bm-placeholder-wrapper\" style=\"position: relative; width: 80px; height: 10px; border-radius: 4px; overflow: hidden;\"><div class=\"bm-placeholder\"><div class=\"bm-animated-background\"><\/div><\/div><\/div><\/h4><div class=\"last-message\"><div class=\"bm-last-message-content\"><div class=\"bm-placeholder-wrapper\" style=\"position: relative; min-width: 150px; max-width: 350px; width: 100%; height: 15px; border-radius: 4px; overflow: hidden;\"><div class=\"bm-placeholder\"><div class=\"bm-animated-background\"><\/div><\/div><\/div><\/div><\/div><\/div><div class=\"time\"><span class=\"time-wrapper\"><div class=\"bm-placeholder-wrapper\" style=\"position: relative; width: 50px; height: 15px; border-radius: 4px; overflow: hidden;\"><div class=\"bm-placeholder\"><div class=\"bm-animated-background\"><\/div><\/div><\/div><\/span><\/div><div class=\"actions\"><span class=\"delete\"><\/span><\/div><\/div><div class=\"thread\"><div class=\"pic\" style=\"top: 0;\"><span class=\"avatar bbpm-avatar\"><div class=\"bm-placeholder-wrapper\" style=\"position: relative; width: 30px; height: 30px; border-radius: 4px; overflow: hidden;\"><div class=\"bm-placeholder\"><div class=\"bm-animated-background\"><\/div><\/div><\/div><\/span><\/div><div class=\"bm-info\"><h4 class=\"name\"><div class=\"bm-placeholder-wrapper\" style=\"position: relative; width: 100px; height: 15px; border-radius: 4px; overflow: hidden;\"><div class=\"bm-placeholder\"><div class=\"bm-animated-background\"><\/div><\/div><\/div><\/h4><h4><div class=\"bm-placeholder-wrapper\" style=\"position: relative; width: 80px; height: 10px; border-radius: 4px; overflow: hidden;\"><div class=\"bm-placeholder\"><div class=\"bm-animated-background\"><\/div><\/div><\/div><\/h4><div class=\"last-message\"><div class=\"bm-last-message-content\"><div class=\"bm-placeholder-wrapper\" style=\"position: relative; min-width: 150px; max-width: 350px; width: 100%; height: 15px; border-radius: 4px; overflow: hidden;\"><div class=\"bm-placeholder\"><div class=\"bm-animated-background\"><\/div><\/div><\/div><\/div><\/div><\/div><div class=\"time\"><span class=\"time-wrapper\"><div class=\"bm-placeholder-wrapper\" style=\"position: relative; width: 50px; height: 15px; border-radius: 4px; overflow: hidden;\"><div class=\"bm-placeholder\"><div class=\"bm-animated-background\"><\/div><\/div><\/div><\/span><\/div><div class=\"actions\"><span class=\"delete\"><\/span><\/div><\/div><\/div>                <\/div>\n                <\/div><\/div>\n\t\t\t\t\t\t<\/div>\n\t\t\t\t<\/div>\n\t\t\t\t\t<\/div>\n\t\t\t\t<\/div>\n\t\t\t\t<\/div>","protected":false},"excerpt":{"rendered":"<p>Bienvenue \u00e0 Terminal Q Ce salon est destin\u00e9 aux voyageurs gays \u00e0 la recherche de guides, d\u2019amis, d\u2019h\u00f4tes ou simplement de bons conseils avant ou pendant leurs s\u00e9jours.Ici, on partage ses plans, ses exp\u00e9riences et ses coups de c\u0153ur de voyage. \u26a0\ufe0f Reste vigilant : garde ton discernement dans tes \u00e9changes et \u00e9vite de divulguer [&hellip;]<\/p>\n","protected":false},"author":1,"featured_media":25518,"parent":0,"menu_order":0,"comment_status":"closed","ping_status":"closed","template":"","meta":{"nf_dc_page":"","_bbp_topic_count":0,"_bbp_reply_count":0,"_bbp_total_topic_count":0,"_bbp_total_reply_count":0,"_bbp_voice_count":0,"_bbp_anonymous_reply_count":0,"_bbp_topic_count_hidden":0,"_bbp_reply_count_hidden":0,"_bbp_forum_subforum_count":0,"footnotes":""},"class_list":["post-25519","page","type-page","status-publish","has-post-thumbnail","hentry"],"_links":{"self":[{"href":"https:\/\/lecochonsavant.com\/en\/wp-json\/wp\/v2\/pages\/25519","targetHints":{"allow":["GET"]}}],"collection":[{"href":"https:\/\/lecochonsavant.com\/en\/wp-json\/wp\/v2\/pages"}],"about":[{"href":"https:\/\/lecochonsavant.com\/en\/wp-json\/wp\/v2\/types\/page"}],"author":[{"embeddable":true,"href":"https:\/\/lecochonsavant.com\/en\/wp-json\/wp\/v2\/users\/1"}],"replies":[{"embeddable":true,"href":"https:\/\/lecochonsavant.com\/en\/wp-json\/wp\/v2\/comments?post=25519"}],"version-history":[{"count":7,"href":"https:\/\/lecochonsavant.com\/en\/wp-json\/wp\/v2\/pages\/25519\/revisions"}],"predecessor-version":[{"id":27122,"href":"https:\/\/lecochonsavant.com\/en\/wp-json\/wp\/v2\/pages\/25519\/revisions\/27122"}],"wp:featuredmedia":[{"embeddable":true,"href":"https:\/\/lecochonsavant.com\/en\/wp-json\/wp\/v2\/media\/25518"}],"wp:attachment":[{"href":"https:\/\/lecochonsavant.com\/en\/wp-json\/wp\/v2\/media?parent=25519"}],"curies":[{"name":"wp","href":"https:\/\/api.w.org\/{rel}","templated":true}]}}