{"id":26748,"date":"2025-11-13T19:26:21","date_gmt":"2025-11-14T00:26:21","guid":{"rendered":"https:\/\/lecochonsavant.com\/?page_id=26748"},"modified":"2025-12-25T20:49:09","modified_gmt":"2025-12-26T01:49:09","slug":"privielege","status":"publish","type":"page","link":"https:\/\/lecochonsavant.com\/en\/privielege\/","title":{"rendered":"Privielege"},"content":{"rendered":"<div data-elementor-type=\"wp-page\" data-elementor-id=\"26748\" class=\"elementor elementor-26748\" data-elementor-post-type=\"page\">\n\t\t\t\t<div class=\"elementor-element elementor-element-6864e48 e-flex e-con-boxed e-con e-parent\" data-id=\"6864e48\" data-element_type=\"container\" data-e-type=\"container\">\n\t\t\t\t\t<div class=\"e-con-inner\">\n\t\t\t\t<div class=\"elementor-element elementor-element-76d0825 elementor-widget elementor-widget-image\" data-id=\"76d0825\" data-element_type=\"widget\" data-e-type=\"widget\" data-widget_type=\"image.default\">\n\t\t\t\t<div class=\"elementor-widget-container\">\n\t\t\t\t\t\t\t\t\t\t\t\t\t\t\t<img fetchpriority=\"high\" decoding=\"async\" width=\"2560\" height=\"894\" src=\"https:\/\/lecochonsavant.com\/wp-content\/uploads\/2025\/11\/carte-privilege-promo-2-1-scaled.jpg\" class=\"attachment-full size-full wp-image-28777\" alt=\"\" srcset=\"https:\/\/lecochonsavant.com\/wp-content\/uploads\/2025\/11\/carte-privilege-promo-2-1-scaled.jpg 2560w, https:\/\/lecochonsavant.com\/wp-content\/uploads\/2025\/11\/carte-privilege-promo-2-1-300x105.jpg 300w, https:\/\/lecochonsavant.com\/wp-content\/uploads\/2025\/11\/carte-privilege-promo-2-1-1024x358.jpg 1024w, https:\/\/lecochonsavant.com\/wp-content\/uploads\/2025\/11\/carte-privilege-promo-2-1-768x268.jpg 768w, https:\/\/lecochonsavant.com\/wp-content\/uploads\/2025\/11\/carte-privilege-promo-2-1-1536x536.jpg 1536w, https:\/\/lecochonsavant.com\/wp-content\/uploads\/2025\/11\/carte-privilege-promo-2-1-2048x715.jpg 2048w, https:\/\/lecochonsavant.com\/wp-content\/uploads\/2025\/11\/carte-privilege-promo-2-1-600x210.jpg 600w, https:\/\/lecochonsavant.com\/wp-content\/uploads\/2025\/11\/carte-privilege-promo-2-1-64x22.jpg 64w\" sizes=\"(max-width: 2560px) 100vw, 2560px\" \/>\t\t\t\t\t\t\t\t\t\t\t\t\t\t\t<\/div>\n\t\t\t\t<\/div>\n\t\t\t\t<div class=\"elementor-element elementor-element-7bf1c84 elementor-widget elementor-widget-text-editor\" data-id=\"7bf1c84\" data-element_type=\"widget\" data-e-type=\"widget\" data-widget_type=\"text-editor.default\">\n\t\t\t\t<div class=\"elementor-widget-container\">\n\t\t\t\t\t\t\t\t\t<h3 data-start=\"269\" data-end=\"315\"><em data-start=\"276\" data-end=\"313\">La Carte Privil\u00e8ge du Cochon Savant<\/em><\/h3><p data-start=\"316\" data-end=\"384\">Plus d\u2019avantages. Plus de plaisir. Plus de pouvoir dans la boutique.<\/p><p data-start=\"464\" data-end=\"734\">Une carte annuelle qui offre <strong data-start=\"443\" data-end=\"467\">des rabais exclusifs<\/strong>,<\/p><p data-start=\"464\" data-end=\"734\">des <strong data-start=\"473\" data-end=\"505\">journ\u00e9es Privil\u00e8ge surprises<\/strong>, et l\u2019acc\u00e8s \u00e0 des promotions que personne d\u2019autre ne voit.<br data-start=\"564\" data-end=\"567\" \/>Les membres privil\u00e8ge sont\u2026 favoris\u00e9s. \ud83d\ude08<\/p><h2 data-start=\"464\" data-end=\"734\">75$ pour un an!<\/h2>\t\t\t\t\t\t\t\t<\/div>\n\t\t\t\t<\/div>\n\t\t\t\t<div class=\"elementor-element elementor-element-d51545f elementor-widget elementor-widget-text-editor\" data-id=\"d51545f\" data-element_type=\"widget\" data-e-type=\"widget\" data-widget_type=\"text-editor.default\">\n\t\t\t\t<div class=\"elementor-widget-container\">\n\t\t\t\t\t\t\t\t\t<h3 data-start=\"656\" data-end=\"700\"><img decoding=\"async\" class=\"emoji\" role=\"img\" draggable=\"false\" src=\"https:\/\/s.w.org\/images\/core\/emoji\/16.0.1\/svg\/2714.svg\" alt=\"\u2714\ufe0f\" \/> <strong data-start=\"663\" data-end=\"700\">Rabais exclusifs sur les produits<\/strong><\/h3><p data-start=\"701\" data-end=\"723\">Chaque membre re\u00e7oit :<\/p><ul data-start=\"724\" data-end=\"948\"><li data-start=\"724\" data-end=\"780\"><p data-start=\"726\" data-end=\"780\"><strong data-start=\"726\" data-end=\"743\">de 10% \u00e0 50% de rabais<\/strong> sur les produits marqu\u00e9s \u201cPrivil\u00e8ge\u201d<\/p><\/li><li data-start=\"874\" data-end=\"948\"><p data-start=\"876\" data-end=\"948\">Les rabais sont automatiquement appliqu\u00e9s d\u00e8s que le client est connect\u00e9<\/p><\/li><\/ul><hr data-start=\"950\" data-end=\"953\" \/><h3 data-start=\"955\" data-end=\"984\"><img decoding=\"async\" class=\"emoji\" role=\"img\" draggable=\"false\" src=\"https:\/\/s.w.org\/images\/core\/emoji\/16.0.1\/svg\/2714.svg\" alt=\"\u2714\ufe0f\" \/> <strong data-start=\"962\" data-end=\"984\">Journ\u00e9es Privil\u00e8ge<\/strong><\/h3><p data-start=\"985\" data-end=\"1016\">\u00c0 certains moments de l\u2019ann\u00e9e :<\/p><ul data-start=\"1017\" data-end=\"1198\"><li data-start=\"1017\" data-end=\"1052\"><p data-start=\"1019\" data-end=\"1052\">Le taux de rabais monte \u00e0 <strong data-start=\"1045\" data-end=\"1052\">35%<\/strong><\/p><\/li><li data-start=\"1053\" data-end=\"1145\"><p data-start=\"1055\" data-end=\"1145\">D\u2019autres produits rares ou sp\u00e9ciaux deviennent accessibles seulement aux membres privil\u00e8ge<\/p><\/li><li data-start=\"1146\" data-end=\"1198\"><p data-start=\"1148\" data-end=\"1198\">Journ\u00e9es annonc\u00e9es par infolettre et notifications<\/p><\/li><\/ul><hr data-start=\"1200\" data-end=\"1203\" \/><h3 data-start=\"1205\" data-end=\"1244\"><img decoding=\"async\" class=\"emoji\" role=\"img\" draggable=\"false\" src=\"https:\/\/s.w.org\/images\/core\/emoji\/16.0.1\/svg\/2714.svg\" alt=\"\u2714\ufe0f\" \/> <strong data-start=\"1212\" data-end=\"1244\">Acc\u00e8s \u00e0 des articles uniques<\/strong><\/h3><p data-start=\"1245\" data-end=\"1314\">Certains produits, collections ou \u00e9ditions limit\u00e9es seront r\u00e9serv\u00e9s :<\/p><ul data-start=\"1315\" data-end=\"1408\"><li data-start=\"1315\" data-end=\"1343\"><p data-start=\"1317\" data-end=\"1343\">Aux d\u00e9tenteurs de la carte<\/p><\/li><li data-start=\"1344\" data-end=\"1408\"><p data-start=\"1346\" data-end=\"1408\">Ou accessibles avec un rabais que les autres ne verront jamais<\/p><\/li><\/ul><hr data-start=\"1410\" data-end=\"1413\" \/><ul data-start=\"1506\" data-end=\"1653\"><li data-start=\"1612\" data-end=\"1653\"><p data-start=\"1614\" data-end=\"1653\">\u00a0<\/p><\/li><\/ul>\t\t\t\t\t\t\t\t<\/div>\n\t\t\t\t<\/div>\n\t\t\t\t<div class=\"elementor-element elementor-element-5b61a3e elementor-grid-1 elementor-product-loop-item--align-center elementor-grid-tablet-3 elementor-grid-mobile-2 elementor-products-grid elementor-wc-products elementor-widget elementor-widget-woocommerce-products\" data-id=\"5b61a3e\" data-element_type=\"widget\" data-e-type=\"widget\" data-widget_type=\"woocommerce-products.default\">\n\t\t\t\t<div class=\"elementor-widget-container\">\n\t\t\t\t\t<div class=\"woocommerce columns-1\"><ul class=\"products elementor-grid columns-1\">\n<li class=\"product type-product post-26740 status-publish first instock product_cat-carte-membre product_tag-carte-membre has-post-thumbnail virtual taxable product-type-simple\">\n\t<a href=\"https:\/\/lecochonsavant.com\/en\/product\/carte-privilege\/\" class=\"woocommerce-LoopProduct-link woocommerce-loop-product__link\"><img decoding=\"async\" width=\"300\" height=\"300\" src=\"https:\/\/lecochonsavant.com\/wp-content\/uploads\/2025\/11\/cartes-membres-1-300x300.png\" class=\"attachment-woocommerce_thumbnail size-woocommerce_thumbnail\" alt=\"Carte Privil\u00e8ge\" srcset=\"https:\/\/lecochonsavant.com\/wp-content\/uploads\/2025\/11\/cartes-membres-1-300x300.png 300w, https:\/\/lecochonsavant.com\/wp-content\/uploads\/2025\/11\/cartes-membres-1-150x150.png 150w, https:\/\/lecochonsavant.com\/wp-content\/uploads\/2025\/11\/cartes-membres-1-768x768.png 768w, https:\/\/lecochonsavant.com\/wp-content\/uploads\/2025\/11\/cartes-membres-1-600x600.png 600w, https:\/\/lecochonsavant.com\/wp-content\/uploads\/2025\/11\/cartes-membres-1-100x100.png 100w, https:\/\/lecochonsavant.com\/wp-content\/uploads\/2025\/11\/cartes-membres-1-64x64.png 64w, https:\/\/lecochonsavant.com\/wp-content\/uploads\/2025\/11\/cartes-membres-1-50x50.png 50w, https:\/\/lecochonsavant.com\/wp-content\/uploads\/2025\/11\/cartes-membres-1.png 1024w\" sizes=\"(max-width: 300px) 100vw, 300px\" \/><h2 class=\"woocommerce-loop-product__title\">Carte Privil\u00e8ge<\/h2>\n\t<span class=\"price\"><span class=\"woocommerce-Price-amount amount\"><bdi><span class=\"woocommerce-Price-currencySymbol\">C$<\/span>225.00<\/bdi><\/span><\/span>\n<\/a><a href=\"https:\/\/lecochonsavant.com\/en\/product\/carte-privilege\/\" aria-describedby=\"woocommerce_loop_add_to_cart_link_describedby_26740\" data-quantity=\"1\" class=\"button product_type_simple\" data-product_id=\"26740\" data-product_sku=\"\" aria-label=\"Read more about \u201cCarte Privil\u00e8ge\u201d\" rel=\"nofollow\" data-success_message=\"\" data-no-translation=\"\" data-trp-gettext=\"\" data-no-translation-aria-label=\"\">Read more<\/a>\t<span id=\"woocommerce_loop_add_to_cart_link_describedby_26740\" class=\"screen-reader-text\">\n\t\t\t<\/span>\n<\/li>\n<\/ul>\n<\/div>\t\t\t\t<\/div>\n\t\t\t\t<\/div>\n\t\t\t\t\t<\/div>\n\t\t\t\t<\/div>\n\t\t\t\t<\/div>","protected":false},"excerpt":{"rendered":"<p>La Carte Privil\u00e8ge du Cochon Savant Plus d\u2019avantages. Plus de plaisir. Plus de pouvoir dans la boutique. Une carte annuelle qui offre des rabais exclusifs, des journ\u00e9es Privil\u00e8ge surprises, et l\u2019acc\u00e8s \u00e0 des promotions que personne d\u2019autre ne voit.Les membres privil\u00e8ge sont\u2026 favoris\u00e9s. \ud83d\ude08 75$ pour un an! Rabais exclusifs sur les produits Chaque membre [&hellip;]<\/p>\n","protected":false},"author":1,"featured_media":33136,"parent":0,"menu_order":0,"comment_status":"closed","ping_status":"closed","template":"","meta":{"nf_dc_page":"","_bbp_topic_count":0,"_bbp_reply_count":0,"_bbp_total_topic_count":0,"_bbp_total_reply_count":0,"_bbp_voice_count":0,"_bbp_anonymous_reply_count":0,"_bbp_topic_count_hidden":0,"_bbp_reply_count_hidden":0,"_bbp_forum_subforum_count":0,"footnotes":""},"class_list":["post-26748","page","type-page","status-publish","has-post-thumbnail","hentry"],"_links":{"self":[{"href":"https:\/\/lecochonsavant.com\/en\/wp-json\/wp\/v2\/pages\/26748","targetHints":{"allow":["GET"]}}],"collection":[{"href":"https:\/\/lecochonsavant.com\/en\/wp-json\/wp\/v2\/pages"}],"about":[{"href":"https:\/\/lecochonsavant.com\/en\/wp-json\/wp\/v2\/types\/page"}],"author":[{"embeddable":true,"href":"https:\/\/lecochonsavant.com\/en\/wp-json\/wp\/v2\/users\/1"}],"replies":[{"embeddable":true,"href":"https:\/\/lecochonsavant.com\/en\/wp-json\/wp\/v2\/comments?post=26748"}],"version-history":[{"count":20,"href":"https:\/\/lecochonsavant.com\/en\/wp-json\/wp\/v2\/pages\/26748\/revisions"}],"predecessor-version":[{"id":33139,"href":"https:\/\/lecochonsavant.com\/en\/wp-json\/wp\/v2\/pages\/26748\/revisions\/33139"}],"wp:featuredmedia":[{"embeddable":true,"href":"https:\/\/lecochonsavant.com\/en\/wp-json\/wp\/v2\/media\/33136"}],"wp:attachment":[{"href":"https:\/\/lecochonsavant.com\/en\/wp-json\/wp\/v2\/media?parent=26748"}],"curies":[{"name":"wp","href":"https:\/\/api.w.org\/{rel}","templated":true}]}}