{"id":33140,"date":"2025-12-26T14:30:29","date_gmt":"2025-12-26T19:30:29","guid":{"rendered":"https:\/\/lecochonsavant.com\/?page_id=33140"},"modified":"2025-12-26T17:24:32","modified_gmt":"2025-12-26T22:24:32","slug":"depart","status":"publish","type":"page","link":"https:\/\/lecochonsavant.com\/en\/","title":{"rendered":"depart"},"content":{"rendered":"<div data-elementor-type=\"wp-page\" data-elementor-id=\"33140\" class=\"elementor elementor-33140\" data-elementor-post-type=\"page\">\n\t\t\t\t<div class=\"elementor-element elementor-element-38fdc5e e-flex e-con-boxed e-con e-parent\" data-id=\"38fdc5e\" data-element_type=\"container\" data-e-type=\"container\">\n\t\t\t\t\t<div class=\"e-con-inner\">\n\t\t\t\t<div class=\"elementor-element elementor-element-a7ec347 elementor-widget elementor-widget-shortcode\" data-id=\"a7ec347\" data-element_type=\"widget\" data-e-type=\"widget\" data-widget_type=\"shortcode.default\">\n\t\t\t\t<div class=\"elementor-widget-container\">\n\t\t\t\t\t\t\t<div class=\"elementor-shortcode\">    <div id=\"agePopup\" style=\"      position: fixed;      top: 0; left: 0;      width: 100%; height: 100%;      background: rgba(0,0,0,0.95);      color: white;      display: flex;      flex-direction: column;      justify-content: center;      align-items: center;      z-index: 999999;      text-align: center;      padding: 20px;      box-sizing: border-box;    \">\n      <h2 style=\"font-size: 2.5em; margin-bottom: 15px;\">\ud83d\udd1e Le Cochon Savant<\/h2>\n      <p style=\"max-width: 500px; margin-bottom: 10px;\">\n        Ce site contient des contenus r\u00e9serv\u00e9s \u00e0 un public adulte (18 ans et +).\n      <\/p>\n      <p style=\"max-width: 500px; margin-bottom: 20px;\">\n        En cliquant sur \u201cEntrer\u201d, vous confirmez \u00eatre majeur dans votre pays de r\u00e9sidence.\n      <\/p>\n      <div>\n        <button id=\"ageEnterButton\" style=\"          padding: 12px 28px;          margin-right: 15px;          background: #ff66a5;          border: none;          color: white;          font-size: 18px;          cursor: pointer;          border-radius: 5px;        \">Entrer<\/button>\n        <a href='about:blank' style=\"          padding: 12px 28px;          background: #555;          border: none;          color: white;          font-size: 18px;          text-decoration: none;          border-radius: 5px;          display: inline-block;          margin-left: 10px;        \">Quitter<\/a>\n      <\/div>\n    <\/div>\n    <\/div>\n\t\t\t\t\t\t<\/div>\n\t\t\t\t<\/div>\n\t\t\t\t\t<\/div>\n\t\t\t\t<\/div>\n\t\t<div class=\"elementor-element elementor-element-40c1f05 e-grid e-con-full e-con e-parent\" data-id=\"40c1f05\" data-element_type=\"container\" data-e-type=\"container\" data-settings=\"{&quot;background_background&quot;:&quot;video&quot;,&quot;background_video_link&quot;:&quot;https:\\\/\\\/vod.api.video\\\/vod\\\/vi50z4HNX4a2Iaz2mzAxZzDR\\\/mp4\\\/source.mp4&quot;,&quot;background_play_on_mobile&quot;:&quot;yes&quot;}\">\n\t\t<div class=\"elementor-background-video-container\">\n\t\t\t\t\t\t\t<video class=\"elementor-background-video-hosted\" role=\"presentation\" autoplay muted playsinline loop><\/video>\n\t\t\t\t\t<\/div>\t\t<div class=\"elementor-element elementor-element-76ffbb4 elementor-widget elementor-widget-image\" data-id=\"76ffbb4\" data-element_type=\"widget\" data-e-type=\"widget\" data-widget_type=\"image.default\">\n\t\t\t\t<div class=\"elementor-widget-container\">\n\t\t\t\t\t\t\t\t\t\t\t\t\t\t\t<img fetchpriority=\"high\" decoding=\"async\" width=\"391\" height=\"177\" src=\"https:\/\/lecochonsavant.com\/wp-content\/uploads\/2025\/05\/logo-text.png\" class=\"attachment-large size-large wp-image-1396\" alt=\"\" srcset=\"https:\/\/lecochonsavant.com\/wp-content\/uploads\/2025\/05\/logo-text.png 391w, https:\/\/lecochonsavant.com\/wp-content\/uploads\/2025\/05\/logo-text-300x136.png 300w\" sizes=\"(max-width: 391px) 100vw, 391px\" \/>\t\t\t\t\t\t\t\t\t\t\t\t\t\t\t<\/div>\n\t\t\t\t<\/div>\n\t\t\t\t<div class=\"elementor-element elementor-element-4bf8c4b elementor-widget elementor-widget-image\" data-id=\"4bf8c4b\" data-element_type=\"widget\" data-e-type=\"widget\" data-widget_type=\"image.default\">\n\t\t\t\t<div class=\"elementor-widget-container\">\n\t\t\t\t\t\t\t\t\t\t\t\t\t\t\t<img decoding=\"async\" width=\"2560\" height=\"828\" src=\"https:\/\/lecochonsavant.com\/wp-content\/uploads\/2025\/12\/peepshow-banniere.jpg\" class=\"attachment-full size-full wp-image-33162\" alt=\"\" srcset=\"https:\/\/lecochonsavant.com\/wp-content\/uploads\/2025\/12\/peepshow-banniere.jpg 2560w, https:\/\/lecochonsavant.com\/wp-content\/uploads\/2025\/12\/peepshow-banniere-600x194.jpg 600w, https:\/\/lecochonsavant.com\/wp-content\/uploads\/2025\/12\/peepshow-banniere-64x21.jpg 64w, https:\/\/lecochonsavant.com\/wp-content\/uploads\/2025\/12\/peepshow-banniere-300x97.jpg 300w, https:\/\/lecochonsavant.com\/wp-content\/uploads\/2025\/12\/peepshow-banniere-1024x331.jpg 1024w, https:\/\/lecochonsavant.com\/wp-content\/uploads\/2025\/12\/peepshow-banniere-768x248.jpg 768w, https:\/\/lecochonsavant.com\/wp-content\/uploads\/2025\/12\/peepshow-banniere-1536x497.jpg 1536w, https:\/\/lecochonsavant.com\/wp-content\/uploads\/2025\/12\/peepshow-banniere-2048x662.jpg 2048w, https:\/\/lecochonsavant.com\/wp-content\/uploads\/2025\/12\/peepshow-banniere-18x6.jpg 18w\" sizes=\"(max-width: 2560px) 100vw, 2560px\" \/>\t\t\t\t\t\t\t\t\t\t\t\t\t\t\t<\/div>\n\t\t\t\t<\/div>\n\t\t\t\t<div class=\"elementor-element elementor-element-e777557 elementor-widget elementor-widget-image\" data-id=\"e777557\" data-element_type=\"widget\" data-e-type=\"widget\" data-widget_type=\"image.default\">\n\t\t\t\t<div class=\"elementor-widget-container\">\n\t\t\t\t\t\t\t\t\t\t\t\t\t\t\t<img decoding=\"async\" width=\"2560\" height=\"828\" src=\"https:\/\/lecochonsavant.com\/wp-content\/uploads\/2025\/12\/la-boutique-1.jpg\" class=\"attachment-full size-full wp-image-33166\" alt=\"\" srcset=\"https:\/\/lecochonsavant.com\/wp-content\/uploads\/2025\/12\/la-boutique-1.jpg 2560w, https:\/\/lecochonsavant.com\/wp-content\/uploads\/2025\/12\/la-boutique-1-600x194.jpg 600w, https:\/\/lecochonsavant.com\/wp-content\/uploads\/2025\/12\/la-boutique-1-64x21.jpg 64w, https:\/\/lecochonsavant.com\/wp-content\/uploads\/2025\/12\/la-boutique-1-300x97.jpg 300w, https:\/\/lecochonsavant.com\/wp-content\/uploads\/2025\/12\/la-boutique-1-1024x331.jpg 1024w, https:\/\/lecochonsavant.com\/wp-content\/uploads\/2025\/12\/la-boutique-1-768x248.jpg 768w, https:\/\/lecochonsavant.com\/wp-content\/uploads\/2025\/12\/la-boutique-1-1536x497.jpg 1536w, https:\/\/lecochonsavant.com\/wp-content\/uploads\/2025\/12\/la-boutique-1-2048x662.jpg 2048w, https:\/\/lecochonsavant.com\/wp-content\/uploads\/2025\/12\/la-boutique-1-18x6.jpg 18w\" sizes=\"(max-width: 2560px) 100vw, 2560px\" \/>\t\t\t\t\t\t\t\t\t\t\t\t\t\t\t<\/div>\n\t\t\t\t<\/div>\n\t\t\t\t<div class=\"elementor-element elementor-element-478ee6f elementor-widget elementor-widget-image\" data-id=\"478ee6f\" data-element_type=\"widget\" data-e-type=\"widget\" data-widget_type=\"image.default\">\n\t\t\t\t<div class=\"elementor-widget-container\">\n\t\t\t\t\t\t\t\t\t\t\t\t\t\t\t<img loading=\"lazy\" decoding=\"async\" width=\"2560\" height=\"828\" src=\"https:\/\/lecochonsavant.com\/wp-content\/uploads\/2025\/12\/les-publications.jpg\" class=\"attachment-full size-full wp-image-33168\" alt=\"\" srcset=\"https:\/\/lecochonsavant.com\/wp-content\/uploads\/2025\/12\/les-publications.jpg 2560w, https:\/\/lecochonsavant.com\/wp-content\/uploads\/2025\/12\/les-publications-600x194.jpg 600w, https:\/\/lecochonsavant.com\/wp-content\/uploads\/2025\/12\/les-publications-64x21.jpg 64w, https:\/\/lecochonsavant.com\/wp-content\/uploads\/2025\/12\/les-publications-300x97.jpg 300w, https:\/\/lecochonsavant.com\/wp-content\/uploads\/2025\/12\/les-publications-1024x331.jpg 1024w, https:\/\/lecochonsavant.com\/wp-content\/uploads\/2025\/12\/les-publications-768x248.jpg 768w, https:\/\/lecochonsavant.com\/wp-content\/uploads\/2025\/12\/les-publications-1536x497.jpg 1536w, https:\/\/lecochonsavant.com\/wp-content\/uploads\/2025\/12\/les-publications-2048x662.jpg 2048w, https:\/\/lecochonsavant.com\/wp-content\/uploads\/2025\/12\/les-publications-18x6.jpg 18w\" sizes=\"(max-width: 2560px) 100vw, 2560px\" \/>\t\t\t\t\t\t\t\t\t\t\t\t\t\t\t<\/div>\n\t\t\t\t<\/div>\n\t\t\t\t<div class=\"elementor-element elementor-element-424a448 elementor-widget elementor-widget-image\" data-id=\"424a448\" data-element_type=\"widget\" data-e-type=\"widget\" data-widget_type=\"image.default\">\n\t\t\t\t<div class=\"elementor-widget-container\">\n\t\t\t\t\t\t\t\t\t\t\t\t\t\t\t<img loading=\"lazy\" decoding=\"async\" width=\"2560\" height=\"828\" src=\"https:\/\/lecochonsavant.com\/wp-content\/uploads\/2025\/12\/experiences.jpg\" class=\"attachment-full size-full wp-image-33169\" alt=\"\" srcset=\"https:\/\/lecochonsavant.com\/wp-content\/uploads\/2025\/12\/experiences.jpg 2560w, https:\/\/lecochonsavant.com\/wp-content\/uploads\/2025\/12\/experiences-600x194.jpg 600w, https:\/\/lecochonsavant.com\/wp-content\/uploads\/2025\/12\/experiences-64x21.jpg 64w, https:\/\/lecochonsavant.com\/wp-content\/uploads\/2025\/12\/experiences-300x97.jpg 300w, https:\/\/lecochonsavant.com\/wp-content\/uploads\/2025\/12\/experiences-1024x331.jpg 1024w, https:\/\/lecochonsavant.com\/wp-content\/uploads\/2025\/12\/experiences-768x248.jpg 768w, https:\/\/lecochonsavant.com\/wp-content\/uploads\/2025\/12\/experiences-1536x497.jpg 1536w, https:\/\/lecochonsavant.com\/wp-content\/uploads\/2025\/12\/experiences-2048x662.jpg 2048w, https:\/\/lecochonsavant.com\/wp-content\/uploads\/2025\/12\/experiences-18x6.jpg 18w\" sizes=\"(max-width: 2560px) 100vw, 2560px\" \/>\t\t\t\t\t\t\t\t\t\t\t\t\t\t\t<\/div>\n\t\t\t\t<\/div>\n\t\t<div class=\"elementor-element elementor-element-d36fb71 e-con-full e-flex e-con e-child\" data-id=\"d36fb71\" data-element_type=\"container\" data-e-type=\"container\" data-settings=\"{&quot;background_background&quot;:&quot;classic&quot;}\">\n\t\t\t\t<div class=\"elementor-element elementor-element-0586633 elementor-widget elementor-widget-heading\" data-id=\"0586633\" data-element_type=\"widget\" data-e-type=\"widget\" data-widget_type=\"heading.default\">\n\t\t\t\t<div class=\"elementor-widget-container\">\n\t\t\t\t\t<h4 class=\"elementor-heading-title elementor-size-default\">Le menu en bas de l\u2019\u00e9cran te permet de circuler entre les diff\u00e9rents espaces du site :\nle Peepshow, les publications, la boutique, les espaces sociaux et les exp\u00e9riences.\n\nPrends le temps de regarder, de lire\u2026\nou de devenir membre\n c\u2019est gratuit, 18+.<\/h4>\t\t\t\t<\/div>\n\t\t\t\t<\/div>\n\t\t\t\t<\/div>\n\t\t\t\t<\/div>\n\t\t\t\t<\/div>","protected":false},"excerpt":{"rendered":"<p>Le menu en bas de l\u2019\u00e9cran te permet de circuler entre les diff\u00e9rents espaces du site : le Peepshow, les publications, la boutique, les espaces sociaux et les exp\u00e9riences. Prends le temps de regarder, de lire\u2026 ou de devenir membre c\u2019est gratuit, 18+.<\/p>","protected":false},"author":1,"featured_media":0,"parent":0,"menu_order":0,"comment_status":"closed","ping_status":"closed","template":"","meta":{"nf_dc_page":"","_bbp_topic_count":0,"_bbp_reply_count":0,"_bbp_total_topic_count":0,"_bbp_total_reply_count":0,"_bbp_voice_count":0,"_bbp_anonymous_reply_count":0,"_bbp_topic_count_hidden":0,"_bbp_reply_count_hidden":0,"_bbp_forum_subforum_count":0,"footnotes":""},"class_list":["post-33140","page","type-page","status-publish","hentry"],"_links":{"self":[{"href":"https:\/\/lecochonsavant.com\/en\/wp-json\/wp\/v2\/pages\/33140","targetHints":{"allow":["GET"]}}],"collection":[{"href":"https:\/\/lecochonsavant.com\/en\/wp-json\/wp\/v2\/pages"}],"about":[{"href":"https:\/\/lecochonsavant.com\/en\/wp-json\/wp\/v2\/types\/page"}],"author":[{"embeddable":true,"href":"https:\/\/lecochonsavant.com\/en\/wp-json\/wp\/v2\/users\/1"}],"replies":[{"embeddable":true,"href":"https:\/\/lecochonsavant.com\/en\/wp-json\/wp\/v2\/comments?post=33140"}],"version-history":[{"count":16,"href":"https:\/\/lecochonsavant.com\/en\/wp-json\/wp\/v2\/pages\/33140\/revisions"}],"predecessor-version":[{"id":33195,"href":"https:\/\/lecochonsavant.com\/en\/wp-json\/wp\/v2\/pages\/33140\/revisions\/33195"}],"wp:attachment":[{"href":"https:\/\/lecochonsavant.com\/en\/wp-json\/wp\/v2\/media?parent=33140"}],"curies":[{"name":"wp","href":"https:\/\/api.w.org\/{rel}","templated":true}]}}