{"id":6613,"date":"2025-09-10T18:03:57","date_gmt":"2025-09-10T22:03:57","guid":{"rendered":"https:\/\/lecochonsavant.com\/?page_id=6613"},"modified":"2025-12-25T20:06:55","modified_gmt":"2025-12-26T01:06:55","slug":"les-forums","status":"publish","type":"page","link":"https:\/\/lecochonsavant.com\/en\/les-forums\/","title":{"rendered":"Les Forums"},"content":{"rendered":"<div data-elementor-type=\"wp-page\" data-elementor-id=\"6613\" class=\"elementor elementor-6613\" data-elementor-post-type=\"page\">\n\t\t\t\t<div class=\"elementor-element elementor-element-b13583c e-flex e-con-boxed e-con e-parent\" data-id=\"b13583c\" data-element_type=\"container\" data-e-type=\"container\">\n\t\t\t\t\t<div class=\"e-con-inner\">\n\t\t\t\t<div class=\"elementor-element elementor-element-7ffd6c4 elementor-widget elementor-widget-image\" data-id=\"7ffd6c4\" data-element_type=\"widget\" data-e-type=\"widget\" data-widget_type=\"image.default\">\n\t\t\t\t<div class=\"elementor-widget-container\">\n\t\t\t\t\t\t\t\t\t\t\t\t\t\t\t<img fetchpriority=\"high\" decoding=\"async\" width=\"800\" height=\"426\" src=\"https:\/\/lecochonsavant.com\/wp-content\/uploads\/2025\/09\/entete_forums.jpg\" class=\"attachment-large size-large wp-image-6615\" alt=\"\" srcset=\"https:\/\/lecochonsavant.com\/wp-content\/uploads\/2025\/09\/entete_forums.jpg 896w, https:\/\/lecochonsavant.com\/wp-content\/uploads\/2025\/09\/entete_forums-300x160.jpg 300w, https:\/\/lecochonsavant.com\/wp-content\/uploads\/2025\/09\/entete_forums-768x409.jpg 768w, https:\/\/lecochonsavant.com\/wp-content\/uploads\/2025\/09\/entete_forums-600x319.jpg 600w, https:\/\/lecochonsavant.com\/wp-content\/uploads\/2025\/09\/entete_forums-64x34.jpg 64w\" sizes=\"(max-width: 800px) 100vw, 800px\" \/>\t\t\t\t\t\t\t\t\t\t\t\t\t\t\t<\/div>\n\t\t\t\t<\/div>\n\t\t\t\t<div class=\"elementor-element elementor-element-0cbdde4 elementor-widget elementor-widget-text-editor\" data-id=\"0cbdde4\" data-element_type=\"widget\" data-e-type=\"widget\" data-widget_type=\"text-editor.default\">\n\t\t\t\t<div class=\"elementor-widget-container\">\n\t\t\t\t\t\t\t\t\t<p><strong data-start=\"630\" data-end=\"676\">Bienvenue dans les Forums du Cochon Savant<\/strong><br data-start=\"676\" data-end=\"679\" \/>Ici, les id\u00e9es se croisent, les r\u00e9cits s\u2019\u00e9changent et les voix Queer s\u2019\u00e9l\u00e8vent. Prenez place, ouvrez la conversation et contribuez \u00e0 faire vivre notre communaut\u00e9.<\/p>\t\t\t\t\t\t\t\t<\/div>\n\t\t\t\t<\/div>\n\t\t\t\t<div class=\"elementor-element elementor-element-b9f1bb4 elementor-widget elementor-widget-shortcode\" data-id=\"b9f1bb4\" data-element_type=\"widget\" data-e-type=\"widget\" data-widget_type=\"shortcode.default\">\n\t\t\t\t<div class=\"elementor-widget-container\">\n\t\t\t\t\t\t\t<div class=\"elementor-shortcode\"> \n<div id=\"bbpress-forums\" class=\"bbpress-wrapper\">\n\n\t\n\t<div class=\"bbp-search-form\">\n\t\t<form role=\"search\" method=\"get\" id=\"bbp-search-form\" action=\"\">\n\t\t\t<div>\n\t\t\t\t<label class=\"screen-reader-text hidden\" for=\"bbp_search\">Search for:<\/label>\n\t\t\t\t<input type=\"hidden\" name=\"action\" value=\"bbp-search-request\" \/>\n\t\t\t\t<input type=\"text\" value=\"\" name=\"bbp_search\" id=\"bbp_search\" \/>\n\t\t\t\t<input class=\"button\" type=\"submit\" id=\"bbp_search_submit\" value=\"Search\" \/>\n\t\t\t<\/div>\n\t\t<input type=\"hidden\" name=\"trp-form-language\" value=\"en\"\/><\/form>\n\t<\/div>\n\n\n\t<div class=\"bbp-breadcrumb\"><p><a href=\"https:\/\/lecochonsavant.com\/en\" class=\"bbp-breadcrumb-home\">depart<\/a> <span class=\"bbp-breadcrumb-sep\">&rsaquo;<\/span> <span class=\"bbp-breadcrumb-current\">Forums<\/span><\/p><\/div>\n\t\n\t\n\t\n\t\t\n<ul id=\"forums-list-0\" class=\"bbp-forums\">\n\n\t<li class=\"bbp-header\">\n\n\t\t<ul class=\"forum-titles\">\n\t\t\t<li class=\"bbp-forum-info\">Forum<\/li>\n\t\t\t<li class=\"bbp-forum-topic-count\">Topics<\/li>\n\t\t\t<li class=\"bbp-forum-reply-count\">Posts<\/li>\n\t\t\t<li class=\"bbp-forum-freshness\">Last Post<\/li>\n\t\t<\/ul>\n\n\t<\/li><!-- .bbp-header -->\n\n\t<li class=\"bbp-body\">\n\n\t\t\n\t\t\t\n<ul id=\"bbp-forum-1576\" class=\"loop-item-0 bbp-forum-status-open bbp-forum-visibility-publish odd  post-1576 forum type-forum status-publish hentry\">\n\t<li class=\"bbp-forum-info\">\n\n\t\t\n\t\t\n\t\t<a class=\"bbp-forum-title\" href=\"https:\/\/lecochonsavant.com\/en\/forums\/forum\/culture-queer-douce-ou-dejantee\/\">Culture queer, douce ou d\u00e9jant\u00e9e<\/a>\n\n\t\t\n\t\t\n\t\t<div class=\"bbp-forum-content\">On cause queer, art, fiert\u00e9, sexualit\u00e9, entre po\u00e9sie et porno conscient.<\/div>\n\n\t\t\n\t\t\n\t\t\n\t\t\n\t\t\n\t<\/li>\n\n\t<li class=\"bbp-forum-topic-count\">1<\/li>\n\n\t<li class=\"bbp-forum-reply-count\">1<\/li>\n\n\t<li class=\"bbp-forum-freshness\">\n\n\t\t\n\t\t<a href=\"https:\/\/lecochonsavant.com\/en\/forums\/topic\/ton-eveil\/\" title=\"Soci\u00e9t\u00e9\">11 months ago<\/a>\n\t\t\n\t\t<p class=\"bbp-topic-meta\">\n\n\t\t\t\n\t\t\t<span class=\"bbp-topic-freshness-author\"><a href=\"https:\/\/lecochonsavant.com\/en\/mon-profil\/?uid=1\" title=\"View Cochon Savant&#039;s profile\" class=\"bbp-author-link\"><span  class=\"bbp-author-avatar\"><img decoding=\"async\" width=\"14\" height=\"14\" src=\"https:\/\/lecochonsavant.com\/wp-content\/uploads\/2025\/05\/icoon-150x150.jpg\" class=\"\" alt=\"\" size=\"14\" default=\"mm\" force_default=\"\" rating=\"x\" scheme=\"\" processed_args=\"\" extra_attr=\"\" force_display=\"\" loading=\"\" fetchpriority=\"\" found_avatar=\"1\" url=\"https:\/\/secure.gravatar.com\/avatar\/e40e28960ce612dfb28f44d8dbcb4393b3999486c59d874473445f0707e911e5?s=14&amp;d=mm&amp;r=x\" \/><\/span><span  class=\"bbp-author-name\">Cochon Savant<\/span><\/a><\/span>\n\n\t\t\t\n\t\t<\/p>\n\t<\/li>\n<\/ul><!-- #bbp-forum-1576 -->\n\n\t\t\n\t\t\t\n<ul id=\"bbp-forum-1566\" class=\"loop-item-1 bbp-forum-status-open bbp-forum-visibility-publish even  post-1566 forum type-forum status-publish hentry\">\n\t<li class=\"bbp-forum-info\">\n\n\t\t\n\t\t\n\t\t<a class=\"bbp-forum-title\" href=\"https:\/\/lecochonsavant.com\/en\/forums\/forum\/fais-connaissance-dans-la-porcherie\/\">Fais connaissance dans la porcherie<\/a>\n\n\t\t\n\t\t\n\t\t<div class=\"bbp-forum-content\">Parce que tout bon cochon commence par un groin \u00e0 groin.<\/div>\n\n\t\t\n\t\t\n\t\t\n\t\t\n\t\t\n\t<\/li>\n\n\t<li class=\"bbp-forum-topic-count\">1<\/li>\n\n\t<li class=\"bbp-forum-reply-count\">1<\/li>\n\n\t<li class=\"bbp-forum-freshness\">\n\n\t\t\n\t\t<a href=\"https:\/\/lecochonsavant.com\/en\/forums\/topic\/presente-toi\/\" title=\"Pr\u00e9sente-toi\">11 months ago<\/a>\n\t\t\n\t\t<p class=\"bbp-topic-meta\">\n\n\t\t\t\n\t\t\t<span class=\"bbp-topic-freshness-author\"><a href=\"https:\/\/lecochonsavant.com\/en\/mon-profil\/?uid=1\" title=\"View Cochon Savant&#039;s profile\" class=\"bbp-author-link\"><span  class=\"bbp-author-avatar\"><img decoding=\"async\" width=\"14\" height=\"14\" src=\"https:\/\/lecochonsavant.com\/wp-content\/uploads\/2025\/05\/icoon-150x150.jpg\" class=\"\" alt=\"\" size=\"14\" default=\"mm\" force_default=\"\" rating=\"x\" scheme=\"\" processed_args=\"\" extra_attr=\"\" force_display=\"\" loading=\"\" fetchpriority=\"\" found_avatar=\"1\" url=\"https:\/\/secure.gravatar.com\/avatar\/e40e28960ce612dfb28f44d8dbcb4393b3999486c59d874473445f0707e911e5?s=14&amp;d=mm&amp;r=x\" \/><\/span><span  class=\"bbp-author-name\">Cochon Savant<\/span><\/a><\/span>\n\n\t\t\t\n\t\t<\/p>\n\t<\/li>\n<\/ul><!-- #bbp-forum-1566 -->\n\n\t\t\n\t\t\t\n<ul id=\"bbp-forum-17465\" class=\"loop-item-2 bbp-forum-status-open bbp-forum-visibility-publish odd  post-17465 forum type-forum status-publish hentry\">\n\t<li class=\"bbp-forum-info\">\n\n\t\t\n\t\t\n\t\t<a class=\"bbp-forum-title\" href=\"https:\/\/lecochonsavant.com\/en\/forums\/forum\/la-polygami-chez-les-gays\/\">La polygami chez les Gays<\/a>\n\n\t\t\n\t\t\n\t\t<div class=\"bbp-forum-content\">Le Cochon Savant ouvre le bal des d\u00e9bats avec une question aussi d\u00e9licieuse que d\u00e9rangeante : la polygamie chez les gays. Est-ce une forme d\u2019amour \u00e9largi, une utopie de libert\u00e9 o\u00f9 chacun trouve sa place\u2026 ou bien un terrain min\u00e9 par la jalousie et l\u2019instabilit\u00e9 ?<\/div>\n\n\t\t\n\t\t\n\t\t\n\t\t\n\t\t\n\t<\/li>\n\n\t<li class=\"bbp-forum-topic-count\">0<\/li>\n\n\t<li class=\"bbp-forum-reply-count\">0<\/li>\n\n\t<li class=\"bbp-forum-freshness\">\n\n\t\t\n\t\tNo Topics\n\t\t\n\t\t<p class=\"bbp-topic-meta\">\n\n\t\t\t\n\t\t\t<span class=\"bbp-topic-freshness-author\"><\/span>\n\n\t\t\t\n\t\t<\/p>\n\t<\/li>\n<\/ul><!-- #bbp-forum-17465 -->\n\n\t\t\n\t\t\t\n<ul id=\"bbp-forum-17561\" class=\"loop-item-3 bbp-forum-status-open bbp-forum-visibility-publish even  post-17561 forum type-forum status-publish hentry\">\n\t<li class=\"bbp-forum-info\">\n\n\t\t\n\t\t\n\t\t<a class=\"bbp-forum-title\" href=\"https:\/\/lecochonsavant.com\/en\/forums\/forum\/la-serie-larche\/\">La S\u00e9rie &#8221;L&#8217;arche&#8221;<\/a>\n\n\t\t\n\t\t\n\t\t<div class=\"bbp-forum-content\">Dans une grande maison h\u00e9rit\u00e9e d\u2019un pass\u00e9 fascinant, un petit groupe d\u2019hommes gays vieillissent ensembles sans jamais devenir invisibles. Entre rires, confidences et blessures anciennes, ils inventent une nouvelle fa\u00e7on de partager la vie et de traverser le temps.<\/div>\n\n\t\t\n\t\t\n\t\t\n\t\t\n\t\t\n\t<\/li>\n\n\t<li class=\"bbp-forum-topic-count\">1<\/li>\n\n\t<li class=\"bbp-forum-reply-count\">1<\/li>\n\n\t<li class=\"bbp-forum-freshness\">\n\n\t\t\n\t\tNo Topics\n\t\t\n\t\t<p class=\"bbp-topic-meta\">\n\n\t\t\t\n\t\t\t<span class=\"bbp-topic-freshness-author\"><a href=\"https:\/\/lecochonsavant.com\/en\/mon-profil\/?uid=1\" title=\"View Cochon Savant&#039;s profile\" class=\"bbp-author-link\"><span  class=\"bbp-author-avatar\"><img decoding=\"async\" width=\"14\" height=\"14\" src=\"https:\/\/lecochonsavant.com\/wp-content\/uploads\/2025\/05\/icoon-150x150.jpg\" class=\"\" alt=\"\" size=\"14\" default=\"mm\" force_default=\"\" rating=\"x\" scheme=\"\" processed_args=\"\" extra_attr=\"\" force_display=\"\" loading=\"\" fetchpriority=\"\" found_avatar=\"1\" url=\"https:\/\/secure.gravatar.com\/avatar\/e40e28960ce612dfb28f44d8dbcb4393b3999486c59d874473445f0707e911e5?s=14&amp;d=mm&amp;r=x\" \/><\/span><span  class=\"bbp-author-name\">Cochon Savant<\/span><\/a><\/span>\n\n\t\t\t\n\t\t<\/p>\n\t<\/li>\n<\/ul><!-- #bbp-forum-17561 -->\n\n\t\t\n\t\t\t\n<ul id=\"bbp-forum-17520\" class=\"loop-item-4 bbp-forum-status-open bbp-forum-visibility-publish odd  post-17520 forum type-forum status-publish hentry\">\n\t<li class=\"bbp-forum-info\">\n\n\t\t\n\t\t\n\t\t<a class=\"bbp-forum-title\" href=\"https:\/\/lecochonsavant.com\/en\/forums\/forum\/le-serie-le-domaine\/\">Le S\u00e9rie &#8221;Le Domaine&#8221;<\/a>\n\n\t\t\n\t\t\n\t\t<div class=\"bbp-forum-content\"><h3>Bienvenue au forum du Domaine\r\nLe calme de cette r\u00e9sidence paisible vient d\u2019\u00eatre bris\u00e9 par un meurtre. Chaque r\u00e9sident devient un suspect, chaque d\u00e9tail un indice.<br data-start=\"416\" data-end=\"419\" \/>Ce forum est l\u2019endroit pour partager vos th\u00e9ories, analyser les comportements des personnages, et d\u00e9battre des secrets enfouis derri\u00e8re les murs du Domaine.<\/h3>\r\n\u26a0\ufe0f Attention : discussions pleines de r\u00e9v\u00e9lations et de spoilers !<\/div>\n\n\t\t\n\t\t\n\t\t\n\t\t\n\t\t\n\t<\/li>\n\n\t<li class=\"bbp-forum-topic-count\">0<\/li>\n\n\t<li class=\"bbp-forum-reply-count\">0<\/li>\n\n\t<li class=\"bbp-forum-freshness\">\n\n\t\t\n\t\tNo Topics\n\t\t\n\t\t<p class=\"bbp-topic-meta\">\n\n\t\t\t\n\t\t\t<span class=\"bbp-topic-freshness-author\"><\/span>\n\n\t\t\t\n\t\t<\/p>\n\t<\/li>\n<\/ul><!-- #bbp-forum-17520 -->\n\n\t\t\n\t\t\t\n<ul id=\"bbp-forum-1568\" class=\"loop-item-5 bbp-forum-status-open bbp-forum-visibility-publish even  post-1568 forum type-forum status-publish hentry\">\n\t<li class=\"bbp-forum-info\">\n\n\t\t\n\t\t\n\t\t<a class=\"bbp-forum-title\" href=\"https:\/\/lecochonsavant.com\/en\/forums\/forum\/recits-fantasmes-et-divagations\/\">R\u00e9cits, fantasmes et divagations<\/a>\n\n\t\t\n\t\t\n\t\t<div class=\"bbp-forum-content\">Tu \u00e9cris, tu bandes, tu m\u00e9langes les deux ? Ici c\u2019est permis.<\/div>\n\n\t\t\n\t\t\n\t\t\n\t\t\n\t\t\n\t<\/li>\n\n\t<li class=\"bbp-forum-topic-count\">2<\/li>\n\n\t<li class=\"bbp-forum-reply-count\">2<\/li>\n\n\t<li class=\"bbp-forum-freshness\">\n\n\t\t\n\t\t<a href=\"https:\/\/lecochonsavant.com\/en\/forums\/topic\/fantasmes\/\" title=\"Fantasmes\">11 months ago<\/a>\n\t\t\n\t\t<p class=\"bbp-topic-meta\">\n\n\t\t\t\n\t\t\t<span class=\"bbp-topic-freshness-author\"><a href=\"https:\/\/lecochonsavant.com\/en\/mon-profil\/?uid=1\" title=\"View Cochon Savant&#039;s profile\" class=\"bbp-author-link\"><span  class=\"bbp-author-avatar\"><img decoding=\"async\" width=\"14\" height=\"14\" src=\"https:\/\/lecochonsavant.com\/wp-content\/uploads\/2025\/05\/icoon-150x150.jpg\" class=\"\" alt=\"\" size=\"14\" default=\"mm\" force_default=\"\" rating=\"x\" scheme=\"\" processed_args=\"\" extra_attr=\"\" force_display=\"\" loading=\"\" fetchpriority=\"\" found_avatar=\"1\" url=\"https:\/\/secure.gravatar.com\/avatar\/e40e28960ce612dfb28f44d8dbcb4393b3999486c59d874473445f0707e911e5?s=14&amp;d=mm&amp;r=x\" \/><\/span><span  class=\"bbp-author-name\">Cochon Savant<\/span><\/a><\/span>\n\n\t\t\t\n\t\t<\/p>\n\t<\/li>\n<\/ul><!-- #bbp-forum-1568 -->\n\n\t\t\n\t<\/li><!-- .bbp-body -->\n\n\t<li class=\"bbp-footer\">\n\n\t\t<div class=\"tr\">\n\t\t\t<p class=\"td colspan4\">&nbsp;<\/p>\n\t\t<\/div><!-- .tr -->\n\n\t<\/li><!-- .bbp-footer -->\n\n<\/ul><!-- .forums-directory -->\n\n\n\t\n\t\n<\/div>\n<\/div>\n\t\t\t\t\t\t<\/div>\n\t\t\t\t<\/div>\n\t\t\t\t\t<\/div>\n\t\t\t\t<\/div>\n\t\t\t\t<\/div>","protected":false},"excerpt":{"rendered":"<p>Bienvenue dans les Forums du Cochon SavantIci, les id\u00e9es se croisent, les r\u00e9cits s\u2019\u00e9changent et les voix Queer s\u2019\u00e9l\u00e8vent. Prenez place, ouvrez la conversation et contribuez \u00e0 faire vivre notre communaut\u00e9.<\/p>","protected":false},"author":1,"featured_media":33120,"parent":0,"menu_order":0,"comment_status":"closed","ping_status":"closed","template":"","meta":{"nf_dc_page":"","_bbp_topic_count":0,"_bbp_reply_count":0,"_bbp_total_topic_count":0,"_bbp_total_reply_count":0,"_bbp_voice_count":0,"_bbp_anonymous_reply_count":0,"_bbp_topic_count_hidden":0,"_bbp_reply_count_hidden":0,"_bbp_forum_subforum_count":0,"footnotes":""},"class_list":["post-6613","page","type-page","status-publish","has-post-thumbnail","hentry"],"_links":{"self":[{"href":"https:\/\/lecochonsavant.com\/en\/wp-json\/wp\/v2\/pages\/6613","targetHints":{"allow":["GET"]}}],"collection":[{"href":"https:\/\/lecochonsavant.com\/en\/wp-json\/wp\/v2\/pages"}],"about":[{"href":"https:\/\/lecochonsavant.com\/en\/wp-json\/wp\/v2\/types\/page"}],"author":[{"embeddable":true,"href":"https:\/\/lecochonsavant.com\/en\/wp-json\/wp\/v2\/users\/1"}],"replies":[{"embeddable":true,"href":"https:\/\/lecochonsavant.com\/en\/wp-json\/wp\/v2\/comments?post=6613"}],"version-history":[{"count":10,"href":"https:\/\/lecochonsavant.com\/en\/wp-json\/wp\/v2\/pages\/6613\/revisions"}],"predecessor-version":[{"id":33123,"href":"https:\/\/lecochonsavant.com\/en\/wp-json\/wp\/v2\/pages\/6613\/revisions\/33123"}],"wp:featuredmedia":[{"embeddable":true,"href":"https:\/\/lecochonsavant.com\/en\/wp-json\/wp\/v2\/media\/33120"}],"wp:attachment":[{"href":"https:\/\/lecochonsavant.com\/en\/wp-json\/wp\/v2\/media?parent=6613"}],"curies":[{"name":"wp","href":"https:\/\/api.w.org\/{rel}","templated":true}]}}