{"id":22139,"date":"2025-10-04T11:07:10","date_gmt":"2025-10-04T15:07:10","guid":{"rendered":"https:\/\/lecochonsavant.com\/produit\/t-shirt-dryblend-cochon-savant\/"},"modified":"2025-12-02T00:39:56","modified_gmt":"2025-12-02T05:39:56","slug":"t-shirt-dryblend-cochon-savant","status":"publish","type":"product","link":"https:\/\/lecochonsavant.com\/en\/product\/t-shirt-dryblend-cochon-savant\/","title":{"rendered":"T-shirt DryBlend\u00ae Cochon Savant"},"content":{"rendered":"<p data-start=\"209\" data-end=\"350\"><img decoding=\"async\" class=\"alignnone  wp-image-32784\" src=\"https:\/\/lecochonsavant.com\/wp-content\/uploads\/2025\/11\/rabais-10-300x41.jpg\" alt=\"\" width=\"329\" height=\"45\" srcset=\"https:\/\/lecochonsavant.com\/wp-content\/uploads\/2025\/11\/rabais-10-300x41.jpg 300w, https:\/\/lecochonsavant.com\/wp-content\/uploads\/2025\/11\/rabais-10-64x9.jpg 64w, https:\/\/lecochonsavant.com\/wp-content\/uploads\/2025\/11\/rabais-10.jpg 528w\" sizes=\"(max-width: 329px) 100vw, 329px\" \/><\/p>\n<p data-start=\"209\" data-end=\"350\">Voici Le T-shirt officiel du Cochon Savant :<br data-start=\"257\" data-end=\"260\" \/>Le seul v\u00eatement qui r\u00e9ussit \u00e0 te garder au sec\u2026 m\u00eame quand tu fais transpirer les autres.<\/p>\n<p data-start=\"352\" data-end=\"472\">Porter ce T-shirt, c\u2019est envoyer un message clair :<br data-start=\"403\" data-end=\"406\" \/><strong data-start=\"406\" data-end=\"472\">\u00ab Oui, je suis cochon. Oui, j\u2019assume. Approche si t\u2019es game. \u00bb<\/strong><\/p>\n<p data-start=\"474\" data-end=\"690\">Le tissu DryBlend\u00ae ?<br data-start=\"494\" data-end=\"497\" \/>\u00c7a veut dire que m\u00eame si ton c\u0153ur bat vite (ou que <em data-start=\"548\" data-end=\"559\">quelqu\u2019un<\/em> commence \u00e0 jouer avec ton imagination), toi, tu restes frais.<br data-start=\"621\" data-end=\"624\" \/>Enfin\u2026 le T-shirt reste frais. Pour le reste, on ne garantit rien.<\/p>\n<p data-start=\"692\" data-end=\"985\">\u00c0 porter :<br data-start=\"702\" data-end=\"705\" \/>\ud83d\udd25 au camping quand tu veux te faire remarquer sans lever le petit doigt<br data-start=\"777\" data-end=\"780\" \/>\ud83d\udd25 \u00e0 la boutique quand t\u2019esp\u00e8res un clin d\u2019\u0153il en retour<br data-start=\"836\" data-end=\"839\" \/>\ud83d\udd25 ou chez toi\u2026 en l\u2019enlevant tr\u00e8s lentement.<br data-start=\"884\" data-end=\"887\" \/>Parce que soyons honn\u00eates : <strong data-start=\"915\" data-end=\"985\">ce T-shirt est aussi hot quand tu le mets que quand tu le retires.<\/strong><\/p>\n<p data-start=\"987\" data-end=\"1106\">Disponible en couleurs qui s\u2019accordent parfaitement avec ta personnalit\u00e9 :<br data-start=\"1061\" data-end=\"1064\" \/>du <em data-start=\"1067\" data-end=\"1080\">sage coquin<\/em> au <em data-start=\"1084\" data-end=\"1105\">j\u2019te mange des yeux<\/em>.<\/p>\n<p>Que vous recherchiez un t-shirt d&#8217;entra\u00eenement ou un t-shirt capsule, voici votre nouveau favori. La coupe classique moderne combin\u00e9e \u00e0 un tissu anti-humidit\u00e9 vous garantira une apparence optimale pendant toute activit\u00e9. Pas de taches de transpiration ou de tissu mal ajust\u00e9\u00a0! D\u00e9couvrez le t-shirt\u00a0:<\/p>\n<p>\u2022 50\u00a0% coton, 50\u00a0% polyester<br \/>\n\u2022 Poids du tissu\u00a0: 186\u00a0g\/m\u00b2 (5,5\u00a0oz\/yd\u00b2)<br \/>\n\u2022 Tissu DryBlend\u00ae anti-humidit\u00e9<br \/>\n\u2022 Coupe classique moderne<br \/>\n\u2022 Col c\u00f4tel\u00e9 de largeur classique<br \/>\n\u2022 Ruban au col et aux \u00e9paules pour plus de confort et de durabilit\u00e9<br \/>\n\u2022 \u00c9tiquette d\u00e9tachable pour \u00e9viter les frottements<br \/>\n\u2022 Produit vierge provenant du Honduras<\/p>\n<p>Avertissement\u00a0: en raison des propri\u00e9t\u00e9s du tissu, la variante de couleur blanche peut sembler blanc cass\u00e9 plut\u00f4t que blanc vif.<\/p>\n<p>Age restrictions: Pour les adultes<br \/>\nEU Warranty: 2\u00a0ans<\/p>\n<p>En conformit\u00e9 avec le R\u00e8glement pour la S\u00e9curit\u00e9 G\u00e9n\u00e9rale des Produits (RSGP), <b>sckript creations virtuelles inc.<\/b> et <b>SINDEN VENTURES LIMITED<\/b>garantissent que tous les produits de consommation propos\u00e9s sont s\u00fbrs et conformes aux normes de l&#8217;UE. Pour toutes questions ou pr\u00e9occupations concernant les mesures de s\u00e9curit\u00e9 des produits, veuillez contacter notre repr\u00e9sentant europ\u00e9en \u00e0 <b><span \n                data-original-string='WMXkZd3Ix+MNH3KIcBma9A==539mad1IFMV7U3YOwt5du94bCJXiWEKTW7QYv7wXmH+oVE='\n                class='apbct-email-encoder'\n                title='This contact has been encoded by Anti-Spam by CleanTalk. Click to decode. To finish the decoding make sure that JavaScript is enabled in your browser.'>gp<span class=\"apbct-blur\">**<\/span>@<span class=\"apbct-blur\">************<\/span>es.com<\/span><\/b>. Vous pouvez \u00e9galement nous \u00e9crire \u00e0 <b>110 2905 mont\u00e9e Hamilton Sainte-Julienne QC J0K 2T0, Qc, Canada<\/b> ou <b>Markou Evgenikou 11, Mesa Geitonia, 4002, Limassol, Cyprus.<b><\/b><\/b><\/p>","protected":false},"excerpt":{"rendered":"<p>Voici Le T-shirt officiel du Cochon Savant :Le seul v\u00eatement qui r\u00e9ussit \u00e0 te garder au sec\u2026 m\u00eame quand tu fais transpirer les autres. Porter ce T-shirt, c\u2019est envoyer un message clair :\u00ab Oui, je suis cochon. Oui, j\u2019assume. Approche si t\u2019es game. \u00bb Le tissu DryBlend\u00ae ?\u00c7a veut dire que m\u00eame si ton c\u0153ur [&hellip;]<\/p>\n","protected":false},"featured_media":22180,"comment_status":"open","ping_status":"closed","template":"","meta":{"nf_dc_page":"","_bbp_topic_count":0,"_bbp_reply_count":0,"_bbp_total_topic_count":0,"_bbp_total_reply_count":0,"_bbp_voice_count":0,"_bbp_anonymous_reply_count":0,"_bbp_topic_count_hidden":0,"_bbp_reply_count_hidden":0,"_bbp_forum_subforum_count":0,"jetpack_publicize_message":"","jetpack_publicize_feature_enabled":true,"jetpack_social_post_already_shared":true,"jetpack_social_options":{"image_generator_settings":{"template":"highway","default_image_id":0,"font":"","enabled":false},"version":2}},"product_brand":[109],"product_cat":[116],"product_tag":[598,479],"class_list":{"0":"post-22139","1":"product","2":"type-product","3":"status-publish","4":"has-post-thumbnail","6":"product_brand-cochon-savant","7":"product_cat-t-shirt","8":"product_tag-logo","9":"product_tag-t-shirts","11":"first","12":"instock","13":"taxable","14":"shipping-taxable","15":"purchasable","16":"product-type-variable"},"jetpack_publicize_connections":[],"_links":{"self":[{"href":"https:\/\/lecochonsavant.com\/en\/wp-json\/wp\/v2\/product\/22139","targetHints":{"allow":["GET"]}}],"collection":[{"href":"https:\/\/lecochonsavant.com\/en\/wp-json\/wp\/v2\/product"}],"about":[{"href":"https:\/\/lecochonsavant.com\/en\/wp-json\/wp\/v2\/types\/product"}],"replies":[{"embeddable":true,"href":"https:\/\/lecochonsavant.com\/en\/wp-json\/wp\/v2\/comments?post=22139"}],"wp:featuredmedia":[{"embeddable":true,"href":"https:\/\/lecochonsavant.com\/en\/wp-json\/wp\/v2\/media\/22180"}],"wp:attachment":[{"href":"https:\/\/lecochonsavant.com\/en\/wp-json\/wp\/v2\/media?parent=22139"}],"wp:term":[{"taxonomy":"product_brand","embeddable":true,"href":"https:\/\/lecochonsavant.com\/en\/wp-json\/wp\/v2\/product_brand?post=22139"},{"taxonomy":"product_cat","embeddable":true,"href":"https:\/\/lecochonsavant.com\/en\/wp-json\/wp\/v2\/product_cat?post=22139"},{"taxonomy":"product_tag","embeddable":true,"href":"https:\/\/lecochonsavant.com\/en\/wp-json\/wp\/v2\/product_tag?post=22139"}],"curies":[{"name":"wp","href":"https:\/\/api.w.org\/{rel}","templated":true}]}}