{"id":22506,"date":"2025-10-04T11:28:44","date_gmt":"2025-10-04T15:28:44","guid":{"rendered":"https:\/\/lecochonsavant.com\/produit\/t-shirt-dryblend-homme-zen\/"},"modified":"2025-12-02T00:38:27","modified_gmt":"2025-12-02T05:38:27","slug":"t-shirt-dryblend-homme-zen","status":"publish","type":"product","link":"https:\/\/lecochonsavant.com\/en\/product\/t-shirt-dryblend-homme-zen\/","title":{"rendered":"T-shirt DryBlend\u00ae Homme Zen"},"content":{"rendered":"<p><img decoding=\"async\" class=\"alignnone  wp-image-32784\" src=\"https:\/\/lecochonsavant.com\/wp-content\/uploads\/2025\/11\/rabais-10-300x41.jpg\" alt=\"\" width=\"329\" height=\"45\" srcset=\"https:\/\/lecochonsavant.com\/wp-content\/uploads\/2025\/11\/rabais-10-300x41.jpg 300w, https:\/\/lecochonsavant.com\/wp-content\/uploads\/2025\/11\/rabais-10-64x9.jpg 64w, https:\/\/lecochonsavant.com\/wp-content\/uploads\/2025\/11\/rabais-10.jpg 528w\" sizes=\"(max-width: 329px) 100vw, 329px\" \/><\/p>\n<p>Que vous recherchiez un t-shirt d&#8217;entra\u00eenement ou un t-shirt capsule, voici votre nouveau favori. La coupe classique moderne combin\u00e9e \u00e0 un tissu anti-humidit\u00e9 vous garantira une apparence optimale pendant toute activit\u00e9. Pas de taches de transpiration ou de tissu mal ajust\u00e9\u00a0! D\u00e9couvrez le t-shirt\u00a0:<\/p>\n<p>\u2022 50\u00a0% coton, 50\u00a0% polyester<br \/>\n\u2022 Poids du tissu\u00a0: 186\u00a0g\/m\u00b2 (5,5\u00a0oz\/yd\u00b2)<br \/>\n\u2022 Tissu DryBlend\u00ae anti-humidit\u00e9<br \/>\n\u2022 Coupe classique moderne<br \/>\n\u2022 Col c\u00f4tel\u00e9 de largeur classique<br \/>\n\u2022 Ruban au col et aux \u00e9paules pour plus de confort et de durabilit\u00e9<br \/>\n\u2022 \u00c9tiquette d\u00e9tachable pour \u00e9viter les frottements<br \/>\n\u2022 Produit vierge provenant du Honduras<\/p>\n<p>Avertissement\u00a0: en raison des propri\u00e9t\u00e9s du tissu, la variante de couleur blanche peut sembler blanc cass\u00e9 plut\u00f4t que blanc vif.<\/p>\n<p>Age restrictions: Pour les adultes<br \/>\nEU Warranty: 2\u00a0ans<\/p>\n<p>En conformit\u00e9 avec le R\u00e8glement pour la S\u00e9curit\u00e9 G\u00e9n\u00e9rale des Produits (RSGP), <b>sckript creations virtuelles inc.<\/b> et <b>SINDEN VENTURES LIMITED<\/b>garantissent que tous les produits de consommation propos\u00e9s sont s\u00fbrs et conformes aux normes de l&#8217;UE. Pour toutes questions ou pr\u00e9occupations concernant les mesures de s\u00e9curit\u00e9 des produits, veuillez contacter notre repr\u00e9sentant europ\u00e9en \u00e0 <b><span \n                data-original-string='ET2XK7Umb0r5AeWKIoA7xQ==5394F6nHQ50V3pT+0JYpUqJjRplXe5\/cVkujZfJ6RHyrBU='\n                class='apbct-email-encoder'\n                title='This contact has been encoded by Anti-Spam by CleanTalk. Click to decode. To finish the decoding make sure that JavaScript is enabled in your browser.'>gp<span class=\"apbct-blur\">**<\/span>@<span class=\"apbct-blur\">************<\/span>es.com<\/span><\/b>. Vous pouvez \u00e9galement nous \u00e9crire \u00e0 <b>110 2905 mont\u00e9e Hamilton Sainte-Julienne QC J0K 2T0, Qc, Canada<\/b> ou <b>Markou Evgenikou 11, Mesa Geitonia, 4002, Limassol, Cyprus.<b><\/b><\/b><\/p>","protected":false},"excerpt":{"rendered":"<p>Que vous recherchiez un t-shirt d&#8217;entra\u00eenement ou un t-shirt capsule, voici votre nouveau favori. La coupe classique moderne combin\u00e9e \u00e0 un tissu anti-humidit\u00e9 vous garantira une apparence optimale pendant toute activit\u00e9. Pas de taches de transpiration ou de tissu mal ajust\u00e9\u00a0! D\u00e9couvrez le t-shirt\u00a0: \u2022 50\u00a0% coton, 50\u00a0% polyester \u2022 Poids du tissu\u00a0: 186\u00a0g\/m\u00b2 (5,5\u00a0oz\/yd\u00b2) [&hellip;]<\/p>\n","protected":false},"featured_media":22541,"comment_status":"open","ping_status":"closed","template":"","meta":{"nf_dc_page":"","_bbp_topic_count":0,"_bbp_reply_count":0,"_bbp_total_topic_count":0,"_bbp_total_reply_count":0,"_bbp_voice_count":0,"_bbp_anonymous_reply_count":0,"_bbp_topic_count_hidden":0,"_bbp_reply_count_hidden":0,"_bbp_forum_subforum_count":0,"jetpack_publicize_message":"","jetpack_publicize_feature_enabled":true,"jetpack_social_post_already_shared":true,"jetpack_social_options":{"image_generator_settings":{"template":"highway","default_image_id":0,"font":"","enabled":false},"version":2}},"product_brand":[109],"product_cat":[116],"product_tag":[117],"class_list":{"0":"post-22506","1":"product","2":"type-product","3":"status-publish","4":"has-post-thumbnail","6":"product_brand-cochon-savant","7":"product_cat-t-shirt","8":"product_tag-t-shirt","10":"first","11":"instock","12":"taxable","13":"shipping-taxable","14":"purchasable","15":"product-type-variable"},"jetpack_publicize_connections":[],"_links":{"self":[{"href":"https:\/\/lecochonsavant.com\/en\/wp-json\/wp\/v2\/product\/22506","targetHints":{"allow":["GET"]}}],"collection":[{"href":"https:\/\/lecochonsavant.com\/en\/wp-json\/wp\/v2\/product"}],"about":[{"href":"https:\/\/lecochonsavant.com\/en\/wp-json\/wp\/v2\/types\/product"}],"replies":[{"embeddable":true,"href":"https:\/\/lecochonsavant.com\/en\/wp-json\/wp\/v2\/comments?post=22506"}],"wp:featuredmedia":[{"embeddable":true,"href":"https:\/\/lecochonsavant.com\/en\/wp-json\/wp\/v2\/media\/22541"}],"wp:attachment":[{"href":"https:\/\/lecochonsavant.com\/en\/wp-json\/wp\/v2\/media?parent=22506"}],"wp:term":[{"taxonomy":"product_brand","embeddable":true,"href":"https:\/\/lecochonsavant.com\/en\/wp-json\/wp\/v2\/product_brand?post=22506"},{"taxonomy":"product_cat","embeddable":true,"href":"https:\/\/lecochonsavant.com\/en\/wp-json\/wp\/v2\/product_cat?post=22506"},{"taxonomy":"product_tag","embeddable":true,"href":"https:\/\/lecochonsavant.com\/en\/wp-json\/wp\/v2\/product_tag?post=22506"}],"curies":[{"name":"wp","href":"https:\/\/api.w.org\/{rel}","templated":true}]}}