{"id":22644,"date":"2025-10-04T11:56:29","date_gmt":"2025-10-04T15:56:29","guid":{"rendered":"https:\/\/lecochonsavant.com\/produit\/t-shirt-ringer-diversity\/"},"modified":"2025-12-02T00:37:12","modified_gmt":"2025-12-02T05:37:12","slug":"t-shirt-ringer-diversity","status":"publish","type":"product","link":"https:\/\/lecochonsavant.com\/en\/product\/t-shirt-ringer-diversity\/","title":{"rendered":"T-shirt ringer diversity"},"content":{"rendered":"<p data-start=\"181\" data-end=\"301\"><img decoding=\"async\" class=\"alignnone  wp-image-32784\" src=\"https:\/\/lecochonsavant.com\/wp-content\/uploads\/2025\/11\/rabais-10-300x41.jpg\" alt=\"\" width=\"329\" height=\"45\" srcset=\"https:\/\/lecochonsavant.com\/wp-content\/uploads\/2025\/11\/rabais-10-300x41.jpg 300w, https:\/\/lecochonsavant.com\/wp-content\/uploads\/2025\/11\/rabais-10-64x9.jpg 64w, https:\/\/lecochonsavant.com\/wp-content\/uploads\/2025\/11\/rabais-10.jpg 528w\" sizes=\"(max-width: 329px) 100vw, 329px\" \/><\/p>\n<p data-start=\"181\" data-end=\"301\">Ce T-shirt, c\u2019est simple :<br data-start=\"207\" data-end=\"210\" \/><strong data-start=\"210\" data-end=\"301\">tous les go\u00fbts, toutes les tailles, toutes les textures\u2026 et toi au milieu pour choisir.<\/strong><\/p>\n<p data-start=\"303\" data-end=\"452\">La rang\u00e9e d\u2019hommes imprim\u00e9e dessus ?<br data-start=\"339\" data-end=\"342\" \/>C\u2019est un <em data-start=\"351\" data-end=\"366\">buffet visuel<\/em>.<br data-start=\"367\" data-end=\"370\" \/>Un \u00e9chantillonnage complet.<br data-start=\"397\" data-end=\"400\" \/>Une d\u00e9gustation gratuite avant de croquer pour vrai.<\/p>\n<p data-start=\"454\" data-end=\"688\">On y retrouve :<br data-start=\"469\" data-end=\"472\" \/>\ud83c\udf51 le twink nerveux<br data-start=\"491\" data-end=\"494\" \/>\ud83c\udf51 le bear cosy<br data-start=\"509\" data-end=\"512\" \/>\ud83c\udf51 le daddy dangereux<br data-start=\"533\" data-end=\"536\" \/>\ud83c\udf51 le BDSM-friendly qui a oubli\u00e9 d\u2019\u00eatre timide<br data-start=\"582\" data-end=\"585\" \/>\ud83c\udf51 le muscle boy qui gonfle m\u00eame la nuit<br data-start=\"625\" data-end=\"628\" \/>\ud83c\udf51 et celui qui a l\u2019air sage\u2026 mais qui l\u2019est jamais vraiment<\/p>\n<p data-start=\"690\" data-end=\"753\">Bref : <strong data-start=\"697\" data-end=\"730\">toute une parade de fantasmes<\/strong>, parfaitement assum\u00e9e.<\/p>\n<p data-start=\"755\" data-end=\"894\">Le Ringer, avec ses bords contrast\u00e9s, te donne un look r\u00e9tro cute\u2026<br data-start=\"821\" data-end=\"824\" \/>\u2026et un message moderne :<br data-start=\"848\" data-end=\"851\" \/><strong data-start=\"851\" data-end=\"894\">\u201cJ\u2019aime tout. Et j\u2019assume encore plus.\u201d<\/strong><\/p>\n<p data-start=\"896\" data-end=\"1155\">\u00c0 porter quand :<br data-start=\"912\" data-end=\"915\" \/>\ud83d\udd25 tu veux laisser savoir que tu recrutes \u00e0 large spectre<br data-start=\"972\" data-end=\"975\" \/>\ud83d\udd25 tu veux que les regards descendent\u2026 puis remontent lentement<br data-start=\"1038\" data-end=\"1041\" \/>\ud83d\udd25 tu veux que quelqu\u2019un dise : \u00ab Lequel est ton pr\u00e9f\u00e9r\u00e9 ? \u00bb<br data-start=\"1101\" data-end=\"1104\" \/>Et toi, de r\u00e9pondre : <strong data-start=\"1126\" data-end=\"1155\">\u201c\u00c7a d\u00e9pend de la soir\u00e9e.\u201d<\/strong><\/p>\n<p data-start=\"1157\" data-end=\"1235\">Ce T-shirt n\u2019est pas juste Diversity.<br data-start=\"1194\" data-end=\"1197\" \/>C\u2019est <strong data-start=\"1203\" data-end=\"1217\">Diver-Cit\u00e9<\/strong>, version coquine.<\/p>\n<p>Ce t-shirt en coton l\u00e9ger dispose d&#8217;une coupe d\u00e9contract\u00e9e et de bordures contrast\u00e9es qui lui donnent un look r\u00e9tro. Portez-le avec un jean, un short ou un pantalon de sport pour un look d\u00e9contract\u00e9 au quotidien.<\/p>\n<p>\u2022 100\u00a0% coton peign\u00e9 fil\u00e9 \u00e0 l&#8217;anneau<br \/>\n\u2022 Le coloris Heather Gray est compos\u00e9 de 90\u00a0% coton et de 10\u00a0% polyester<br \/>\n\u2022 Poids du tissu\u00a0: 145\u00a0g\/m\u00b2 (4,3\u00a0oz\/yd\u00b2)<br \/>\n\u2022 Diam\u00e8tre du fil\u00a0: 32\u00a0brins<br \/>\n\u2022 Couture sur le c\u00f4t\u00e9<br \/>\n\u2022 Coupe droite<br \/>\n\u2022 Col ras-du-cou<br \/>\n\u2022 Bordure en c\u00f4tes 1 \u00d7 1 sur le col et les manches<br \/>\n\u2022 Produit vierge provenant du Nicaragua<\/p>\n<p>Age restrictions: Pour les adultes<br \/>\nEU Warranty: 2\u00a0ans<\/p>\n<p>En conformit\u00e9 avec le R\u00e8glement pour la S\u00e9curit\u00e9 G\u00e9n\u00e9rale des Produits (RSGP), <b>sckript creations virtuelles inc.<\/b> et <b>SINDEN VENTURES LIMITED<\/b>garantissent que tous les produits de consommation propos\u00e9s sont s\u00fbrs et conformes aux normes de l&#8217;UE. Pour toutes questions ou pr\u00e9occupations concernant les mesures de s\u00e9curit\u00e9 des produits, veuillez contacter notre repr\u00e9sentant europ\u00e9en \u00e0 <b><span \n                data-original-string='VIu4KUQZWCSyAprrnXfCiw==539UFDLu6piu\/JGc6Hw2PiJjo0NpYY1LWtW25FX7Wppn7s='\n                class='apbct-email-encoder'\n                title='This contact has been encoded by Anti-Spam by CleanTalk. Click to decode. To finish the decoding make sure that JavaScript is enabled in your browser.'>gp<span class=\"apbct-blur\">**<\/span>@<span class=\"apbct-blur\">************<\/span>es.com<\/span><\/b>. Vous pouvez \u00e9galement nous \u00e9crire \u00e0 <b>110-2905 Mont\u00e9e Hamilton, Sainte Julienne, QC, J0K 2T0, Canada<\/b> ou <b>Markou Evgenikou 11, Mesa Geitonia, 4002, Limassol, Cyprus.<b><\/b><\/b><\/p>","protected":false},"excerpt":{"rendered":"<p>Ce T-shirt, c\u2019est simple :tous les go\u00fbts, toutes les tailles, toutes les textures\u2026 et toi au milieu pour choisir. La rang\u00e9e d\u2019hommes imprim\u00e9e dessus ?C\u2019est un buffet visuel.Un \u00e9chantillonnage complet.Une d\u00e9gustation gratuite avant de croquer pour vrai. On y retrouve :\ud83c\udf51 le twink nerveux\ud83c\udf51 le bear cosy\ud83c\udf51 le daddy dangereux\ud83c\udf51 le BDSM-friendly qui a oubli\u00e9 [&hellip;]<\/p>\n","protected":false},"featured_media":22677,"comment_status":"open","ping_status":"closed","template":"","meta":{"nf_dc_page":"","_bbp_topic_count":0,"_bbp_reply_count":0,"_bbp_total_topic_count":0,"_bbp_total_reply_count":0,"_bbp_voice_count":0,"_bbp_anonymous_reply_count":0,"_bbp_topic_count_hidden":0,"_bbp_reply_count_hidden":0,"_bbp_forum_subforum_count":0,"jetpack_publicize_message":"","jetpack_publicize_feature_enabled":true,"jetpack_social_post_already_shared":true,"jetpack_social_options":{"image_generator_settings":{"template":"highway","default_image_id":0,"font":"","enabled":false},"version":2}},"product_brand":[109],"product_cat":[116],"product_tag":[481],"class_list":{"0":"post-22644","1":"product","2":"type-product","3":"status-publish","4":"has-post-thumbnail","6":"product_brand-cochon-savant","7":"product_cat-t-shirt","8":"product_tag-t-shirt-diversite","10":"first","11":"instock","12":"taxable","13":"shipping-taxable","14":"purchasable","15":"product-type-variable"},"jetpack_publicize_connections":[],"_links":{"self":[{"href":"https:\/\/lecochonsavant.com\/en\/wp-json\/wp\/v2\/product\/22644","targetHints":{"allow":["GET"]}}],"collection":[{"href":"https:\/\/lecochonsavant.com\/en\/wp-json\/wp\/v2\/product"}],"about":[{"href":"https:\/\/lecochonsavant.com\/en\/wp-json\/wp\/v2\/types\/product"}],"replies":[{"embeddable":true,"href":"https:\/\/lecochonsavant.com\/en\/wp-json\/wp\/v2\/comments?post=22644"}],"wp:featuredmedia":[{"embeddable":true,"href":"https:\/\/lecochonsavant.com\/en\/wp-json\/wp\/v2\/media\/22677"}],"wp:attachment":[{"href":"https:\/\/lecochonsavant.com\/en\/wp-json\/wp\/v2\/media?parent=22644"}],"wp:term":[{"taxonomy":"product_brand","embeddable":true,"href":"https:\/\/lecochonsavant.com\/en\/wp-json\/wp\/v2\/product_brand?post=22644"},{"taxonomy":"product_cat","embeddable":true,"href":"https:\/\/lecochonsavant.com\/en\/wp-json\/wp\/v2\/product_cat?post=22644"},{"taxonomy":"product_tag","embeddable":true,"href":"https:\/\/lecochonsavant.com\/en\/wp-json\/wp\/v2\/product_tag?post=22644"}],"curies":[{"name":"wp","href":"https:\/\/api.w.org\/{rel}","templated":true}]}}