{"id":22697,"date":"2025-10-04T11:59:07","date_gmt":"2025-10-04T15:59:07","guid":{"rendered":"https:\/\/lecochonsavant.com\/produit\/t-shirt-ringer-diversite-2\/"},"modified":"2025-12-02T00:36:25","modified_gmt":"2025-12-02T05:36:25","slug":"t-shirt-ringer-diversite-2","status":"publish","type":"product","link":"https:\/\/lecochonsavant.com\/en\/product\/t-shirt-ringer-diversite-2\/","title":{"rendered":"T-shirt ringer diversit\u00e9 2"},"content":{"rendered":"<p data-start=\"165\" data-end=\"275\"><img decoding=\"async\" class=\"alignnone  wp-image-32784\" src=\"https:\/\/lecochonsavant.com\/wp-content\/uploads\/2025\/11\/rabais-10-300x41.jpg\" alt=\"\" width=\"329\" height=\"45\" srcset=\"https:\/\/lecochonsavant.com\/wp-content\/uploads\/2025\/11\/rabais-10-300x41.jpg 300w, https:\/\/lecochonsavant.com\/wp-content\/uploads\/2025\/11\/rabais-10-64x9.jpg 64w, https:\/\/lecochonsavant.com\/wp-content\/uploads\/2025\/11\/rabais-10.jpg 528w\" sizes=\"(max-width: 329px) 100vw, 329px\" \/><\/p>\n<p data-start=\"165\" data-end=\"275\">Tu croyais avoir tout vu avec le premier ?<br data-start=\"207\" data-end=\"210\" \/>Attends de voir <em data-start=\"226\" data-end=\"230\">ce<\/em> cocktail de messieurs imprim\u00e9 sur ton chest.<\/p>\n<p data-start=\"277\" data-end=\"557\">Ici, on a :<br data-start=\"288\" data-end=\"291\" \/>\ud83c\udf46 des positions \u00e9quivoques<br data-start=\"318\" data-end=\"321\" \/>\ud83c\udf46 des regards qui veulent dire \u201cOn finit \u00e7a o\u00f9 ?\u201d<br data-start=\"371\" data-end=\"374\" \/>\ud83c\udf46 des corps enchev\u00eatr\u00e9s comme si l\u2019illustrateur avait dessin\u00e9 une orgie\u2026 mais en mode art contemporain<br data-start=\"477\" data-end=\"480\" \/>\ud83c\udf46 et toi, au milieu, qui portes tout \u00e7a comme si c\u2019\u00e9tait parfaitement normal<\/p>\n<p data-start=\"559\" data-end=\"696\">Ce T-shirt n\u2019est pas juste Diversity.<br data-start=\"596\" data-end=\"599\" \/>C\u2019est <strong data-start=\"605\" data-end=\"620\">Diver-Ci-\u00c7a<\/strong>, version <em data-start=\"630\" data-end=\"695\">\u00ab on se colle, on se frotte et on verra qui glisse en premier \u00bb<\/em>.<\/p>\n<p data-start=\"698\" data-end=\"841\">Le style Ringer donne un petit c\u00f4t\u00e9 vintage sage\u2026<br data-start=\"747\" data-end=\"750\" \/>Mais le dessin ?<br data-start=\"766\" data-end=\"769\" \/>Lui, il dit clairement :<br data-start=\"793\" data-end=\"796\" \/><strong data-start=\"796\" data-end=\"841\">\u201cJe ne suis pas si innocent, viens voir.\u201d<\/strong><\/p>\n<p data-start=\"843\" data-end=\"1194\">\u00c0 porter quand :<br data-start=\"859\" data-end=\"862\" \/>\ud83d\udd25 tu veux que les gens s\u2019approchent pour \u201cmieux voir le dessin\u201d\u2026 et qu\u2019ils restent pour admirer ce qu\u2019il y a en dessous<br data-start=\"982\" data-end=\"985\" \/>\ud83d\udd25 tu veux tester discr\u00e8tement le radar gay de la pi\u00e8ce<br data-start=\"1040\" data-end=\"1043\" \/>\ud83d\udd25 tu veux d\u00e9clencher un fantasme chez quelqu\u2019un\u2026 ou plusieurs<br data-start=\"1105\" data-end=\"1108\" \/>\ud83d\udd25 tu veux dire sans parler : \u201cJ\u2019aime \u00e7a divers, j\u2019aime \u00e7a intense, j\u2019aime \u00e7a proche.\u201d<\/p>\n<p data-start=\"1196\" data-end=\"1314\">Diversit\u00e9 2 ?<br data-start=\"1209\" data-end=\"1212\" \/>C\u2019est plus chaud.<br data-start=\"1229\" data-end=\"1232\" \/>Plus serr\u00e9.<br data-start=\"1243\" data-end=\"1246\" \/>Plus suggestif.<br data-start=\"1261\" data-end=\"1264\" \/><strong data-start=\"1264\" data-end=\"1314\">Comme une deuxi\u00e8me ronde\u2026 mais sans v\u00eatements.<\/strong><\/p>\n<p>Ce t-shirt en coton l\u00e9ger dispose d&#8217;une coupe d\u00e9contract\u00e9e et de bordures contrast\u00e9es qui lui donnent un look r\u00e9tro. Portez-le avec un jean, un short ou un pantalon de sport pour un look d\u00e9contract\u00e9 au quotidien.<\/p>\n<p>\u2022 100\u00a0% coton peign\u00e9 fil\u00e9 \u00e0 l&#8217;anneau<br \/>\n\u2022 Le coloris Heather Gray est compos\u00e9 de 90\u00a0% coton et de 10\u00a0% polyester<br \/>\n\u2022 Poids du tissu\u00a0: 145\u00a0g\/m\u00b2 (4,3\u00a0oz\/yd\u00b2)<br \/>\n\u2022 Diam\u00e8tre du fil\u00a0: 32\u00a0brins<br \/>\n\u2022 Couture sur le c\u00f4t\u00e9<br \/>\n\u2022 Coupe droite<br \/>\n\u2022 Col ras-du-cou<br \/>\n\u2022 Bordure en c\u00f4tes 1 \u00d7 1 sur le col et les manches<br \/>\n\u2022 Produit vierge provenant du Nicaragua<\/p>\n<p>Age restrictions: Pour les adultes<br \/>\nEU Warranty: 2\u00a0ans<\/p>\n<p>En conformit\u00e9 avec le R\u00e8glement pour la S\u00e9curit\u00e9 G\u00e9n\u00e9rale des Produits (RSGP), <b>sckript creations virtuelles inc.<\/b> et <b>SINDEN VENTURES LIMITED<\/b>garantissent que tous les produits de consommation propos\u00e9s sont s\u00fbrs et conformes aux normes de l&#8217;UE. Pour toutes questions ou pr\u00e9occupations concernant les mesures de s\u00e9curit\u00e9 des produits, veuillez contacter notre repr\u00e9sentant europ\u00e9en \u00e0 <b><span \n                data-original-string='j76ylgxfpBgj0IyjDKxpyA==539Dii9+76Y8FHdoXW9CdRkxl\/SthpTaMT\/fFmN\/IaJEDI='\n                class='apbct-email-encoder'\n                title='This contact has been encoded by Anti-Spam by CleanTalk. Click to decode. To finish the decoding make sure that JavaScript is enabled in your browser.'>gp<span class=\"apbct-blur\">**<\/span>@<span class=\"apbct-blur\">************<\/span>es.com<\/span><\/b>. Vous pouvez \u00e9galement nous \u00e9crire \u00e0 <b>110-2905 Mont\u00e9e Hamilton, Sainte Julienne, QC, J0K 2T0, Canada<\/b> ou <b>Markou Evgenikou 11, Mesa Geitonia, 4002, Limassol, Cyprus.<b><\/b><\/b><\/p>","protected":false},"excerpt":{"rendered":"<p>Tu croyais avoir tout vu avec le premier ?Attends de voir ce cocktail de messieurs imprim\u00e9 sur ton chest. Ici, on a :\ud83c\udf46 des positions \u00e9quivoques\ud83c\udf46 des regards qui veulent dire \u201cOn finit \u00e7a o\u00f9 ?\u201d\ud83c\udf46 des corps enchev\u00eatr\u00e9s comme si l\u2019illustrateur avait dessin\u00e9 une orgie\u2026 mais en mode art contemporain\ud83c\udf46 et toi, au milieu, [&hellip;]<\/p>\n","protected":false},"featured_media":24883,"comment_status":"open","ping_status":"closed","template":"","meta":{"nf_dc_page":"","_bbp_topic_count":0,"_bbp_reply_count":0,"_bbp_total_topic_count":0,"_bbp_total_reply_count":0,"_bbp_voice_count":0,"_bbp_anonymous_reply_count":0,"_bbp_topic_count_hidden":0,"_bbp_reply_count_hidden":0,"_bbp_forum_subforum_count":0,"jetpack_publicize_message":"","jetpack_publicize_feature_enabled":true,"jetpack_social_post_already_shared":true,"jetpack_social_options":{"image_generator_settings":{"template":"highway","default_image_id":0,"font":"","enabled":false},"version":2}},"product_brand":[109],"product_cat":[116],"product_tag":[481],"class_list":{"0":"post-22697","1":"product","2":"type-product","3":"status-publish","4":"has-post-thumbnail","6":"product_brand-cochon-savant","7":"product_cat-t-shirt","8":"product_tag-t-shirt-diversite","10":"first","11":"instock","12":"taxable","13":"shipping-taxable","14":"purchasable","15":"product-type-variable"},"jetpack_publicize_connections":[],"_links":{"self":[{"href":"https:\/\/lecochonsavant.com\/en\/wp-json\/wp\/v2\/product\/22697","targetHints":{"allow":["GET"]}}],"collection":[{"href":"https:\/\/lecochonsavant.com\/en\/wp-json\/wp\/v2\/product"}],"about":[{"href":"https:\/\/lecochonsavant.com\/en\/wp-json\/wp\/v2\/types\/product"}],"replies":[{"embeddable":true,"href":"https:\/\/lecochonsavant.com\/en\/wp-json\/wp\/v2\/comments?post=22697"}],"wp:featuredmedia":[{"embeddable":true,"href":"https:\/\/lecochonsavant.com\/en\/wp-json\/wp\/v2\/media\/24883"}],"wp:attachment":[{"href":"https:\/\/lecochonsavant.com\/en\/wp-json\/wp\/v2\/media?parent=22697"}],"wp:term":[{"taxonomy":"product_brand","embeddable":true,"href":"https:\/\/lecochonsavant.com\/en\/wp-json\/wp\/v2\/product_brand?post=22697"},{"taxonomy":"product_cat","embeddable":true,"href":"https:\/\/lecochonsavant.com\/en\/wp-json\/wp\/v2\/product_cat?post=22697"},{"taxonomy":"product_tag","embeddable":true,"href":"https:\/\/lecochonsavant.com\/en\/wp-json\/wp\/v2\/product_tag?post=22697"}],"curies":[{"name":"wp","href":"https:\/\/api.w.org\/{rel}","templated":true}]}}