{"id":24460,"date":"2025-10-06T16:20:21","date_gmt":"2025-10-06T20:20:21","guid":{"rendered":"https:\/\/lecochonsavant.com\/?post_type=product&#038;p=24460"},"modified":"2025-12-02T00:35:19","modified_gmt":"2025-12-02T05:35:19","slug":"t-shirt-censure-model-1","status":"publish","type":"product","link":"https:\/\/lecochonsavant.com\/en\/product\/t-shirt-censure-model-1\/","title":{"rendered":"t-Shirt Censur\u00e9 Model 1"},"content":{"rendered":"<p data-start=\"208\" data-end=\"466\"><img decoding=\"async\" class=\"alignnone  wp-image-32586\" src=\"https:\/\/lecochonsavant.com\/wp-content\/uploads\/2025\/11\/rabais-20-300x41.jpg\" alt=\"\" width=\"351\" height=\"48\" srcset=\"https:\/\/lecochonsavant.com\/wp-content\/uploads\/2025\/11\/rabais-20-300x41.jpg 300w, https:\/\/lecochonsavant.com\/wp-content\/uploads\/2025\/11\/rabais-20-64x9.jpg 64w, https:\/\/lecochonsavant.com\/wp-content\/uploads\/2025\/11\/rabais-20.jpg 528w\" sizes=\"(max-width: 351px) 100vw, 351px\" \/><\/p>\n<p data-start=\"208\" data-end=\"466\">Ce T-shirt, c\u2019est pas un v\u00eatement\u2026<br data-start=\"242\" data-end=\"245\" \/>C\u2019est un <strong data-start=\"254\" data-end=\"271\">avertissement<\/strong>.<br data-start=\"272\" data-end=\"275\" \/>Une promesse.<br data-start=\"288\" data-end=\"291\" \/>Une tentation emball\u00e9e dans un carr\u00e9 blanc marqu\u00e9 <em data-start=\"341\" data-end=\"350\">CENSUR\u00c9<\/em> \u2014 parce que si on montrait tout\u2026<br data-start=\"383\" data-end=\"386\" \/>\u2026\u00e7a deviendrait clairement <strong data-start=\"413\" data-end=\"465\">ill\u00e9gal dans 7 provinces et 2 campings du Qu\u00e9bec<\/strong>.<\/p>\n<p data-start=\"468\" data-end=\"620\">L\u2019image attire l\u2019\u0153il.<br data-start=\"489\" data-end=\"492\" \/>La censure excite l\u2019imagination.<br data-start=\"524\" data-end=\"527\" \/>Et toi, au milieu de tout \u00e7a, tu deviens la personne que tout le monde veut\u2026<br data-start=\"603\" data-end=\"606\" \/><strong data-start=\"606\" data-end=\"620\">d\u00e9flouter.<\/strong><\/p>\n<p data-start=\"622\" data-end=\"969\">Avec ce T-shirt :<br data-start=\"639\" data-end=\"642\" \/>\ud83d\udd25 les gens s\u2019approchent pour \u201cvoir ce qui est cach\u00e9\u201d<br data-start=\"695\" data-end=\"698\" \/>\ud83d\udd25 tu deviens officiellement le myst\u00e8re le plus chaud de la place<br data-start=\"763\" data-end=\"766\" \/>\ud83d\udd25 t\u2019as plus besoin de parler : ton chest fait tout le travail<br data-start=\"828\" data-end=\"831\" \/>\ud83d\udd25 et s\u2019ils insistent pour demander : \u201cC\u2019est quoi l\u2019image en vrai ?\u201d<br data-start=\"899\" data-end=\"902\" \/>Tu r\u00e9ponds simplement :<br data-start=\"925\" data-end=\"928\" data-is-only-node=\"\" \/><strong data-start=\"928\" data-end=\"969\">\u201cTu veux voir ? Faut venir en priv\u00e9.\u201d<\/strong><\/p>\n<p data-start=\"971\" data-end=\"1206\">Le mod\u00e8le 1 ?<br data-start=\"984\" data-end=\"987\" \/>C\u2019est le plus sage.<br data-start=\"1006\" data-end=\"1009\" \/>Mais parfaitement \u00e9tudi\u00e9 pour que tout le monde imagine beaucoup plus que ce qu\u2019ils voient.<br data-start=\"1100\" data-end=\"1103\" \/>Et on va se dire les vraies affaires :<br data-start=\"1141\" data-end=\"1144\" \/><strong data-start=\"1144\" data-end=\"1206\">la censure est souvent plus cochonne que ce qu\u2019elle cache.<\/strong><\/p>\n<p data-start=\"213\" data-end=\"498\">Affiche ton irr\u00e9v\u00e9rence avec \u00e9l\u00e9gance.<br data-start=\"251\" data-end=\"254\" \/>La s\u00e9rie <strong data-start=\"263\" data-end=\"274\">CENSUR\u00c9<\/strong> c\u00e9l\u00e8bre la tension entre <strong data-start=\"300\" data-end=\"334\">d\u00e9sir, pouvoir et art interdit<\/strong>.<br data-start=\"335\" data-end=\"338\" \/>Chaque t-shirt devient un manifeste : un tableau sensuel, graphiquement os\u00e9, frapp\u00e9 du sceau rouge de la censure \u2014 symbole de r\u00e9sistance face aux conventions.<\/p>\n<p data-start=\"500\" data-end=\"827\">Fabriqu\u00e9s en <strong data-start=\"513\" data-end=\"536\">100 % coton premium<\/strong>, ces mod\u00e8le<\/p>\n<div style=\"width: 640px;\" class=\"wp-video\"><video class=\"wp-video-shortcode\" id=\"video-24460-1\" width=\"640\" height=\"360\" preload=\"metadata\" controls=\"controls\"><source type=\"video\/mp4\" src=\"https:\/\/vod.api.video\/vod\/vi4kBFYblAPb5ZyihJCWdwm7\/mp4\/source.mp4?_=1\" \/><a href=\"https:\/\/vod.api.video\/vod\/vi4kBFYblAPb5ZyihJCWdwm7\/mp4\/source.mp4\">https:\/\/vod.api.video\/vod\/vi4kBFYblAPb5ZyihJCWdwm7\/mp4\/source.mp4<\/a><\/video><\/div>\n<p data-start=\"500\" data-end=\"827\">s offrent une coupe confortable et une texture douce, id\u00e9ale pour affirmer ton style sans compromis.<br data-start=\"648\" data-end=\"651\" \/>Le visuel central, imprim\u00e9 en haute d\u00e9finition, m\u00eale <strong data-start=\"704\" data-end=\"724\">\u00e9rotisme stylis\u00e9<\/strong> et <strong data-start=\"728\" data-end=\"754\">graphisme noir &amp; blanc<\/strong>, sublim\u00e9 par le rouge vif du mot <em data-start=\"788\" data-end=\"797\">CENSUR\u00c9<\/em> \u2014 cri de libert\u00e9 et d\u2019ironie.<\/p>\n<p data-start=\"829\" data-end=\"1064\">Disponibles en <strong data-start=\"844\" data-end=\"868\">noir, blanc et rouge<\/strong>, chaque pi\u00e8ce est encadr\u00e9e d\u2019une aura d\u2019interdit, \u00e0 la fois chic et subversive.<br data-start=\"948\" data-end=\"951\" \/>Sur la manche, la signature <strong data-start=\"979\" data-end=\"999\">Le Cochon Savant<\/strong> rappelle que le savoir peut \u00eatre cochon \u2014 et fi\u00e8rement assum\u00e9.<\/p>","protected":false},"excerpt":{"rendered":"<p>t-Shirt Censur\u00e9 Model 1<\/p>","protected":false},"featured_media":24466,"comment_status":"open","ping_status":"closed","template":"","meta":{"nf_dc_page":"","_bbp_topic_count":0,"_bbp_reply_count":0,"_bbp_total_topic_count":0,"_bbp_total_reply_count":0,"_bbp_voice_count":0,"_bbp_anonymous_reply_count":0,"_bbp_topic_count_hidden":0,"_bbp_reply_count_hidden":0,"_bbp_forum_subforum_count":0,"jetpack_publicize_message":"","jetpack_publicize_feature_enabled":true,"jetpack_social_post_already_shared":true,"jetpack_social_options":{"image_generator_settings":{"template":"highway","default_image_id":0,"font":"","enabled":false},"version":2}},"product_brand":[109],"product_cat":[482,116],"product_tag":[473],"class_list":{"0":"post-24460","1":"product","2":"type-product","3":"status-publish","4":"has-post-thumbnail","6":"product_brand-cochon-savant","7":"product_cat-censure","8":"product_cat-t-shirt","9":"product_tag-t-shirt-censure","11":"first","12":"instock","13":"taxable","14":"shipping-taxable","15":"purchasable","16":"product-type-variable"},"jetpack_publicize_connections":[],"_links":{"self":[{"href":"https:\/\/lecochonsavant.com\/en\/wp-json\/wp\/v2\/product\/24460","targetHints":{"allow":["GET"]}}],"collection":[{"href":"https:\/\/lecochonsavant.com\/en\/wp-json\/wp\/v2\/product"}],"about":[{"href":"https:\/\/lecochonsavant.com\/en\/wp-json\/wp\/v2\/types\/product"}],"replies":[{"embeddable":true,"href":"https:\/\/lecochonsavant.com\/en\/wp-json\/wp\/v2\/comments?post=24460"}],"wp:featuredmedia":[{"embeddable":true,"href":"https:\/\/lecochonsavant.com\/en\/wp-json\/wp\/v2\/media\/24466"}],"wp:attachment":[{"href":"https:\/\/lecochonsavant.com\/en\/wp-json\/wp\/v2\/media?parent=24460"}],"wp:term":[{"taxonomy":"product_brand","embeddable":true,"href":"https:\/\/lecochonsavant.com\/en\/wp-json\/wp\/v2\/product_brand?post=24460"},{"taxonomy":"product_cat","embeddable":true,"href":"https:\/\/lecochonsavant.com\/en\/wp-json\/wp\/v2\/product_cat?post=24460"},{"taxonomy":"product_tag","embeddable":true,"href":"https:\/\/lecochonsavant.com\/en\/wp-json\/wp\/v2\/product_tag?post=24460"}],"curies":[{"name":"wp","href":"https:\/\/api.w.org\/{rel}","templated":true}]}}