{"id":24474,"date":"2025-10-06T16:25:07","date_gmt":"2025-10-06T20:25:07","guid":{"rendered":"https:\/\/lecochonsavant.com\/?post_type=product&#038;p=24474"},"modified":"2025-12-02T00:34:54","modified_gmt":"2025-12-02T05:34:54","slug":"t-shirt-censure-model-2","status":"publish","type":"product","link":"https:\/\/lecochonsavant.com\/en\/product\/t-shirt-censure-model-2\/","title":{"rendered":"t-Shirt Censur\u00e9 Model 2"},"content":{"rendered":"<p data-start=\"183\" data-end=\"270\"><img decoding=\"async\" class=\"alignnone  wp-image-32586\" src=\"https:\/\/lecochonsavant.com\/wp-content\/uploads\/2025\/11\/rabais-20-300x41.jpg\" alt=\"\" width=\"351\" height=\"48\" srcset=\"https:\/\/lecochonsavant.com\/wp-content\/uploads\/2025\/11\/rabais-20-300x41.jpg 300w, https:\/\/lecochonsavant.com\/wp-content\/uploads\/2025\/11\/rabais-20-64x9.jpg 64w, https:\/\/lecochonsavant.com\/wp-content\/uploads\/2025\/11\/rabais-20.jpg 528w\" sizes=\"(max-width: 351px) 100vw, 351px\" \/><\/p>\n<p data-start=\"183\" data-end=\"270\">Le Mod\u00e8le 1 \u00e9tait sage.<br data-start=\"206\" data-end=\"209\" \/>Le Mod\u00e8le 2 ?<br data-start=\"222\" data-end=\"225\" \/>Lui\u2026 il n\u2019a jamais entendu parler de sagesse.<\/p>\n<p data-start=\"272\" data-end=\"513\">Sur ce T-shirt, on voit clairement que le gar\u00e7on est assis, relax\u2026<br data-start=\"338\" data-end=\"341\" \/><strong data-start=\"341\" data-end=\"413\">Beaucoup trop relax pour quelqu\u2019un qui a d\u00fb \u00eatre censur\u00e9 trois fois.<\/strong><br data-start=\"413\" data-end=\"416\" \/>La pose dit :<br data-start=\"429\" data-end=\"432\" \/><em data-start=\"432\" data-end=\"456\">\u201cViens t\u2019asseoir ici.\u201d<\/em><br data-start=\"456\" data-end=\"459\" \/>La censure dit :<br data-start=\"475\" data-end=\"478\" \/><em data-start=\"478\" data-end=\"513\">\u201cPas sur un site public, cochon.\u201d<\/em><\/p>\n<p data-start=\"515\" data-end=\"704\">Ce T-shirt, c\u2019est :<br data-start=\"534\" data-end=\"537\" \/>\ud83d\udd25 un pi\u00e8ge visuel<br data-start=\"555\" data-end=\"558\" \/>\ud83d\udd25 une invitation masqu\u00e9e<br data-start=\"583\" data-end=\"586\" \/>\ud83d\udd25 une promesse qui rougit les joues (et r\u00e9veille les zones plus basses)<br data-start=\"658\" data-end=\"661\" \/>\ud83d\udd25 un avertissement l\u00e9gal tr\u00e8s mal respect\u00e9<\/p>\n<p data-start=\"706\" data-end=\"858\">Les gens vont regarder l\u2019image\u2026 puis regarder TOI\u2026<br data-start=\"756\" data-end=\"759\" \/>\u2026et ils vont se demander :<br data-start=\"785\" data-end=\"788\" \/><strong data-start=\"788\" data-end=\"858\">\u201cS\u2019il a achet\u00e9 \u00e7a, qu\u2019est-ce qu\u2019il porte quand personne regarde ?\u201d<\/strong><\/p>\n<p data-start=\"860\" data-end=\"1191\">\u00c0 porter quand :<br data-start=\"876\" data-end=\"879\" \/>\u2728 tu veux semer le trouble sans dire un mot<br data-start=\"922\" data-end=\"925\" \/>\u2728 tu veux que les regards descendent imm\u00e9diatement vers ton entrejambe (\u00e7a arrive \u00e0 CHAQUE fois)<br data-start=\"1021\" data-end=\"1024\" \/>\u2728 tu veux faire semblant d\u2019\u00eatre innocent alors que l\u2019imprim\u00e9 r\u00e9v\u00e8le tout le contraire<br data-start=\"1109\" data-end=\"1112\" \/>\u2728 tu veux t\u2019offrir le luxe d\u2019\u00eatre <em data-start=\"1146\" data-end=\"1178\">l\u2019imagination la plus cochonne<\/em> de quelqu\u2019un<\/p>\n<p data-start=\"1193\" data-end=\"1306\">Mod\u00e8le 2, c\u2019est le T-shirt qui dit :<br data-start=\"1229\" data-end=\"1232\" \/><strong data-start=\"1232\" data-end=\"1306\">\u201cJe suis censur\u00e9\u2026 mais juste assez pour que tu veuilles en voir plus.\u201d<\/strong><\/p>\n<p data-start=\"1308\" data-end=\"1346\">Et clairement, <em data-start=\"1323\" data-end=\"1346\">on veut en voir plus.<\/em><\/p>\n<p data-start=\"213\" data-end=\"498\">Affiche ton irr\u00e9v\u00e9rence avec \u00e9l\u00e9gance.<br data-start=\"251\" data-end=\"254\" \/>La s\u00e9rie <strong data-start=\"263\" data-end=\"274\">CENSUR\u00c9<\/strong> c\u00e9l\u00e8bre la tension entre <strong data-start=\"300\" data-end=\"334\">d\u00e9sir, pouvoir et art interdit<\/strong>.<br data-start=\"335\" data-end=\"338\" \/>Chaque t-shirt devient un manifeste : un tableau sensuel, graphiquement os\u00e9, frapp\u00e9 du sceau rouge de la censure \u2014 symbole de r\u00e9sistance face aux conventions.<\/p>\n<p data-start=\"500\" data-end=\"827\">Fabriqu\u00e9s en <strong data-start=\"513\" data-end=\"536\">100 % coton premium<\/strong>, ces mod\u00e8les offrent une coupe confortable et une texture douce, id\u00e9ale pour affirmer ton style sans compromis.<br data-start=\"648\" data-end=\"651\" \/>Le visuel central, imprim\u00e9 en haute d\u00e9finition, m\u00eale <strong data-start=\"704\" data-end=\"724\">\u00e9rotisme stylis\u00e9<\/strong> et <strong data-start=\"728\" data-end=\"754\">graphisme noir &amp; blanc<\/strong>, sublim\u00e9 par le rouge vif du mot <em data-start=\"788\" data-end=\"797\">CENSUR\u00c9<\/em> \u2014 cri de libert\u00e9 et d\u2019ironie.<\/p>\n<p data-start=\"829\" data-end=\"1064\">Disponibles en <strong data-start=\"844\" data-end=\"868\">noir, blanc et rouge<\/strong>, chaque pi\u00e8ce est encadr\u00e9e d\u2019une aura d\u2019interdit, \u00e0 la fois chic et subversive.<br data-start=\"948\" data-end=\"951\" \/>Sur la manche, la signature <strong data-start=\"979\" data-end=\"999\">Le Cochon Savant<\/strong> rappelle que le savoir peut \u00eatre cochon \u2014 et fi\u00e8rement assum\u00e9.<\/p>","protected":false},"excerpt":{"rendered":"<p>t-Shirt Censur\u00e9 Model<\/p>","protected":false},"featured_media":24475,"comment_status":"open","ping_status":"closed","template":"","meta":{"nf_dc_page":"","_bbp_topic_count":0,"_bbp_reply_count":0,"_bbp_total_topic_count":0,"_bbp_total_reply_count":0,"_bbp_voice_count":0,"_bbp_anonymous_reply_count":0,"_bbp_topic_count_hidden":0,"_bbp_reply_count_hidden":0,"_bbp_forum_subforum_count":0,"jetpack_publicize_message":"","jetpack_publicize_feature_enabled":true,"jetpack_social_post_already_shared":true,"jetpack_social_options":{"image_generator_settings":{"template":"highway","default_image_id":0,"font":"","enabled":false},"version":2}},"product_brand":[109],"product_cat":[482,116],"product_tag":[473],"class_list":{"0":"post-24474","1":"product","2":"type-product","3":"status-publish","4":"has-post-thumbnail","6":"product_brand-cochon-savant","7":"product_cat-censure","8":"product_cat-t-shirt","9":"product_tag-t-shirt-censure","11":"first","12":"instock","13":"taxable","14":"shipping-taxable","15":"purchasable","16":"product-type-variable"},"jetpack_publicize_connections":[],"_links":{"self":[{"href":"https:\/\/lecochonsavant.com\/en\/wp-json\/wp\/v2\/product\/24474","targetHints":{"allow":["GET"]}}],"collection":[{"href":"https:\/\/lecochonsavant.com\/en\/wp-json\/wp\/v2\/product"}],"about":[{"href":"https:\/\/lecochonsavant.com\/en\/wp-json\/wp\/v2\/types\/product"}],"replies":[{"embeddable":true,"href":"https:\/\/lecochonsavant.com\/en\/wp-json\/wp\/v2\/comments?post=24474"}],"wp:featuredmedia":[{"embeddable":true,"href":"https:\/\/lecochonsavant.com\/en\/wp-json\/wp\/v2\/media\/24475"}],"wp:attachment":[{"href":"https:\/\/lecochonsavant.com\/en\/wp-json\/wp\/v2\/media?parent=24474"}],"wp:term":[{"taxonomy":"product_brand","embeddable":true,"href":"https:\/\/lecochonsavant.com\/en\/wp-json\/wp\/v2\/product_brand?post=24474"},{"taxonomy":"product_cat","embeddable":true,"href":"https:\/\/lecochonsavant.com\/en\/wp-json\/wp\/v2\/product_cat?post=24474"},{"taxonomy":"product_tag","embeddable":true,"href":"https:\/\/lecochonsavant.com\/en\/wp-json\/wp\/v2\/product_tag?post=24474"}],"curies":[{"name":"wp","href":"https:\/\/api.w.org\/{rel}","templated":true}]}}