{"id":24483,"date":"2025-10-06T16:29:46","date_gmt":"2025-10-06T20:29:46","guid":{"rendered":"https:\/\/lecochonsavant.com\/?post_type=product&#038;p=24483"},"modified":"2025-12-02T00:33:15","modified_gmt":"2025-12-02T05:33:15","slug":"t-shirt-censure-model-3","status":"publish","type":"product","link":"https:\/\/lecochonsavant.com\/en\/product\/t-shirt-censure-model-3\/","title":{"rendered":"t-Shirt Censur\u00e9 Model 3"},"content":{"rendered":"<div style=\"width: 640px;\" class=\"wp-video\"><video class=\"wp-video-shortcode\" id=\"video-24483-1\" width=\"640\" height=\"360\" preload=\"metadata\" controls=\"controls\"><source type=\"video\/mp4\" src=\"https:\/\/vod.api.video\/vod\/vi4kBFYblAPb5ZyihJCWdwm7\/mp4\/source.mp4?_=1\" \/><a href=\"https:\/\/vod.api.video\/vod\/vi4kBFYblAPb5ZyihJCWdwm7\/mp4\/source.mp4\">https:\/\/vod.api.video\/vod\/vi4kBFYblAPb5ZyihJCWdwm7\/mp4\/source.mp4<\/a><\/video><\/div>\n<div class=\"flex max-w-full flex-col grow\">\n<div class=\"min-h-8 text-message relative flex w-full flex-col items-end gap-2 text-start break-words whitespace-normal [.text-message+&amp;]:mt-1\" dir=\"auto\" data-message-author-role=\"assistant\" data-message-id=\"4cdf0e51-db9e-42c6-b814-20a7d918f4e1\" data-message-model-slug=\"gpt-5-1\">\n<div class=\"flex w-full flex-col gap-1 empty:hidden first:pt-[1px]\">\n<div class=\"markdown prose dark:prose-invert w-full break-words dark markdown-new-styling\">\n<p data-start=\"207\" data-end=\"394\"><img decoding=\"async\" class=\"alignnone  wp-image-32586\" src=\"https:\/\/lecochonsavant.com\/wp-content\/uploads\/2025\/11\/rabais-20-300x41.jpg\" alt=\"\" width=\"351\" height=\"48\" srcset=\"https:\/\/lecochonsavant.com\/wp-content\/uploads\/2025\/11\/rabais-20-300x41.jpg 300w, https:\/\/lecochonsavant.com\/wp-content\/uploads\/2025\/11\/rabais-20-64x9.jpg 64w, https:\/\/lecochonsavant.com\/wp-content\/uploads\/2025\/11\/rabais-20.jpg 528w\" sizes=\"(max-width: 351px) 100vw, 351px\" \/><\/p>\n<p data-start=\"207\" data-end=\"394\">Le Mod\u00e8le 1 excitait la curiosit\u00e9.<br data-start=\"241\" data-end=\"244\" \/>Le Mod\u00e8le 2 faisait monter la temp\u00e9rature.<br data-start=\"286\" data-end=\"289\" \/>Le Mod\u00e8le 3 ?<br data-start=\"302\" data-end=\"305\" \/>Lui\u2026 il <strong data-start=\"313\" data-end=\"367\">sourit comme un gars qui vient de faire une b\u00eatise<\/strong>.<br data-start=\"368\" data-end=\"371\" \/>Une tr\u00e8s grosse b\u00eatise.<\/p>\n<p data-start=\"396\" data-end=\"562\">L\u2019image est claire :<br data-start=\"416\" data-end=\"419\" \/>le gar\u00e7on est <em data-start=\"433\" data-end=\"439\">beau<\/em>, <em data-start=\"441\" data-end=\"455\">torse dehors<\/em>, <em data-start=\"457\" data-end=\"478\">attitude dangereuse<\/em>\u2026<br data-start=\"479\" data-end=\"482\" \/>et il a ce sourire du genre :<br data-start=\"511\" data-end=\"514\" \/><strong data-start=\"514\" data-end=\"562\">\u201cOups\u2026 je pense que j\u2019ai cass\u00e9 un interdit.\u201d<\/strong><\/p>\n<p data-start=\"564\" data-end=\"647\">Heureusement, la censure masque l\u2019essentiel.<br data-start=\"608\" data-end=\"611\" \/>L\u2019essentiel\u2026 mais pas le n\u00e9cessaire.<\/p>\n<p data-start=\"649\" data-end=\"958\">Parce que soyons honn\u00eates :<br data-start=\"676\" data-end=\"679\" \/>\ud83d\udd25 tout ce qui est cach\u00e9 devient dix fois plus cochonne<br data-start=\"734\" data-end=\"737\" \/>\ud83d\udd25 ce carr\u00e9 rouge donne envie d\u2019arracher le T-shirt (avec les dents)<br data-start=\"805\" data-end=\"808\" \/>\ud83d\udd25 on se demande ce qu\u2019il tient\u2026 ou ce qui le tient<br data-start=\"859\" data-end=\"862\" \/>\ud83d\udd25 et toi, tu deviens officiellement <strong data-start=\"899\" data-end=\"958\">l\u2019objet de toutes les hypoth\u00e8ses crassement int\u00e9ress\u00e9es<\/strong><\/p>\n<p data-start=\"960\" data-end=\"1100\">Ce T-shirt, c\u2019est :<br data-start=\"979\" data-end=\"982\" \/>\u2728 une \u00e9nigme sexuelle<br data-start=\"1003\" data-end=\"1006\" \/>\u2728 un pi\u00e8ge \u00e0 regard<br data-start=\"1025\" data-end=\"1028\" \/>\u2728 un test de libido ambulant<br data-start=\"1056\" data-end=\"1059\" \/>\u2728 une invitation au p\u00e9ch\u00e9 livr\u00e9e en coton<\/p>\n<p data-start=\"1102\" data-end=\"1315\">\u00c0 porter quand :<br data-start=\"1118\" data-end=\"1121\" \/>\ud83d\udd25 tu veux qu\u2019on t\u2019imagine dans la m\u00eame pose<br data-start=\"1165\" data-end=\"1168\" \/>\ud83d\udd25 tu veux devenir le fantasme du camping <em data-start=\"1210\" data-end=\"1217\">avant<\/em> m\u00eame de te pencher<br data-start=\"1236\" data-end=\"1239\" \/>\ud83d\udd25 tu veux qu\u2019on te demande :<br data-start=\"1268\" data-end=\"1271\" \/>\u00ab Et toi\u2026 tu caches quoi sous ta censure ? \u00bb<\/p>\n<p data-start=\"1317\" data-end=\"1377\">Et toi, tu r\u00e9ponds :<br data-start=\"1337\" data-end=\"1340\" \/><strong data-start=\"1340\" data-end=\"1377\">\u201cAssez pour m\u00e9riter un Mod\u00e8le 4.\u201d<\/strong><\/p>\n<hr data-start=\"1379\" data-end=\"1382\" \/>\n<p data-start=\"1384\" data-end=\"1536\" data-is-last-node=\"\" data-is-only-node=\"\">Si tu veux, je peux pousser :<br data-start=\"1413\" data-end=\"1416\" \/>plus trash, plus allum\u00e9, plus tendancieux\u2026<br data-start=\"1458\" data-end=\"1461\" \/>ou te cr\u00e9er une s\u00e9rie compl\u00e8te \u201cCENSUR\u00c9 \u2014 interdit aux curieux sages\u201d. \ud83d\ude08\ud83d\udd25<\/p>\n<\/div>\n<\/div>\n<\/div>\n<\/div>\n<div class=\"z-0 flex min-h-[46px] justify-start\"><\/div>\n<div class=\"border-token-border-light my-2 flex gap-10 border-t pt-4\">\n<div class=\"flex items-center justify-center overflow-hidden h-14 w-14 rounded-lg\"><\/div>\n<\/div>\n<p data-start=\"213\" data-end=\"498\">Affiche ton irr\u00e9v\u00e9rence avec \u00e9l\u00e9gance.<br data-start=\"251\" data-end=\"254\" \/>La s\u00e9rie <strong data-start=\"263\" data-end=\"274\">CENSUR\u00c9<\/strong> c\u00e9l\u00e8bre la tension entre <strong data-start=\"300\" data-end=\"334\">d\u00e9sir, pouvoir et art interdit<\/strong>.<br data-start=\"335\" data-end=\"338\" \/>Chaque t-shirt devient un manifeste : un tableau sensuel, graphiquement os\u00e9, frapp\u00e9 du sceau rouge de la censure \u2014 symbole de r\u00e9sistance face aux conventions.<\/p>\n<p data-start=\"500\" data-end=\"827\">Fabriqu\u00e9s en <strong data-start=\"513\" data-end=\"536\">100 % coton premium<\/strong>, ces mod\u00e8les offrent une coupe confortable et une texture douce, id\u00e9ale pour affirmer ton style sans compromis.<br data-start=\"648\" data-end=\"651\" \/>Le visuel central, imprim\u00e9 en haute d\u00e9finition, m\u00eale <strong data-start=\"704\" data-end=\"724\">\u00e9rotisme stylis\u00e9<\/strong> et <strong data-start=\"728\" data-end=\"754\">graphisme noir &amp; blanc<\/strong>, sublim\u00e9 par le rouge vif du mot <em data-start=\"788\" data-end=\"797\">CENSUR\u00c9<\/em> \u2014 cri de libert\u00e9 et d\u2019ironie.<\/p>\n<p data-start=\"829\" data-end=\"1064\">Disponibles en <strong data-start=\"844\" data-end=\"868\">noir, blanc et rouge<\/strong>, chaque pi\u00e8ce est encadr\u00e9e d\u2019une aura d\u2019interdit, \u00e0 la fois chic et subversive.<br data-start=\"948\" data-end=\"951\" \/>Sur la manche, la signature <strong data-start=\"979\" data-end=\"999\">Le Cochon Savant<\/strong> rappelle que le savoir peut \u00eatre cochon \u2014 et fi\u00e8rement assum\u00e9.<\/p>\n","protected":false},"excerpt":{"rendered":"<p>t-Shirt Censur\u00e9 Model 3<\/p>","protected":false},"featured_media":24484,"comment_status":"open","ping_status":"closed","template":"","meta":{"nf_dc_page":"","_bbp_topic_count":0,"_bbp_reply_count":0,"_bbp_total_topic_count":0,"_bbp_total_reply_count":0,"_bbp_voice_count":0,"_bbp_anonymous_reply_count":0,"_bbp_topic_count_hidden":0,"_bbp_reply_count_hidden":0,"_bbp_forum_subforum_count":0,"jetpack_publicize_message":"","jetpack_publicize_feature_enabled":true,"jetpack_social_post_already_shared":true,"jetpack_social_options":{"image_generator_settings":{"template":"highway","default_image_id":0,"font":"","enabled":false},"version":2}},"product_brand":[109],"product_cat":[482,116],"product_tag":[473],"class_list":{"0":"post-24483","1":"product","2":"type-product","3":"status-publish","4":"has-post-thumbnail","6":"product_brand-cochon-savant","7":"product_cat-censure","8":"product_cat-t-shirt","9":"product_tag-t-shirt-censure","11":"first","12":"instock","13":"taxable","14":"shipping-taxable","15":"purchasable","16":"product-type-variable"},"jetpack_publicize_connections":[],"_links":{"self":[{"href":"https:\/\/lecochonsavant.com\/en\/wp-json\/wp\/v2\/product\/24483","targetHints":{"allow":["GET"]}}],"collection":[{"href":"https:\/\/lecochonsavant.com\/en\/wp-json\/wp\/v2\/product"}],"about":[{"href":"https:\/\/lecochonsavant.com\/en\/wp-json\/wp\/v2\/types\/product"}],"replies":[{"embeddable":true,"href":"https:\/\/lecochonsavant.com\/en\/wp-json\/wp\/v2\/comments?post=24483"}],"wp:featuredmedia":[{"embeddable":true,"href":"https:\/\/lecochonsavant.com\/en\/wp-json\/wp\/v2\/media\/24484"}],"wp:attachment":[{"href":"https:\/\/lecochonsavant.com\/en\/wp-json\/wp\/v2\/media?parent=24483"}],"wp:term":[{"taxonomy":"product_brand","embeddable":true,"href":"https:\/\/lecochonsavant.com\/en\/wp-json\/wp\/v2\/product_brand?post=24483"},{"taxonomy":"product_cat","embeddable":true,"href":"https:\/\/lecochonsavant.com\/en\/wp-json\/wp\/v2\/product_cat?post=24483"},{"taxonomy":"product_tag","embeddable":true,"href":"https:\/\/lecochonsavant.com\/en\/wp-json\/wp\/v2\/product_tag?post=24483"}],"curies":[{"name":"wp","href":"https:\/\/api.w.org\/{rel}","templated":true}]}}