{"id":24492,"date":"2025-10-06T16:36:49","date_gmt":"2025-10-06T20:36:49","guid":{"rendered":"https:\/\/lecochonsavant.com\/?post_type=product&#038;p=24492"},"modified":"2025-12-02T00:32:34","modified_gmt":"2025-12-02T05:32:34","slug":"t-shirt-censure-model-4","status":"publish","type":"product","link":"https:\/\/lecochonsavant.com\/en\/product\/t-shirt-censure-model-4\/","title":{"rendered":"t-Shirt Censur\u00e9 Model 4"},"content":{"rendered":"<div style=\"width: 640px;\" class=\"wp-video\"><video class=\"wp-video-shortcode\" id=\"video-24492-1\" width=\"640\" height=\"360\" preload=\"metadata\" controls=\"controls\"><source type=\"video\/mp4\" src=\"https:\/\/vod.api.video\/vod\/vi4kBFYblAPb5ZyihJCWdwm7\/mp4\/source.mp4?_=1\" \/><a href=\"https:\/\/vod.api.video\/vod\/vi4kBFYblAPb5ZyihJCWdwm7\/mp4\/source.mp4\">https:\/\/vod.api.video\/vod\/vi4kBFYblAPb5ZyihJCWdwm7\/mp4\/source.mp4<\/a><\/video><\/div>\n<p data-start=\"210\" data-end=\"379\"><img decoding=\"async\" class=\"alignnone  wp-image-32586\" src=\"https:\/\/lecochonsavant.com\/wp-content\/uploads\/2025\/11\/rabais-20-300x41.jpg\" alt=\"\" width=\"351\" height=\"48\" srcset=\"https:\/\/lecochonsavant.com\/wp-content\/uploads\/2025\/11\/rabais-20-300x41.jpg 300w, https:\/\/lecochonsavant.com\/wp-content\/uploads\/2025\/11\/rabais-20-64x9.jpg 64w, https:\/\/lecochonsavant.com\/wp-content\/uploads\/2025\/11\/rabais-20.jpg 528w\" sizes=\"(max-width: 351px) 100vw, 351px\" \/><\/p>\n<p data-start=\"210\" data-end=\"379\">Ah, le Mod\u00e8le 4\u2026<br data-start=\"226\" data-end=\"229\" \/>Celui o\u00f9 le gar\u00e7on est assis comme un roi qui sait <strong data-start=\"280\" data-end=\"294\">exactement<\/strong> ce qu\u2019il vaut \u2014<br data-start=\"310\" data-end=\"313\" \/>et qui sait tr\u00e8s bien que tu regardes <em data-start=\"351\" data-end=\"378\">juste l\u00e0 o\u00f9 c\u2019est censur\u00e9<\/em>.<\/p>\n<p data-start=\"381\" data-end=\"471\">Il a ce look de :<br data-start=\"398\" data-end=\"401\" \/><strong data-start=\"401\" data-end=\"471\">\u201cJe vais te laisser imaginer\u2026 et c\u2019est pire que de te le montrer.\u201d<\/strong><\/p>\n<p data-start=\"473\" data-end=\"627\">La pose est un m\u00e9lange d\u00e9licieux de :<br data-start=\"510\" data-end=\"513\" \/>\ud83d\udd25 assurance<br data-start=\"525\" data-end=\"528\" \/>\ud83d\udd25 provocation<br data-start=\"542\" data-end=\"545\" \/>\ud83d\udd25 et un petit \u201cviens donc voir pourquoi on a d\u00fb mettre un gros sticker rouge ici\u201d<\/p>\n<p data-start=\"629\" data-end=\"806\">La censure ne cache pas le danger.<br data-start=\"663\" data-end=\"666\" \/>Elle le <strong data-start=\"674\" data-end=\"691\">met en valeur<\/strong>.<br data-start=\"692\" data-end=\"695\" \/>On devine assez pour sentir que ce qui est derri\u00e8re le flou\u2026<br data-start=\"755\" data-end=\"758\" \/>vaut probablement le prix du T-shirt \u00e0 lui seul.<\/p>\n<p data-start=\"808\" data-end=\"1028\">Ce T-shirt, c\u2019est :<br data-start=\"827\" data-end=\"830\" \/>\u2728 un fantasme graphique<br data-start=\"853\" data-end=\"856\" \/>\u2728 un appel \u00e0 la curiosit\u00e9<br data-start=\"881\" data-end=\"884\" \/>\u2728 un jeu o\u00f9 l\u2019on supplie presque qu\u2019on retire l\u2019autocollant<br data-start=\"943\" data-end=\"946\" \/>\u2728 une raison de plus pour que les gens te regardent le torse un peu trop longtemps<\/p>\n<p data-start=\"1030\" data-end=\"1375\">\u00c0 porter quand :<br data-start=\"1046\" data-end=\"1049\" \/>\ud83d\udd25 tu veux tester la tension dans l\u2019air<br data-start=\"1088\" data-end=\"1091\" \/>\ud83d\udd25 tu veux qu\u2019on te \u201cpose des questions\u201d<br data-start=\"1131\" data-end=\"1134\" \/>\ud83d\udd25 tu veux \u00eatre l\u2019aimant officiel du regard du bar, du camping, du balcon, de la terrasse<br data-start=\"1223\" data-end=\"1226\" \/>\ud83d\udd25 tu veux que quelqu\u2019un dise :<br data-start=\"1257\" data-end=\"1260\" \/><strong data-start=\"1260\" data-end=\"1308\">\u201cMais qu\u2019est-ce qu\u2019il y a sous la censure ?\u201d<\/strong><br data-start=\"1308\" data-end=\"1311\" \/>Et que toi, sans bouger un muscle, tu r\u00e9pondes :<br data-start=\"1359\" data-end=\"1362\" \/><strong data-start=\"1362\" data-end=\"1375\">\u201cDevine.\u201d<\/strong><\/p>\n<p data-start=\"1377\" data-end=\"1437\">Mod\u00e8le 4 :<br data-start=\"1387\" data-end=\"1390\" \/>Le plus <em data-start=\"1398\" data-end=\"1424\">dangereusement suggestif<\/em> de la s\u00e9rie.<\/p>\n<hr data-start=\"1439\" data-end=\"1442\" \/>\n<p data-start=\"1444\" data-end=\"1603\" data-is-last-node=\"\" data-is-only-node=\"\">Si tu veux un ton <strong data-start=\"1462\" data-end=\"1479\">plus insolent<\/strong>, <strong data-start=\"1481\" data-end=\"1496\">plus joueur<\/strong>, ou <strong data-start=\"1501\" data-end=\"1531\">plus diaboliquement coquin<\/strong>, je peux pousser encore d\u2019un cran \u2014 sans jamais franchir la ligne. \ud83d\ude08\ud83d\udd25<\/p>\n<p data-start=\"213\" data-end=\"498\">Affiche ton irr\u00e9v\u00e9rence avec \u00e9l\u00e9gance.<br data-start=\"251\" data-end=\"254\" \/>La s\u00e9rie <strong data-start=\"263\" data-end=\"274\">CENSUR\u00c9<\/strong> c\u00e9l\u00e8bre la tension entre <strong data-start=\"300\" data-end=\"334\">d\u00e9sir, pouvoir et art interdit<\/strong>.<br data-start=\"335\" data-end=\"338\" \/>Chaque t-shirt devient un manifeste : un tableau sensuel, graphiquement os\u00e9, frapp\u00e9 du sceau rouge de la censure \u2014 symbole de r\u00e9sistance face aux conventions.<\/p>\n<p data-start=\"500\" data-end=\"827\">Fabriqu\u00e9s en <strong data-start=\"513\" data-end=\"536\">100 % coton premium<\/strong>, ces mod\u00e8les offrent une coupe confortable et une texture douce, id\u00e9ale pour affirmer ton style sans compromis.<br data-start=\"648\" data-end=\"651\" \/>Le visuel central, imprim\u00e9 en haute d\u00e9finition, m\u00eale <strong data-start=\"704\" data-end=\"724\">\u00e9rotisme stylis\u00e9<\/strong> et <strong data-start=\"728\" data-end=\"754\">graphisme noir &amp; blanc<\/strong>, sublim\u00e9 par le rouge vif du mot <em data-start=\"788\" data-end=\"797\">CENSUR\u00c9<\/em> \u2014 cri de libert\u00e9 et d\u2019ironie.<\/p>\n<p data-start=\"829\" data-end=\"1064\">Disponibles en <strong data-start=\"844\" data-end=\"868\">noir, blanc et rouge<\/strong>, chaque pi\u00e8ce est encadr\u00e9e d\u2019une aura d\u2019interdit, \u00e0 la fois chic et subversive.<br data-start=\"948\" data-end=\"951\" \/>Sur la manche, la signature <strong data-start=\"979\" data-end=\"999\">Le Cochon Savant<\/strong> rappelle que le savoir peut \u00eatre cochon \u2014 et fi\u00e8rement assum\u00e9.<\/p>","protected":false},"excerpt":{"rendered":"<p>t-Shirt Censur\u00e9 Model 4<\/p>","protected":false},"featured_media":24493,"comment_status":"open","ping_status":"closed","template":"","meta":{"nf_dc_page":"","_bbp_topic_count":0,"_bbp_reply_count":0,"_bbp_total_topic_count":0,"_bbp_total_reply_count":0,"_bbp_voice_count":0,"_bbp_anonymous_reply_count":0,"_bbp_topic_count_hidden":0,"_bbp_reply_count_hidden":0,"_bbp_forum_subforum_count":0,"jetpack_publicize_message":"","jetpack_publicize_feature_enabled":true,"jetpack_social_post_already_shared":true,"jetpack_social_options":{"image_generator_settings":{"template":"highway","default_image_id":0,"font":"","enabled":false},"version":2}},"product_brand":[109],"product_cat":[482,116],"product_tag":[473],"class_list":{"0":"post-24492","1":"product","2":"type-product","3":"status-publish","4":"has-post-thumbnail","6":"product_brand-cochon-savant","7":"product_cat-censure","8":"product_cat-t-shirt","9":"product_tag-t-shirt-censure","11":"first","12":"instock","13":"taxable","14":"shipping-taxable","15":"purchasable","16":"product-type-variable"},"jetpack_publicize_connections":[],"_links":{"self":[{"href":"https:\/\/lecochonsavant.com\/en\/wp-json\/wp\/v2\/product\/24492","targetHints":{"allow":["GET"]}}],"collection":[{"href":"https:\/\/lecochonsavant.com\/en\/wp-json\/wp\/v2\/product"}],"about":[{"href":"https:\/\/lecochonsavant.com\/en\/wp-json\/wp\/v2\/types\/product"}],"replies":[{"embeddable":true,"href":"https:\/\/lecochonsavant.com\/en\/wp-json\/wp\/v2\/comments?post=24492"}],"wp:featuredmedia":[{"embeddable":true,"href":"https:\/\/lecochonsavant.com\/en\/wp-json\/wp\/v2\/media\/24493"}],"wp:attachment":[{"href":"https:\/\/lecochonsavant.com\/en\/wp-json\/wp\/v2\/media?parent=24492"}],"wp:term":[{"taxonomy":"product_brand","embeddable":true,"href":"https:\/\/lecochonsavant.com\/en\/wp-json\/wp\/v2\/product_brand?post=24492"},{"taxonomy":"product_cat","embeddable":true,"href":"https:\/\/lecochonsavant.com\/en\/wp-json\/wp\/v2\/product_cat?post=24492"},{"taxonomy":"product_tag","embeddable":true,"href":"https:\/\/lecochonsavant.com\/en\/wp-json\/wp\/v2\/product_tag?post=24492"}],"curies":[{"name":"wp","href":"https:\/\/api.w.org\/{rel}","templated":true}]}}