{"id":24522,"date":"2025-10-06T16:56:18","date_gmt":"2025-10-06T20:56:18","guid":{"rendered":"https:\/\/lecochonsavant.com\/?post_type=product&#038;p=24522"},"modified":"2025-12-02T00:31:41","modified_gmt":"2025-12-02T05:31:41","slug":"bites-siderales","status":"publish","type":"product","link":"https:\/\/lecochonsavant.com\/en\/product\/bites-siderales\/","title":{"rendered":"Bites Sid\u00e9rales Collection"},"content":{"rendered":"<p data-start=\"706\" data-end=\"895\"><img decoding=\"async\" class=\"alignnone  wp-image-32586\" src=\"https:\/\/lecochonsavant.com\/wp-content\/uploads\/2025\/11\/rabais-20-300x41.jpg\" alt=\"\" width=\"351\" height=\"48\" srcset=\"https:\/\/lecochonsavant.com\/wp-content\/uploads\/2025\/11\/rabais-20-300x41.jpg 300w, https:\/\/lecochonsavant.com\/wp-content\/uploads\/2025\/11\/rabais-20-64x9.jpg 64w, https:\/\/lecochonsavant.com\/wp-content\/uploads\/2025\/11\/rabais-20.jpg 528w\" sizes=\"(max-width: 351px) 100vw, 351px\" \/><\/p>\n<p data-start=\"706\" data-end=\"895\">Bienvenue dans la collection <strong data-start=\"735\" data-end=\"754\">Bites Sid\u00e9rales<\/strong> \u2014 la seule ligne de T-shirts qui te fait voyager\u2026<br data-start=\"804\" data-end=\"807\" \/><strong data-start=\"807\" data-end=\"895\">plus loin que la vitesse de la lumi\u00e8re, et beaucoup plus profond que la voie lact\u00e9e.<\/strong><\/p>\n<p data-start=\"897\" data-end=\"1129\">Ici, on ne parle pas d\u2019astronautes sages.<br data-start=\"938\" data-end=\"941\" \/>On parle de <strong data-start=\"953\" data-end=\"979\">cosmonautes bien b\u00e2tis<\/strong>, de <strong data-start=\"984\" data-end=\"1032\">h\u00e9ros intergalactiques au potentiel\u2026 orbital<\/strong>, et d\u2019explorateurs qui ont clairement une <em data-start=\"1075\" data-end=\"1095\">mission secondaire<\/em> derri\u00e8re leur mission officielle.<\/p>\n<p data-start=\"1131\" data-end=\"1262\">Chaque mod\u00e8le est une affiche de film imaginaire, un peu trop muscl\u00e9, un peu trop brillant, un peu trop\u2026<br data-start=\"1235\" data-end=\"1238\" \/><strong data-start=\"1238\" data-end=\"1262\">d\u00e9fendu par la NASA.<\/strong><\/p>\n<p data-start=\"1264\" data-end=\"1605\">Ces T-shirts te garantissent :<br data-start=\"1294\" data-end=\"1297\" \/>\ud83d\ude80 un look qui dit : \u00ab Je viens d\u2019une autre plan\u00e8te\u2026 et elle \u00e9tait tr\u00e8s chaude \u00bb<br data-start=\"1377\" data-end=\"1380\" \/>\ud83d\ude80 des regards qui s\u2019accrochent comme un rayon tracteur<br data-start=\"1435\" data-end=\"1438\" \/>\ud83d\ude80 des commentaires du genre : \u00ab Euh\u2026 c\u2019est quoi cette mission ? Et c\u2019est o\u00f9 qu\u2019on s\u2019inscrit ? \u00bb<br data-start=\"1534\" data-end=\"1537\" \/>\ud83d\ude80 une attitude \u201cj\u2019assume tout, m\u00eame mes fantaisies interstellaires\u201d<\/p>\n<p data-start=\"1607\" data-end=\"1745\">Port\u00e9s au camping, au bar ou en ville, ils ont un effet bien connu :<br data-start=\"1675\" data-end=\"1678\" \/><strong data-start=\"1678\" data-end=\"1745\">ils d\u00e9clenchent des atterrissages d\u2019urgence\u2026 dans ta direction.<\/strong><\/p>\n<p data-start=\"1747\" data-end=\"1835\">Et rappelle-toi :<br data-start=\"1764\" data-end=\"1767\" \/>Dans l\u2019espace, <strong data-start=\"1782\" data-end=\"1811\">personne ne t\u2019entend g\u00e9m\u2026<\/strong><br data-start=\"1811\" data-end=\"1814\" \/>Euh\u2026 <em data-start=\"1819\" data-end=\"1834\">respirer fort<\/em>.<\/p>\n<p data-start=\"233\" data-end=\"460\">L\u2019\u00e9rotisme entre dans une nouvelle galaxie.<br data-start=\"276\" data-end=\"279\" \/>La collection <strong data-start=\"293\" data-end=\"312\">BITES SID\u00c9RALES<\/strong> propulse le d\u00e9sir dans l\u2019espace-temps \u2014 un hommage aux corps d\u2019acier, \u00e0 la sensualit\u00e9 cosmique et \u00e0 la puissance brute des h\u00e9ros interstellaires.<\/p>\n<p data-start=\"462\" data-end=\"823\">Chaque t-shirt devient une <strong data-start=\"489\" data-end=\"517\">affiche d\u2019art galactique<\/strong> : des silhouettes masculines sculpt\u00e9es comme des astres, mi-hommes mi-machines, baign\u00e9es d\u2019une lumi\u00e8re froide et bleut\u00e9e. Leurs armures brillent, leurs regards transpercent, et leurs corps d\u00e9fient la gravit\u00e9.<br data-start=\"726\" data-end=\"729\" \/>Un univers \u00e0 la fois cybern\u00e9tique et charnel, o\u00f9 la virilit\u00e9 flirte avec la science-fiction.<\/p>\n<p data-start=\"825\" data-end=\"1130\">Imprim\u00e9s en haute d\u00e9finition sur du <strong data-start=\"861\" data-end=\"884\">coton 100 % premium<\/strong>, ces mod\u00e8les offrent une coupe confortable et une texture douce, id\u00e9ale pour un style assum\u00e9 et sensuel.<br data-start=\"989\" data-end=\"992\" \/>La mention <strong data-start=\"1003\" data-end=\"1023\">Le Cochon Savant<\/strong> sur la manche signe l\u2019appartenance \u00e0 une esth\u00e9tique underground : provocante, ironique et fi\u00e8rement queer.<\/p>\n<p data-start=\"1132\" data-end=\"1283\">Disponibles exclusivement en noir, les t-shirts <strong data-start=\"1180\" data-end=\"1199\">Bites Sid\u00e9rales<\/strong> incarnent l\u2019union du <strong data-start=\"1221\" data-end=\"1254\">fantasme et de la pop-culture<\/strong>, du <strong data-start=\"1259\" data-end=\"1280\">d\u00e9sir et du futur<\/strong>.<\/p>","protected":false},"excerpt":{"rendered":"<p>Bites Sid\u00e9rales 6<\/p>","protected":false},"featured_media":24523,"comment_status":"open","ping_status":"closed","template":"","meta":{"nf_dc_page":"","_bbp_topic_count":0,"_bbp_reply_count":0,"_bbp_total_topic_count":0,"_bbp_total_reply_count":0,"_bbp_voice_count":0,"_bbp_anonymous_reply_count":0,"_bbp_topic_count_hidden":0,"_bbp_reply_count_hidden":0,"_bbp_forum_subforum_count":0,"jetpack_publicize_message":"","jetpack_publicize_feature_enabled":true,"jetpack_social_post_already_shared":true,"jetpack_social_options":{"image_generator_settings":{"template":"highway","default_image_id":0,"font":"","enabled":false},"version":2}},"product_brand":[109],"product_cat":[116],"product_tag":[473],"class_list":{"0":"post-24522","1":"product","2":"type-product","3":"status-publish","4":"has-post-thumbnail","6":"product_brand-cochon-savant","7":"product_cat-t-shirt","8":"product_tag-t-shirt-censure","10":"first","11":"instock","12":"taxable","13":"shipping-taxable","14":"purchasable","15":"product-type-variable"},"jetpack_publicize_connections":[],"_links":{"self":[{"href":"https:\/\/lecochonsavant.com\/en\/wp-json\/wp\/v2\/product\/24522","targetHints":{"allow":["GET"]}}],"collection":[{"href":"https:\/\/lecochonsavant.com\/en\/wp-json\/wp\/v2\/product"}],"about":[{"href":"https:\/\/lecochonsavant.com\/en\/wp-json\/wp\/v2\/types\/product"}],"replies":[{"embeddable":true,"href":"https:\/\/lecochonsavant.com\/en\/wp-json\/wp\/v2\/comments?post=24522"}],"wp:featuredmedia":[{"embeddable":true,"href":"https:\/\/lecochonsavant.com\/en\/wp-json\/wp\/v2\/media\/24523"}],"wp:attachment":[{"href":"https:\/\/lecochonsavant.com\/en\/wp-json\/wp\/v2\/media?parent=24522"}],"wp:term":[{"taxonomy":"product_brand","embeddable":true,"href":"https:\/\/lecochonsavant.com\/en\/wp-json\/wp\/v2\/product_brand?post=24522"},{"taxonomy":"product_cat","embeddable":true,"href":"https:\/\/lecochonsavant.com\/en\/wp-json\/wp\/v2\/product_cat?post=24522"},{"taxonomy":"product_tag","embeddable":true,"href":"https:\/\/lecochonsavant.com\/en\/wp-json\/wp\/v2\/product_tag?post=24522"}],"curies":[{"name":"wp","href":"https:\/\/api.w.org\/{rel}","templated":true}]}}