{"id":24531,"date":"2025-10-06T17:03:25","date_gmt":"2025-10-06T21:03:25","guid":{"rendered":"https:\/\/lecochonsavant.com\/?post_type=product&#038;p=24531"},"modified":"2025-12-02T00:29:49","modified_gmt":"2025-12-02T05:29:49","slug":"monogramme-lcs-blanc","status":"publish","type":"product","link":"https:\/\/lecochonsavant.com\/en\/product\/monogramme-lcs-blanc\/","title":{"rendered":"Monogramme LCS Blanc"},"content":{"rendered":"<p data-start=\"208\" data-end=\"492\"><img decoding=\"async\" class=\"alignnone  wp-image-32586\" src=\"https:\/\/lecochonsavant.com\/wp-content\/uploads\/2025\/11\/rabais-20-300x41.jpg\" alt=\"\" width=\"351\" height=\"48\" srcset=\"https:\/\/lecochonsavant.com\/wp-content\/uploads\/2025\/11\/rabais-20-300x41.jpg 300w, https:\/\/lecochonsavant.com\/wp-content\/uploads\/2025\/11\/rabais-20-64x9.jpg 64w, https:\/\/lecochonsavant.com\/wp-content\/uploads\/2025\/11\/rabais-20.jpg 528w\" sizes=\"(max-width: 351px) 100vw, 351px\" \/><\/p>\n<p data-start=\"208\" data-end=\"492\">La signature d\u2019une maison.<br data-start=\"234\" data-end=\"237\" \/>La collection <strong data-start=\"251\" data-end=\"269\">Monogramme LCS<\/strong> incarne la quintessence du style <strong data-start=\"303\" data-end=\"323\">Le Cochon Savant<\/strong> \u2014 sobre, sensuelle et \u00e9l\u00e9gante.<br data-start=\"355\" data-end=\"358\" \/>Le logo entrelac\u00e9 <strong data-start=\"376\" data-end=\"383\">LCS<\/strong>, con\u00e7u comme une calligraphie contemporaine, c\u00e9l\u00e8bre l\u2019union du savoir et du d\u00e9sir, de l\u2019esprit et du corps.<\/p>\n<p data-start=\"494\" data-end=\"793\">Imprim\u00e9 sur des t-shirts <strong data-start=\"519\" data-end=\"542\">100 % coton premium<\/strong>, le monogramme devient une marque de reconnaissance, un sceau de sophistication pour les esprits libres et les esth\u00e8tes discrets.<br data-start=\"672\" data-end=\"675\" \/>Chaque pi\u00e8ce affirme une identit\u00e9 : audacieuse mais raffin\u00e9e, intellectuelle sans jamais se prendre trop au s\u00e9rieux.<\/p>\n<p data-start=\"795\" data-end=\"1002\">Disponible en <strong data-start=\"809\" data-end=\"842\">blanc, noir et rouge cardinal<\/strong>, chaque mod\u00e8le refl\u00e8te une humeur :<br data-start=\"878\" data-end=\"881\" \/>\u2013 <strong data-start=\"883\" data-end=\"891\">Noir<\/strong> pour la force et la nuit.<br data-start=\"917\" data-end=\"920\" \/>\u2013 <strong data-start=\"922\" data-end=\"931\">Blanc<\/strong> pour la puret\u00e9 et l\u2019ironie.<br data-start=\"959\" data-end=\"962\" \/>\u2013 <strong data-start=\"964\" data-end=\"973\">Rouge<\/strong> pour la passion et le jeu.<\/p>\n<p data-start=\"1004\" data-end=\"1169\">Sur la manche, la signature <strong data-start=\"1032\" data-end=\"1052\">Le Cochon Savant<\/strong> scelle l\u2019appartenance \u00e0 une maison o\u00f9 l\u2019intelligence se m\u00eale au plaisir, et o\u00f9 chaque v\u00eatement devient un manifeste.<\/p>","protected":false},"excerpt":{"rendered":"<p>Monogramme LCS Blanc<\/p>","protected":false},"featured_media":24532,"comment_status":"open","ping_status":"closed","template":"","meta":{"nf_dc_page":"","_bbp_topic_count":0,"_bbp_reply_count":0,"_bbp_total_topic_count":0,"_bbp_total_reply_count":0,"_bbp_voice_count":0,"_bbp_anonymous_reply_count":0,"_bbp_topic_count_hidden":0,"_bbp_reply_count_hidden":0,"_bbp_forum_subforum_count":0,"jetpack_publicize_message":"","jetpack_publicize_feature_enabled":true,"jetpack_social_post_already_shared":true,"jetpack_social_options":{"image_generator_settings":{"template":"highway","default_image_id":0,"font":"","enabled":false},"version":2}},"product_brand":[109],"product_cat":[116],"product_tag":[473],"class_list":{"0":"post-24531","1":"product","2":"type-product","3":"status-publish","4":"has-post-thumbnail","6":"product_brand-cochon-savant","7":"product_cat-t-shirt","8":"product_tag-t-shirt-censure","10":"first","11":"instock","12":"taxable","13":"shipping-taxable","14":"product-type-variable"},"jetpack_publicize_connections":[],"_links":{"self":[{"href":"https:\/\/lecochonsavant.com\/en\/wp-json\/wp\/v2\/product\/24531","targetHints":{"allow":["GET"]}}],"collection":[{"href":"https:\/\/lecochonsavant.com\/en\/wp-json\/wp\/v2\/product"}],"about":[{"href":"https:\/\/lecochonsavant.com\/en\/wp-json\/wp\/v2\/types\/product"}],"replies":[{"embeddable":true,"href":"https:\/\/lecochonsavant.com\/en\/wp-json\/wp\/v2\/comments?post=24531"}],"wp:featuredmedia":[{"embeddable":true,"href":"https:\/\/lecochonsavant.com\/en\/wp-json\/wp\/v2\/media\/24532"}],"wp:attachment":[{"href":"https:\/\/lecochonsavant.com\/en\/wp-json\/wp\/v2\/media?parent=24531"}],"wp:term":[{"taxonomy":"product_brand","embeddable":true,"href":"https:\/\/lecochonsavant.com\/en\/wp-json\/wp\/v2\/product_brand?post=24531"},{"taxonomy":"product_cat","embeddable":true,"href":"https:\/\/lecochonsavant.com\/en\/wp-json\/wp\/v2\/product_cat?post=24531"},{"taxonomy":"product_tag","embeddable":true,"href":"https:\/\/lecochonsavant.com\/en\/wp-json\/wp\/v2\/product_tag?post=24531"}],"curies":[{"name":"wp","href":"https:\/\/api.w.org\/{rel}","templated":true}]}}