{"id":24534,"date":"2025-10-06T18:52:56","date_gmt":"2025-10-06T22:52:56","guid":{"rendered":"https:\/\/lecochonsavant.com\/?post_type=product&#038;p=24534"},"modified":"2025-10-06T18:52:57","modified_gmt":"2025-10-06T22:52:57","slug":"le-camping-le-machine-a-voyager-dans-le-temps-premiere-edition-limitte","status":"publish","type":"product","link":"https:\/\/lecochonsavant.com\/en\/product\/le-camping-le-machine-a-voyager-dans-le-temps-premiere-edition-limitte\/","title":{"rendered":"Le Camping &#8221;Le Machine \u00e0 voyager dans le temps&#8221; Premi\u00e8re \u00e9dition limitt\u00e9"},"content":{"rendered":"<p><strong data-start=\"120\" data-end=\"176\">D\u00e9couvrez notre groupe de campeurs gays et retrait\u00e9s<\/strong> dans cette premi\u00e8re aventure du <em data-start=\"209\" data-end=\"218\">Camping La Machine \u00e0 voyager dans le temps<\/em>, disponible gratuitement en version num\u00e9rique dans la section <strong data-start=\"281\" data-end=\"292\">Contenu<\/strong>, mais aussi en <strong data-start=\"308\" data-end=\"336\">\u00e9dition limit\u00e9e imprim\u00e9e<\/strong>, nue, \u00e9rotique et d\u00e9dicac\u00e9e. La version imprim\u00e9e est pr\u00e9sent\u00e9e au <strong data-start=\"405\" data-end=\"438\">format album (21,6 \u00d7 27,9 cm)<\/strong>, avec encore <strong data-start=\"452\" data-end=\"487\">plus d\u2019illustrations exclusives<\/strong>.<\/p>","protected":false},"excerpt":{"rendered":"<p>Le Camping &#8221;Le Machine \u00e0 voyager dans le temps&#8221; Premi\u00e8re \u00e9dition limitt\u00e9<\/p>","protected":false},"featured_media":24536,"comment_status":"open","ping_status":"closed","template":"","meta":{"nf_dc_page":"","_bbp_topic_count":0,"_bbp_reply_count":0,"_bbp_total_topic_count":0,"_bbp_total_reply_count":0,"_bbp_voice_count":0,"_bbp_anonymous_reply_count":0,"_bbp_topic_count_hidden":0,"_bbp_reply_count_hidden":0,"_bbp_forum_subforum_count":0,"jetpack_publicize_message":"","jetpack_publicize_feature_enabled":true,"jetpack_social_post_already_shared":true,"jetpack_social_options":{"image_generator_settings":{"template":"highway","default_image_id":0,"font":"","enabled":false},"version":2}},"product_brand":[109],"product_cat":[160],"product_tag":[161],"class_list":{"0":"post-24534","1":"product","2":"type-product","3":"status-publish","4":"has-post-thumbnail","6":"product_brand-cochon-savant","7":"product_cat-livre","8":"product_tag-livre","10":"first","11":"instock","12":"taxable","13":"shipping-taxable","14":"purchasable","15":"product-type-simple"},"jetpack_publicize_connections":[],"_links":{"self":[{"href":"https:\/\/lecochonsavant.com\/en\/wp-json\/wp\/v2\/product\/24534","targetHints":{"allow":["GET"]}}],"collection":[{"href":"https:\/\/lecochonsavant.com\/en\/wp-json\/wp\/v2\/product"}],"about":[{"href":"https:\/\/lecochonsavant.com\/en\/wp-json\/wp\/v2\/types\/product"}],"replies":[{"embeddable":true,"href":"https:\/\/lecochonsavant.com\/en\/wp-json\/wp\/v2\/comments?post=24534"}],"wp:featuredmedia":[{"embeddable":true,"href":"https:\/\/lecochonsavant.com\/en\/wp-json\/wp\/v2\/media\/24536"}],"wp:attachment":[{"href":"https:\/\/lecochonsavant.com\/en\/wp-json\/wp\/v2\/media?parent=24534"}],"wp:term":[{"taxonomy":"product_brand","embeddable":true,"href":"https:\/\/lecochonsavant.com\/en\/wp-json\/wp\/v2\/product_brand?post=24534"},{"taxonomy":"product_cat","embeddable":true,"href":"https:\/\/lecochonsavant.com\/en\/wp-json\/wp\/v2\/product_cat?post=24534"},{"taxonomy":"product_tag","embeddable":true,"href":"https:\/\/lecochonsavant.com\/en\/wp-json\/wp\/v2\/product_tag?post=24534"}],"curies":[{"name":"wp","href":"https:\/\/api.w.org\/{rel}","templated":true}]}}