{"id":24540,"date":"2025-10-06T19:00:23","date_gmt":"2025-10-06T23:00:23","guid":{"rendered":"https:\/\/lecochonsavant.com\/?post_type=product&#038;p=24540"},"modified":"2025-10-06T19:00:24","modified_gmt":"2025-10-06T23:00:24","slug":"histoires-cochonnes-volumes-1-et-deux-combines","status":"publish","type":"product","link":"https:\/\/lecochonsavant.com\/en\/product\/histoires-cochonnes-volumes-1-et-deux-combines\/","title":{"rendered":"Histoires Cochonnes Volumes 1 et deux combin\u00e9s"},"content":{"rendered":"<p data-start=\"158\" data-end=\"464\">Retrouvez les deux premiers volumes de <strong data-start=\"197\" data-end=\"224\">Les Histoires Cochonnes<\/strong> r\u00e9unis dans une \u00e9dition de collection.<br data-start=\"263\" data-end=\"266\" \/>Les volumes individuels sont disponibles en version num\u00e9rique dans la section <strong data-start=\"344\" data-end=\"355\">Contenu<\/strong>, mais cette <strong data-start=\"368\" data-end=\"388\">version imprim\u00e9e<\/strong> offre <strong data-start=\"395\" data-end=\"424\">davantage d\u2019illustrations<\/strong> et quelques <strong data-start=\"437\" data-end=\"461\" data-is-only-node=\"\">surprises exclusives<\/strong>.<\/p>\n<p data-start=\"466\" data-end=\"689\">\u00c9dit\u00e9e en <strong data-start=\"476\" data-end=\"514\">\u00e9dition limit\u00e9e \u2013 Premi\u00e8re \u00c9dition<\/strong>, chaque exemplaire est <strong data-start=\"538\" data-end=\"568\">d\u00e9dicac\u00e9 par Gaby de Gasp\u00e9<\/strong>.<br data-start=\"569\" data-end=\"572\" \/>Format <strong data-start=\"579\" data-end=\"605\">album (21,6 \u00d7 27,9 cm)<\/strong>, papier de qualit\u00e9 et finition soign\u00e9e \u2014 une pi\u00e8ce \u00e0 savourer et \u00e0 collectionner.<\/p>","protected":false},"excerpt":{"rendered":"<p>Histoires Cochonnes Volumes 1 et deux combin\u00e9s<\/p>","protected":false},"featured_media":24542,"comment_status":"open","ping_status":"closed","template":"","meta":{"nf_dc_page":"","_bbp_topic_count":0,"_bbp_reply_count":0,"_bbp_total_topic_count":0,"_bbp_total_reply_count":0,"_bbp_voice_count":0,"_bbp_anonymous_reply_count":0,"_bbp_topic_count_hidden":0,"_bbp_reply_count_hidden":0,"_bbp_forum_subforum_count":0,"jetpack_publicize_message":"","jetpack_publicize_feature_enabled":true,"jetpack_social_post_already_shared":true,"jetpack_social_options":{"image_generator_settings":{"template":"highway","default_image_id":0,"font":"","enabled":false},"version":2}},"product_brand":[109],"product_cat":[160],"product_tag":[163,161],"class_list":{"0":"post-24540","1":"product","2":"type-product","3":"status-publish","4":"has-post-thumbnail","6":"product_brand-cochon-savant","7":"product_cat-livre","8":"product_tag-histoires-cochonnes","9":"product_tag-livre","11":"first","12":"instock","13":"taxable","14":"shipping-taxable","15":"purchasable","16":"product-type-simple"},"jetpack_publicize_connections":[],"_links":{"self":[{"href":"https:\/\/lecochonsavant.com\/en\/wp-json\/wp\/v2\/product\/24540","targetHints":{"allow":["GET"]}}],"collection":[{"href":"https:\/\/lecochonsavant.com\/en\/wp-json\/wp\/v2\/product"}],"about":[{"href":"https:\/\/lecochonsavant.com\/en\/wp-json\/wp\/v2\/types\/product"}],"replies":[{"embeddable":true,"href":"https:\/\/lecochonsavant.com\/en\/wp-json\/wp\/v2\/comments?post=24540"}],"wp:featuredmedia":[{"embeddable":true,"href":"https:\/\/lecochonsavant.com\/en\/wp-json\/wp\/v2\/media\/24542"}],"wp:attachment":[{"href":"https:\/\/lecochonsavant.com\/en\/wp-json\/wp\/v2\/media?parent=24540"}],"wp:term":[{"taxonomy":"product_brand","embeddable":true,"href":"https:\/\/lecochonsavant.com\/en\/wp-json\/wp\/v2\/product_brand?post=24540"},{"taxonomy":"product_cat","embeddable":true,"href":"https:\/\/lecochonsavant.com\/en\/wp-json\/wp\/v2\/product_cat?post=24540"},{"taxonomy":"product_tag","embeddable":true,"href":"https:\/\/lecochonsavant.com\/en\/wp-json\/wp\/v2\/product_tag?post=24540"}],"curies":[{"name":"wp","href":"https:\/\/api.w.org\/{rel}","templated":true}]}}