{"id":24544,"date":"2025-10-06T19:07:44","date_gmt":"2025-10-06T23:07:44","guid":{"rendered":"https:\/\/lecochonsavant.com\/?post_type=product&#038;p=24544"},"modified":"2025-10-06T19:07:45","modified_gmt":"2025-10-06T23:07:45","slug":"histoires-dun-autre-monde-le-porteur","status":"publish","type":"product","link":"https:\/\/lecochonsavant.com\/en\/product\/histoires-dun-autre-monde-le-porteur\/","title":{"rendered":"Histoires d&#8217;un autre monde &#8221;Le porteur&#8221;"},"content":{"rendered":"<p data-start=\"179\" data-end=\"498\">Entrez dans un univers <strong data-start=\"202\" data-end=\"253\">fascinant, effrayant et d\u00e9licieusement \u00e9rotique<\/strong> \u00e0 travers cette premi\u00e8re aventure de la s\u00e9rie <em data-start=\"300\" data-end=\"328\">Histoires d\u2019un autre monde<\/em>.<br data-start=\"329\" data-end=\"332\" \/>Cette <strong data-start=\"338\" data-end=\"358\">\u00e9dition imprim\u00e9e<\/strong> inclut \u00e9galement <em data-start=\"376\" data-end=\"390\">Les Succubes<\/em>, une autre aventure de la collection, pour une immersion encore plus profonde dans cet univers troublant.<\/p>\n<p data-start=\"500\" data-end=\"626\">Tirage <strong data-start=\"507\" data-end=\"517\">limit\u00e9<\/strong>, format <strong data-start=\"526\" data-end=\"552\">album (21,6 \u00d7 27,9 cm)<\/strong> \u2014 une pi\u00e8ce rare pour les amateurs de beaut\u00e9, de myst\u00e8re et de volupt\u00e9.<\/p>","protected":false},"excerpt":{"rendered":"<p>Histoires d&#8217;un autre monde &#8221;Le porteur&#8221;<\/p>","protected":false},"featured_media":24546,"comment_status":"open","ping_status":"closed","template":"","meta":{"nf_dc_page":"","_bbp_topic_count":0,"_bbp_reply_count":0,"_bbp_total_topic_count":0,"_bbp_total_reply_count":0,"_bbp_voice_count":0,"_bbp_anonymous_reply_count":0,"_bbp_topic_count_hidden":0,"_bbp_reply_count_hidden":0,"_bbp_forum_subforum_count":0,"jetpack_publicize_message":"","jetpack_publicize_feature_enabled":true,"jetpack_social_post_already_shared":true,"jetpack_social_options":{"image_generator_settings":{"template":"highway","default_image_id":0,"font":"","enabled":false},"version":2}},"product_brand":[109],"product_cat":[160],"product_tag":[474,161],"class_list":{"0":"post-24544","1":"product","2":"type-product","3":"status-publish","4":"has-post-thumbnail","6":"product_brand-cochon-savant","7":"product_cat-livre","8":"product_tag-le-porteur","9":"product_tag-livre","11":"first","12":"instock","13":"taxable","14":"shipping-taxable","15":"purchasable","16":"product-type-simple"},"jetpack_publicize_connections":[],"_links":{"self":[{"href":"https:\/\/lecochonsavant.com\/en\/wp-json\/wp\/v2\/product\/24544","targetHints":{"allow":["GET"]}}],"collection":[{"href":"https:\/\/lecochonsavant.com\/en\/wp-json\/wp\/v2\/product"}],"about":[{"href":"https:\/\/lecochonsavant.com\/en\/wp-json\/wp\/v2\/types\/product"}],"replies":[{"embeddable":true,"href":"https:\/\/lecochonsavant.com\/en\/wp-json\/wp\/v2\/comments?post=24544"}],"wp:featuredmedia":[{"embeddable":true,"href":"https:\/\/lecochonsavant.com\/en\/wp-json\/wp\/v2\/media\/24546"}],"wp:attachment":[{"href":"https:\/\/lecochonsavant.com\/en\/wp-json\/wp\/v2\/media?parent=24544"}],"wp:term":[{"taxonomy":"product_brand","embeddable":true,"href":"https:\/\/lecochonsavant.com\/en\/wp-json\/wp\/v2\/product_brand?post=24544"},{"taxonomy":"product_cat","embeddable":true,"href":"https:\/\/lecochonsavant.com\/en\/wp-json\/wp\/v2\/product_cat?post=24544"},{"taxonomy":"product_tag","embeddable":true,"href":"https:\/\/lecochonsavant.com\/en\/wp-json\/wp\/v2\/product_tag?post=24544"}],"curies":[{"name":"wp","href":"https:\/\/api.w.org\/{rel}","templated":true}]}}