{"id":24552,"date":"2025-10-06T19:31:29","date_gmt":"2025-10-06T23:31:29","guid":{"rendered":"https:\/\/lecochonsavant.com\/?post_type=product&#038;p=24552"},"modified":"2025-12-02T00:27:53","modified_gmt":"2025-12-02T05:27:53","slug":"eden-sans-eve-2","status":"publish","type":"product","link":"https:\/\/lecochonsavant.com\/en\/product\/eden-sans-eve-2\/","title":{"rendered":"Eden sans \u00c8ve 2"},"content":{"rendered":"<p data-start=\"167\" data-end=\"225\"><img decoding=\"async\" class=\"alignnone  wp-image-32799\" src=\"https:\/\/lecochonsavant.com\/wp-content\/uploads\/2025\/10\/rabais-30-300x41.jpg\" alt=\"\" width=\"351\" height=\"48\" srcset=\"https:\/\/lecochonsavant.com\/wp-content\/uploads\/2025\/10\/rabais-30-300x41.jpg 300w, https:\/\/lecochonsavant.com\/wp-content\/uploads\/2025\/10\/rabais-30-64x9.jpg 64w, https:\/\/lecochonsavant.com\/wp-content\/uploads\/2025\/10\/rabais-30.jpg 528w\" sizes=\"(max-width: 351px) 100vw, 351px\" \/><\/p>\n<p data-start=\"167\" data-end=\"225\"><em data-start=\"167\" data-end=\"225\">L\u2019Adam m\u00e9ditatif qu\u2019on n\u2019a jamais eu\u2026 et qu\u2019on m\u00e9ritait.<\/em><\/p>\n<p data-start=\"227\" data-end=\"389\">Dans ce second volet de <strong data-start=\"251\" data-end=\"268\">Eden sans \u00c8ve<\/strong>, Adam s\u2019installe en position de m\u00e9ditation \u2014<br data-start=\"313\" data-end=\"316\" \/>mais ne t\u2019y trompe pas : <strong data-start=\"341\" data-end=\"389\">la s\u00e9r\u00e9nit\u00e9 n\u2019a jamais \u00e9t\u00e9 aussi provocante.<\/strong><\/p>\n<p data-start=\"391\" data-end=\"586\">Sous sa cloche de verre, il semble sage, pos\u00e9, presque spirituel\u2026<br data-start=\"456\" data-end=\"459\" \/>Jusqu\u2019\u00e0 ce que ton regard glisse un peu plus bas et r\u00e9alise que <strong data-start=\"523\" data-end=\"586\">la nature s\u2019amuse \u00e0 le couvrir juste assez\u2026 et jamais plus.<\/strong><\/p>\n<p data-start=\"588\" data-end=\"851\">Dans ce jardin sans interdits :<br data-start=\"619\" data-end=\"622\" \/>\ud83c\udf3f les feuilles poussent timidement, comme si elles h\u00e9sitaient entre cacher et r\u00e9v\u00e9ler<br data-start=\"708\" data-end=\"711\" \/>\ud83c\udf3f la mousse et les pierres forment un tr\u00f4ne primitif, presque sensuel<br data-start=\"781\" data-end=\"784\" \/>\ud83c\udf3f et Adam, lui, respire une tranquillit\u00e9\u2026 dangereusement attirante<\/p>\n<p data-start=\"853\" data-end=\"978\">C\u2019est une pi\u00e8ce qui parle de :<br data-start=\"883\" data-end=\"886\" \/>\u2728 libert\u00e9<br data-start=\"895\" data-end=\"898\" \/>\u2728 corps assum\u00e9<br data-start=\"912\" data-end=\"915\" \/>\u2728 humour divin<br data-start=\"929\" data-end=\"932\" \/>\u2728 contemplation\u2026 un tout petit peu charnelle<\/p>\n<p data-start=\"980\" data-end=\"1231\">Un objet d\u00e9co id\u00e9al pour :<br data-start=\"1006\" data-end=\"1009\" \/>\ud83d\udd25 les amateurs d\u2019art queer<br data-start=\"1036\" data-end=\"1039\" \/>\ud83d\udd25 ceux qui savent que le mythe a toujours \u00e9t\u00e9 incomplet<br data-start=\"1095\" data-end=\"1098\" \/>\ud83d\udd25 ceux qui pr\u00e9f\u00e8rent Adam <em data-start=\"1125\" data-end=\"1159\">sans distractions h\u00e9t\u00e9rocentr\u00e9es<\/em><br data-start=\"1159\" data-end=\"1162\" \/>\ud83d\udd25 ceux qui aiment les pi\u00e8ces qui font parler (et rougir) les invit\u00e9s<\/p>\n<p data-start=\"1233\" data-end=\"1372\">Eden sans \u00c8ve 2, c\u2019est la version m\u00e9ditative de la tentation :<br data-start=\"1295\" data-end=\"1298\" \/><strong data-start=\"1298\" data-end=\"1372\">un Adam qui ne bouge pas, mais qui fait penser \u00e0 \u00e9norm\u00e9ment de choses.<\/strong><\/p>\n<p data-start=\"143\" data-end=\"161\"><strong data-start=\"143\" data-end=\"159\">Pi\u00e8ce unique<\/strong><\/p>\n<p data-start=\"163\" data-end=\"462\">Sculpture r\u00e9alis\u00e9e \u00e0 partir d\u2019un <strong data-start=\"196\" data-end=\"235\">personnage imprim\u00e9 en 3D (FLA bois)<\/strong>, mont\u00e9e sous un <strong data-start=\"252\" data-end=\"293\">d\u00f4me en plastique recouvert de r\u00e9sine<\/strong>.<br data-start=\"294\" data-end=\"297\" \/>Chaque d\u00e9tail \u2014 du socle orn\u00e9 de <strong data-start=\"330\" data-end=\"371\">pierres naturelles et mousse v\u00e9g\u00e9tale<\/strong> \u00e0 la posture du personnage \u2014 \u00e9voque la tension entre la nature, le d\u00e9sir et la solitude.<\/p>\n<p data-start=\"464\" data-end=\"609\"><strong data-start=\"464\" data-end=\"480\">Dimensions :<\/strong> hauteur 28 cm \u00b7 diam\u00e8tre 22 cm<br data-start=\"511\" data-end=\"514\" \/>Une \u0153uvre rare et captivante, \u00e0 mi-chemin entre <strong data-start=\"562\" data-end=\"606\">l\u2019\u00e9rotisme et la contemplation botanique<\/strong>.<\/p>","protected":false},"excerpt":{"rendered":"<p>Sculpture r\u00e9alis\u00e9e \u00e0 partir d\u2019un <strong data-start=\"196\" data-end=\"235\">personnage imprim\u00e9 en 3D (FLA bois)<\/strong>, mont\u00e9e sous un <strong data-start=\"252\" data-end=\"293\">d\u00f4me en plastique recouvert de r\u00e9sine<\/strong>.<\/p>","protected":false},"featured_media":24553,"comment_status":"open","ping_status":"closed","template":"","meta":{"nf_dc_page":"","_bbp_topic_count":0,"_bbp_reply_count":0,"_bbp_total_topic_count":0,"_bbp_total_reply_count":0,"_bbp_voice_count":0,"_bbp_anonymous_reply_count":0,"_bbp_topic_count_hidden":0,"_bbp_reply_count_hidden":0,"_bbp_forum_subforum_count":0,"jetpack_publicize_message":"","jetpack_publicize_feature_enabled":true,"jetpack_social_post_already_shared":true,"jetpack_social_options":{"image_generator_settings":{"template":"highway","default_image_id":0,"font":"","enabled":false},"version":2}},"product_brand":[109],"product_cat":[475],"product_tag":[476],"class_list":{"0":"post-24552","1":"product","2":"type-product","3":"status-publish","4":"has-post-thumbnail","6":"product_brand-cochon-savant","7":"product_cat-art","8":"product_tag-art-sculpture","10":"first","11":"instock","12":"taxable","13":"shipping-taxable","14":"purchasable","15":"product-type-simple"},"jetpack_publicize_connections":[],"_links":{"self":[{"href":"https:\/\/lecochonsavant.com\/en\/wp-json\/wp\/v2\/product\/24552","targetHints":{"allow":["GET"]}}],"collection":[{"href":"https:\/\/lecochonsavant.com\/en\/wp-json\/wp\/v2\/product"}],"about":[{"href":"https:\/\/lecochonsavant.com\/en\/wp-json\/wp\/v2\/types\/product"}],"replies":[{"embeddable":true,"href":"https:\/\/lecochonsavant.com\/en\/wp-json\/wp\/v2\/comments?post=24552"}],"wp:featuredmedia":[{"embeddable":true,"href":"https:\/\/lecochonsavant.com\/en\/wp-json\/wp\/v2\/media\/24553"}],"wp:attachment":[{"href":"https:\/\/lecochonsavant.com\/en\/wp-json\/wp\/v2\/media?parent=24552"}],"wp:term":[{"taxonomy":"product_brand","embeddable":true,"href":"https:\/\/lecochonsavant.com\/en\/wp-json\/wp\/v2\/product_brand?post=24552"},{"taxonomy":"product_cat","embeddable":true,"href":"https:\/\/lecochonsavant.com\/en\/wp-json\/wp\/v2\/product_cat?post=24552"},{"taxonomy":"product_tag","embeddable":true,"href":"https:\/\/lecochonsavant.com\/en\/wp-json\/wp\/v2\/product_tag?post=24552"}],"curies":[{"name":"wp","href":"https:\/\/api.w.org\/{rel}","templated":true}]}}