{"id":24561,"date":"2025-10-06T19:38:59","date_gmt":"2025-10-06T23:38:59","guid":{"rendered":"https:\/\/lecochonsavant.com\/?post_type=product&#038;p=24561"},"modified":"2025-12-02T00:27:21","modified_gmt":"2025-12-02T05:27:21","slug":"eden-sans-eve-3","status":"publish","type":"product","link":"https:\/\/lecochonsavant.com\/en\/product\/eden-sans-eve-3\/","title":{"rendered":"Eden sans \u00c8ve 3"},"content":{"rendered":"<p data-start=\"234\" data-end=\"288\"><img decoding=\"async\" class=\"alignnone  wp-image-32799\" src=\"https:\/\/lecochonsavant.com\/wp-content\/uploads\/2025\/10\/rabais-30-300x41.jpg\" alt=\"\" width=\"351\" height=\"48\" srcset=\"https:\/\/lecochonsavant.com\/wp-content\/uploads\/2025\/10\/rabais-30-300x41.jpg 300w, https:\/\/lecochonsavant.com\/wp-content\/uploads\/2025\/10\/rabais-30-64x9.jpg 64w, https:\/\/lecochonsavant.com\/wp-content\/uploads\/2025\/10\/rabais-30.jpg 528w\" sizes=\"(max-width: 351px) 100vw, 351px\" \/><\/p>\n<p data-start=\"234\" data-end=\"288\"><em data-start=\"234\" data-end=\"288\">Le Jardin d\u2019Eden\u2026 mais version cuir et mauvais ange.<\/em><\/p>\n<p data-start=\"290\" data-end=\"557\">Voici la troisi\u00e8me incarnation d\u2019<strong data-start=\"323\" data-end=\"340\">Eden sans \u00c8ve<\/strong>, et cette fois, oublie compl\u00e8tement l\u2019id\u00e9e d\u2019un Adam sage.<br data-start=\"399\" data-end=\"402\" \/>Ici, on a affaire \u00e0 <strong data-start=\"422\" data-end=\"441\">l\u2019Adam indompt\u00e9<\/strong>, celui qui aurait clairement n\u00e9goci\u00e9 une clause \u201clibert\u00e9 totale\u201d avant de signer quoi que ce soit avec le Cr\u00e9ateur.<\/p>\n<p data-start=\"559\" data-end=\"706\">Sous sa cloche de verre, il tr\u00f4ne comme un dieu pa\u00efen :<br data-start=\"614\" data-end=\"617\" \/>\ud83d\udd25 bottes montantes<br data-start=\"636\" data-end=\"639\" \/>\ud83d\udd25 harnais<br data-start=\"649\" data-end=\"652\" \/>\ud83d\udd25 attitude \u201cje suis la tentation ET la cons\u00e9quence\u201d<\/p>\n<p data-start=\"708\" data-end=\"1002\">La nature autour semble avoir abandonn\u00e9 toute volont\u00e9 de le cacher :<br data-start=\"776\" data-end=\"779\" \/>\ud83c\udf3f les plantes s\u2019\u00e9cartent comme pour mieux l\u2019admirer<br data-start=\"831\" data-end=\"834\" \/>\ud83c\udf3f la mousse grimpe jusqu\u2019\u00e0 son socle, comme pour dire \u201cje fais ce que je peux\u2026 mais il est trop\u201d<br data-start=\"931\" data-end=\"934\" \/>\ud83c\udf3f les pierres forment un pi\u00e9destal\u2026 presque trop modeste pour lui<\/p>\n<p data-start=\"1004\" data-end=\"1173\">Ce mod\u00e8le respire :<br data-start=\"1023\" data-end=\"1026\" \/>\u2728 la libert\u00e9 queer<br data-start=\"1044\" data-end=\"1047\" \/>\u2728 l\u2019\u00e9nergie brute<br data-start=\"1064\" data-end=\"1067\" \/>\u2728 l\u2019humour coquin<br data-start=\"1084\" data-end=\"1087\" \/>\u2728 et l\u2019assurance de quelqu\u2019un qui n\u2019a jamais attendu l\u2019autorisation pour \u00eatre lui-m\u00eame<\/p>\n<p data-start=\"1175\" data-end=\"1405\">C\u2019est la pi\u00e8ce parfaite pour :<br data-start=\"1205\" data-end=\"1208\" \/>\ud83d\udd25 un salon o\u00f9 on aime provoquer la conversation<br data-start=\"1256\" data-end=\"1259\" \/>\ud83d\udd25 une chambre o\u00f9 l\u2019on ch\u00e9rit les ic\u00f4nes sensuelles<br data-start=\"1310\" data-end=\"1313\" \/>\ud83d\udd25 ou un bureau o\u00f9 tu veux que les gens sachent imm\u00e9diatement que tu n\u2019es pas\u2026 conventionnel<\/p>\n<p data-start=\"1407\" data-end=\"1606\"><strong data-start=\"1407\" data-end=\"1426\">Eden sans \u00c8ve 3<\/strong>, c\u2019est l\u2019Adam version cuir, muscles, assurance et mythe d\u00e9construit.<br data-start=\"1495\" data-end=\"1498\" \/>Une \u0153uvre qui dit :<br data-start=\"1517\" data-end=\"1520\" \/><strong data-start=\"1520\" data-end=\"1606\">\u201cLe paradis n\u2019a jamais eu besoin d\u2019\u00c8ve.<br data-start=\"1561\" data-end=\"1564\" \/>Mais il avait clairement besoin de lui.\u201d<\/strong><\/p>\n<h3 data-start=\"104\" data-end=\"126\"><strong data-start=\"108\" data-end=\"124\">Pi\u00e8ce unique<\/strong><\/h3>\n<p data-start=\"128\" data-end=\"427\">Sculpture r\u00e9alis\u00e9e \u00e0 partir d\u2019un <strong data-start=\"161\" data-end=\"198\">personnage imprim\u00e9 en 3D et peint<\/strong>, mont\u00e9e sous un <strong data-start=\"215\" data-end=\"256\">d\u00f4me en plastique recouvert de r\u00e9sine<\/strong>.<br data-start=\"257\" data-end=\"260\" \/>Chaque d\u00e9tail \u2014 du <strong data-start=\"279\" data-end=\"337\">socle orn\u00e9 de pierres naturelles et de mousse v\u00e9g\u00e9tale<\/strong> \u00e0 la <strong data-start=\"343\" data-end=\"368\">posture du personnage<\/strong> \u2014 \u00e9voque la tension entre <strong data-start=\"395\" data-end=\"424\" data-is-only-node=\"\">nature, d\u00e9sir et solitude<\/strong>.<\/p>\n<p data-start=\"429\" data-end=\"578\"><strong data-start=\"429\" data-end=\"445\">Dimensions :<\/strong> hauteur 20 cm \u00b7 diam\u00e8tre 18 cm<br data-start=\"476\" data-end=\"479\" \/>Une \u0153uvre <strong data-start=\"489\" data-end=\"511\">rare et captivante<\/strong>, \u00e0 mi-chemin entre <strong data-start=\"531\" data-end=\"575\">l\u2019\u00e9rotisme et la contemplation botanique<\/strong>.<\/p>","protected":false},"excerpt":{"rendered":"<p>Eden sans \u00c8ve 3 : Sculpture r\u00e9alis\u00e9e \u00e0 partir d\u2019un <strong data-start=\"196\" data-end=\"235\">personnage imprim\u00e9 en 3D (FLA bois)<\/strong>, mont\u00e9e sous un <strong data-start=\"252\" data-end=\"293\">d\u00f4me en plastique recouvert de r\u00e9sine<\/strong>.<\/p>","protected":false},"featured_media":24562,"comment_status":"open","ping_status":"closed","template":"","meta":{"nf_dc_page":"","_bbp_topic_count":0,"_bbp_reply_count":0,"_bbp_total_topic_count":0,"_bbp_total_reply_count":0,"_bbp_voice_count":0,"_bbp_anonymous_reply_count":0,"_bbp_topic_count_hidden":0,"_bbp_reply_count_hidden":0,"_bbp_forum_subforum_count":0,"jetpack_publicize_message":"","jetpack_publicize_feature_enabled":true,"jetpack_social_post_already_shared":true,"jetpack_social_options":{"image_generator_settings":{"template":"highway","default_image_id":0,"font":"","enabled":false},"version":2}},"product_brand":[109],"product_cat":[475],"product_tag":[476],"class_list":{"0":"post-24561","1":"product","2":"type-product","3":"status-publish","4":"has-post-thumbnail","6":"product_brand-cochon-savant","7":"product_cat-art","8":"product_tag-art-sculpture","10":"first","11":"instock","12":"taxable","13":"shipping-taxable","14":"purchasable","15":"product-type-simple"},"jetpack_publicize_connections":[],"_links":{"self":[{"href":"https:\/\/lecochonsavant.com\/en\/wp-json\/wp\/v2\/product\/24561","targetHints":{"allow":["GET"]}}],"collection":[{"href":"https:\/\/lecochonsavant.com\/en\/wp-json\/wp\/v2\/product"}],"about":[{"href":"https:\/\/lecochonsavant.com\/en\/wp-json\/wp\/v2\/types\/product"}],"replies":[{"embeddable":true,"href":"https:\/\/lecochonsavant.com\/en\/wp-json\/wp\/v2\/comments?post=24561"}],"wp:featuredmedia":[{"embeddable":true,"href":"https:\/\/lecochonsavant.com\/en\/wp-json\/wp\/v2\/media\/24562"}],"wp:attachment":[{"href":"https:\/\/lecochonsavant.com\/en\/wp-json\/wp\/v2\/media?parent=24561"}],"wp:term":[{"taxonomy":"product_brand","embeddable":true,"href":"https:\/\/lecochonsavant.com\/en\/wp-json\/wp\/v2\/product_brand?post=24561"},{"taxonomy":"product_cat","embeddable":true,"href":"https:\/\/lecochonsavant.com\/en\/wp-json\/wp\/v2\/product_cat?post=24561"},{"taxonomy":"product_tag","embeddable":true,"href":"https:\/\/lecochonsavant.com\/en\/wp-json\/wp\/v2\/product_tag?post=24561"}],"curies":[{"name":"wp","href":"https:\/\/api.w.org\/{rel}","templated":true}]}}