{"id":24573,"date":"2025-10-06T19:47:19","date_gmt":"2025-10-06T23:47:19","guid":{"rendered":"https:\/\/lecochonsavant.com\/?post_type=product&#038;p=24573"},"modified":"2025-11-29T21:40:27","modified_gmt":"2025-11-30T02:40:27","slug":"eden-sans-eve-5","status":"publish","type":"product","link":"https:\/\/lecochonsavant.com\/en\/product\/eden-sans-eve-5\/","title":{"rendered":"Eden sans \u00c8ve 5"},"content":{"rendered":"<p data-start=\"208\" data-end=\"274\"><em data-start=\"208\" data-end=\"274\">Quand Adam d\u00e9couvre la sagesse\u2026 et que la sagesse d\u00e9couvre Adam.<\/em><\/p>\n<p data-start=\"276\" data-end=\"522\">Ce cinqui\u00e8me chapitre d\u2019<strong data-start=\"300\" data-end=\"317\">Eden sans \u00c8ve<\/strong> est un petit chef-d\u2019\u0153uvre d\u2019ironie divine :<br data-start=\"361\" data-end=\"364\" \/>Adam, dans toute sa splendeur terrestre, assis juste \u00e0 c\u00f4t\u00e9 d\u2019un Bouddha dor\u00e9 \u2014<br data-start=\"443\" data-end=\"446\" \/>Comme si le calme absolu avait accept\u00e9 de cohabiter avec le trouble incarn\u00e9.<\/p>\n<p data-start=\"524\" data-end=\"637\">Sous la cloche, l\u2019ambiance est claire :<br data-start=\"563\" data-end=\"566\" \/>\ud83e\uddd8 Le Bouddha m\u00e9dite.<br data-start=\"587\" data-end=\"590\" \/>\ud83c\udf51 Adam aussi\u2026 mais pas pour les m\u00eames raisons.<\/p>\n<p data-start=\"639\" data-end=\"918\">Ce duo improbable cr\u00e9e une sc\u00e8ne d\u00e9licieusement ambigu\u00eb :<br data-start=\"696\" data-end=\"699\" \/>\ud83c\udf3f la nature pousse entre eux comme pour adoucir le contraste<br data-start=\"760\" data-end=\"763\" \/>\u2728 l\u2019or sacr\u00e9 du Bouddha met en valeur la chair d\u2019Adam<br data-start=\"816\" data-end=\"819\" \/>\ud83d\udcab et le socle de pierres illumine toute la sc\u00e8ne d\u2019une aura \u00e9trange, presque sacr\u00e9e\u2026 mais pas trop<\/p>\n<p data-start=\"920\" data-end=\"1110\">On dirait un conte spirituel racont\u00e9 par quelqu\u2019un qui a pass\u00e9 trop de temps au Cochon Savant :<br data-start=\"1015\" data-end=\"1018\" \/>une fable o\u00f9 le sage enseigne la paix,<br data-start=\"1056\" data-end=\"1059\" \/>et o\u00f9 Adam enseigne\u2026 <em data-start=\"1080\" data-end=\"1110\">d\u2019autres formes de s\u00e9r\u00e9nit\u00e9.<\/em><\/p>\n<p data-start=\"1112\" data-end=\"1248\">Ce mod\u00e8le invite \u00e0 sourire, \u00e0 r\u00e9fl\u00e9chir,<br data-start=\"1152\" data-end=\"1155\" \/>et surtout \u00e0 se dire :<br data-start=\"1177\" data-end=\"1180\" \/><strong data-start=\"1180\" data-end=\"1248\">\u201cM\u00eame dans l\u2019illumination, il y a toujours un peu de tentation.\u201d<\/strong><\/p>\n<p data-start=\"1250\" data-end=\"1549\">Une \u0153uvre parfaite pour :<br data-start=\"1275\" data-end=\"1278\" \/>\ud83d\udd25 ceux qui aiment m\u00e9langer le sacr\u00e9 et le profane<br data-start=\"1328\" data-end=\"1331\" \/>\ud83d\udd25 ceux qui savent qu\u2019un beau gar\u00e7on peut \u00eatre une forme de m\u00e9ditation<br data-start=\"1401\" data-end=\"1404\" \/>\ud83d\udd25 les amateurs d\u2019art queer, humoristique et profond\u00e9ment humain<br data-start=\"1468\" data-end=\"1471\" \/>\ud83d\udd25 les espaces o\u00f9 l\u2019on assume que la spiritualit\u00e9 peut aussi \u00eatre\u2026 sensorielle<\/p>\n<p data-start=\"1551\" data-end=\"1647\"><strong data-start=\"1551\" data-end=\"1570\">Eden sans \u00c8ve 5<\/strong>, c\u2019est la rencontre entre la paix int\u00e9rieure<br data-start=\"1615\" data-end=\"1618\" \/>et le trouble tr\u00e8s ext\u00e9rieur.<\/p>\n<h3 data-start=\"104\" data-end=\"126\"><strong data-start=\"108\" data-end=\"124\">Pi\u00e8ce unique<\/strong><\/h3>\n<p data-start=\"128\" data-end=\"427\">Sculpture r\u00e9alis\u00e9e \u00e0 partir d\u2019un <strong data-start=\"161\" data-end=\"198\">personnage imprim\u00e9 en 3D et peint<\/strong>, mont\u00e9e sous un <strong data-start=\"215\" data-end=\"256\">d\u00f4me en plastique recouvert de r\u00e9sine<\/strong>.<br data-start=\"257\" data-end=\"260\" \/>Chaque d\u00e9tail \u2014 du <strong data-start=\"279\" data-end=\"337\">socle orn\u00e9 de pierres naturelles et de mousse v\u00e9g\u00e9tale<\/strong> \u00e0 la <strong data-start=\"343\" data-end=\"368\">posture du personnage<\/strong> \u2014 \u00e9voque la tension entre <strong data-start=\"395\" data-end=\"424\" data-is-only-node=\"\">nature, d\u00e9sir et solitude<\/strong>.<\/p>\n<p data-start=\"429\" data-end=\"578\"><strong data-start=\"429\" data-end=\"445\">Dimensions :<\/strong> hauteur 20 cm \u00b7 diam\u00e8tre 18 cm<br data-start=\"476\" data-end=\"479\" \/>Une \u0153uvre <strong data-start=\"489\" data-end=\"511\">rare et captivante<\/strong>, \u00e0 mi-chemin entre <strong data-start=\"531\" data-end=\"575\">l\u2019\u00e9rotisme et la contemplation botanique<\/strong>.<\/p>","protected":false},"excerpt":{"rendered":"<p>Sculpture r\u00e9alis\u00e9e \u00e0 partir d\u2019un <strong data-start=\"161\" data-end=\"198\">personnage imprim\u00e9 en 3D et peint<\/strong>, mont\u00e9e sous un <strong data-start=\"215\" data-end=\"256\">d\u00f4me en plastique recouvert de r\u00e9sine<\/strong>.<\/p>","protected":false},"featured_media":24574,"comment_status":"open","ping_status":"closed","template":"","meta":{"nf_dc_page":"","_bbp_topic_count":0,"_bbp_reply_count":0,"_bbp_total_topic_count":0,"_bbp_total_reply_count":0,"_bbp_voice_count":0,"_bbp_anonymous_reply_count":0,"_bbp_topic_count_hidden":0,"_bbp_reply_count_hidden":0,"_bbp_forum_subforum_count":0,"jetpack_publicize_message":"","jetpack_publicize_feature_enabled":true,"jetpack_social_post_already_shared":true,"jetpack_social_options":{"image_generator_settings":{"template":"highway","default_image_id":0,"font":"","enabled":false},"version":2}},"product_brand":[109],"product_cat":[475],"product_tag":[476],"class_list":{"0":"post-24573","1":"product","2":"type-product","3":"status-publish","4":"has-post-thumbnail","6":"product_brand-cochon-savant","7":"product_cat-art","8":"product_tag-art-sculpture","10":"first","11":"instock","12":"taxable","13":"shipping-taxable","14":"purchasable","15":"product-type-simple"},"jetpack_publicize_connections":[],"_links":{"self":[{"href":"https:\/\/lecochonsavant.com\/en\/wp-json\/wp\/v2\/product\/24573","targetHints":{"allow":["GET"]}}],"collection":[{"href":"https:\/\/lecochonsavant.com\/en\/wp-json\/wp\/v2\/product"}],"about":[{"href":"https:\/\/lecochonsavant.com\/en\/wp-json\/wp\/v2\/types\/product"}],"replies":[{"embeddable":true,"href":"https:\/\/lecochonsavant.com\/en\/wp-json\/wp\/v2\/comments?post=24573"}],"wp:featuredmedia":[{"embeddable":true,"href":"https:\/\/lecochonsavant.com\/en\/wp-json\/wp\/v2\/media\/24574"}],"wp:attachment":[{"href":"https:\/\/lecochonsavant.com\/en\/wp-json\/wp\/v2\/media?parent=24573"}],"wp:term":[{"taxonomy":"product_brand","embeddable":true,"href":"https:\/\/lecochonsavant.com\/en\/wp-json\/wp\/v2\/product_brand?post=24573"},{"taxonomy":"product_cat","embeddable":true,"href":"https:\/\/lecochonsavant.com\/en\/wp-json\/wp\/v2\/product_cat?post=24573"},{"taxonomy":"product_tag","embeddable":true,"href":"https:\/\/lecochonsavant.com\/en\/wp-json\/wp\/v2\/product_tag?post=24573"}],"curies":[{"name":"wp","href":"https:\/\/api.w.org\/{rel}","templated":true}]}}