{"id":24845,"date":"2025-10-12T18:07:44","date_gmt":"2025-10-12T22:07:44","guid":{"rendered":"https:\/\/lecochonsavant.com\/?post_type=product&#038;p=24845"},"modified":"2025-12-02T00:18:05","modified_gmt":"2025-12-02T05:18:05","slug":"t-shirt-message-soumis","status":"publish","type":"product","link":"https:\/\/lecochonsavant.com\/en\/product\/t-shirt-message-soumis\/","title":{"rendered":"T-shirt Message &#8220;Soumis&#8221;"},"content":{"rendered":"<p data-start=\"173\" data-end=\"396\"><img decoding=\"async\" class=\"alignnone  wp-image-32586\" src=\"https:\/\/lecochonsavant.com\/wp-content\/uploads\/2025\/11\/rabais-20-300x41.jpg\" alt=\"\" width=\"337\" height=\"46\" srcset=\"https:\/\/lecochonsavant.com\/wp-content\/uploads\/2025\/11\/rabais-20-300x41.jpg 300w, https:\/\/lecochonsavant.com\/wp-content\/uploads\/2025\/11\/rabais-20-64x9.jpg 64w, https:\/\/lecochonsavant.com\/wp-content\/uploads\/2025\/11\/rabais-20.jpg 528w\" sizes=\"(max-width: 337px) 100vw, 337px\" \/><\/p>\n<p data-start=\"173\" data-end=\"396\">T-shirt Message &#8220;Soumis&#8221;\u00a0impression\u00a0<strong data-start=\"219\" data-end=\"237\">vinyle durable<\/strong>\u00a0pour un rendu net et l\u00e9g\u00e8rement brillant.<br data-start=\"279\" data-end=\"282\" \/>Chaque pi\u00e8ce est pens\u00e9e comme une\u00a0<strong data-start=\"316\" data-end=\"331\">d\u00e9claration<\/strong>, un clin d\u2019\u0153il, ou une provocation subtile \u00e0 porter fi\u00e8rement.<\/p>\n<ul data-start=\"398\" data-end=\"553\">\n<li data-start=\"398\" data-end=\"423\">\n<p data-start=\"400\" data-end=\"423\">Coupe unisexe moderne<\/p>\n<\/li>\n<li data-start=\"471\" data-end=\"509\">\n<p data-start=\"473\" data-end=\"509\">Impression vinyle haute r\u00e9sistance<\/p>\n<\/li>\n<li data-start=\"510\" data-end=\"553\">\n<p data-start=\"512\" data-end=\"553\">Lavable \u00e0 la machine \u00e0 l\u2019envers (30 \u00b0C)<\/p>\n<\/li>\n<\/ul>\n<p data-start=\"555\" data-end=\"740\"><img decoding=\"async\" class=\"emoji\" role=\"img\" draggable=\"false\" src=\"https:\/\/s.w.org\/images\/core\/emoji\/16.0.1\/svg\/1f4ad.svg\" alt=\"\ud83d\udcad\" \/>\u00a0<strong data-start=\"558\" data-end=\"587\">Philosophie de la ligne :<\/strong><br data-start=\"587\" data-end=\"590\" \/>Des mots qui marquent, des phrases qui s\u00e9duisent, un textile qui caresse la peau.<br data-start=\"671\" data-end=\"674\" \/>Le T-shirt devient un manifeste \u2014 entre humour, d\u00e9sir et \u00e9l\u00e9gance.<\/p>","protected":false},"excerpt":{"rendered":"<p data-start=\"227\" data-end=\"275\"><em data-start=\"227\" data-end=\"275\">Pour ceux qui pr\u00e9f\u00e8rent l\u2019avouer d\u00e8s le d\u00e9but.<\/em><\/p>\n<p data-start=\"277\" data-end=\"437\">Ce T-shirt n\u2019a qu\u2019un mot\u2026 mais quel mot.<br data-start=\"317\" data-end=\"320\" \/>Un mot qui fait gagner du temps,<br data-start=\"352\" data-end=\"355\" \/>qui \u00e9vite les malentendus,<br data-start=\"381\" data-end=\"384\" \/>et qui provoque des sourires beaucoup trop complices.<\/p>\n<p data-start=\"439\" data-end=\"612\"><strong data-start=\"439\" data-end=\"450\">SOUMIS.<\/strong><br data-start=\"450\" data-end=\"453\" \/>\u00c9crit en blanc, bien visible, bien assum\u00e9.<br data-start=\"495\" data-end=\"498\" \/>Il n\u2019y a rien \u00e0 expliquer, rien \u00e0 justifier,<br data-start=\"542\" data-end=\"545\" \/>juste \u00e0 regarder la r\u00e9action des gens quand ils lisent ta poitrine.<\/p>\n<p data-start=\"614\" data-end=\"865\">Ce T-shirt, c\u2019est :<br data-start=\"633\" data-end=\"636\" \/>\ud83d\udd25 une confession avou\u00e9e dans un rire<br data-start=\"673\" data-end=\"676\" \/>\ud83d\udd25 une fa\u00e7on \u00e9l\u00e9gante de dire \u201cj\u2019ai mon style\u2026 et j\u2019aime \u00e7a\u201d<br data-start=\"736\" data-end=\"739\" \/>\ud83d\udd25 un aimant \u00e0 regards intrigu\u00e9s (ou tr\u00e8s int\u00e9ress\u00e9s)<br data-start=\"792\" data-end=\"795\" \/>\ud83d\udd25 un bijou d\u2019auto-d\u00e9rision pour ceux qui savent jouer avec leur image<\/p>\n<p data-start=\"867\" data-end=\"1159\">\u00c0 porter :<br data-start=\"877\" data-end=\"880\" \/>\u2728 dans une soir\u00e9e o\u00f9 tu veux briser la glace en une seconde<br data-start=\"939\" data-end=\"942\" \/>\u2728 au camping (les gens vont TOUT de suite comprendre dans quel camp t\u2019es)<br data-start=\"1015\" data-end=\"1018\" \/>\u2728 en ville, juste pour voir qui ose te regarder deux fois<br data-start=\"1075\" data-end=\"1078\" \/>\u2728 ou avec humour, parce que c\u2019est <em data-start=\"1112\" data-end=\"1117\">fun<\/em> d\u2019assumer ce que les autres devinent d\u00e9j\u00e0<\/p>\n<p data-start=\"1161\" data-end=\"1274\">Ce T-shirt n\u2019est pas seulement un mot :<br data-start=\"1200\" data-end=\"1203\" \/>c\u2019est un <strong data-start=\"1212\" data-end=\"1226\">clin d\u2019\u0153il<\/strong>, une vibe, une petite \u00e9tincelle de provocation.<\/p>\n<p data-start=\"1276\" data-end=\"1351\">Et surtout :<br data-start=\"1288\" data-end=\"1291\" \/><strong data-start=\"1291\" data-end=\"1351\">c\u2019est l\u2019art de dire beaucoup sans rien dire d\u2019explicite.<\/strong><\/p>\n<p data-start=\"1353\" data-end=\"1402\">Totalement Cochon Savant.<br data-start=\"1378\" data-end=\"1381\" \/>Totalement assum\u00e9. \ud83d\ude08<\/p>\n<p>T-shirt Message &#8220;Soumis&#8221;\u00a0impression\u00a0<strong data-start=\"219\" data-end=\"237\">vinyle durable<\/strong>\u00a0pour un rendu net et l\u00e9g\u00e8rement brillant.<\/p>","protected":false},"featured_media":24849,"comment_status":"open","ping_status":"closed","template":"","meta":{"nf_dc_page":"","_bbp_topic_count":0,"_bbp_reply_count":0,"_bbp_total_topic_count":0,"_bbp_total_reply_count":0,"_bbp_voice_count":0,"_bbp_anonymous_reply_count":0,"_bbp_topic_count_hidden":0,"_bbp_reply_count_hidden":0,"_bbp_forum_subforum_count":0,"jetpack_publicize_message":"","jetpack_publicize_feature_enabled":true,"jetpack_social_post_already_shared":true,"jetpack_social_options":{"image_generator_settings":{"template":"highway","default_image_id":0,"font":"","enabled":false},"version":2}},"product_brand":[109],"product_cat":[116],"product_tag":[117],"class_list":{"0":"post-24845","1":"product","2":"type-product","3":"status-publish","4":"has-post-thumbnail","6":"product_brand-cochon-savant","7":"product_cat-t-shirt","8":"product_tag-t-shirt","10":"first","11":"instock","12":"taxable","13":"shipping-taxable","14":"purchasable","15":"product-type-variable"},"jetpack_publicize_connections":[],"_links":{"self":[{"href":"https:\/\/lecochonsavant.com\/en\/wp-json\/wp\/v2\/product\/24845","targetHints":{"allow":["GET"]}}],"collection":[{"href":"https:\/\/lecochonsavant.com\/en\/wp-json\/wp\/v2\/product"}],"about":[{"href":"https:\/\/lecochonsavant.com\/en\/wp-json\/wp\/v2\/types\/product"}],"replies":[{"embeddable":true,"href":"https:\/\/lecochonsavant.com\/en\/wp-json\/wp\/v2\/comments?post=24845"}],"wp:featuredmedia":[{"embeddable":true,"href":"https:\/\/lecochonsavant.com\/en\/wp-json\/wp\/v2\/media\/24849"}],"wp:attachment":[{"href":"https:\/\/lecochonsavant.com\/en\/wp-json\/wp\/v2\/media?parent=24845"}],"wp:term":[{"taxonomy":"product_brand","embeddable":true,"href":"https:\/\/lecochonsavant.com\/en\/wp-json\/wp\/v2\/product_brand?post=24845"},{"taxonomy":"product_cat","embeddable":true,"href":"https:\/\/lecochonsavant.com\/en\/wp-json\/wp\/v2\/product_cat?post=24845"},{"taxonomy":"product_tag","embeddable":true,"href":"https:\/\/lecochonsavant.com\/en\/wp-json\/wp\/v2\/product_tag?post=24845"}],"curies":[{"name":"wp","href":"https:\/\/api.w.org\/{rel}","templated":true}]}}