{"id":25142,"date":"2025-10-21T21:23:54","date_gmt":"2025-10-22T01:23:54","guid":{"rendered":"https:\/\/lecochonsavant.com\/?post_type=product&#038;p=25142"},"modified":"2025-12-02T00:17:22","modified_gmt":"2025-12-02T05:17:22","slug":"collection-beauxmecs","status":"publish","type":"product","link":"https:\/\/lecochonsavant.com\/en\/product\/collection-beauxmecs\/","title":{"rendered":"Collection BEAUXMECS"},"content":{"rendered":"<div style=\"width: 640px;\" class=\"wp-video\"><video class=\"wp-video-shortcode\" id=\"video-25142-1\" width=\"640\" height=\"360\" preload=\"metadata\" controls=\"controls\"><source type=\"video\/mp4\" src=\"https:\/\/vod.api.video\/vod\/vi4VDESWtqlJXPiEcwJYJDZY\/mp4\/source.mp4?_=1\" \/><a href=\"https:\/\/vod.api.video\/vod\/vi4VDESWtqlJXPiEcwJYJDZY\/mp4\/source.mp4\">https:\/\/vod.api.video\/vod\/vi4VDESWtqlJXPiEcwJYJDZY\/mp4\/source.mp4<\/a><\/video><\/div>\n<p><img decoding=\"async\" class=\"alignnone  wp-image-32586\" src=\"https:\/\/lecochonsavant.com\/wp-content\/uploads\/2025\/11\/rabais-20-300x41.jpg\" alt=\"\" width=\"337\" height=\"46\" srcset=\"https:\/\/lecochonsavant.com\/wp-content\/uploads\/2025\/11\/rabais-20-300x41.jpg 300w, https:\/\/lecochonsavant.com\/wp-content\/uploads\/2025\/11\/rabais-20-64x9.jpg 64w, https:\/\/lecochonsavant.com\/wp-content\/uploads\/2025\/11\/rabais-20.jpg 528w\" sizes=\"(max-width: 337px) 100vw, 337px\" \/><\/p>\n<p>Affirme ton style avec la collection <strong data-start=\"176\" data-end=\"189\">BeauxMecs<\/strong>, des t-shirts 100 % coton alliant confort et audace.<br data-start=\"242\" data-end=\"245\" \/>Chaque mod\u00e8le met en avant une illustration exclusive sign\u00e9e <strong data-start=\"306\" data-end=\"326\">Le Cochon Savant<\/strong>, c\u00e9l\u00e9brant la beaut\u00e9 masculine dans toute sa sensualit\u00e9.<\/p>\n<p data-start=\"176\" data-end=\"228\"><em data-start=\"176\" data-end=\"228\">Parce que l\u2019art du regard commence sur un T-shirt.<\/em><\/p>\n<p data-start=\"230\" data-end=\"519\">La <strong data-start=\"233\" data-end=\"257\">Collection BEAUXMECS<\/strong>, c\u2019est ce qui arrive quand le Cochon Savant d\u00e9cide de m\u00e9langer :<br data-start=\"322\" data-end=\"325\" \/>\ud83d\udd25 des mecs trop beaux pour \u00eatre vrais (mais on ne va pas se plaindre),<br data-start=\"396\" data-end=\"399\" \/>\ud83d\udd25 un style r\u00e9tro-affiche \u00e0 tomber,<br data-start=\"434\" data-end=\"437\" \/>\ud83d\udd25 et juste assez de provocation pour faire lever les sourcils\u2026 puis les sourires.<\/p>\n<p data-start=\"521\" data-end=\"751\">Chaque mod\u00e8le pr\u00e9sente un beau mec captur\u00e9 dans un moment <em data-start=\"579\" data-end=\"585\">hum\u2026<\/em> intens\u00e9ment esth\u00e9tique :<br data-start=\"610\" data-end=\"613\" \/>\u2728 le torse fier,<br data-start=\"629\" data-end=\"632\" \/>\u2728 l\u2019attitude s\u00fbre,<br data-start=\"650\" data-end=\"653\" \/>\u2728 la pose parfaitement \u00e9tudi\u00e9e pour faire dire :<br data-start=\"701\" data-end=\"704\" \/><strong data-start=\"704\" data-end=\"751\">\u00ab Qui\u2026 QUOI\u2026 o\u00f9 as-tu trouv\u00e9 ce T-shirt ? \u00bb<\/strong><\/p>\n<p data-start=\"753\" data-end=\"968\">Les couleurs pop, le cadre circulaire et le style graphique donnent l\u2019impression que tu portes sur toi une <strong data-start=\"860\" data-end=\"891\">carte de collection vivante<\/strong> :<br data-start=\"893\" data-end=\"896\" \/>pas une panoplie de superh\u00e9ros\u2026<br data-start=\"927\" data-end=\"930\" \/>mais une panoplie de super-beaux mecs.<\/p>\n<p data-start=\"970\" data-end=\"1233\">La collection est faite pour :<br data-start=\"1000\" data-end=\"1003\" \/>\ud83d\udd25 ceux qui aiment le eye-candy assum\u00e9<br data-start=\"1041\" data-end=\"1044\" \/>\ud83d\udd25 ceux qui ont le sens de l\u2019humour (et du go\u00fbt)<br data-start=\"1092\" data-end=\"1095\" \/>\ud83d\udd25 ceux qui veulent que leur T-shirt fasse la conversation \u00e0 leur place<br data-start=\"1166\" data-end=\"1169\" \/>\ud83d\udd25 ceux qui savent que l\u2019esth\u00e9tique masculine\u2026 c\u2019est tout un art<\/p>\n<p data-start=\"1235\" data-end=\"1383\">\u00c0 porter au camping, en ville, au bar ou m\u00eame \u00e0 l\u2019\u00e9picerie :<br data-start=\"1295\" data-end=\"1298\" \/>tu vas voir, des gens vont <em data-start=\"1325\" data-end=\"1382\">ralentir pour lire, puis acc\u00e9l\u00e9rer pour regarder encore<\/em>.<\/p>\n<p data-start=\"1385\" data-end=\"1495\">C\u2019est coquin sans \u00eatre vulgaire,<br data-start=\"1417\" data-end=\"1420\" \/>c\u2019est fun sans \u00eatre clich\u00e9,<br data-start=\"1447\" data-end=\"1450\" \/>c\u2019est chaud sans jamais d\u00e9passer les limites.<\/p>\n<p data-start=\"1497\" data-end=\"1652\"><strong data-start=\"1497\" data-end=\"1524\">La Collection BEAUXMECS<\/strong>, c\u2019est le T-shirt qui dit :<br data-start=\"1552\" data-end=\"1555\" \/>\u00ab J\u2019ai du style, j\u2019ai du go\u00fbt,<br data-start=\"1585\" data-end=\"1588\" \/>et oui, j\u2019aime les beaux mecs.<br data-start=\"1618\" data-end=\"1621\" \/>T\u2019as un probl\u00e8me avec \u00e7a ? \u00bb \ud83d\ude08<\/p>","protected":false},"excerpt":{"rendered":"<p>Affirme ton style avec la collection <strong data-start=\"176\" data-end=\"189\">BeauxMecs<\/strong>, des t-shirts 100 % coton alliant confort et audace.<\/p>","protected":false},"featured_media":25144,"comment_status":"open","ping_status":"closed","template":"","meta":{"nf_dc_page":"","_bbp_topic_count":0,"_bbp_reply_count":0,"_bbp_total_topic_count":0,"_bbp_total_reply_count":0,"_bbp_voice_count":0,"_bbp_anonymous_reply_count":0,"_bbp_topic_count_hidden":0,"_bbp_reply_count_hidden":0,"_bbp_forum_subforum_count":0,"jetpack_publicize_message":"","jetpack_publicize_feature_enabled":true,"jetpack_social_post_already_shared":true,"jetpack_social_options":{"image_generator_settings":{"template":"highway","default_image_id":0,"font":"","enabled":false},"version":2}},"product_brand":[109],"product_cat":[486,116],"product_tag":[487,479],"class_list":{"0":"post-25142","1":"product","2":"type-product","3":"status-publish","4":"has-post-thumbnail","6":"product_brand-cochon-savant","7":"product_cat-beaux-mecs","8":"product_cat-t-shirt","9":"product_tag-beaux-mecs","10":"product_tag-t-shirts","12":"first","13":"instock","14":"taxable","15":"shipping-taxable","16":"purchasable","17":"product-type-variable","18":"has-default-attributes"},"jetpack_publicize_connections":[],"_links":{"self":[{"href":"https:\/\/lecochonsavant.com\/en\/wp-json\/wp\/v2\/product\/25142","targetHints":{"allow":["GET"]}}],"collection":[{"href":"https:\/\/lecochonsavant.com\/en\/wp-json\/wp\/v2\/product"}],"about":[{"href":"https:\/\/lecochonsavant.com\/en\/wp-json\/wp\/v2\/types\/product"}],"replies":[{"embeddable":true,"href":"https:\/\/lecochonsavant.com\/en\/wp-json\/wp\/v2\/comments?post=25142"}],"wp:featuredmedia":[{"embeddable":true,"href":"https:\/\/lecochonsavant.com\/en\/wp-json\/wp\/v2\/media\/25144"}],"wp:attachment":[{"href":"https:\/\/lecochonsavant.com\/en\/wp-json\/wp\/v2\/media?parent=25142"}],"wp:term":[{"taxonomy":"product_brand","embeddable":true,"href":"https:\/\/lecochonsavant.com\/en\/wp-json\/wp\/v2\/product_brand?post=25142"},{"taxonomy":"product_cat","embeddable":true,"href":"https:\/\/lecochonsavant.com\/en\/wp-json\/wp\/v2\/product_cat?post=25142"},{"taxonomy":"product_tag","embeddable":true,"href":"https:\/\/lecochonsavant.com\/en\/wp-json\/wp\/v2\/product_tag?post=25142"}],"curies":[{"name":"wp","href":"https:\/\/api.w.org\/{rel}","templated":true}]}}