{"id":25733,"date":"2025-11-04T23:36:30","date_gmt":"2025-11-05T04:36:30","guid":{"rendered":"https:\/\/lecochonsavant.com\/?post_type=product&#038;p=25733"},"modified":"2025-12-02T00:05:58","modified_gmt":"2025-12-02T05:05:58","slug":"fetish-submissive-attitude-harnais-en-cuir-ecologique-pour-hommes-poitrine-croisee-avec-rivets","status":"publish","type":"product","link":"https:\/\/lecochonsavant.com\/en\/product\/fetish-submissive-attitude-harnais-en-cuir-ecologique-pour-hommes-poitrine-croisee-avec-rivets\/","title":{"rendered":"FETISH SUBMISSIVE ATTITUDE &#8211; HARNAIS EN CUIR \u00c9COLOGIQUE POUR HOMMES POITRINE CROIS\u00c9E AVEC RIVETS"},"content":{"rendered":"<h2><img decoding=\"async\" class=\"size-full wp-image-25690 aligncenter\" src=\"https:\/\/lecochonsavant.com\/wp-content\/uploads\/2025\/11\/fetish-logo.jpg\" alt=\"\" width=\"166\" height=\"84\" srcset=\"https:\/\/lecochonsavant.com\/wp-content\/uploads\/2025\/11\/fetish-logo.jpg 166w, https:\/\/lecochonsavant.com\/wp-content\/uploads\/2025\/11\/fetish-logo-64x32.jpg 64w\" sizes=\"(max-width: 166px) 100vw, 166px\" \/><\/h2>\n<p><img decoding=\"async\" class=\"alignnone wp-image-32586\" src=\"https:\/\/lecochonsavant.com\/wp-content\/uploads\/2025\/11\/rabais-20-300x41.jpg\" alt=\"\" width=\"337\" height=\"46\" srcset=\"https:\/\/lecochonsavant.com\/wp-content\/uploads\/2025\/11\/rabais-20-300x41.jpg 300w, https:\/\/lecochonsavant.com\/wp-content\/uploads\/2025\/11\/rabais-20-64x9.jpg 64w, https:\/\/lecochonsavant.com\/wp-content\/uploads\/2025\/11\/rabais-20.jpg 528w\" sizes=\"(max-width: 337px) 100vw, 337px\" \/><\/p>\n<h2><strong>Lib\u00e9rez votre puissance et dominez la piste de danse avec notre harnais de poitrine avant ! <\/strong><\/h2>\n<p><strong>Ce harnais avant \u00e0 la structure sexy est con\u00e7u pour mettre en valeur la silhouette masculine et rehausser votre image sexuelle. Gr\u00e2ce \u00e0 sa mati\u00e8re adaptable, il est facile \u00e0 enfiler et poss\u00e8de une taille flexible qui s&#8217;adapte parfaitement \u00e0 votre corps.<\/strong><\/p>\n<p><strong>Le mat\u00e9riau offre un excellent ajustement au torse, vous permettant d&#8217;avoir un look impeccable \u00e0 chaque mouvement. Ses multiples bretelles vous permettent un positionnement parfait sur les \u00e9paules et la poitrine, mettant en valeur vos attributs de mani\u00e8re unique.<\/strong><\/p>\n<p><strong>Ce harnais avant a \u00e9t\u00e9 fi\u00e8rement con\u00e7u et fabriqu\u00e9 \u00e0 S\u00e9ville, berceau du style et de l&#8217;\u00e9l\u00e9gance. Chaque d\u00e9tail a \u00e9t\u00e9 soigneusement pens\u00e9 pour vous offrir un produit de haute qualit\u00e9 et durable.<\/strong><\/p>\n<p><strong>Si vous cherchez \u00e0 vous d\u00e9marquer lors d&#8217;un \u00e9v\u00e9nement ou si vous souhaitez simplement ajouter une touche de sensualit\u00e9 \u00e0 votre look, notre harnais avant est le choix parfait. Avec lui, vous pourrez lib\u00e9rer la puissance de votre poitrine et vous sentir en confiance en vous, attirant tous les regards.<\/strong><\/p>\n<p><strong>Ne manquez pas l&#8217;occasion d&#8217;avoir un look incroyable et de cr\u00e9er la tendance avec notre harnais de poitrine avant. Obtenez-le maintenant et pr\u00e9parez-vous \u00e0 briller sur la piste de danse !<\/strong><\/p>\n<ul>\n<li><strong>Taille unique, enti\u00e8rement r\u00e9glable \u00e0 toutes les tailles.<\/strong><\/li>\n<li><strong><span style=\"font-family: Lato, sans-serif;\">Fabriqu\u00e9 en cuir v\u00e9g\u00e9talien dans un design totalement exclusif.<\/span><\/strong><\/li>\n<\/ul>\n<p><iframe title=\"FETISH ATTITUDE SUBMISSIVE - NEW HARNESSES COLLECTION\" src=\"https:\/\/player.vimeo.com\/video\/857079580?dnt=1&amp;app_id=122963\" width=\"800\" height=\"450\" frameborder=\"0\" allow=\"autoplay; fullscreen; picture-in-picture; clipboard-write; encrypted-media; web-share\" referrerpolicy=\"strict-origin-when-cross-origin\"><\/iframe><\/p>","protected":false},"excerpt":{"rendered":"<p><strong>Ce harnais avant \u00e0 la structure sexy est con\u00e7u pour mettre en valeur la silhouette masculine et rehausser votre image sexuelle. Gr\u00e2ce \u00e0 sa mati\u00e8re adaptable, il est facile \u00e0 enfiler et poss\u00e8de une taille flexible qui s&#8217;adapte parfaitement \u00e0 votre corps.<\/strong><\/p>","protected":false},"featured_media":25735,"comment_status":"open","ping_status":"closed","template":"","meta":{"nf_dc_page":"","_bbp_topic_count":0,"_bbp_reply_count":0,"_bbp_total_topic_count":0,"_bbp_total_reply_count":0,"_bbp_voice_count":0,"_bbp_anonymous_reply_count":0,"_bbp_topic_count_hidden":0,"_bbp_reply_count_hidden":0,"_bbp_forum_subforum_count":0,"jetpack_publicize_message":"","jetpack_publicize_feature_enabled":true,"jetpack_social_post_already_shared":false,"jetpack_social_options":{"image_generator_settings":{"template":"highway","default_image_id":0,"font":"","enabled":false},"version":2}},"product_brand":[306],"product_cat":[307,312],"product_tag":[512,118],"class_list":{"0":"post-25733","1":"product","2":"type-product","3":"status-publish","4":"has-post-thumbnail","6":"product_brand-fetish-submissive-attitude","7":"product_cat-fetish-submissivefetish-submissive-attitude","8":"product_cat-harnais","9":"product_tag-fetish","10":"product_tag-harnais","12":"first","13":"instock","14":"taxable","15":"shipping-taxable","16":"purchasable","17":"product-type-simple"},"jetpack_publicize_connections":[],"_links":{"self":[{"href":"https:\/\/lecochonsavant.com\/en\/wp-json\/wp\/v2\/product\/25733","targetHints":{"allow":["GET"]}}],"collection":[{"href":"https:\/\/lecochonsavant.com\/en\/wp-json\/wp\/v2\/product"}],"about":[{"href":"https:\/\/lecochonsavant.com\/en\/wp-json\/wp\/v2\/types\/product"}],"replies":[{"embeddable":true,"href":"https:\/\/lecochonsavant.com\/en\/wp-json\/wp\/v2\/comments?post=25733"}],"wp:featuredmedia":[{"embeddable":true,"href":"https:\/\/lecochonsavant.com\/en\/wp-json\/wp\/v2\/media\/25735"}],"wp:attachment":[{"href":"https:\/\/lecochonsavant.com\/en\/wp-json\/wp\/v2\/media?parent=25733"}],"wp:term":[{"taxonomy":"product_brand","embeddable":true,"href":"https:\/\/lecochonsavant.com\/en\/wp-json\/wp\/v2\/product_brand?post=25733"},{"taxonomy":"product_cat","embeddable":true,"href":"https:\/\/lecochonsavant.com\/en\/wp-json\/wp\/v2\/product_cat?post=25733"},{"taxonomy":"product_tag","embeddable":true,"href":"https:\/\/lecochonsavant.com\/en\/wp-json\/wp\/v2\/product_tag?post=25733"}],"curies":[{"name":"wp","href":"https:\/\/api.w.org\/{rel}","templated":true}]}}