{"id":25761,"date":"2025-11-04T23:37:28","date_gmt":"2025-11-05T04:37:28","guid":{"rendered":"https:\/\/lecochonsavant.com\/?post_type=product&#038;p=25761"},"modified":"2025-12-02T00:03:41","modified_gmt":"2025-12-02T05:03:41","slug":"fetish-submissive-attitude-harnais-en-cuir-ecologique-en-forme-de-v-pour-hommes","status":"publish","type":"product","link":"https:\/\/lecochonsavant.com\/en\/product\/fetish-submissive-attitude-harnais-en-cuir-ecologique-en-forme-de-v-pour-hommes\/","title":{"rendered":"FETISH SUBMISSIVE ATTITUDE &#8211; HARNAIS EN CUIR \u00c9COLOGIQUE EN FORME DE V POUR HOMMES"},"content":{"rendered":"<h2><img decoding=\"async\" class=\"size-full wp-image-25690 aligncenter\" src=\"https:\/\/lecochonsavant.com\/wp-content\/uploads\/2025\/11\/fetish-logo.jpg\" alt=\"\" width=\"166\" height=\"84\" srcset=\"https:\/\/lecochonsavant.com\/wp-content\/uploads\/2025\/11\/fetish-logo.jpg 166w, https:\/\/lecochonsavant.com\/wp-content\/uploads\/2025\/11\/fetish-logo-64x32.jpg 64w\" sizes=\"(max-width: 166px) 100vw, 166px\" \/><\/h2>\n<p><img decoding=\"async\" class=\"alignnone wp-image-32586\" src=\"https:\/\/lecochonsavant.com\/wp-content\/uploads\/2025\/11\/rabais-20-300x41.jpg\" alt=\"\" width=\"337\" height=\"46\" srcset=\"https:\/\/lecochonsavant.com\/wp-content\/uploads\/2025\/11\/rabais-20-300x41.jpg 300w, https:\/\/lecochonsavant.com\/wp-content\/uploads\/2025\/11\/rabais-20-64x9.jpg 64w, https:\/\/lecochonsavant.com\/wp-content\/uploads\/2025\/11\/rabais-20.jpg 528w\" sizes=\"(max-width: 337px) 100vw, 337px\" \/><\/p>\n<h2><strong>Harnais en cuir 100% vegan, facile \u00e0 enfiler et taille flexible gr\u00e2ce au mat\u00e9riau adaptable. Montrez cet impressionnant harnais Fetish Submissive Addict Attitude. <\/strong><\/h2>\n<p><strong>Con\u00e7u et fabriqu\u00e9 \u00e0 Amsterdam, notre mod\u00e8le est de taille unique et convient \u00e0 toutes les tailles.<\/strong><\/p>\n<p><strong>D\u00e9couvrez et explorez nos mod\u00e8les de harnais totalement sexy et trouvez la prochaine pi\u00e8ce sexy \u00e0 porter la prochaine fois que la temp\u00e9rature monte !<\/strong><\/p>\n<p><strong>La marque FESTISH SUBMISSIVE est unique et brevet\u00e9e, elle va bien plus loin, elle vous proposera m\u00eame de nouveaux styles, aidant votre fantasme f\u00e9tichiste \u00e0 passer au niveau sup\u00e9rieur, celui que vous ne vous attendiez peut-\u00eatre pas \u00e0 oser. FESTISH SUBMISSIVE a une utilisation excitante qui non seulement vous fait sentir chaud et excit\u00e9, mais cr\u00e9e beaucoup de confiance suppl\u00e9mentaire, que vous soyez ce ma\u00eetre dominant ou que vous soyez dans une position de soumission ; n&#8217;importe quel jeu de r\u00f4le peut \u00eatre trouv\u00e9 ici.<\/strong><\/p>\n<p><strong>Chez FESTISH SUBMISSIVE, nous ne cr\u00e9ons pas pour un homme gay st\u00e9r\u00e9otyp\u00e9, car cela n&#8217;existe tout simplement pas : nous concevons fi\u00e8rement pour la communaut\u00e9 LGBTIQ+ dans son sens le plus large et pour tout type de sous-culture. Quelle que soit votre pr\u00e9f\u00e9rence ou votre d\u00e9sir (secret), nous avons la collection parfaite de harnais pour hommes<\/strong><\/p>\n<p><strong>Nous cr\u00e9ons tout simplement les v\u00eatements f\u00e9tichistes les plus confortables pour vous et sexuels pour les hommes !<\/strong><\/p>\n<p><iframe title=\"FETISH ATTITUDE SUBMISSIVE - NEW HARNESSES COLLECTION\" src=\"https:\/\/player.vimeo.com\/video\/857079580?dnt=1&amp;app_id=122963\" width=\"800\" height=\"450\" frameborder=\"0\" allow=\"autoplay; fullscreen; picture-in-picture; clipboard-write; encrypted-media; web-share\" referrerpolicy=\"strict-origin-when-cross-origin\"><\/iframe><\/p>","protected":false},"excerpt":{"rendered":"<p><strong>Harnais en cuir 100% vegan, facile \u00e0 enfiler et taille flexible gr\u00e2ce au mat\u00e9riau adaptable. Montrez cet impressionnant harnais Fetish Submissive Addict Attitude.<\/strong><\/p>","protected":false},"featured_media":25763,"comment_status":"open","ping_status":"closed","template":"","meta":{"nf_dc_page":"","_bbp_topic_count":0,"_bbp_reply_count":0,"_bbp_total_topic_count":0,"_bbp_total_reply_count":0,"_bbp_voice_count":0,"_bbp_anonymous_reply_count":0,"_bbp_topic_count_hidden":0,"_bbp_reply_count_hidden":0,"_bbp_forum_subforum_count":0,"jetpack_publicize_message":"","jetpack_publicize_feature_enabled":true,"jetpack_social_post_already_shared":false,"jetpack_social_options":{"image_generator_settings":{"template":"highway","default_image_id":0,"font":"","enabled":false},"version":2}},"product_brand":[306],"product_cat":[307,312],"product_tag":[512,118],"class_list":{"0":"post-25761","1":"product","2":"type-product","3":"status-publish","4":"has-post-thumbnail","6":"product_brand-fetish-submissive-attitude","7":"product_cat-fetish-submissivefetish-submissive-attitude","8":"product_cat-harnais","9":"product_tag-fetish","10":"product_tag-harnais","12":"first","13":"instock","14":"taxable","15":"shipping-taxable","16":"purchasable","17":"product-type-simple"},"jetpack_publicize_connections":[],"_links":{"self":[{"href":"https:\/\/lecochonsavant.com\/en\/wp-json\/wp\/v2\/product\/25761","targetHints":{"allow":["GET"]}}],"collection":[{"href":"https:\/\/lecochonsavant.com\/en\/wp-json\/wp\/v2\/product"}],"about":[{"href":"https:\/\/lecochonsavant.com\/en\/wp-json\/wp\/v2\/types\/product"}],"replies":[{"embeddable":true,"href":"https:\/\/lecochonsavant.com\/en\/wp-json\/wp\/v2\/comments?post=25761"}],"wp:featuredmedia":[{"embeddable":true,"href":"https:\/\/lecochonsavant.com\/en\/wp-json\/wp\/v2\/media\/25763"}],"wp:attachment":[{"href":"https:\/\/lecochonsavant.com\/en\/wp-json\/wp\/v2\/media?parent=25761"}],"wp:term":[{"taxonomy":"product_brand","embeddable":true,"href":"https:\/\/lecochonsavant.com\/en\/wp-json\/wp\/v2\/product_brand?post=25761"},{"taxonomy":"product_cat","embeddable":true,"href":"https:\/\/lecochonsavant.com\/en\/wp-json\/wp\/v2\/product_cat?post=25761"},{"taxonomy":"product_tag","embeddable":true,"href":"https:\/\/lecochonsavant.com\/en\/wp-json\/wp\/v2\/product_tag?post=25761"}],"curies":[{"name":"wp","href":"https:\/\/api.w.org\/{rel}","templated":true}]}}