{"id":25821,"date":"2025-11-04T23:55:48","date_gmt":"2025-11-05T04:55:48","guid":{"rendered":"https:\/\/lecochonsavant.com\/?post_type=product&#038;p=25821"},"modified":"2025-12-01T23:59:40","modified_gmt":"2025-12-02T04:59:40","slug":"armony-vibrateur-surround-anal-stimulateur-testicules-anneau-telecommande-noir","status":"publish","type":"product","link":"https:\/\/lecochonsavant.com\/en\/product\/armony-vibrateur-surround-anal-stimulateur-testicules-anneau-telecommande-noir\/","title":{"rendered":"ARMONY &#8211; VIBRATEUR SURROUND ANAL &#038; STIMULATEUR TESTICULES &#038; ANNEAU T\u00c9L\u00c9COMMANDE NOIR"},"content":{"rendered":"<p><img decoding=\"async\" class=\"alignnone wp-image-32586\" src=\"https:\/\/lecochonsavant.com\/wp-content\/uploads\/2025\/11\/rabais-20-300x41.jpg\" alt=\"\" width=\"337\" height=\"46\" srcset=\"https:\/\/lecochonsavant.com\/wp-content\/uploads\/2025\/11\/rabais-20-300x41.jpg 300w, https:\/\/lecochonsavant.com\/wp-content\/uploads\/2025\/11\/rabais-20-64x9.jpg 64w, https:\/\/lecochonsavant.com\/wp-content\/uploads\/2025\/11\/rabais-20.jpg 528w\" sizes=\"(max-width: 337px) 100vw, 337px\" \/><\/p>\n<p>Le vibrateur anal prostatique\u00a0<strong>ARMONY<\/strong>\u00a0offre une exp\u00e9rience de stimulation exceptionnellement agr\u00e9able. Fabriqu\u00e9 avec des mat\u00e9riaux de haute qualit\u00e9 tels que le silicone premium et l&#8217;ABS, il offre une sensation de toucher doux et une durabilit\u00e9 exceptionnelle.<\/p>\n<p>Avec 9 modes de vibration et 3 vitesses de rotation, vous pourrez explorer une vari\u00e9t\u00e9 de sensations, des pulsations douces aux vibrations intenses, en fonction de vos envies et de vos besoins. Sa conception ergonomique est sp\u00e9cialement con\u00e7ue pour stimuler la prostate avec pr\u00e9cision et confort.<\/p>\n<p>De plus, il est enti\u00e8rement submersible, vous permettant de profiter de moments de plaisir palpitants sous la douche ou dans la baignoire. Avec une batterie de 3,7 V et une recharge USB, ce vibromasseur est pratique et facile \u00e0 utiliser partout et \u00e0 tout moment.<\/p>\n<ul>\n<li>La poche avant entoure vos testicules pour une exp\u00e9rience unique.<\/li>\n<li>Stimulateur de point G, jouet amusant pour femme aussi<\/li>\n<li>154*69*137mm<\/li>\n<\/ul>\n<p><strong>ARMONIE<\/strong><br \/>\nBienvenue chez\u00a0<strong>ARMONY<\/strong>\u00a0, o\u00f9 plaisir et qualit\u00e9 se confondent pour cr\u00e9er une exp\u00e9rience unique dans le monde des jouets \u00e9rotiques. Notre marque est sp\u00e9cialis\u00e9e dans la fabrication de vibrateurs et de jouets de haute qualit\u00e9 pour hommes et femmes, m\u00e9ticuleusement con\u00e7us pour am\u00e9liorer le plaisir et l&#8217;intimit\u00e9. Des vibrateurs sophistiqu\u00e9s aux stimulateurs sensuels, chaque produit\u00a0<strong>ARMONY<\/strong>\u00a0est con\u00e7u avec une attention aux d\u00e9tails et un engagement \u00e0 offrir une exp\u00e9rience de satisfaction in\u00e9gal\u00e9e. Nous sommes fiers d&#8217;offrir une gamme diversifi\u00e9e de produits allant du classique \u00e0 l&#8217;innovant, toujours en mettant l&#8217;accent sur la qualit\u00e9, la s\u00e9curit\u00e9 et l&#8217;exploration du plaisir. D\u00e9couvrez un monde de sensations \u00e9rotiques avec\u00a0<strong>ARMONY<\/strong>\u00a0, o\u00f9 le plaisir devient une forme d&#8217;art.<\/p>","protected":false},"excerpt":{"rendered":"<p>Le vibrateur anal prostatique\u00a0<strong>ARMONY<\/strong>\u00a0offre une exp\u00e9rience de stimulation exceptionnellement agr\u00e9able. Fabriqu\u00e9 avec des mat\u00e9riaux de haute qualit\u00e9 tels que le silicone premium et l&#8217;ABS, il offre une sensation de toucher doux et une durabilit\u00e9 exceptionnelle.<\/p>","protected":false},"featured_media":25823,"comment_status":"open","ping_status":"closed","template":"","meta":{"nf_dc_page":"","_bbp_topic_count":0,"_bbp_reply_count":0,"_bbp_total_topic_count":0,"_bbp_total_reply_count":0,"_bbp_voice_count":0,"_bbp_anonymous_reply_count":0,"_bbp_topic_count_hidden":0,"_bbp_reply_count_hidden":0,"_bbp_forum_subforum_count":0,"jetpack_publicize_message":"","jetpack_publicize_feature_enabled":true,"jetpack_social_post_already_shared":false,"jetpack_social_options":{"image_generator_settings":{"template":"highway","default_image_id":0,"font":"","enabled":false},"version":2}},"product_brand":[513],"product_cat":[290,515],"product_tag":[288,516],"class_list":{"0":"post-25821","1":"product","2":"type-product","3":"status-publish","4":"has-post-thumbnail","6":"product_brand-armony","7":"product_cat-anal","8":"product_cat-butt-plug-2","9":"product_tag-anal","10":"product_tag-butt-plug","12":"first","13":"instock","14":"taxable","15":"shipping-taxable","16":"purchasable","17":"product-type-simple"},"jetpack_publicize_connections":[],"_links":{"self":[{"href":"https:\/\/lecochonsavant.com\/en\/wp-json\/wp\/v2\/product\/25821","targetHints":{"allow":["GET"]}}],"collection":[{"href":"https:\/\/lecochonsavant.com\/en\/wp-json\/wp\/v2\/product"}],"about":[{"href":"https:\/\/lecochonsavant.com\/en\/wp-json\/wp\/v2\/types\/product"}],"replies":[{"embeddable":true,"href":"https:\/\/lecochonsavant.com\/en\/wp-json\/wp\/v2\/comments?post=25821"}],"wp:featuredmedia":[{"embeddable":true,"href":"https:\/\/lecochonsavant.com\/en\/wp-json\/wp\/v2\/media\/25823"}],"wp:attachment":[{"href":"https:\/\/lecochonsavant.com\/en\/wp-json\/wp\/v2\/media?parent=25821"}],"wp:term":[{"taxonomy":"product_brand","embeddable":true,"href":"https:\/\/lecochonsavant.com\/en\/wp-json\/wp\/v2\/product_brand?post=25821"},{"taxonomy":"product_cat","embeddable":true,"href":"https:\/\/lecochonsavant.com\/en\/wp-json\/wp\/v2\/product_cat?post=25821"},{"taxonomy":"product_tag","embeddable":true,"href":"https:\/\/lecochonsavant.com\/en\/wp-json\/wp\/v2\/product_tag?post=25821"}],"curies":[{"name":"wp","href":"https:\/\/api.w.org\/{rel}","templated":true}]}}