{"id":25827,"date":"2025-11-04T23:58:39","date_gmt":"2025-11-05T04:58:39","guid":{"rendered":"https:\/\/lecochonsavant.com\/?post_type=product&#038;p=25827"},"modified":"2025-12-01T23:59:08","modified_gmt":"2025-12-02T04:59:08","slug":"rocks-off-stimulateur-prostatique-ro-zen-7v","status":"publish","type":"product","link":"https:\/\/lecochonsavant.com\/en\/product\/rocks-off-stimulateur-prostatique-ro-zen-7v\/","title":{"rendered":"ROCKS-OFF &#8211; STIMULATEUR PROSTATIQUE RO-ZEN 7V"},"content":{"rendered":"<p><img decoding=\"async\" class=\"alignnone wp-image-32586\" src=\"https:\/\/lecochonsavant.com\/wp-content\/uploads\/2025\/11\/rabais-20-300x41.jpg\" alt=\"\" width=\"337\" height=\"46\" srcset=\"https:\/\/lecochonsavant.com\/wp-content\/uploads\/2025\/11\/rabais-20-300x41.jpg 300w, https:\/\/lecochonsavant.com\/wp-content\/uploads\/2025\/11\/rabais-20-64x9.jpg 64w, https:\/\/lecochonsavant.com\/wp-content\/uploads\/2025\/11\/rabais-20.jpg 528w\" sizes=\"(max-width: 337px) 100vw, 337px\" \/><\/p>\n<p>La vie devrait \u00eatre un \u00e9quilibre parfait entre donner et recevoir, et il n&#8217;y a pas de meilleur endroit que la chambre pour que cela se produise. Pourquoi ne pas laisser RO-ZEN apporter une double harmonie \u00e0 vos moments intimes, que ce soit seul ou en couple.<\/p>\n<p>Laissez RO-ZEN vous emmener au sommet ! Le double anneau de RO-ZEN s&#8217;ajuste fermement et offre un soutien qui vous fera vivre plus longtemps une \u00e9rection plus grande et plus dure, tandis que sa poign\u00e9e fine et discr\u00e8te diffuse de d\u00e9licieuses vibrations, tandis que vous atteignez un \u00e9tat \u00e9rotique de plaisir absolu.<\/p>\n<ul>\n<li>Aliment\u00e9 par la balle prim\u00e9e RO 80MM \u00e0 7 vitesses<\/li>\n<li>100% \u00e9tanche \/ Convient pour la douche ou le Spa<\/li>\n<li>Con\u00e7u dans un souci \u00e0 la fois de confort et de plaisir.<\/li>\n<li>Fabriqu\u00e9 en silicone souple et souple de qualit\u00e9 m\u00e9dicale avec une balle vibrante enti\u00e8rement amovible pour une hygi\u00e8ne facile.<\/li>\n<li>Prise de mesures ins\u00e9rable\u00a0; 6,5 cm \/ Mesure totale 4 cm<\/li>\n<\/ul>","protected":false},"excerpt":{"rendered":"<p>La vie devrait \u00eatre un \u00e9quilibre parfait entre donner et recevoir, et il n&#8217;y a pas de meilleur endroit que la chambre pour que cela se produise. Pourquoi ne pas laisser RO-ZEN apporter une double harmonie \u00e0 vos moments intimes, que ce soit seul ou en couple.<\/p>","protected":false},"featured_media":25829,"comment_status":"open","ping_status":"closed","template":"","meta":{"nf_dc_page":"","_bbp_topic_count":0,"_bbp_reply_count":0,"_bbp_total_topic_count":0,"_bbp_total_reply_count":0,"_bbp_voice_count":0,"_bbp_anonymous_reply_count":0,"_bbp_topic_count_hidden":0,"_bbp_reply_count_hidden":0,"_bbp_forum_subforum_count":0,"jetpack_publicize_message":"","jetpack_publicize_feature_enabled":true,"jetpack_social_post_already_shared":false,"jetpack_social_options":{"image_generator_settings":{"template":"highway","default_image_id":0,"font":"","enabled":false},"version":2}},"product_brand":[324],"product_cat":[290,514],"product_tag":[516],"class_list":{"0":"post-25827","1":"product","2":"type-product","3":"status-publish","4":"has-post-thumbnail","6":"product_brand-rocks-off","7":"product_cat-anal","8":"product_cat-butt-plug","9":"product_tag-butt-plug","11":"first","12":"instock","13":"taxable","14":"shipping-taxable","15":"purchasable","16":"product-type-simple"},"jetpack_publicize_connections":[],"_links":{"self":[{"href":"https:\/\/lecochonsavant.com\/en\/wp-json\/wp\/v2\/product\/25827","targetHints":{"allow":["GET"]}}],"collection":[{"href":"https:\/\/lecochonsavant.com\/en\/wp-json\/wp\/v2\/product"}],"about":[{"href":"https:\/\/lecochonsavant.com\/en\/wp-json\/wp\/v2\/types\/product"}],"replies":[{"embeddable":true,"href":"https:\/\/lecochonsavant.com\/en\/wp-json\/wp\/v2\/comments?post=25827"}],"wp:featuredmedia":[{"embeddable":true,"href":"https:\/\/lecochonsavant.com\/en\/wp-json\/wp\/v2\/media\/25829"}],"wp:attachment":[{"href":"https:\/\/lecochonsavant.com\/en\/wp-json\/wp\/v2\/media?parent=25827"}],"wp:term":[{"taxonomy":"product_brand","embeddable":true,"href":"https:\/\/lecochonsavant.com\/en\/wp-json\/wp\/v2\/product_brand?post=25827"},{"taxonomy":"product_cat","embeddable":true,"href":"https:\/\/lecochonsavant.com\/en\/wp-json\/wp\/v2\/product_cat?post=25827"},{"taxonomy":"product_tag","embeddable":true,"href":"https:\/\/lecochonsavant.com\/en\/wp-json\/wp\/v2\/product_tag?post=25827"}],"curies":[{"name":"wp","href":"https:\/\/api.w.org\/{rel}","templated":true}]}}