{"id":25833,"date":"2025-11-04T17:34:41","date_gmt":"2025-11-04T22:34:41","guid":{"rendered":"https:\/\/lecochonsavant.com\/?post_type=product&#038;p=25833"},"modified":"2025-12-02T00:09:52","modified_gmt":"2025-12-02T05:09:52","slug":"addicted-toys-stimulateur-anal-de-prostate-en-silicone-p-spot-vibe","status":"publish","type":"product","link":"https:\/\/lecochonsavant.com\/en\/product\/addicted-toys-stimulateur-anal-de-prostate-en-silicone-p-spot-vibe\/","title":{"rendered":"ADDICTED TOYS &#8211; STIMULATEUR ANAL DE PROSTATE EN SILICONE P-SPOT VIBE"},"content":{"rendered":"<p><img decoding=\"async\" class=\"alignnone wp-image-32586\" src=\"https:\/\/lecochonsavant.com\/wp-content\/uploads\/2025\/11\/rabais-20-300x41.jpg\" alt=\"\" width=\"337\" height=\"46\" srcset=\"https:\/\/lecochonsavant.com\/wp-content\/uploads\/2025\/11\/rabais-20-300x41.jpg 300w, https:\/\/lecochonsavant.com\/wp-content\/uploads\/2025\/11\/rabais-20-64x9.jpg 64w, https:\/\/lecochonsavant.com\/wp-content\/uploads\/2025\/11\/rabais-20.jpg 528w\" sizes=\"(max-width: 337px) 100vw, 337px\" \/><\/p>\n<p>Dans toute la gamme de produits ADDICTED TOYS, nous souhaitons vous offrir la possibilit\u00e9 d&#8217;explorer le jeu sexuel de mani\u00e8re excitante et des exp\u00e9riences sensuelles.<\/p>\n<p>Si vous n&#8217;avez jamais essay\u00e9 le jeu anal, le masseur anal ADDICTED TOYS est exactement ce dont vous avez besoin pour explorer le monde merveilleux de la stimulation anale.<\/p>\n<p>Le masseur anal ADDICTED TOYS est dot\u00e9 d&#8217;une tige bulbeuse parfaitement incurv\u00e9e pour atteindre le point P, tandis que les puissantes vibrations stimulent votre zone la plus sensible. Les bosses \u00e0 la base assurent une pression externe sur le p\u00e9rin\u00e9e qui vous fera profiter d&#8217;orgasmes plus intenses !<\/p>\n<p>Pour allumer et \u00e9teindre le vibromasseur, il vous suffit d&#8217;appuyer sur le bouton situ\u00e9 sur sa base.<\/p>\n<p>Atteindre l&#8217;orgasme gr\u00e2ce \u00e0 la stimulation anale est incroyablement excitant gr\u00e2ce \u00e0 la forte concentration de terminaisons nerveuses et \u00e0 notre collection de jouets anaux qui comprend des jouets qui stimulent chacun de ces nerfs. Alors laissez-vous entrer dans un nouveau monde de plaisir anal&#8230; les possibilit\u00e9s sont infinies !<\/p>\n<p>Fabriqu\u00e9 en silicone de qualit\u00e9 m\u00e9dicale super doux, doux pour la peau, doux au toucher et extr\u00eamement hygi\u00e9nique<\/p>\n<ul>\n<li>Id\u00e9al pour d\u00e9buter et pour tenter des exp\u00e9riences anales<\/li>\n<li>Mesures de prise\u00a0; 8 X 15 cm (Regardez l&#8217;image pour d\u00e9tailler les mesures)<\/li>\n<li>Moteur puissant<\/li>\n<li>Des vibrations intenses<\/li>\n<li>Flexible<\/li>\n<li>Mat\u00e9riel s\u00fbr<\/li>\n<li>Imperm\u00e9able<\/li>\n<li>Il fonctionne avec 1 pile AAA non incluse.<\/li>\n<\/ul>\n<p>Que dois-je garder \u00e0 l\u2019esprit lorsque j\u2019utilise des jouets anaux ?<\/p>\n<p>Ce produit d&#8217;Addicted Toys enrichit aussi bien les jeux sexuels en couple que les jeux solo approfondis. Pour profiter en douceur des jouets anaux, vous devez absolument utiliser du lubrifiant, car l&#8217;anus lui-m\u00eame ne peut pas se lubrifier naturellement, ce qui est important pour un plaisir agr\u00e9able. L&#8217;id\u00e9al serait d&#8217;utiliser l&#8217;un des lubrifiants AQUA, qui sont associ\u00e9s aux mati\u00e8res et sont disponibles en diff\u00e9rentes tailles en fonction de votre activit\u00e9 sexuelle.<\/p>\n<p>Afin que vous puissiez profiter le plus longtemps possible du jouet anal, nous vous conseillons de le nettoyer et de le d\u00e9sinfecter avec un nettoyant pour jouets avant et apr\u00e8s chaque utilisation. La composition D\u00e9sinfectante Waterfeel Spray s&#8217;adapte au silicone souple et est douce pour la mati\u00e8re afin que la surface reste lisse et flexible.<\/p>","protected":false},"excerpt":{"rendered":"<p>Dans toute la gamme de produits ADDICTED TOYS, nous souhaitons vous offrir la possibilit\u00e9 d&#8217;explorer le jeu sexuel de mani\u00e8re excitante et des exp\u00e9riences sensuelles.<\/p>","protected":false},"featured_media":25835,"comment_status":"open","ping_status":"closed","template":"","meta":{"nf_dc_page":"","_bbp_topic_count":0,"_bbp_reply_count":0,"_bbp_total_topic_count":0,"_bbp_total_reply_count":0,"_bbp_voice_count":0,"_bbp_anonymous_reply_count":0,"_bbp_topic_count_hidden":0,"_bbp_reply_count_hidden":0,"_bbp_forum_subforum_count":0,"jetpack_publicize_message":"","jetpack_publicize_feature_enabled":true,"jetpack_social_post_already_shared":true,"jetpack_social_options":{"image_generator_settings":{"template":"highway","default_image_id":0,"font":"","enabled":false},"version":2}},"product_brand":[318],"product_cat":[319,290,514],"product_tag":[516],"class_list":{"0":"post-25833","1":"product","2":"type-product","3":"status-publish","4":"has-post-thumbnail","6":"product_brand-addicted-toys","7":"product_cat-addicted-toys","8":"product_cat-anal","9":"product_cat-butt-plug","10":"product_tag-butt-plug","12":"first","13":"instock","14":"taxable","15":"shipping-taxable","16":"purchasable","17":"product-type-simple"},"jetpack_publicize_connections":[],"_links":{"self":[{"href":"https:\/\/lecochonsavant.com\/en\/wp-json\/wp\/v2\/product\/25833","targetHints":{"allow":["GET"]}}],"collection":[{"href":"https:\/\/lecochonsavant.com\/en\/wp-json\/wp\/v2\/product"}],"about":[{"href":"https:\/\/lecochonsavant.com\/en\/wp-json\/wp\/v2\/types\/product"}],"replies":[{"embeddable":true,"href":"https:\/\/lecochonsavant.com\/en\/wp-json\/wp\/v2\/comments?post=25833"}],"wp:featuredmedia":[{"embeddable":true,"href":"https:\/\/lecochonsavant.com\/en\/wp-json\/wp\/v2\/media\/25835"}],"wp:attachment":[{"href":"https:\/\/lecochonsavant.com\/en\/wp-json\/wp\/v2\/media?parent=25833"}],"wp:term":[{"taxonomy":"product_brand","embeddable":true,"href":"https:\/\/lecochonsavant.com\/en\/wp-json\/wp\/v2\/product_brand?post=25833"},{"taxonomy":"product_cat","embeddable":true,"href":"https:\/\/lecochonsavant.com\/en\/wp-json\/wp\/v2\/product_cat?post=25833"},{"taxonomy":"product_tag","embeddable":true,"href":"https:\/\/lecochonsavant.com\/en\/wp-json\/wp\/v2\/product_tag?post=25833"}],"curies":[{"name":"wp","href":"https:\/\/api.w.org\/{rel}","templated":true}]}}