{"id":25842,"date":"2025-11-05T00:01:01","date_gmt":"2025-11-05T05:01:01","guid":{"rendered":"https:\/\/lecochonsavant.com\/?post_type=product&#038;p=25842"},"modified":"2025-12-01T23:58:32","modified_gmt":"2025-12-02T04:58:32","slug":"jamyjob-masturbateur-experience-fessier","status":"publish","type":"product","link":"https:\/\/lecochonsavant.com\/en\/product\/jamyjob-masturbateur-experience-fessier\/","title":{"rendered":"JAMYJOB &#8211; MASTURBATEUR EXP\u00c9RIENCE FESSIER"},"content":{"rendered":"<p><img decoding=\"async\" class=\"alignnone wp-image-32586\" src=\"https:\/\/lecochonsavant.com\/wp-content\/uploads\/2025\/11\/rabais-20-300x41.jpg\" alt=\"\" width=\"337\" height=\"46\" srcset=\"https:\/\/lecochonsavant.com\/wp-content\/uploads\/2025\/11\/rabais-20-300x41.jpg 300w, https:\/\/lecochonsavant.com\/wp-content\/uploads\/2025\/11\/rabais-20-64x9.jpg 64w, https:\/\/lecochonsavant.com\/wp-content\/uploads\/2025\/11\/rabais-20.jpg 528w\" sizes=\"(max-width: 337px) 100vw, 337px\" \/><\/p>\n<p><strong>Le masturbateur Jamyjob<\/strong><\/p>\n<p><strong>Jamyjob Toys<\/strong>\u00a0pr\u00e9sente trois masturbateurs parfaits pour une utilisation en solo, \u00e0 deux ou \u00e0 emporter partout. Fabriqu\u00e9s en TPR, ils intensifient les sensations de plaisir et am\u00e9liorent le bien-\u00eatre lors de la masturbation masculine.<\/p>\n<p>Mode d&#8217;emploi ;<\/p>\n<p>Avant utilisation, appliquez un lubrifiant \u00e0 base d&#8217;eau sans parab\u00e8nes comme Waterfeel ou Nina Kik\u00ed.<\/p>\n<p>Apr\u00e8s utilisation, si aucune \u00e9jaculation n&#8217;a eu lieu \u00e0 l&#8217;int\u00e9rieur, nettoyez-le avec un savon au pH neutre et de l&#8217;eau ti\u00e8de. En cas d&#8217;\u00e9jaculation \u00e0 l&#8217;int\u00e9rieur, retirez le manchon, passez-le sous l&#8217;eau courante et nettoyez-le avec un savon au pH neutre. Laissez-le s\u00e9cher. Une fois sec, il sera pr\u00eat \u00e0 \u00eatre r\u00e9utilis\u00e9.<\/p>\n<ul>\n<li>Forme de l&#8217;anus<\/li>\n<li>Mati\u00e8re : TPR sans phtalates<\/li>\n<\/ul>\n<p><strong>5 BIENFAITS DE LA MASTURBATION MASCULINE<\/strong><\/p>\n<p>Dans certaines soci\u00e9t\u00e9s, la masturbation est encore per\u00e7ue comme immorale et n\u00e9faste. De fait, c&#8217;est un sujet presque tabou, rarement abord\u00e9 en soci\u00e9t\u00e9 et r\u00e9serv\u00e9 \u00e0 la sph\u00e8re priv\u00e9e. Il ne faut pas non plus ignorer les l\u00e9gendes urbaines qui circulent \u00e0 son sujet\u00a0: par exemple, qu&#8217;elle provoque la st\u00e9rilit\u00e9, la c\u00e9cit\u00e9 ou l&#8217;acn\u00e9. Pourtant, cette pratique procure, entre autres, plaisir et d\u00e9tente. Voici cinq bienfaits de la masturbation masculine.<\/p>\n<ul>\n<li><strong>Pr\u00e9vient le cancer de la prostate<\/strong><\/li>\n<\/ul>\n<p>Le cancer de la prostate est le type de cancer le plus fr\u00e9quent chez les hommes de plus de 70 ans. De fait, son incidence est en augmentation, comme en t\u00e9moigne le fait qu&#8217;il repr\u00e9sente d\u00e9j\u00e0 12 % des nouveaux cas de cancer d\u00e9tect\u00e9s en Europe.<\/p>\n<p>Plusieurs \u00e9tudes ont r\u00e9v\u00e9l\u00e9 que la vidange fr\u00e9quente de la prostate, obtenue par l&#8217;\u00e9jaculation, peut pr\u00e9venir l&#8217;apparition du cancer de la prostate. Certaines \u00e9tudes affirment que les hommes qui se masturbent plus de cinq fois par semaine ont 30 % moins de risques de d\u00e9velopper un cancer de la prostate.<\/p>\n<ul>\n<li><strong>Relaxant naturel<\/strong><\/li>\n<\/ul>\n<p>Les m\u00e9thodes de relaxation les plus courantes sont la tisane \u00e0 la camomille, la lecture, le yoga, voire la prise de m\u00e9dicaments. Mais la masturbation peut \u00e9galement procurer cet effet, et contribuer \u00e0 lutter contre l&#8217;insomnie. Lors de l&#8217;orgasme, le cerveau de l&#8217;homme lib\u00e8re des hormones comme la s\u00e9rotonine et l&#8217;ocytocine, associ\u00e9es au sommeil.<\/p>\n<ul>\n<li><strong>Fertilit\u00e9 accrue<\/strong><\/li>\n<\/ul>\n<p>Contrairement \u00e0 une id\u00e9e r\u00e9pandue, la masturbation n&#8217;affecte pas la qualit\u00e9 du sperme. Bien au contraire, elle am\u00e9liore la mobilit\u00e9 des spermatozo\u00efdes. En effet, l&#8217;\u00e9jaculation expulse les spermatozo\u00efdes r\u00e9siduels, garantissant ainsi que les nouveaux spermatozo\u00efdes lib\u00e9r\u00e9s soient plus sains et plus jeunes.<\/p>\n<ul>\n<li><strong>Pr\u00e9vention des infections<\/strong><\/li>\n<\/ul>\n<p>\u00c0 chaque \u00e9jaculation, des bact\u00e9ries sont expuls\u00e9es. Les canaux \u00e9jaculateurs sont ainsi nettoy\u00e9s, ce qui pr\u00e9vient les infections. Mais outre ses effets b\u00e9n\u00e9fiques au niveau des organes g\u00e9nitaux, vous en profiterez \u00e9galement dans d&#8217;autres parties de votre corps.<\/p>\n<ul>\n<li><strong>Augmente le bonheur<\/strong><\/li>\n<\/ul>\n<p>La masturbation lib\u00e8re des hormones comme la dopamine et l&#8217;ocytocine, associ\u00e9es \u00e0 une sensation de bien-\u00eatre. Les circuits de la r\u00e9compense dans le cerveau sont activ\u00e9s, ce qui am\u00e9liore l&#8217;humeur et le sentiment de bonheur.<\/p>\n<p>Utilisez\u00a0<strong>Jamyjob<\/strong>\u00a0r\u00e9guli\u00e8rement pour am\u00e9liorer vos performances sexuelles !<\/p>","protected":false},"excerpt":{"rendered":"<p><strong>Jamyjob Toys<\/strong>\u00a0pr\u00e9sente trois masturbateurs parfaits pour une utilisation en solo, \u00e0 deux ou \u00e0 emporter partout. Fabriqu\u00e9s en TPR, ils intensifient les sensations de plaisir et am\u00e9liorent le bien-\u00eatre lors de la masturbation masculine.<\/p>","protected":false},"featured_media":25844,"comment_status":"open","ping_status":"closed","template":"","meta":{"nf_dc_page":"","_bbp_topic_count":0,"_bbp_reply_count":0,"_bbp_total_topic_count":0,"_bbp_total_reply_count":0,"_bbp_voice_count":0,"_bbp_anonymous_reply_count":0,"_bbp_topic_count_hidden":0,"_bbp_reply_count_hidden":0,"_bbp_forum_subforum_count":0,"jetpack_publicize_message":"","jetpack_publicize_feature_enabled":true,"jetpack_social_post_already_shared":false,"jetpack_social_options":{"image_generator_settings":{"template":"highway","default_image_id":0,"font":"","enabled":false},"version":2}},"product_brand":[519],"product_cat":[518,517],"product_tag":[520,521],"class_list":{"0":"post-25842","1":"product","2":"type-product","3":"status-publish","4":"has-post-thumbnail","6":"product_brand-jamyboy","7":"product_cat-jouets","8":"product_cat-masturbateur","9":"product_tag-jouets","10":"product_tag-masturbateur","12":"first","13":"instock","14":"taxable","15":"shipping-taxable","16":"purchasable","17":"product-type-simple"},"jetpack_publicize_connections":[],"_links":{"self":[{"href":"https:\/\/lecochonsavant.com\/en\/wp-json\/wp\/v2\/product\/25842","targetHints":{"allow":["GET"]}}],"collection":[{"href":"https:\/\/lecochonsavant.com\/en\/wp-json\/wp\/v2\/product"}],"about":[{"href":"https:\/\/lecochonsavant.com\/en\/wp-json\/wp\/v2\/types\/product"}],"replies":[{"embeddable":true,"href":"https:\/\/lecochonsavant.com\/en\/wp-json\/wp\/v2\/comments?post=25842"}],"wp:featuredmedia":[{"embeddable":true,"href":"https:\/\/lecochonsavant.com\/en\/wp-json\/wp\/v2\/media\/25844"}],"wp:attachment":[{"href":"https:\/\/lecochonsavant.com\/en\/wp-json\/wp\/v2\/media?parent=25842"}],"wp:term":[{"taxonomy":"product_brand","embeddable":true,"href":"https:\/\/lecochonsavant.com\/en\/wp-json\/wp\/v2\/product_brand?post=25842"},{"taxonomy":"product_cat","embeddable":true,"href":"https:\/\/lecochonsavant.com\/en\/wp-json\/wp\/v2\/product_cat?post=25842"},{"taxonomy":"product_tag","embeddable":true,"href":"https:\/\/lecochonsavant.com\/en\/wp-json\/wp\/v2\/product_tag?post=25842"}],"curies":[{"name":"wp","href":"https:\/\/api.w.org\/{rel}","templated":true}]}}