{"id":25850,"date":"2025-11-05T00:01:16","date_gmt":"2025-11-05T05:01:16","guid":{"rendered":"https:\/\/lecochonsavant.com\/?post_type=product&#038;p=25850"},"modified":"2025-12-01T23:57:59","modified_gmt":"2025-12-02T04:57:59","slug":"alive-shot-experience-mini-masturbateur-transparent","status":"publish","type":"product","link":"https:\/\/lecochonsavant.com\/en\/product\/alive-shot-experience-mini-masturbateur-transparent\/","title":{"rendered":"ALIVE &#8211; SHOT EXPERIENCE MINI MASTURBATEUR TRANSPARENT"},"content":{"rendered":"<p><img decoding=\"async\" class=\"alignnone wp-image-32586\" src=\"https:\/\/lecochonsavant.com\/wp-content\/uploads\/2025\/11\/rabais-20-300x41.jpg\" alt=\"\" width=\"337\" height=\"46\" srcset=\"https:\/\/lecochonsavant.com\/wp-content\/uploads\/2025\/11\/rabais-20-300x41.jpg 300w, https:\/\/lecochonsavant.com\/wp-content\/uploads\/2025\/11\/rabais-20-64x9.jpg 64w, https:\/\/lecochonsavant.com\/wp-content\/uploads\/2025\/11\/rabais-20.jpg 528w\" sizes=\"(max-width: 337px) 100vw, 337px\" \/><\/p>\n<p><strong>Shot Experience Mini Masturbator<\/strong>\u00a0, c&#8217;est un mini masturbateur pour hommes et c&#8217;est un jouet sexuel con\u00e7u pour fournir une stimulation agr\u00e9able et satisfaisante au p\u00e9nis. Ces appareils compacts sont reconnus pour leur portabilit\u00e9 et leur capacit\u00e9 \u00e0 d\u00e9livrer des sensations intenses lors de la masturbation.<\/p>\n<p><u><strong>1. Conception compacte et portable :<\/strong><\/u> le mini-masturbateur a une conception compacte qui le rend facile \u00e0 transporter et discret. Sa petite taille en fait une option pratique pour ceux qui souhaitent emporter leur jouet avec eux ou pour ceux qui recherchent une option discr\u00e8te pour leur plaisir personnel.<\/p>\n<p><u><strong>2. Mat\u00e9riaux de qualit\u00e9<\/strong><\/u>\u00a0: ces jouets sont fabriqu\u00e9s avec des mat\u00e9riaux sans danger pour le corps. Ces mat\u00e9riaux garantissent un toucher doux et r\u00e9aliste, ainsi qu&#8217;un nettoyage facile apr\u00e8s utilisation.<\/p>\n<p><u><strong>3. Textures et conceptions internes :<\/strong><\/u> Malgr\u00e9 leur petite taille, les mini-masturbateurs pr\u00e9sentent souvent des textures internes con\u00e7ues pour maximiser la stimulation. Ces textures peuvent inclure des bosses, des stries ou des chambres internes qui ajoutent de la vari\u00e9t\u00e9 et augmentent l&#8217;intensit\u00e9 des sensations lors de l&#8217;utilisation.<\/p>\n<p><u><strong>4. Utilisation avec des lubrifiants :<\/strong><\/u> Pour am\u00e9liorer le confort et la sensation lors de l&#8217;utilisation, il est recommand\u00e9 d&#8217;utiliser des lubrifiants \u00e0 base d&#8217;eau ou de silicone avec les mini-masturbateurs. Une lubrification ad\u00e9quate facilite non seulement l&#8217;insertion, mais am\u00e9liore \u00e9galement la friction et r\u00e9duit les risques d&#8217;irritation.<\/p>\n<p><u><strong>5. Formes et mod\u00e8les<\/strong><\/u> : Les mini-masturbateurs peuvent avoir diff\u00e9rentes formes, allant de r\u00e9pliques de parties sp\u00e9cifiques du corps \u00e0 des designs plus abstraits. Certains mod\u00e8les imitent la forme d&#8217;un vagin ou d&#8217;une bouche stylis\u00e9e, tandis que d&#8217;autres peuvent avoir des formes plus discr\u00e8tes pour pr\u00e9server l&#8217;intimit\u00e9.<\/p>\n<p><u><strong>6. Entretien et nettoyage<\/strong><\/u> : Un entretien et un nettoyage appropri\u00e9s sont essentiels pour garantir la durabilit\u00e9 et l&#8217;hygi\u00e8ne du mini-masturbateur. La plupart de ces jouets sont faciles \u00e0 nettoyer avec de l&#8217;eau ti\u00e8de et du savon doux, et certains mod\u00e8les sont m\u00eame imperm\u00e9ables, ce qui rend le nettoyage encore plus facile.<\/p>\n<p>&nbsp;<\/p>\n<p><u><strong>CARACT\u00c9RISTIQUES:<\/strong><\/u><\/p>\n<ul>\n<li>Couleur: Transparent<\/li>\n<li><u>Dimensions<\/u>\u00a0: Longueur 8,5 cm \/ Diam\u00e8tre 5 cm<\/li>\n<li>\u00c9tanch\u00e9it\u00e9\u00a0:\u00a0r\u00e9sistant aux \u00e9claboussures-IPX8<\/li>\n<li>Zone de stimulation : P\u00e9nis<\/li>\n<\/ul>","protected":false},"excerpt":{"rendered":"<p>Shot Experience Mini Masturbator\u00a0, c&#8217;est un mini masturbateur pour hommes et c&#8217;est un jouet sexuel con\u00e7u pour fournir une stimulation agr\u00e9able et satisfaisante au p\u00e9nis. Ces appareils compacts sont reconnus pour leur portabilit\u00e9 et leur capacit\u00e9 \u00e0 d\u00e9livrer des sensations intenses lors de la masturbation. 1. Conception compacte et portable : le mini-masturbateur a une [&hellip;]<\/p>\n","protected":false},"featured_media":25852,"comment_status":"open","ping_status":"closed","template":"","meta":{"nf_dc_page":"","_bbp_topic_count":0,"_bbp_reply_count":0,"_bbp_total_topic_count":0,"_bbp_total_reply_count":0,"_bbp_voice_count":0,"_bbp_anonymous_reply_count":0,"_bbp_topic_count_hidden":0,"_bbp_reply_count_hidden":0,"_bbp_forum_subforum_count":0,"jetpack_publicize_message":"","jetpack_publicize_feature_enabled":true,"jetpack_social_post_already_shared":false,"jetpack_social_options":{"image_generator_settings":{"template":"highway","default_image_id":0,"font":"","enabled":false},"version":2}},"product_brand":[522],"product_cat":[517],"product_tag":[521],"class_list":{"0":"post-25850","1":"product","2":"type-product","3":"status-publish","4":"has-post-thumbnail","6":"product_brand-alive","7":"product_cat-masturbateur","8":"product_tag-masturbateur","10":"first","11":"instock","12":"taxable","13":"shipping-taxable","14":"purchasable","15":"product-type-simple"},"jetpack_publicize_connections":[],"_links":{"self":[{"href":"https:\/\/lecochonsavant.com\/en\/wp-json\/wp\/v2\/product\/25850","targetHints":{"allow":["GET"]}}],"collection":[{"href":"https:\/\/lecochonsavant.com\/en\/wp-json\/wp\/v2\/product"}],"about":[{"href":"https:\/\/lecochonsavant.com\/en\/wp-json\/wp\/v2\/types\/product"}],"replies":[{"embeddable":true,"href":"https:\/\/lecochonsavant.com\/en\/wp-json\/wp\/v2\/comments?post=25850"}],"wp:featuredmedia":[{"embeddable":true,"href":"https:\/\/lecochonsavant.com\/en\/wp-json\/wp\/v2\/media\/25852"}],"wp:attachment":[{"href":"https:\/\/lecochonsavant.com\/en\/wp-json\/wp\/v2\/media?parent=25850"}],"wp:term":[{"taxonomy":"product_brand","embeddable":true,"href":"https:\/\/lecochonsavant.com\/en\/wp-json\/wp\/v2\/product_brand?post=25850"},{"taxonomy":"product_cat","embeddable":true,"href":"https:\/\/lecochonsavant.com\/en\/wp-json\/wp\/v2\/product_cat?post=25850"},{"taxonomy":"product_tag","embeddable":true,"href":"https:\/\/lecochonsavant.com\/en\/wp-json\/wp\/v2\/product_tag?post=25850"}],"curies":[{"name":"wp","href":"https:\/\/api.w.org\/{rel}","templated":true}]}}