{"id":25858,"date":"2025-11-05T00:01:33","date_gmt":"2025-11-05T05:01:33","guid":{"rendered":"https:\/\/lecochonsavant.com\/?post_type=product&#038;p=25858"},"modified":"2025-12-01T23:57:08","modified_gmt":"2025-12-02T04:57:08","slug":"ohmama-masturbateur-avec-vibration-de-lanus","status":"publish","type":"product","link":"https:\/\/lecochonsavant.com\/en\/product\/ohmama-masturbateur-avec-vibration-de-lanus\/","title":{"rendered":"OHMAMA &#8211; MASTURBATEUR AVEC VIBRATION DE L&#8217;ANUS"},"content":{"rendered":"<p><img decoding=\"async\" class=\"alignnone wp-image-32586\" src=\"https:\/\/lecochonsavant.com\/wp-content\/uploads\/2025\/11\/rabais-20-300x41.jpg\" alt=\"\" width=\"337\" height=\"46\" srcset=\"https:\/\/lecochonsavant.com\/wp-content\/uploads\/2025\/11\/rabais-20-300x41.jpg 300w, https:\/\/lecochonsavant.com\/wp-content\/uploads\/2025\/11\/rabais-20-64x9.jpg 64w, https:\/\/lecochonsavant.com\/wp-content\/uploads\/2025\/11\/rabais-20.jpg 528w\" sizes=\"(max-width: 337px) 100vw, 337px\" \/><\/p>\n<p>Oh maman! C&#8217;est exactement ce que vous direz lorsque vous l&#8217;aurez entre les mains et pourrez profiter du plaisir que vous procurera cet incroyable masturbateur pour homme avec vibration. Appliquez une quantit\u00e9 g\u00e9n\u00e9reuse de lubrifiant \u00e0 base d&#8217;eau (nous recommandons les lubrifiants de la marque Waterfeel pour un plus grand plaisir) et profitez-en !<\/p>\n<ul>\n<li>Masturbateur pour hommes<\/li>\n<li>Entr\u00e9e\u00a0: Anus<\/li>\n<li>Avec vibrations<\/li>\n<li>balle amovible<\/li>\n<li>Parfait pour jouer seul ou en couple<\/li>\n<li>Se nettoie facilement avec de l&#8217;eau ti\u00e8de et du savon au pH neutre<\/li>\n<li>Ergonomique pour une prise en main et une manipulation faciles<\/li>\n<li>Piles vibrantes : 3 x LR44<\/li>\n<li>Dimensions de la coquille : 18 x 6,5 cm<\/li>\n<\/ul>\n<p>LA MARQUE<\/p>\n<p>La gamme de produits OHMAMA est parfaite pour offrir. Un produit accessible \u00e0 tous avec une qualit\u00e9 parfaite. Une combinaison unique dans cette ligne de jouets d&#8217;\u00e9dition sp\u00e9ciale No\u00ebl.<\/p>","protected":false},"excerpt":{"rendered":"<p>Oh maman! C&#8217;est exactement ce que vous direz lorsque vous l&#8217;aurez entre les mains et pourrez profiter du plaisir que vous procurera cet incroyable masturbateur pour homme avec vibration. Appliquez une quantit\u00e9 g\u00e9n\u00e9reuse de lubrifiant \u00e0 base d&#8217;eau (nous recommandons les lubrifiants de la marque Waterfeel pour un plus grand plaisir) et profitez-en !<\/p>","protected":false},"featured_media":25860,"comment_status":"open","ping_status":"closed","template":"","meta":{"nf_dc_page":"","_bbp_topic_count":0,"_bbp_reply_count":0,"_bbp_total_topic_count":0,"_bbp_total_reply_count":0,"_bbp_voice_count":0,"_bbp_anonymous_reply_count":0,"_bbp_topic_count_hidden":0,"_bbp_reply_count_hidden":0,"_bbp_forum_subforum_count":0,"jetpack_publicize_message":"","jetpack_publicize_feature_enabled":true,"jetpack_social_post_already_shared":false,"jetpack_social_options":{"image_generator_settings":{"template":"highway","default_image_id":0,"font":"","enabled":false},"version":2}},"product_brand":[523],"product_cat":[517],"product_tag":[521],"class_list":{"0":"post-25858","1":"product","2":"type-product","3":"status-publish","4":"has-post-thumbnail","6":"product_brand-ohmama","7":"product_cat-masturbateur","8":"product_tag-masturbateur","10":"first","11":"instock","12":"taxable","13":"shipping-taxable","14":"purchasable","15":"product-type-simple"},"jetpack_publicize_connections":[],"_links":{"self":[{"href":"https:\/\/lecochonsavant.com\/en\/wp-json\/wp\/v2\/product\/25858","targetHints":{"allow":["GET"]}}],"collection":[{"href":"https:\/\/lecochonsavant.com\/en\/wp-json\/wp\/v2\/product"}],"about":[{"href":"https:\/\/lecochonsavant.com\/en\/wp-json\/wp\/v2\/types\/product"}],"replies":[{"embeddable":true,"href":"https:\/\/lecochonsavant.com\/en\/wp-json\/wp\/v2\/comments?post=25858"}],"wp:featuredmedia":[{"embeddable":true,"href":"https:\/\/lecochonsavant.com\/en\/wp-json\/wp\/v2\/media\/25860"}],"wp:attachment":[{"href":"https:\/\/lecochonsavant.com\/en\/wp-json\/wp\/v2\/media?parent=25858"}],"wp:term":[{"taxonomy":"product_brand","embeddable":true,"href":"https:\/\/lecochonsavant.com\/en\/wp-json\/wp\/v2\/product_brand?post=25858"},{"taxonomy":"product_cat","embeddable":true,"href":"https:\/\/lecochonsavant.com\/en\/wp-json\/wp\/v2\/product_cat?post=25858"},{"taxonomy":"product_tag","embeddable":true,"href":"https:\/\/lecochonsavant.com\/en\/wp-json\/wp\/v2\/product_tag?post=25858"}],"curies":[{"name":"wp","href":"https:\/\/api.w.org\/{rel}","templated":true}]}}