{"id":25865,"date":"2025-11-05T00:01:59","date_gmt":"2025-11-05T05:01:59","guid":{"rendered":"https:\/\/lecochonsavant.com\/?post_type=product&#038;p=25865"},"modified":"2025-12-01T23:54:50","modified_gmt":"2025-12-02T04:54:50","slug":"ohmama-boules-anal-chinoises-noires-170-gr","status":"publish","type":"product","link":"https:\/\/lecochonsavant.com\/en\/product\/ohmama-boules-anal-chinoises-noires-170-gr\/","title":{"rendered":"OHMAMA &#8211; BOULES ANAL CHINOISES NOIRES 170 GR"},"content":{"rendered":"<p><img decoding=\"async\" class=\"alignnone wp-image-32586\" src=\"https:\/\/lecochonsavant.com\/wp-content\/uploads\/2025\/11\/rabais-20-300x41.jpg\" alt=\"\" width=\"337\" height=\"46\" srcset=\"https:\/\/lecochonsavant.com\/wp-content\/uploads\/2025\/11\/rabais-20-300x41.jpg 300w, https:\/\/lecochonsavant.com\/wp-content\/uploads\/2025\/11\/rabais-20-64x9.jpg 64w, https:\/\/lecochonsavant.com\/wp-content\/uploads\/2025\/11\/rabais-20.jpg 528w\" sizes=\"(max-width: 337px) 100vw, 337px\" \/><\/p>\n<p>Oh maman! Nous savons qu&#8217;il y a peu de choses meilleures qu&#8217;un bon orgasme et l&#8217;importance de maintenir une bonne sant\u00e9 sexuelle en raison de ses nombreux avantages, car il am\u00e9liore la circulation sanguine, remonte le moral, favorise le sommeil, maintient le cerveau en bonne sant\u00e9, est un analg\u00e9sique naturel, Il r\u00e9duit le stress, en plus d&#8217;apporter du bien-\u00eatre et d&#8217;am\u00e9liorer la sant\u00e9 \u00e9motionnelle.<\/p>\n<p>Nous sommes conscients de tout cela, c&#8217;est pourquoi avec la gamme de jouets\u00a0<strong>Ohmama<\/strong>\u00a0nous vous aiderons \u00e0 y parvenir !<\/p>\n<p><u><strong>Caract\u00e9ristiques<\/strong><\/u><\/p>\n<ul>\n<li>Boules chinoises<\/li>\n<li>Contient une balle de poids int\u00e9rieure<\/li>\n<li>Corde en nylon solide, retrait en toute s\u00e9curit\u00e9<\/li>\n<li>Mat\u00e9riel:ABS<\/li>\n<li>sans danger pour le corps<\/li>\n<li>Sans parabens ni phtalates<\/li>\n<li>Pr\u00e9sentation sous sachet hygi\u00e9nique scell\u00e9<\/li>\n<li>Mesures:\n<ul>\n<li>Diam\u00e8tres des boules : 3 cm<\/li>\n<li>Longueur totale : 40 cm<\/li>\n<\/ul>\n<\/li>\n<\/ul>\n<ul>\n<li>Pour son utilisation, une lubrification correcte est n\u00e9cessaire. Ohmama recommande les lubrifiants de marque Waterfeel, Aqua Quality ou Bio Aqua.<\/li>\n<\/ul>\n<p><strong>LA MARQUE<\/strong><\/p>\n<p>La gamme de produits OHMAMA est parfaite pour offrir. Un produit accessible \u00e0 tous avec une qualit\u00e9 parfaite. Une combinaison unique dans cette ligne de jouets pour adultes.<\/p>","protected":false},"excerpt":{"rendered":"<p>Oh maman! Nous savons qu&#8217;il y a peu de choses meilleures qu&#8217;un bon orgasme et l&#8217;importance de maintenir une bonne sant\u00e9 sexuelle en raison de ses nombreux avantages, car il am\u00e9liore la circulation sanguine, remonte le moral, favorise le sommeil, maintient le cerveau en bonne sant\u00e9, est un analg\u00e9sique naturel, Il r\u00e9duit le stress, en plus d&#8217;apporter du bien-\u00eatre et d&#8217;am\u00e9liorer la sant\u00e9 \u00e9motionnelle.<\/p>","protected":false},"featured_media":25867,"comment_status":"open","ping_status":"closed","template":"","meta":{"nf_dc_page":"","_bbp_topic_count":0,"_bbp_reply_count":0,"_bbp_total_topic_count":0,"_bbp_total_reply_count":0,"_bbp_voice_count":0,"_bbp_anonymous_reply_count":0,"_bbp_topic_count_hidden":0,"_bbp_reply_count_hidden":0,"_bbp_forum_subforum_count":0,"jetpack_publicize_message":"","jetpack_publicize_feature_enabled":true,"jetpack_social_post_already_shared":false,"jetpack_social_options":{"image_generator_settings":{"template":"highway","default_image_id":0,"font":"","enabled":false},"version":2}},"product_brand":[523],"product_cat":[290],"product_tag":[524],"class_list":{"0":"post-25865","1":"product","2":"type-product","3":"status-publish","4":"has-post-thumbnail","6":"product_brand-ohmama","7":"product_cat-anal","8":"product_tag-boule-chinoises","10":"first","11":"instock","12":"taxable","13":"shipping-taxable","14":"purchasable","15":"product-type-simple"},"jetpack_publicize_connections":[],"_links":{"self":[{"href":"https:\/\/lecochonsavant.com\/en\/wp-json\/wp\/v2\/product\/25865","targetHints":{"allow":["GET"]}}],"collection":[{"href":"https:\/\/lecochonsavant.com\/en\/wp-json\/wp\/v2\/product"}],"about":[{"href":"https:\/\/lecochonsavant.com\/en\/wp-json\/wp\/v2\/types\/product"}],"replies":[{"embeddable":true,"href":"https:\/\/lecochonsavant.com\/en\/wp-json\/wp\/v2\/comments?post=25865"}],"wp:featuredmedia":[{"embeddable":true,"href":"https:\/\/lecochonsavant.com\/en\/wp-json\/wp\/v2\/media\/25867"}],"wp:attachment":[{"href":"https:\/\/lecochonsavant.com\/en\/wp-json\/wp\/v2\/media?parent=25865"}],"wp:term":[{"taxonomy":"product_brand","embeddable":true,"href":"https:\/\/lecochonsavant.com\/en\/wp-json\/wp\/v2\/product_brand?post=25865"},{"taxonomy":"product_cat","embeddable":true,"href":"https:\/\/lecochonsavant.com\/en\/wp-json\/wp\/v2\/product_cat?post=25865"},{"taxonomy":"product_tag","embeddable":true,"href":"https:\/\/lecochonsavant.com\/en\/wp-json\/wp\/v2\/product_tag?post=25865"}],"curies":[{"name":"wp","href":"https:\/\/api.w.org\/{rel}","templated":true}]}}