{"id":25870,"date":"2025-11-05T00:03:01","date_gmt":"2025-11-05T05:03:01","guid":{"rendered":"https:\/\/lecochonsavant.com\/?post_type=product&#038;p=25870"},"modified":"2025-12-01T23:54:15","modified_gmt":"2025-12-02T04:54:15","slug":"brilly-glam-perles-de-kegel-vibrantes-telecommande","status":"publish","type":"product","link":"https:\/\/lecochonsavant.com\/en\/product\/brilly-glam-perles-de-kegel-vibrantes-telecommande\/","title":{"rendered":"BRILLY GLAM &#8211; PERLES DE KEGEL VIBRANTES T\u00c9L\u00c9COMMANDE"},"content":{"rendered":"<p><img decoding=\"async\" class=\"alignnone wp-image-32586\" src=\"https:\/\/lecochonsavant.com\/wp-content\/uploads\/2025\/11\/rabais-20-300x41.jpg\" alt=\"\" width=\"337\" height=\"46\" srcset=\"https:\/\/lecochonsavant.com\/wp-content\/uploads\/2025\/11\/rabais-20-300x41.jpg 300w, https:\/\/lecochonsavant.com\/wp-content\/uploads\/2025\/11\/rabais-20-64x9.jpg 64w, https:\/\/lecochonsavant.com\/wp-content\/uploads\/2025\/11\/rabais-20.jpg 528w\" sizes=\"(max-width: 337px) 100vw, 337px\" \/><\/p>\n<p>BRILLY GLAM s&#8217;engage toujours \u00e0 trouver les meilleurs moyens de faire de vos moments intimes les exp\u00e9riences les plus inoubliables et, de m\u00eame, de r\u00e9pondre \u00e0 vos besoins, en vous rendant la vie plus confortable et en toute discr\u00e9tion. Les jouets BRILLY GLAM ne sont pas exclusivement destin\u00e9s au plaisir en solo, vous pouvez d\u00e9sormais partager vos exp\u00e9riences pr\u00e9f\u00e9r\u00e9es en couple gr\u00e2ce \u00e0 leur compatibilit\u00e9 avec Watchme.<\/p>\n<p>La gamme\u00a0VIBRATING KEGEL BEADS\u00a0int\u00e8gre des boules vaginales vibrantes rechargeables qui aident \u00e0 renforcer le plancher pelvien. Ils sont un magnifique entra\u00eeneur du plancher pelvien qui aide \u00e0 pr\u00e9venir les probl\u00e8mes de sant\u00e9 tels que l&#8217;incontinence urinaire ou le vaginisme, ainsi qu&#8217;\u00e0 am\u00e9liorer la satisfaction sexuelle.<\/p>\n<p><strong>Traits:<\/strong><\/p>\n<ul>\n<li>10 modes de vibration<\/li>\n<li>Moteur ultra puissant<\/li>\n<li>T\u00e9l\u00e9commande<\/li>\n<li>9,5 cm x 3,5 cm<\/li>\n<li>62 grammes<\/li>\n<li>Rechargeable par USB<\/li>\n<li>IPX7 \u00e9tanche<\/li>\n<li>Silicone ultra doux et ABS<\/li>\n<li>Mat\u00e9riau sans danger pour le corps<\/li>\n<li>Sans phtalate<\/li>\n<li>Lubrifiant neutre WATERFEEL\u00a0<strong>gratuit<\/strong>\u00a06 ml<\/li>\n<\/ul>","protected":false},"excerpt":{"rendered":"<p>BRILLY GLAM s&#8217;engage toujours \u00e0 trouver les meilleurs moyens de faire de vos moments intimes les exp\u00e9riences les plus inoubliables et, de m\u00eame, de r\u00e9pondre \u00e0 vos besoins, en vous rendant la vie plus confortable et en toute discr\u00e9tion. Les jouets BRILLY GLAM ne sont pas exclusivement destin\u00e9s au plaisir en solo, vous pouvez d\u00e9sormais [&hellip;]<\/p>\n","protected":false},"featured_media":25872,"comment_status":"open","ping_status":"closed","template":"","meta":{"nf_dc_page":"","_bbp_topic_count":0,"_bbp_reply_count":0,"_bbp_total_topic_count":0,"_bbp_total_reply_count":0,"_bbp_voice_count":0,"_bbp_anonymous_reply_count":0,"_bbp_topic_count_hidden":0,"_bbp_reply_count_hidden":0,"_bbp_forum_subforum_count":0,"jetpack_publicize_message":"","jetpack_publicize_feature_enabled":true,"jetpack_social_post_already_shared":false,"jetpack_social_options":{"image_generator_settings":{"template":"highway","default_image_id":0,"font":"","enabled":false},"version":2}},"product_brand":[525],"product_cat":[290],"product_tag":[524],"class_list":{"0":"post-25870","1":"product","2":"type-product","3":"status-publish","4":"has-post-thumbnail","6":"product_brand-brilly-glam","7":"product_cat-anal","8":"product_tag-boule-chinoises","10":"first","11":"instock","12":"taxable","13":"shipping-taxable","14":"purchasable","15":"product-type-simple"},"jetpack_publicize_connections":[],"_links":{"self":[{"href":"https:\/\/lecochonsavant.com\/en\/wp-json\/wp\/v2\/product\/25870","targetHints":{"allow":["GET"]}}],"collection":[{"href":"https:\/\/lecochonsavant.com\/en\/wp-json\/wp\/v2\/product"}],"about":[{"href":"https:\/\/lecochonsavant.com\/en\/wp-json\/wp\/v2\/types\/product"}],"replies":[{"embeddable":true,"href":"https:\/\/lecochonsavant.com\/en\/wp-json\/wp\/v2\/comments?post=25870"}],"wp:featuredmedia":[{"embeddable":true,"href":"https:\/\/lecochonsavant.com\/en\/wp-json\/wp\/v2\/media\/25872"}],"wp:attachment":[{"href":"https:\/\/lecochonsavant.com\/en\/wp-json\/wp\/v2\/media?parent=25870"}],"wp:term":[{"taxonomy":"product_brand","embeddable":true,"href":"https:\/\/lecochonsavant.com\/en\/wp-json\/wp\/v2\/product_brand?post=25870"},{"taxonomy":"product_cat","embeddable":true,"href":"https:\/\/lecochonsavant.com\/en\/wp-json\/wp\/v2\/product_cat?post=25870"},{"taxonomy":"product_tag","embeddable":true,"href":"https:\/\/lecochonsavant.com\/en\/wp-json\/wp\/v2\/product_tag?post=25870"}],"curies":[{"name":"wp","href":"https:\/\/api.w.org\/{rel}","templated":true}]}}