{"id":25883,"date":"2025-11-05T00:03:16","date_gmt":"2025-11-05T05:03:16","guid":{"rendered":"https:\/\/lecochonsavant.com\/?post_type=product&#038;p=25883"},"modified":"2025-12-01T23:53:36","modified_gmt":"2025-12-02T04:53:36","slug":"cock-miller-gode-realiste-silicone-densite-articulable-noir-195-cm","status":"publish","type":"product","link":"https:\/\/lecochonsavant.com\/en\/product\/cock-miller-gode-realiste-silicone-densite-articulable-noir-195-cm\/","title":{"rendered":"COCK MILLER &#8211; GODE R\u00c9ALISTE SILICONE DENSIT\u00c9 ARTICULABLE NOIR 19,5 CM"},"content":{"rendered":"<p><img decoding=\"async\" class=\"alignnone wp-image-32586\" src=\"https:\/\/lecochonsavant.com\/wp-content\/uploads\/2025\/11\/rabais-20-300x41.jpg\" alt=\"\" width=\"337\" height=\"46\" srcset=\"https:\/\/lecochonsavant.com\/wp-content\/uploads\/2025\/11\/rabais-20-300x41.jpg 300w, https:\/\/lecochonsavant.com\/wp-content\/uploads\/2025\/11\/rabais-20-64x9.jpg 64w, https:\/\/lecochonsavant.com\/wp-content\/uploads\/2025\/11\/rabais-20.jpg 528w\" sizes=\"(max-width: 337px) 100vw, 337px\" \/><\/p>\n<p>COCKMILLER propose une gamme de godes avec une peau en silicone super douce de haute qualit\u00e9 \u00e0 double densit\u00e9 et remplie de silicone cocksil\u2122 dense qui comprend \u00e9galement un corps r\u00e9sistant qui le rend articul\u00e9, pour une texture et un toucher extr\u00eamement r\u00e9alistes et une exp\u00e9rience de plaisir incomparable.<\/p>\n<p>La formule brevet\u00e9e r\u00e9volutionnaire du mat\u00e9riau Cocksil utilis\u00e9 pour le remplissage de nos produits offre une meilleure flexibilit\u00e9 et une densit\u00e9 accrue au gode, lui conf\u00e9rant une \u00e9lasticit\u00e9 et une maniabilit\u00e9 exceptionnelles.<\/p>\n<p>COCKMILLER propose le silicone de la meilleure qualit\u00e9 du march\u00e9. Notre silicone Platinum ne contient ni phtalates ni latex. Hypoallerg\u00e9nique et non poreux, il est donc beaucoup plus durable et facile \u00e0 nettoyer.<\/p>\n<ul>\n<li>Double densit\u00e9<\/li>\n<li>Articulable<\/li>\n<li>Silicone \u00e0 m\u00e9moire de forme &#8211; cocksil<\/li>\n<li>Silicone platine<\/li>\n<li>Sans phtalate ni latex<\/li>\n<li>Ventouse puissante<\/li>\n<li>hypoallerg\u00e9nique<\/li>\n<li>Compatible avec harnais<\/li>\n<\/ul>\n<p><strong>MESURES<\/strong>\u00a0:<\/p>\n<ul>\n<li>Longueur totale : 19,5 cm<\/li>\n<li>Longueur ins\u00e9rable : 16 cm<\/li>\n<li>\u00c9paisseur : 3,5 \/ 3,6 \/ 3,7 cm<\/li>\n<\/ul>\n<p><strong>MAT\u00c9RIAU ET ENTRETIEN<\/strong><\/p>\n<p>Le mat\u00e9riau COCKSIL (silicone double densit\u00e9 et silicone dense) est doux pour la peau, non poreux et donc tr\u00e8s hygi\u00e9nique. Sa texture douce et flexible assure une glisse agr\u00e9able et facile. Il absorbe et retient rapidement la chaleur corporelle. Pour l&#8217;utilisation de lubrifiants, nous recommandons le lubrifiant \u00e0 base d&#8217;eau Waterfeel. Ce lubrifiant est doux pour le mat\u00e9riau et garantit une texture durable. Apr\u00e8s utilisation, nettoyez-le avec le nettoyant pour sextoys Waterfeel ou un savon au pH neutre et de l&#8217;eau ti\u00e8de pour un nettoyage parfait.<\/p>\n<p><strong>LA MARQUE COCKMILLER<\/strong><\/p>\n<p>Sensation de fermet\u00e9, r\u00e9alisme et agr\u00e9ment d\u00e9finissent la marque COCKMILLER, un produit de la plus haute qualit\u00e9 \u00e0 un prix abordable qui garantit une combinaison parfaite de prix et de plaisir<\/p>","protected":false},"excerpt":{"rendered":"<p>COCKMILLER propose une gamme de godes avec une peau en silicone super douce de haute qualit\u00e9 \u00e0 double densit\u00e9 et remplie de silicone cocksil\u2122 dense qui comprend \u00e9galement un corps r\u00e9sistant qui le rend articul\u00e9, pour une texture et un toucher extr\u00eamement r\u00e9alistes et une exp\u00e9rience de plaisir incomparable.<\/p>","protected":false},"featured_media":25885,"comment_status":"open","ping_status":"closed","template":"","meta":{"nf_dc_page":"","_bbp_topic_count":0,"_bbp_reply_count":0,"_bbp_total_topic_count":0,"_bbp_total_reply_count":0,"_bbp_voice_count":0,"_bbp_anonymous_reply_count":0,"_bbp_topic_count_hidden":0,"_bbp_reply_count_hidden":0,"_bbp_forum_subforum_count":0,"jetpack_publicize_message":"","jetpack_publicize_feature_enabled":true,"jetpack_social_post_already_shared":false,"jetpack_social_options":{"image_generator_settings":{"template":"highway","default_image_id":0,"font":"","enabled":false},"version":2}},"product_brand":[313],"product_cat":[265,314],"product_tag":[317,267],"class_list":{"0":"post-25883","1":"product","2":"type-product","3":"status-publish","4":"has-post-thumbnail","6":"product_brand-cock-miller","7":"product_cat-bites-dildos","8":"product_cat-cock-miller","9":"product_tag-bite","10":"product_tag-dildo","12":"first","13":"instock","14":"taxable","15":"shipping-taxable","16":"purchasable","17":"product-type-simple"},"jetpack_publicize_connections":[],"_links":{"self":[{"href":"https:\/\/lecochonsavant.com\/en\/wp-json\/wp\/v2\/product\/25883","targetHints":{"allow":["GET"]}}],"collection":[{"href":"https:\/\/lecochonsavant.com\/en\/wp-json\/wp\/v2\/product"}],"about":[{"href":"https:\/\/lecochonsavant.com\/en\/wp-json\/wp\/v2\/types\/product"}],"replies":[{"embeddable":true,"href":"https:\/\/lecochonsavant.com\/en\/wp-json\/wp\/v2\/comments?post=25883"}],"wp:featuredmedia":[{"embeddable":true,"href":"https:\/\/lecochonsavant.com\/en\/wp-json\/wp\/v2\/media\/25885"}],"wp:attachment":[{"href":"https:\/\/lecochonsavant.com\/en\/wp-json\/wp\/v2\/media?parent=25883"}],"wp:term":[{"taxonomy":"product_brand","embeddable":true,"href":"https:\/\/lecochonsavant.com\/en\/wp-json\/wp\/v2\/product_brand?post=25883"},{"taxonomy":"product_cat","embeddable":true,"href":"https:\/\/lecochonsavant.com\/en\/wp-json\/wp\/v2\/product_cat?post=25883"},{"taxonomy":"product_tag","embeddable":true,"href":"https:\/\/lecochonsavant.com\/en\/wp-json\/wp\/v2\/product_tag?post=25883"}],"curies":[{"name":"wp","href":"https:\/\/api.w.org\/{rel}","templated":true}]}}