{"id":25893,"date":"2025-11-05T00:04:21","date_gmt":"2025-11-05T05:04:21","guid":{"rendered":"https:\/\/lecochonsavant.com\/?post_type=product&#038;p=25893"},"modified":"2025-11-29T22:36:23","modified_gmt":"2025-11-30T03:36:23","slug":"cock-miller-silicone-densite-cocksil-articulable-noir-24-cm","status":"publish","type":"product","link":"https:\/\/lecochonsavant.com\/en\/product\/cock-miller-silicone-densite-cocksil-articulable-noir-24-cm\/","title":{"rendered":"COCK MILLER &#8211; SILICONE DENSIT\u00c9 COCKSIL ARTICULABLE NOIR 24 CM"},"content":{"rendered":"<p>COCKMILLER propose une gamme de godes avec une peau en silicone super douce de haute qualit\u00e9 \u00e0 double densit\u00e9 et remplie de silicone cocksil \u2122 dense qui comprend \u00e9galement un corps r\u00e9sistant qui le rend articul\u00e9, pour une texture et un toucher extr\u00eamement r\u00e9alistes et une exp\u00e9rience de plaisir incomparable.<\/p>\n<p>La formule r\u00e9volutionnaire brevet\u00e9e du mat\u00e9riau cocksil utilis\u00e9 pour remplir nos produits, permet une meilleure flexibilit\u00e9 et densit\u00e9 du gode. Lui donnant une superbe \u00e9lasticit\u00e9 et une maniabilit\u00e9 articulable<\/p>\n<p>COCKMILLER propose la meilleure qualit\u00e9 de silicone du march\u00e9. Notre silicone Platinum ne contient ni phtalates ni latex, il est hypoallerg\u00e9nique et non poreux ce qui le rend beaucoup plus durable et facile \u00e0 nettoyer.<\/p>\n<ul>\n<li>Double densit\u00e9<\/li>\n<li>Articulable<\/li>\n<li>Silicone \u00e0 m\u00e9moire de forme &#8211; cocksil<\/li>\n<li>Silicone platine<\/li>\n<li>Sans phtalate ni latex<\/li>\n<li>Forte ventouse<\/li>\n<li>hypoallerg\u00e9nique<\/li>\n<li>Convient avec un harnais<\/li>\n<\/ul>\n<p><strong>MESURES:<\/strong><\/p>\n<ul>\n<li>Longueur totale : 24 cm<\/li>\n<li>Longueur ins\u00e9rable : 21 cm<\/li>\n<li>\u00c9paisseur : 4 \/ 3,7 \/ 4,1 cm<\/li>\n<\/ul>\n<p><strong>MAT\u00c9RIEL ET ENTRETIEN<\/strong><\/p>\n<p>Le mat\u00e9riau COCKSIL (silicone double densit\u00e9 et silicone dense) est doux pour la peau, non poreux et donc tr\u00e8s hygi\u00e9nique. La texture douce et flexible garantit que le mat\u00e9riau en silicone est agr\u00e9able et facile \u00e0 glisser. Il absorbe et stocke rapidement la chaleur de votre corps. Pour l&#8217;utilisation de lubrifiants, nous recommandons un lubrifiant \u00e0 base d&#8217;eau Waterfeel. Ceci est doux pour le mat\u00e9riau et garantit qu&#8217;il conserve sa texture pendant longtemps. Apr\u00e8s l&#8217;avoir utilis\u00e9, nettoyez-le avec le nettoyant pour jouets Waterfeel ou du savon au pH neutre et de l&#8217;eau ti\u00e8de pour un nettoyage parfait.<\/p>\n<p><strong>LA MARQUE COCKMILLER<\/strong><\/p>\n<p>Sensation ferme, r\u00e9alisme et agr\u00e9ment d\u00e9finissent la marque COCKMILLER, un produit de la plus haute qualit\u00e9 \u00e0 un prix abordable qui garantit une combinaison parfaite de prix et de plaisir.<\/p>","protected":false},"excerpt":{"rendered":"<p>COCKMILLER propose une gamme de godes avec une peau en silicone super douce de haute qualit\u00e9 \u00e0 double densit\u00e9 et remplie de silicone cocksil \u2122 dense qui comprend \u00e9galement un corps r\u00e9sistant qui le rend articul\u00e9, pour une texture et un toucher extr\u00eamement r\u00e9alistes et une exp\u00e9rience de plaisir incomparable.<\/p>","protected":false},"featured_media":25895,"comment_status":"open","ping_status":"closed","template":"","meta":{"nf_dc_page":"","_bbp_topic_count":0,"_bbp_reply_count":0,"_bbp_total_topic_count":0,"_bbp_total_reply_count":0,"_bbp_voice_count":0,"_bbp_anonymous_reply_count":0,"_bbp_topic_count_hidden":0,"_bbp_reply_count_hidden":0,"_bbp_forum_subforum_count":0,"jetpack_publicize_message":"","jetpack_publicize_feature_enabled":true,"jetpack_social_post_already_shared":false,"jetpack_social_options":{"image_generator_settings":{"template":"highway","default_image_id":0,"font":"","enabled":false},"version":2}},"product_brand":[313],"product_cat":[265,314],"product_tag":[317,267],"class_list":{"0":"post-25893","1":"product","2":"type-product","3":"status-publish","4":"has-post-thumbnail","6":"product_brand-cock-miller","7":"product_cat-bites-dildos","8":"product_cat-cock-miller","9":"product_tag-bite","10":"product_tag-dildo","12":"first","13":"instock","14":"taxable","15":"shipping-taxable","16":"purchasable","17":"product-type-simple"},"jetpack_publicize_connections":[],"_links":{"self":[{"href":"https:\/\/lecochonsavant.com\/en\/wp-json\/wp\/v2\/product\/25893","targetHints":{"allow":["GET"]}}],"collection":[{"href":"https:\/\/lecochonsavant.com\/en\/wp-json\/wp\/v2\/product"}],"about":[{"href":"https:\/\/lecochonsavant.com\/en\/wp-json\/wp\/v2\/types\/product"}],"replies":[{"embeddable":true,"href":"https:\/\/lecochonsavant.com\/en\/wp-json\/wp\/v2\/comments?post=25893"}],"wp:featuredmedia":[{"embeddable":true,"href":"https:\/\/lecochonsavant.com\/en\/wp-json\/wp\/v2\/media\/25895"}],"wp:attachment":[{"href":"https:\/\/lecochonsavant.com\/en\/wp-json\/wp\/v2\/media?parent=25893"}],"wp:term":[{"taxonomy":"product_brand","embeddable":true,"href":"https:\/\/lecochonsavant.com\/en\/wp-json\/wp\/v2\/product_brand?post=25893"},{"taxonomy":"product_cat","embeddable":true,"href":"https:\/\/lecochonsavant.com\/en\/wp-json\/wp\/v2\/product_cat?post=25893"},{"taxonomy":"product_tag","embeddable":true,"href":"https:\/\/lecochonsavant.com\/en\/wp-json\/wp\/v2\/product_tag?post=25893"}],"curies":[{"name":"wp","href":"https:\/\/api.w.org\/{rel}","templated":true}]}}