{"id":25906,"date":"2025-11-05T00:04:56","date_gmt":"2025-11-05T05:04:56","guid":{"rendered":"https:\/\/lecochonsavant.com\/?post_type=product&#038;p=25906"},"modified":"2025-12-01T23:49:30","modified_gmt":"2025-12-02T04:49:30","slug":"all-black-gode-fisting-realiste-noir-29-cm","status":"publish","type":"product","link":"https:\/\/lecochonsavant.com\/en\/product\/all-black-gode-fisting-realiste-noir-29-cm\/","title":{"rendered":"ALL BLACK &#8211; GODE FISTING R\u00c9ALISTE NOIR 29 CM"},"content":{"rendered":"<p><img decoding=\"async\" class=\"alignnone wp-image-32586\" src=\"https:\/\/lecochonsavant.com\/wp-content\/uploads\/2025\/11\/rabais-20-300x41.jpg\" alt=\"\" width=\"337\" height=\"46\" srcset=\"https:\/\/lecochonsavant.com\/wp-content\/uploads\/2025\/11\/rabais-20-300x41.jpg 300w, https:\/\/lecochonsavant.com\/wp-content\/uploads\/2025\/11\/rabais-20-64x9.jpg 64w, https:\/\/lecochonsavant.com\/wp-content\/uploads\/2025\/11\/rabais-20.jpg 528w\" sizes=\"(max-width: 337px) 100vw, 337px\" \/><\/p>\n<p>Pimentez vos soir\u00e9es lubriques, que ce soit avec votre femme, une aventure d&#8217;un soir ou avec votre amant. Ce gode aux dimensions larges mais pas excessives est le chemin vers un univers de plaisir fr\u00e9n\u00e9tique et puissant. L&#8217;aspect semi-r\u00e9aliste de ce gode noir est d\u00e9j\u00e0 un facteur d&#8217;excitation visuelle. Embarquez pour un voyage vers l\u2019inattendu et revenez plus serein que jamais.<\/p>\n<p>Ce gode\u00a0<strong>All Black<\/strong>\u00a0est doux et flexible pour un maximum de plaisir. Ce jouet vous fera ressentir des heures durant gr\u00e2ce \u00e0 sa forme et ses boules r\u00e9alistes. Des lubrifiants \u00e0 base d&#8217;eau et de silicone peuvent \u00eatre utilis\u00e9s.<\/p>\n<p>Il est important de nettoyer compl\u00e8tement le gode apr\u00e8s utilisation. Chaque jouet est emball\u00e9 individuellement dans une pochette de protection en plastique transparent.<\/p>\n<ul>\n<li>Dimensions : 29 x 5 x 5 cm<\/li>\n<\/ul>\n<p>* Pour obtenir une exp\u00e9rience optimale et pouvoir en profiter de mani\u00e8re agr\u00e9able et sans douleur, ALL BLACK recommande l&#8217;utilisation de lubrifiants de la marque Black Hole.<\/p>","protected":false},"excerpt":{"rendered":"<p>Pimentez vos soir\u00e9es lubriques, que ce soit avec votre femme, une aventure d&#8217;un soir ou avec votre amant. Ce gode aux dimensions larges mais pas excessives est le chemin vers un univers de plaisir fr\u00e9n\u00e9tique et puissant. L&#8217;aspect semi-r\u00e9aliste de ce gode noir est d\u00e9j\u00e0 un facteur d&#8217;excitation visuelle. Embarquez pour un voyage vers l\u2019inattendu et revenez plus serein que jamais.<\/p>","protected":false},"featured_media":25909,"comment_status":"open","ping_status":"closed","template":"","meta":{"nf_dc_page":"","_bbp_topic_count":0,"_bbp_reply_count":0,"_bbp_total_topic_count":0,"_bbp_total_reply_count":0,"_bbp_voice_count":0,"_bbp_anonymous_reply_count":0,"_bbp_topic_count_hidden":0,"_bbp_reply_count_hidden":0,"_bbp_forum_subforum_count":0,"jetpack_publicize_message":"","jetpack_publicize_feature_enabled":true,"jetpack_social_post_already_shared":false,"jetpack_social_options":{"image_generator_settings":{"template":"highway","default_image_id":0,"font":"","enabled":false},"version":2}},"product_brand":[471],"product_cat":[472,265],"product_tag":[267],"class_list":{"0":"post-25906","1":"product","2":"type-product","3":"status-publish","4":"has-post-thumbnail","6":"product_brand-all-black","7":"product_cat-all-black","8":"product_cat-bites-dildos","9":"product_tag-dildo","11":"first","12":"instock","13":"taxable","14":"shipping-taxable","15":"purchasable","16":"product-type-simple"},"jetpack_publicize_connections":[],"_links":{"self":[{"href":"https:\/\/lecochonsavant.com\/en\/wp-json\/wp\/v2\/product\/25906","targetHints":{"allow":["GET"]}}],"collection":[{"href":"https:\/\/lecochonsavant.com\/en\/wp-json\/wp\/v2\/product"}],"about":[{"href":"https:\/\/lecochonsavant.com\/en\/wp-json\/wp\/v2\/types\/product"}],"replies":[{"embeddable":true,"href":"https:\/\/lecochonsavant.com\/en\/wp-json\/wp\/v2\/comments?post=25906"}],"wp:featuredmedia":[{"embeddable":true,"href":"https:\/\/lecochonsavant.com\/en\/wp-json\/wp\/v2\/media\/25909"}],"wp:attachment":[{"href":"https:\/\/lecochonsavant.com\/en\/wp-json\/wp\/v2\/media?parent=25906"}],"wp:term":[{"taxonomy":"product_brand","embeddable":true,"href":"https:\/\/lecochonsavant.com\/en\/wp-json\/wp\/v2\/product_brand?post=25906"},{"taxonomy":"product_cat","embeddable":true,"href":"https:\/\/lecochonsavant.com\/en\/wp-json\/wp\/v2\/product_cat?post=25906"},{"taxonomy":"product_tag","embeddable":true,"href":"https:\/\/lecochonsavant.com\/en\/wp-json\/wp\/v2\/product_tag?post=25906"}],"curies":[{"name":"wp","href":"https:\/\/api.w.org\/{rel}","templated":true}]}}