{"id":25920,"date":"2025-11-05T00:06:31","date_gmt":"2025-11-05T05:06:31","guid":{"rendered":"https:\/\/lecochonsavant.com\/?post_type=product&#038;p=25920"},"modified":"2025-12-01T23:48:14","modified_gmt":"2025-12-02T04:48:14","slug":"darkness-tail-butt-plug-silver","status":"publish","type":"product","link":"https:\/\/lecochonsavant.com\/en\/product\/darkness-tail-butt-plug-silver\/","title":{"rendered":"DARKNESS &#8211; TAIL BUTT PLUG SILVER"},"content":{"rendered":"<div><img decoding=\"async\" class=\"alignnone wp-image-32586\" src=\"https:\/\/lecochonsavant.com\/wp-content\/uploads\/2025\/11\/rabais-20-300x41.jpg\" alt=\"\" width=\"337\" height=\"46\" srcset=\"https:\/\/lecochonsavant.com\/wp-content\/uploads\/2025\/11\/rabais-20-300x41.jpg 300w, https:\/\/lecochonsavant.com\/wp-content\/uploads\/2025\/11\/rabais-20-64x9.jpg 64w, https:\/\/lecochonsavant.com\/wp-content\/uploads\/2025\/11\/rabais-20.jpg 528w\" sizes=\"(max-width: 337px) 100vw, 337px\" \/><\/div>\n<div>Cette queue est pr\u00eate \u00e0 donner libre cours \u00e0 l&#8217;animal int\u00e9rieur de votre partenaire.<\/div>\n<div>La prise est stimulante pour tout le monde, du joueur d\u00e9butant au joueur le plus avanc\u00e9. Il est con\u00e7u pour \u00eatre \u00e0 la fois visuel et sexuel, ce qui est tr\u00e8s confortable et peut m\u00eame \u00eatre chauff\u00e9 ou refroidi pour le jeu.<\/div>\n<div>Les utilisateurs peuvent profiter de la sensation de sati\u00e9t\u00e9, fournie par la prise, tout en offrant \u00e0 leur partenaire un attrait visuel avec la queue poilue qui d\u00e9passe \u00e0 la fin.<\/div>\n<div>Laissez ces dilatateurs anaux s\u00e9duisants vous donner un maximum de satisfaction et am\u00e9liorer votre vie sexuelle!<\/div>\n<ul>\n<li>Longueur totale de la prise: 8 cm<\/li>\n<li>Diam\u00e8tre; 4 cm<\/li>\n<\/ul>\n<div>Darkness est une marque nouvelle g\u00e9n\u00e9ration 2020, tous nos mat\u00e9riaux sont d&#8217;excellente qualit\u00e9 garantissant que la fabrication compromet un r\u00e9sultat parfait pour les d\u00e9butants ou avanc\u00e9s qui aiment le monde f\u00e9tiche ou bdsm.<\/div>","protected":false},"excerpt":{"rendered":"<div>Cette queue est pr\u00eate \u00e0 donner libre cours \u00e0 l&#8217;animal int\u00e9rieur de votre partenaire.<\/div>\n<div>La prise est stimulante pour tout le monde, du joueur d\u00e9butant au joueur le plus avanc\u00e9. Il est con\u00e7u pour \u00eatre \u00e0 la fois visuel et sexuel, ce qui est tr\u00e8s confortable et peut m\u00eame \u00eatre chauff\u00e9 ou refroidi pour le jeu.<\/div>","protected":false},"featured_media":25922,"comment_status":"open","ping_status":"closed","template":"","meta":{"nf_dc_page":"","_bbp_topic_count":0,"_bbp_reply_count":0,"_bbp_total_topic_count":0,"_bbp_total_reply_count":0,"_bbp_voice_count":0,"_bbp_anonymous_reply_count":0,"_bbp_topic_count_hidden":0,"_bbp_reply_count_hidden":0,"_bbp_forum_subforum_count":0,"jetpack_publicize_message":"","jetpack_publicize_feature_enabled":true,"jetpack_social_post_already_shared":false,"jetpack_social_options":{"image_generator_settings":{"template":"highway","default_image_id":0,"font":"","enabled":false},"version":2}},"product_brand":[526],"product_cat":[514],"product_tag":[516,527],"class_list":{"0":"post-25920","1":"product","2":"type-product","3":"status-publish","4":"has-post-thumbnail","6":"product_brand-darkness","7":"product_cat-butt-plug","8":"product_tag-butt-plug","9":"product_tag-fourrure","11":"first","12":"instock","13":"taxable","14":"shipping-taxable","15":"purchasable","16":"product-type-simple"},"jetpack_publicize_connections":[],"_links":{"self":[{"href":"https:\/\/lecochonsavant.com\/en\/wp-json\/wp\/v2\/product\/25920","targetHints":{"allow":["GET"]}}],"collection":[{"href":"https:\/\/lecochonsavant.com\/en\/wp-json\/wp\/v2\/product"}],"about":[{"href":"https:\/\/lecochonsavant.com\/en\/wp-json\/wp\/v2\/types\/product"}],"replies":[{"embeddable":true,"href":"https:\/\/lecochonsavant.com\/en\/wp-json\/wp\/v2\/comments?post=25920"}],"wp:featuredmedia":[{"embeddable":true,"href":"https:\/\/lecochonsavant.com\/en\/wp-json\/wp\/v2\/media\/25922"}],"wp:attachment":[{"href":"https:\/\/lecochonsavant.com\/en\/wp-json\/wp\/v2\/media?parent=25920"}],"wp:term":[{"taxonomy":"product_brand","embeddable":true,"href":"https:\/\/lecochonsavant.com\/en\/wp-json\/wp\/v2\/product_brand?post=25920"},{"taxonomy":"product_cat","embeddable":true,"href":"https:\/\/lecochonsavant.com\/en\/wp-json\/wp\/v2\/product_cat?post=25920"},{"taxonomy":"product_tag","embeddable":true,"href":"https:\/\/lecochonsavant.com\/en\/wp-json\/wp\/v2\/product_tag?post=25920"}],"curies":[{"name":"wp","href":"https:\/\/api.w.org\/{rel}","templated":true}]}}