{"id":25927,"date":"2025-11-05T00:06:47","date_gmt":"2025-11-05T05:06:47","guid":{"rendered":"https:\/\/lecochonsavant.com\/?post_type=product&#038;p=25927"},"modified":"2025-12-01T23:47:32","modified_gmt":"2025-12-02T04:47:32","slug":"darkness-plug-anal-argent-8-cm-avec-queue-noire","status":"publish","type":"product","link":"https:\/\/lecochonsavant.com\/en\/product\/darkness-plug-anal-argent-8-cm-avec-queue-noire\/","title":{"rendered":"DARKNESS &#8211; PLUG ANAL ARGENT 8 CM AVEC QUEUE NOIRE"},"content":{"rendered":"<p><img decoding=\"async\" class=\"alignnone wp-image-32586\" src=\"https:\/\/lecochonsavant.com\/wp-content\/uploads\/2025\/11\/rabais-20-300x41.jpg\" alt=\"\" width=\"337\" height=\"46\" srcset=\"https:\/\/lecochonsavant.com\/wp-content\/uploads\/2025\/11\/rabais-20-300x41.jpg 300w, https:\/\/lecochonsavant.com\/wp-content\/uploads\/2025\/11\/rabais-20-64x9.jpg 64w, https:\/\/lecochonsavant.com\/wp-content\/uploads\/2025\/11\/rabais-20.jpg 528w\" sizes=\"(max-width: 337px) 100vw, 337px\" \/><\/p>\n<p>Cette queue est pr\u00eate \u00e0 lib\u00e9rer l&#8217;animal int\u00e9rieur de votre partenaire.<\/p>\n<p>Le plug est stimulant pour tout le monde, du d\u00e9butant au joueur le plus avanc\u00e9. Il est con\u00e7u pour \u00eatre \u00e0 la fois visuel et sexuel, il est tr\u00e8s confortable et peut m\u00eame \u00eatre chauff\u00e9 ou refroidi pour jouer.<\/p>\n<p>Les utilisateurs peuvent profiter de la sensation de pl\u00e9nitude procur\u00e9e par le plug, tout en offrant \u00e0 leur partenaire un certain attrait visuel avec la queue poilue qui d\u00e9passe \u00e0 l&#8217;extr\u00e9mit\u00e9.<\/p>\n<p>Laissez ces s\u00e9duisants dilatateurs anaux vous donner une satisfaction maximale et am\u00e9liorer votre vie sexuelle !<\/p>\n<ul>\n<li>Longueur totale de la fiche : 8 cm<\/li>\n<li>Diam\u00e8tre; 3,4 cm<\/li>\n<li>Mat\u00e9riel synth\u00e9tique<\/li>\n<\/ul>\n<p>Darkness est une marque nouvelle g\u00e9n\u00e9ration 2020, tous nos mat\u00e9riaux sont d&#8217;excellente qualit\u00e9 garantissant que la fabrication compromet un r\u00e9sultat parfait pour les utilisateurs d\u00e9butants ou avanc\u00e9s qui aiment le monde F\u00e9tiche ou bdsm.<\/p>","protected":false},"excerpt":{"rendered":"<p>Cette queue est pr\u00eate \u00e0 lib\u00e9rer l&#8217;animal int\u00e9rieur de votre partenaire.<\/p>\n<p>Le plug est stimulant pour tout le monde, du d\u00e9butant au joueur le plus avanc\u00e9. Il est con\u00e7u pour \u00eatre \u00e0 la fois visuel et sexuel, il est tr\u00e8s confortable et peut m\u00eame \u00eatre chauff\u00e9 ou refroidi pour jouer.<\/p>","protected":false},"featured_media":25929,"comment_status":"open","ping_status":"closed","template":"","meta":{"nf_dc_page":"","_bbp_topic_count":0,"_bbp_reply_count":0,"_bbp_total_topic_count":0,"_bbp_total_reply_count":0,"_bbp_voice_count":0,"_bbp_anonymous_reply_count":0,"_bbp_topic_count_hidden":0,"_bbp_reply_count_hidden":0,"_bbp_forum_subforum_count":0,"jetpack_publicize_message":"","jetpack_publicize_feature_enabled":true,"jetpack_social_post_already_shared":false,"jetpack_social_options":{"image_generator_settings":{"template":"highway","default_image_id":0,"font":"","enabled":false},"version":2}},"product_brand":[526],"product_cat":[514],"product_tag":[516,528],"class_list":{"0":"post-25927","1":"product","2":"type-product","3":"status-publish","4":"has-post-thumbnail","6":"product_brand-darkness","7":"product_cat-butt-plug","8":"product_tag-butt-plug","9":"product_tag-fur","11":"first","12":"instock","13":"taxable","14":"shipping-taxable","15":"purchasable","16":"product-type-simple"},"jetpack_publicize_connections":[],"_links":{"self":[{"href":"https:\/\/lecochonsavant.com\/en\/wp-json\/wp\/v2\/product\/25927","targetHints":{"allow":["GET"]}}],"collection":[{"href":"https:\/\/lecochonsavant.com\/en\/wp-json\/wp\/v2\/product"}],"about":[{"href":"https:\/\/lecochonsavant.com\/en\/wp-json\/wp\/v2\/types\/product"}],"replies":[{"embeddable":true,"href":"https:\/\/lecochonsavant.com\/en\/wp-json\/wp\/v2\/comments?post=25927"}],"wp:featuredmedia":[{"embeddable":true,"href":"https:\/\/lecochonsavant.com\/en\/wp-json\/wp\/v2\/media\/25929"}],"wp:attachment":[{"href":"https:\/\/lecochonsavant.com\/en\/wp-json\/wp\/v2\/media?parent=25927"}],"wp:term":[{"taxonomy":"product_brand","embeddable":true,"href":"https:\/\/lecochonsavant.com\/en\/wp-json\/wp\/v2\/product_brand?post=25927"},{"taxonomy":"product_cat","embeddable":true,"href":"https:\/\/lecochonsavant.com\/en\/wp-json\/wp\/v2\/product_cat?post=25927"},{"taxonomy":"product_tag","embeddable":true,"href":"https:\/\/lecochonsavant.com\/en\/wp-json\/wp\/v2\/product_tag?post=25927"}],"curies":[{"name":"wp","href":"https:\/\/api.w.org\/{rel}","templated":true}]}}