{"id":25989,"date":"2025-11-05T13:49:47","date_gmt":"2025-11-05T18:49:47","guid":{"rendered":"https:\/\/lecochonsavant.com\/produit\/camisole-diversite\/"},"modified":"2025-12-01T23:43:11","modified_gmt":"2025-12-02T04:43:11","slug":"camisole-diversite","status":"publish","type":"product","link":"https:\/\/lecochonsavant.com\/en\/product\/camisole-diversite\/","title":{"rendered":"Camisole Diversit\u00e9"},"content":{"rendered":"<div style=\"width: 640px;\" class=\"wp-video\"><video class=\"wp-video-shortcode\" id=\"video-25989-1\" width=\"640\" height=\"360\" preload=\"metadata\" controls=\"controls\"><source type=\"video\/mp4\" src=\"https:\/\/vod.api.video\/vod\/vi18qaCliMxbcT5w9XNhLk4z\/mp4\/source.mp4?_=1\" \/><a href=\"https:\/\/vod.api.video\/vod\/vi18qaCliMxbcT5w9XNhLk4z\/mp4\/source.mp4\">https:\/\/vod.api.video\/vod\/vi18qaCliMxbcT5w9XNhLk4z\/mp4\/source.mp4<\/a><\/video><\/div>\n<p data-start=\"179\" data-end=\"313\"><img decoding=\"async\" class=\"alignnone wp-image-32586\" src=\"https:\/\/lecochonsavant.com\/wp-content\/uploads\/2025\/11\/rabais-20-300x41.jpg\" alt=\"\" width=\"337\" height=\"46\" srcset=\"https:\/\/lecochonsavant.com\/wp-content\/uploads\/2025\/11\/rabais-20-300x41.jpg 300w, https:\/\/lecochonsavant.com\/wp-content\/uploads\/2025\/11\/rabais-20-64x9.jpg 64w, https:\/\/lecochonsavant.com\/wp-content\/uploads\/2025\/11\/rabais-20.jpg 528w\" sizes=\"(max-width: 337px) 100vw, 337px\" \/><\/p>\n<p data-start=\"179\" data-end=\"313\">Une camisole qui c\u00e9l\u00e8bre ce que la culture queer a de plus beau :<br data-start=\"244\" data-end=\"247\" \/><strong data-start=\"247\" data-end=\"313\">la pluralit\u00e9, l\u2019inclusion, et le d\u00e9sir sous toutes ses formes.<\/strong><\/p>\n<p data-start=\"315\" data-end=\"559\">La ligne d\u2019illustrations montre une parade d\u2019hommes diff\u00e9rents :<br data-start=\"379\" data-end=\"382\" \/>du twink au bear, du muscl\u00e9 au f\u00e9tichiste cuir, chacun occupe sa place, chacun existe pleinement.<br data-start=\"479\" data-end=\"482\" \/>Parce que la diversit\u00e9 n\u2019est pas un concept \u2014 c\u2019est ce qui nous rend vivants.<\/p>\n<hr data-start=\"561\" data-end=\"564\" \/>\n<h2 data-start=\"566\" data-end=\"601\"><strong data-start=\"569\" data-end=\"601\">Pourquoi elle pla\u00eet autant :<\/strong><\/h2>\n<p data-start=\"602\" data-end=\"801\">\u2714 design artistique noir &amp; blanc<br data-start=\"634\" data-end=\"637\" \/>\u2714 silhouettes vari\u00e9es, assum\u00e9es, fi\u00e8res<br data-start=\"676\" data-end=\"679\" \/>\u2714 coupe flatteuse qui met en valeur le torse et les \u00e9paules<br data-start=\"738\" data-end=\"741\" \/>\u2714 parfait pour festivals, pride, soir\u00e9es ou tous les jours<\/p>\n<hr data-start=\"803\" data-end=\"806\" \/>\n<h2 data-start=\"808\" data-end=\"833\"><strong data-start=\"811\" data-end=\"833\">L\u2019effet imm\u00e9diat :<\/strong><\/h2>\n<p data-start=\"834\" data-end=\"990\">\ud83d\udc49 tu portes un message inclusif<br data-start=\"866\" data-end=\"869\" \/>\ud83d\udc49 tu attires les regards (et souvent les sourires \ud83d\ude09)<br data-start=\"923\" data-end=\"926\" \/>\ud83d\udc49 tu deviens le porte-voix d\u2019une communaut\u00e9 riche et multiple<\/p>\n<p>&#8211; Composition du tissu dans l&#8217;UE : 96 % polyester, 4 % spandex<br \/>\n&#8211; Composition du tissu aux \u00c9tats-Unis: 93 % polyester, 7 % spandex<br \/>\n&#8211; Poids du tissu dans l&#8217;UE : 215 g\/m\u00b2 (6,34 oz\/yd\u00b2)<br \/>\n&#8211; Poids du tissu aux \u00c9tats-Unis : 240 g\/m\u00b2 (7,08 oz\/yd\u00b2)<br \/>\n&#8211; Maillot de qualit\u00e9 sup\u00e9rieure en tricot de poids moyen<br \/>\n&#8211; Mat\u00e9riau extensible dans les 2 directions, lisse et confortable, il s&#8217;\u00e9tire et se remet en place sur les grains transversaux et longitudinaux.<br \/>\n&#8211; Coupe pr\u00e9cise, cousu \u00e0 la main apr\u00e8s impression<br \/>\n&#8211; Composants du produit non imprim\u00e9 dans l&#8217;UE provenant de Lituanie<br \/>\n&#8211; Composants du produit non imprim\u00e9 aux \u00c9tats-Unis provenant des \u00c9tats-Unis<\/p>\n<p>Age restrictions: Pour les adultes<br \/>\nEU Warranty: 2\u00a0ans<br \/>\nOther compliance information: R\u00e9pond aux exigences relatives \u00e0 l\u2019inflammabilit\u00e9, aux teneurs en plomb, cadmium, phtalates, amines aromatiques, BPA, colorants azo\u00efques et mercure.<\/p>\n<p>En conformit\u00e9 avec le R\u00e8glement pour la S\u00e9curit\u00e9 G\u00e9n\u00e9rale des Produits (RSGP), <b>sckript creations virtuelles inc.<\/b> et <b>SINDEN VENTURES LIMITED garantissent<\/b>\u00a0que tous les produits de consommation propos\u00e9s sont s\u00fbrs et conformes aux normes de l&#8217;UE. Pour toutes les questions ou pr\u00e9occupations concernant les mesures de s\u00e9curit\u00e9 des produits, veuillez contacter notre repr\u00e9sentant europ\u00e9en \u00e0 <b><span \n                data-original-string='CQvHkx810ExVBEQGg2dEfw==539sm5mOSXSLPL1Ln\/GwXCDBsb5YFFspzhm1YAul6Of6dk='\n                class='apbct-email-encoder'\n                title='This contact has been encoded by Anti-Spam by CleanTalk. Click to decode. To finish the decoding make sure that JavaScript is enabled in your browser.'>gp<span class=\"apbct-blur\">**<\/span>@<span class=\"apbct-blur\">************<\/span>es.com<\/span><\/b>. Vous pouvez \u00e9galement nous \u00e9crire \u00e0 <b>110 &#8211; 2905 mont\u00e9e Hamilton , QC, J0K 2T0 Canada<\/b> ou <b>Markou Evgenikou 11, Mesa Geitonia, 4002, Limassol, Cyprus.<b><\/b><\/b><\/p>","protected":false},"excerpt":{"rendered":"<p>Cette camisole est id\u00e9ale : des couleurs vives, un mat\u00e9riau doux et une coupe d\u00e9tendue qui vous donneront un look fabuleux !<\/p>","protected":false},"featured_media":26014,"comment_status":"open","ping_status":"closed","template":"","meta":{"nf_dc_page":"","_bbp_topic_count":0,"_bbp_reply_count":0,"_bbp_total_topic_count":0,"_bbp_total_reply_count":0,"_bbp_voice_count":0,"_bbp_anonymous_reply_count":0,"_bbp_topic_count_hidden":0,"_bbp_reply_count_hidden":0,"_bbp_forum_subforum_count":0,"jetpack_publicize_message":"","jetpack_publicize_feature_enabled":true,"jetpack_social_post_already_shared":true,"jetpack_social_options":{"image_generator_settings":{"template":"highway","default_image_id":0,"font":"","enabled":false},"version":2}},"product_brand":[109],"product_cat":[119],"product_tag":[173],"class_list":{"0":"post-25989","1":"product","2":"type-product","3":"status-publish","4":"has-post-thumbnail","6":"product_brand-cochon-savant","7":"product_cat-tank-top","8":"product_tag-camisole","10":"first","11":"instock","12":"taxable","13":"shipping-taxable","14":"purchasable","15":"product-type-variable"},"jetpack_publicize_connections":[],"_links":{"self":[{"href":"https:\/\/lecochonsavant.com\/en\/wp-json\/wp\/v2\/product\/25989","targetHints":{"allow":["GET"]}}],"collection":[{"href":"https:\/\/lecochonsavant.com\/en\/wp-json\/wp\/v2\/product"}],"about":[{"href":"https:\/\/lecochonsavant.com\/en\/wp-json\/wp\/v2\/types\/product"}],"replies":[{"embeddable":true,"href":"https:\/\/lecochonsavant.com\/en\/wp-json\/wp\/v2\/comments?post=25989"}],"wp:featuredmedia":[{"embeddable":true,"href":"https:\/\/lecochonsavant.com\/en\/wp-json\/wp\/v2\/media\/26014"}],"wp:attachment":[{"href":"https:\/\/lecochonsavant.com\/en\/wp-json\/wp\/v2\/media?parent=25989"}],"wp:term":[{"taxonomy":"product_brand","embeddable":true,"href":"https:\/\/lecochonsavant.com\/en\/wp-json\/wp\/v2\/product_brand?post=25989"},{"taxonomy":"product_cat","embeddable":true,"href":"https:\/\/lecochonsavant.com\/en\/wp-json\/wp\/v2\/product_cat?post=25989"},{"taxonomy":"product_tag","embeddable":true,"href":"https:\/\/lecochonsavant.com\/en\/wp-json\/wp\/v2\/product_tag?post=25989"}],"curies":[{"name":"wp","href":"https:\/\/api.w.org\/{rel}","templated":true}]}}