{"id":26016,"date":"2025-11-05T18:58:32","date_gmt":"2025-11-05T23:58:32","guid":{"rendered":"https:\/\/lecochonsavant.com\/produit\/legging-motif-bas-filet\/"},"modified":"2025-12-01T23:42:35","modified_gmt":"2025-12-02T04:42:35","slug":"legging-motif-bas-filet","status":"publish","type":"product","link":"https:\/\/lecochonsavant.com\/en\/product\/legging-motif-bas-filet\/","title":{"rendered":"Legging motif bas r\u00e9sille"},"content":{"rendered":"<p data-start=\"202\" data-end=\"371\"><img decoding=\"async\" class=\"alignnone wp-image-32586\" src=\"https:\/\/lecochonsavant.com\/wp-content\/uploads\/2025\/11\/rabais-20-300x41.jpg\" alt=\"\" width=\"337\" height=\"46\" srcset=\"https:\/\/lecochonsavant.com\/wp-content\/uploads\/2025\/11\/rabais-20-300x41.jpg 300w, https:\/\/lecochonsavant.com\/wp-content\/uploads\/2025\/11\/rabais-20-64x9.jpg 64w, https:\/\/lecochonsavant.com\/wp-content\/uploads\/2025\/11\/rabais-20.jpg 528w\" sizes=\"(max-width: 337px) 100vw, 337px\" \/><\/p>\n<p data-start=\"202\" data-end=\"371\">Un legging seconde peau\u2026 avec l\u2019illusion d\u00e9licieuse d\u2019un bas r\u00e9sille int\u00e9gral.<br data-start=\"280\" data-end=\"283\" \/>Souple, extensible, ultraconfortable, mais surtout <strong data-start=\"335\" data-end=\"370\">provocateur juste comme il faut<\/strong>.<\/p>\n<p data-start=\"373\" data-end=\"514\">Pens\u00e9 pour celles et ceux qui aiment jouer avec les codes :<br data-start=\"432\" data-end=\"435\" \/>le c\u00f4t\u00e9 f\u00e9tichiste du filet, sans jamais sacrifier le bien-\u00eatre ou la mobilit\u00e9.<\/p>\n<hr data-start=\"516\" data-end=\"519\" \/>\n<h2 data-start=\"521\" data-end=\"554\"><strong data-start=\"524\" data-end=\"554\">Pourquoi tu vas l\u2019adorer :<\/strong><\/h2>\n<p data-start=\"555\" data-end=\"755\">\u2714 motif r\u00e9sille r\u00e9aliste et textur\u00e9<br data-start=\"590\" data-end=\"593\" \/>\u2714 tissu doux, respirant et extensible<br data-start=\"630\" data-end=\"633\" \/>\u2714 taille haute confortable et flatteuse<br data-start=\"672\" data-end=\"675\" \/>\u2714 polyvalent : sport, danse, nightlife, s\u00e9ances photo\u2026 ou moments tr\u00e8s priv\u00e9s \ud83d\ude09<\/p>\n<hr data-start=\"757\" data-end=\"760\" \/>\n<h2 data-start=\"762\" data-end=\"792\"><strong data-start=\"765\" data-end=\"792\">L\u2019effet Cochon Savant :<\/strong><\/h2>\n<p data-start=\"793\" data-end=\"902\">Un look qui attire l\u2019\u0153il,<br data-start=\"818\" data-end=\"821\" \/>une silhouette qui s\u2019allonge,<br data-start=\"850\" data-end=\"853\" \/>et une audace assum\u00e9e, m\u00eame quand tu ne dis rien.<\/p>\n<p>\u2022 75 % polyester recycl\u00e9, 25 % \u00e9lasthanne pour la production aux \u00c9tats-Unis\/Mexique<br \/>\n\u2022 82 % polyester, 18 % \u00e9lasthanne pour la production en Lettonie<br \/>\n\u2022 Poids du tissu : 225 g\/m\u00b2 (6,64 oz\/yd\u00b2) aux \u00c9tats-Unis\/Mexique<br \/>\n\u2022 Poids du tissu : 230 g\/m\u00b2 (6,78 oz\/yd\u00b2) en Lettonie<br \/>\n\u2022 Tissu \u00e9lastique : les fibres du tissu se r\u00e9tractent sur la longueur et la largeur<br \/>\n\u2022 Coupe ajust\u00e9e<br \/>\n\u2022 Empi\u00e8cement avant pour plus de confort<br \/>\n\u2022 Coutures plates et surpiq\u00fbres<br \/>\n\u2022 Ceinture \u00e9lastique<br \/>\n\u2022 Mati\u00e8re tr\u00e8s douce et \u00e9lastique<br \/>\n\u2022 Composants vierges provenant du Mexique et de Chine<\/p>\n<p>Age restrictions: Pour les adultes<br \/>\nEU Warranty: 2\u00a0ans<br \/>\nOther compliance information: R\u00e9pond aux exigences relatives \u00e0 l\u2019inflammabilit\u00e9 et aux teneurs en formald\u00e9hyde, colorants azo\u00efques, plomb, cadmium, bisph\u00e9nols et phtalates.<\/p>\n<p>En conformit\u00e9 avec le R\u00e8glement pour la S\u00e9curit\u00e9 G\u00e9n\u00e9rale des Produits (RSGP), <b>sckript creations virtuelles inc.<\/b> et <b>SINDEN VENTURES LIMITED garantissent<\/b> que tous les produits de consommation propos\u00e9s sont s\u00fbrs et conformes aux normes de l&#8217;UE. Pour toutes les questions ou pr\u00e9occupations concernant les mesures de s\u00e9curit\u00e9 des produits, veuillez contacter notre repr\u00e9sentant europ\u00e9en \u00e0 <b><span \n                data-original-string='IE3lf8pzkLmx7NmDcP8jJw==539Px0S9QYOl4vvZuo\/rvvYeisDE3kdljRshzM4kQFCmJo='\n                class='apbct-email-encoder'\n                title='This contact has been encoded by Anti-Spam by CleanTalk. Click to decode. To finish the decoding make sure that JavaScript is enabled in your browser.'>gp<span class=\"apbct-blur\">**<\/span>@<span class=\"apbct-blur\">************<\/span>es.com<\/span><\/b>. Vous pouvez \u00e9galement nous \u00e9crire \u00e0 <b>110 &#8211; 2905 mont\u00e9e Hamilton , QC, J0K 2T0 Canada<\/b> ou <b>Markou Evgenikou 11, Mesa Geitonia, 4002, Limassol, Cyprus.<b><\/b><\/b><\/p>","protected":false},"excerpt":{"rendered":"<p>Un legging seconde peau\u2026 avec l\u2019illusion d\u00e9licieuse d\u2019un bas r\u00e9sille int\u00e9gral.Souple, extensible, ultraconfortable, mais surtout provocateur juste comme il faut. Pens\u00e9 pour celles et ceux qui aiment jouer avec les codes :le c\u00f4t\u00e9 f\u00e9tichiste du filet, sans jamais sacrifier le bien-\u00eatre ou la mobilit\u00e9. Pourquoi tu vas l\u2019adorer : \u2714 motif r\u00e9sille r\u00e9aliste et textur\u00e9\u2714 [&hellip;]<\/p>\n","protected":false},"featured_media":26113,"comment_status":"open","ping_status":"closed","template":"","meta":{"nf_dc_page":"","_bbp_topic_count":0,"_bbp_reply_count":0,"_bbp_total_topic_count":0,"_bbp_total_reply_count":0,"_bbp_voice_count":0,"_bbp_anonymous_reply_count":0,"_bbp_topic_count_hidden":0,"_bbp_reply_count_hidden":0,"_bbp_forum_subforum_count":0,"jetpack_publicize_message":"","jetpack_publicize_feature_enabled":true,"jetpack_social_post_already_shared":true,"jetpack_social_options":{"image_generator_settings":{"template":"highway","default_image_id":0,"font":"","enabled":false},"version":2}},"product_brand":[109],"product_cat":[216],"product_tag":[218],"class_list":{"0":"post-26016","1":"product","2":"type-product","3":"status-publish","4":"has-post-thumbnail","6":"product_brand-cochon-savant","7":"product_cat-leggings","8":"product_tag-leggings","10":"first","11":"instock","12":"taxable","13":"shipping-taxable","14":"purchasable","15":"product-type-variable"},"jetpack_publicize_connections":[],"_links":{"self":[{"href":"https:\/\/lecochonsavant.com\/en\/wp-json\/wp\/v2\/product\/26016","targetHints":{"allow":["GET"]}}],"collection":[{"href":"https:\/\/lecochonsavant.com\/en\/wp-json\/wp\/v2\/product"}],"about":[{"href":"https:\/\/lecochonsavant.com\/en\/wp-json\/wp\/v2\/types\/product"}],"replies":[{"embeddable":true,"href":"https:\/\/lecochonsavant.com\/en\/wp-json\/wp\/v2\/comments?post=26016"}],"wp:featuredmedia":[{"embeddable":true,"href":"https:\/\/lecochonsavant.com\/en\/wp-json\/wp\/v2\/media\/26113"}],"wp:attachment":[{"href":"https:\/\/lecochonsavant.com\/en\/wp-json\/wp\/v2\/media?parent=26016"}],"wp:term":[{"taxonomy":"product_brand","embeddable":true,"href":"https:\/\/lecochonsavant.com\/en\/wp-json\/wp\/v2\/product_brand?post=26016"},{"taxonomy":"product_cat","embeddable":true,"href":"https:\/\/lecochonsavant.com\/en\/wp-json\/wp\/v2\/product_cat?post=26016"},{"taxonomy":"product_tag","embeddable":true,"href":"https:\/\/lecochonsavant.com\/en\/wp-json\/wp\/v2\/product_tag?post=26016"}],"curies":[{"name":"wp","href":"https:\/\/api.w.org\/{rel}","templated":true}]}}