{"id":26046,"date":"2025-11-05T20:04:49","date_gmt":"2025-11-06T01:04:49","guid":{"rendered":"https:\/\/lecochonsavant.com\/produit\/legging-motif-bas-resille-base-foncee\/"},"modified":"2025-11-30T12:40:06","modified_gmt":"2025-11-30T17:40:06","slug":"legging-motif-bas-resille-base-foncee","status":"publish","type":"product","link":"https:\/\/lecochonsavant.com\/en\/product\/legging-motif-bas-resille-base-foncee\/","title":{"rendered":"Legging motif bas r\u00e9sille base fonc\u00e9e"},"content":{"rendered":"<div style=\"width: 640px;\" class=\"wp-video\"><video class=\"wp-video-shortcode\" id=\"video-26046-1\" width=\"640\" height=\"360\" preload=\"metadata\" controls=\"controls\"><source type=\"video\/mp4\" src=\"https:\/\/vod.api.video\/vod\/vi6DVJVOpZM0UCnMxlxVjmTk\/mp4\/source.mp4?_=1\" \/><a href=\"https:\/\/vod.api.video\/vod\/vi6DVJVOpZM0UCnMxlxVjmTk\/mp4\/source.mp4\">https:\/\/vod.api.video\/vod\/vi6DVJVOpZM0UCnMxlxVjmTk\/mp4\/source.mp4<\/a><\/video><\/div>\n<p data-start=\"191\" data-end=\"358\">Ce legging effet <strong data-start=\"208\" data-end=\"237\">bas r\u00e9sille \u00e0 motif fonc\u00e9<\/strong> combine confort et audace.<br data-start=\"264\" data-end=\"267\" \/>Son imprim\u00e9 subtil cr\u00e9e une texture visuelle sensuelle et \u00e9l\u00e9gante, parfaitement ma\u00eetris\u00e9e.<\/p>\n<hr data-start=\"360\" data-end=\"363\" \/>\n<h2 data-start=\"365\" data-end=\"391\"><strong data-start=\"368\" data-end=\"391\">On aime parce que :<\/strong><\/h2>\n<p data-start=\"392\" data-end=\"660\">\u2714 Motif r\u00e9sille <strong data-start=\"408\" data-end=\"419\">imprim\u00e9<\/strong> ultra r\u00e9aliste<br data-start=\"434\" data-end=\"437\" \/>\u2714 Base plus fonc\u00e9e pour un rendu plus profond et plus chic<br data-start=\"495\" data-end=\"498\" \/>\u2714 Extensible, l\u00e9ger, agr\u00e9able \u00e0 porter<br data-start=\"536\" data-end=\"539\" \/>\u2714 Coupe seconde-peau qui met les jambes en valeur<br data-start=\"588\" data-end=\"591\" \/>\u2714 Parfait pour une tenue sexy assum\u00e9e\u2026 ou un look streetwear original<\/p>\n<hr data-start=\"662\" data-end=\"665\" \/>\n<h2 data-start=\"667\" data-end=\"691\"><strong data-start=\"670\" data-end=\"689\">Le petit plus :<\/strong><\/h2>\n<p data-start=\"692\" data-end=\"768\">C\u2019est r\u00e9sille\u2026 sans les accrocs.<br data-start=\"724\" data-end=\"727\" \/>Juste le look, sans les complications. \ud83d\ude09<\/p>\n<p>\u2022 75 % polyester recycl\u00e9, 25 % \u00e9lasthanne pour la production aux \u00c9tats-Unis\/Mexique<br \/>\n\u2022 82 % polyester, 18 % \u00e9lasthanne pour la production en Lettonie<br \/>\n\u2022 Poids du tissu : 225 g\/m\u00b2 (6,64 oz\/yd\u00b2) aux \u00c9tats-Unis\/Mexique<br \/>\n\u2022 Poids du tissu : 230 g\/m\u00b2 (6,78 oz\/yd\u00b2) en Lettonie<br \/>\n\u2022 Tissu \u00e9lastique : les fibres du tissu se r\u00e9tractent sur la longueur et la largeur<br \/>\n\u2022 Coupe ajust\u00e9e<br \/>\n\u2022 Empi\u00e8cement avant pour plus de confort<br \/>\n\u2022 Coutures plates et surpiq\u00fbres<br \/>\n\u2022 Ceinture \u00e9lastique<br \/>\n\u2022 Mati\u00e8re tr\u00e8s douce et \u00e9lastique<br \/>\n\u2022 Composants vierges provenant du Mexique et de Chine<\/p>\n<p>Age restrictions: Pour les adultes<br \/>\nEU Warranty: 2\u00a0ans<br \/>\nOther compliance information: R\u00e9pond aux exigences relatives \u00e0 l\u2019inflammabilit\u00e9 et aux teneurs en formald\u00e9hyde, colorants azo\u00efques, plomb, cadmium, bisph\u00e9nols et phtalates.<\/p>\n<p>En conformit\u00e9 avec le R\u00e8glement pour la S\u00e9curit\u00e9 G\u00e9n\u00e9rale des Produits (RSGP), <b>sckript creations virtuelles inc.<\/b> et <b>SINDEN VENTURES LIMITED<\/b>garantissent que tous les produits de consommation propos\u00e9s sont s\u00fbrs et conformes aux normes de l&#8217;UE. Pour toutes questions ou pr\u00e9occupations concernant les mesures de s\u00e9curit\u00e9 des produits, veuillez contacter notre repr\u00e9sentant europ\u00e9en \u00e0 <b><span \n                data-original-string='j6LZf2w3fNuJCJHmR7yI+Q==539zC4D4Jjp4A+fLF+Hqv\/SQz8XBO090qN6\/CIDjd6zdwE='\n                class='apbct-email-encoder'\n                title='This contact has been encoded by Anti-Spam by CleanTalk. Click to decode. To finish the decoding make sure that JavaScript is enabled in your browser.'>gp<span class=\"apbct-blur\">**<\/span>@<span class=\"apbct-blur\">************<\/span>es.com<\/span><\/b>. Vous pouvez \u00e9galement nous \u00e9crire \u00e0 <b>110 &#8211; 2905 mont\u00e9e Hamilton , QC, J0K 2T0 Canada<\/b> ou <b>Markou Evgenikou 11, Mesa Geitonia, 4002, Limassol, Cyprus.<b><\/b><\/b><\/p>","protected":false},"excerpt":{"rendered":"<p>Soyez au mieux de votre forme dans ce legging pour homme ! La mati\u00e8re super douce et \u00e9lastique en fait le choix id\u00e9al pour tout type d&#8217;activit\u00e9. Vous pouvez le porter seul ou sous un short. Ce legging a tout pour devenir votre nouveau v\u00eatement de sport pr\u00e9f\u00e9r\u00e9 !<\/p>","protected":false},"featured_media":26116,"comment_status":"open","ping_status":"closed","template":"","meta":{"nf_dc_page":"","_bbp_topic_count":0,"_bbp_reply_count":0,"_bbp_total_topic_count":0,"_bbp_total_reply_count":0,"_bbp_voice_count":0,"_bbp_anonymous_reply_count":0,"_bbp_topic_count_hidden":0,"_bbp_reply_count_hidden":0,"_bbp_forum_subforum_count":0,"jetpack_publicize_message":"","jetpack_publicize_feature_enabled":true,"jetpack_social_post_already_shared":true,"jetpack_social_options":{"image_generator_settings":{"template":"highway","default_image_id":0,"font":"","enabled":false},"version":2}},"product_brand":[109],"product_cat":[216],"product_tag":[218],"class_list":{"0":"post-26046","1":"product","2":"type-product","3":"status-publish","4":"has-post-thumbnail","6":"product_brand-cochon-savant","7":"product_cat-leggings","8":"product_tag-leggings","10":"first","11":"instock","12":"taxable","13":"shipping-taxable","14":"purchasable","15":"product-type-variable"},"jetpack_publicize_connections":[],"_links":{"self":[{"href":"https:\/\/lecochonsavant.com\/en\/wp-json\/wp\/v2\/product\/26046","targetHints":{"allow":["GET"]}}],"collection":[{"href":"https:\/\/lecochonsavant.com\/en\/wp-json\/wp\/v2\/product"}],"about":[{"href":"https:\/\/lecochonsavant.com\/en\/wp-json\/wp\/v2\/types\/product"}],"replies":[{"embeddable":true,"href":"https:\/\/lecochonsavant.com\/en\/wp-json\/wp\/v2\/comments?post=26046"}],"wp:featuredmedia":[{"embeddable":true,"href":"https:\/\/lecochonsavant.com\/en\/wp-json\/wp\/v2\/media\/26116"}],"wp:attachment":[{"href":"https:\/\/lecochonsavant.com\/en\/wp-json\/wp\/v2\/media?parent=26046"}],"wp:term":[{"taxonomy":"product_brand","embeddable":true,"href":"https:\/\/lecochonsavant.com\/en\/wp-json\/wp\/v2\/product_brand?post=26046"},{"taxonomy":"product_cat","embeddable":true,"href":"https:\/\/lecochonsavant.com\/en\/wp-json\/wp\/v2\/product_cat?post=26046"},{"taxonomy":"product_tag","embeddable":true,"href":"https:\/\/lecochonsavant.com\/en\/wp-json\/wp\/v2\/product_tag?post=26046"}],"curies":[{"name":"wp","href":"https:\/\/api.w.org\/{rel}","templated":true}]}}