{"id":26076,"date":"2025-11-05T20:27:12","date_gmt":"2025-11-06T01:27:12","guid":{"rendered":"https:\/\/lecochonsavant.com\/produit\/legging-resille-pale\/"},"modified":"2025-12-01T23:40:38","modified_gmt":"2025-12-02T04:40:38","slug":"legging-resille-pale","status":"publish","type":"product","link":"https:\/\/lecochonsavant.com\/en\/product\/legging-resille-pale\/","title":{"rendered":"Legging Motif bas r\u00e9sille blanc"},"content":{"rendered":"<div style=\"width: 640px;\" class=\"wp-video\"><video class=\"wp-video-shortcode\" id=\"video-26076-1\" width=\"640\" height=\"360\" preload=\"metadata\" controls=\"controls\"><source type=\"video\/mp4\" src=\"https:\/\/vod.api.video\/vod\/vi6DVJVOpZM0UCnMxlxVjmTk\/mp4\/source.mp4?_=1\" \/><a href=\"https:\/\/vod.api.video\/vod\/vi6DVJVOpZM0UCnMxlxVjmTk\/mp4\/source.mp4\">https:\/\/vod.api.video\/vod\/vi6DVJVOpZM0UCnMxlxVjmTk\/mp4\/source.mp4<\/a><\/video><\/div>\n<p data-start=\"164\" data-end=\"418\"><img decoding=\"async\" class=\"alignnone wp-image-32586\" src=\"https:\/\/lecochonsavant.com\/wp-content\/uploads\/2025\/11\/rabais-20-300x41.jpg\" alt=\"\" width=\"337\" height=\"46\" srcset=\"https:\/\/lecochonsavant.com\/wp-content\/uploads\/2025\/11\/rabais-20-300x41.jpg 300w, https:\/\/lecochonsavant.com\/wp-content\/uploads\/2025\/11\/rabais-20-64x9.jpg 64w, https:\/\/lecochonsavant.com\/wp-content\/uploads\/2025\/11\/rabais-20.jpg 528w\" sizes=\"(max-width: 337px) 100vw, 337px\" \/><\/p>\n<p data-start=\"164\" data-end=\"418\">Voici le legging pour ceux qui aiment laisser <em data-start=\"210\" data-end=\"223\">juste assez<\/em> d\u2019imagination\u2026 mais pas trop.<br data-start=\"253\" data-end=\"256\" \/>Avec son <strong data-start=\"265\" data-end=\"296\">motif r\u00e9sille blanc imprim\u00e9<\/strong>, il donne l\u2019illusion d\u2019un bas ultra-fin qui \u00e9pouse chaque courbe.<br data-start=\"362\" data-end=\"365\" \/>Effet <em data-start=\"371\" data-end=\"409\">\u201cj\u2019ai rien \u00e0 cacher, viens v\u00e9rifier\u201d<\/em> garanti.<\/p>\n<hr data-start=\"420\" data-end=\"423\" \/>\n<h2 data-start=\"425\" data-end=\"450\"><strong data-start=\"428\" data-end=\"450\">Caract\u00e9ristiques :<\/strong><\/h2>\n<p data-start=\"451\" data-end=\"728\">\u2714 Motif bas r\u00e9sille <strong data-start=\"471\" data-end=\"482\">imprim\u00e9<\/strong> \u2014 pas fragile, pas d\u00e9licat, juste sexy.<br data-start=\"522\" data-end=\"525\" \/>\u2714 Blanc lumineux qui met tout en valeur (oui, <em data-start=\"571\" data-end=\"577\">tout<\/em>).<br data-start=\"579\" data-end=\"582\" \/>\u2714 Tissu stretch ultra-confort, parfait pour bouger\u2026 ou se laisser admirer.<br data-start=\"656\" data-end=\"659\" \/>\u2714 Taille ajust\u00e9e qui fait une silhouette longue, nette, irr\u00e9sistible.<\/p>\n<hr data-start=\"730\" data-end=\"733\" \/>\n<h2 data-start=\"735\" data-end=\"753\"><strong data-start=\"738\" data-end=\"751\">Le vibe :<\/strong><\/h2>\n<p data-start=\"754\" data-end=\"967\">Le look d\u2019un bas r\u00e9sille classique, mais version 2025 : propre, net, minimal\u2026 et un peu provocateur.<br data-start=\"854\" data-end=\"857\" \/>Un legging qui dit clairement :<br data-start=\"888\" data-end=\"891\" \/><strong data-start=\"891\" data-end=\"967\">\u201cSi tu regardes, c\u2019est ton probl\u00e8me. Si tu continues, c\u2019est volontaire.\u201d<\/strong><\/p>\n<p>\u2022 75 % polyester recycl\u00e9, 25 % \u00e9lasthanne pour la production aux \u00c9tats-Unis\/Mexique<br \/>\n\u2022 82 % polyester, 18 % \u00e9lasthanne pour la production en Lettonie<br \/>\n\u2022 Poids du tissu : 225 g\/m\u00b2 (6,64 oz\/yd\u00b2) aux \u00c9tats-Unis\/Mexique<br \/>\n\u2022 Poids du tissu : 230 g\/m\u00b2 (6,78 oz\/yd\u00b2) en Lettonie<br \/>\n\u2022 Tissu \u00e9lastique : les fibres du tissu se r\u00e9tractent sur la longueur et la largeur<br \/>\n\u2022 Coupe ajust\u00e9e<br \/>\n\u2022 Empi\u00e8cement avant pour plus de confort<br \/>\n\u2022 Coutures plates et surpiq\u00fbres<br \/>\n\u2022 Ceinture \u00e9lastique<br \/>\n\u2022 Mati\u00e8re tr\u00e8s douce et \u00e9lastique<br \/>\n\u2022 Composants vierges provenant du Mexique et de Chine<\/p>\n<p>Age restrictions: Pour les adultes<br \/>\nEU Warranty: 2\u00a0ans<br \/>\nOther compliance information: R\u00e9pond aux exigences relatives \u00e0 l\u2019inflammabilit\u00e9 et aux teneurs en formald\u00e9hyde, colorants azo\u00efques, plomb, cadmium, bisph\u00e9nols et phtalates.<\/p>\n<p>En conformit\u00e9 avec le R\u00e8glement pour la S\u00e9curit\u00e9 G\u00e9n\u00e9rale des Produits (RSGP), <b>sckript creations virtuelles inc.<\/b> et <b>SINDEN VENTURES LIMITED<\/b>garantissent que tous les produits de consommation propos\u00e9s sont s\u00fbrs et conformes aux normes de l&#8217;UE. Pour toutes questions ou pr\u00e9occupations concernant les mesures de s\u00e9curit\u00e9 des produits, veuillez contacter notre repr\u00e9sentant europ\u00e9en \u00e0 <b><span \n                data-original-string='y78k6LC0dmmJDo+rVGX1pw==539PadEKe\/CRHGYCch0McBv37FKgrIukU6DYN1HAqRrF9I='\n                class='apbct-email-encoder'\n                title='This contact has been encoded by Anti-Spam by CleanTalk. Click to decode. To finish the decoding make sure that JavaScript is enabled in your browser.'>gp<span class=\"apbct-blur\">**<\/span>@<span class=\"apbct-blur\">************<\/span>es.com<\/span><\/b>. Vous pouvez \u00e9galement nous \u00e9crire \u00e0 <b>110 &#8211; 2905 mont\u00e9e Hamilton , QC, J0K 2T0 Canada<\/b> ou <b>Markou Evgenikou 11, Mesa Geitonia, 4002, Limassol, Cyprus.<b><\/b><\/b><\/p>","protected":false},"excerpt":{"rendered":"<p>Soyez au mieux de votre forme dans ce legging pour homme ! La mati\u00e8re super douce et \u00e9lastique en fait le choix id\u00e9al pour tout type d&#8217;activit\u00e9. Vous pouvez le porter seul ou sous un short. Ce legging a tout pour devenir votre nouveau v\u00eatement de sport pr\u00e9f\u00e9r\u00e9 !<\/p>","protected":false},"featured_media":26119,"comment_status":"open","ping_status":"closed","template":"","meta":{"nf_dc_page":"","_bbp_topic_count":0,"_bbp_reply_count":0,"_bbp_total_topic_count":0,"_bbp_total_reply_count":0,"_bbp_voice_count":0,"_bbp_anonymous_reply_count":0,"_bbp_topic_count_hidden":0,"_bbp_reply_count_hidden":0,"_bbp_forum_subforum_count":0,"jetpack_publicize_message":"","jetpack_publicize_feature_enabled":true,"jetpack_social_post_already_shared":true,"jetpack_social_options":{"image_generator_settings":{"template":"highway","default_image_id":0,"font":"","enabled":false},"version":2}},"product_brand":[109],"product_cat":[216],"product_tag":[218],"class_list":{"0":"post-26076","1":"product","2":"type-product","3":"status-publish","4":"has-post-thumbnail","6":"product_brand-cochon-savant","7":"product_cat-leggings","8":"product_tag-leggings","10":"first","11":"instock","12":"taxable","13":"shipping-taxable","14":"purchasable","15":"product-type-variable"},"jetpack_publicize_connections":[],"_links":{"self":[{"href":"https:\/\/lecochonsavant.com\/en\/wp-json\/wp\/v2\/product\/26076","targetHints":{"allow":["GET"]}}],"collection":[{"href":"https:\/\/lecochonsavant.com\/en\/wp-json\/wp\/v2\/product"}],"about":[{"href":"https:\/\/lecochonsavant.com\/en\/wp-json\/wp\/v2\/types\/product"}],"replies":[{"embeddable":true,"href":"https:\/\/lecochonsavant.com\/en\/wp-json\/wp\/v2\/comments?post=26076"}],"wp:featuredmedia":[{"embeddable":true,"href":"https:\/\/lecochonsavant.com\/en\/wp-json\/wp\/v2\/media\/26119"}],"wp:attachment":[{"href":"https:\/\/lecochonsavant.com\/en\/wp-json\/wp\/v2\/media?parent=26076"}],"wp:term":[{"taxonomy":"product_brand","embeddable":true,"href":"https:\/\/lecochonsavant.com\/en\/wp-json\/wp\/v2\/product_brand?post=26076"},{"taxonomy":"product_cat","embeddable":true,"href":"https:\/\/lecochonsavant.com\/en\/wp-json\/wp\/v2\/product_cat?post=26076"},{"taxonomy":"product_tag","embeddable":true,"href":"https:\/\/lecochonsavant.com\/en\/wp-json\/wp\/v2\/product_tag?post=26076"}],"curies":[{"name":"wp","href":"https:\/\/api.w.org\/{rel}","templated":true}]}}