{"id":26091,"date":"2025-11-05T20:30:38","date_gmt":"2025-11-06T01:30:38","guid":{"rendered":"https:\/\/lecochonsavant.com\/produit\/legging-motif-resill-pale-avec-details-blancs\/"},"modified":"2025-12-01T23:38:54","modified_gmt":"2025-12-02T04:38:54","slug":"legging-motif-resill-pale-avec-details-blancs","status":"publish","type":"product","link":"https:\/\/lecochonsavant.com\/en\/product\/legging-motif-resill-pale-avec-details-blancs\/","title":{"rendered":"Legging motif r\u00e9sille p\u00e2le avec d\u00e9tails blancs"},"content":{"rendered":"<div style=\"width: 640px;\" class=\"wp-video\"><video class=\"wp-video-shortcode\" id=\"video-26091-1\" width=\"640\" height=\"360\" preload=\"metadata\" controls=\"controls\"><source type=\"video\/mp4\" src=\"https:\/\/vod.api.video\/vod\/vi6rGOLlOioECz5W8rDDegrN\/mp4\/source.mp4?_=1\" \/><a href=\"https:\/\/vod.api.video\/vod\/vi6rGOLlOioECz5W8rDDegrN\/mp4\/source.mp4\">https:\/\/vod.api.video\/vod\/vi6rGOLlOioECz5W8rDDegrN\/mp4\/source.mp4<\/a><\/video><\/div>\n<p data-start=\"145\" data-end=\"462\"><img decoding=\"async\" class=\"alignnone wp-image-32586\" src=\"https:\/\/lecochonsavant.com\/wp-content\/uploads\/2025\/11\/rabais-20-300x41.jpg\" alt=\"\" width=\"337\" height=\"46\" srcset=\"https:\/\/lecochonsavant.com\/wp-content\/uploads\/2025\/11\/rabais-20-300x41.jpg 300w, https:\/\/lecochonsavant.com\/wp-content\/uploads\/2025\/11\/rabais-20-64x9.jpg 64w, https:\/\/lecochonsavant.com\/wp-content\/uploads\/2025\/11\/rabais-20.jpg 528w\" sizes=\"(max-width: 337px) 100vw, 337px\" \/><\/p>\n<p data-start=\"145\" data-end=\"462\">Quand tu veux \u00eatre sage\u2026 mais seulement de loin.<br data-start=\"193\" data-end=\"196\" \/>Ce legging <strong data-start=\"207\" data-end=\"250\">motif r\u00e9sille p\u00e2le avec bandes blanches<\/strong> donne l\u2019impression d\u2019un bas ultra-fin, mais version sport-f\u00e9tiche, propre et assum\u00e9e.<br data-start=\"336\" data-end=\"339\" \/>Le genre de v\u00eatement qui fait dire :<br data-start=\"375\" data-end=\"378\" \/><strong data-start=\"378\" data-end=\"462\">\u00ab J\u2019allais m\u2019entra\u00eener\u2026 puis quelqu\u2019un m\u2019a regard\u00e9, alors j\u2019ai chang\u00e9 de plan. \u00bb<\/strong><\/p>\n<hr data-start=\"464\" data-end=\"467\" \/>\n<h2 data-start=\"469\" data-end=\"494\"><strong data-start=\"472\" data-end=\"494\">Caract\u00e9ristiques :<\/strong><\/h2>\n<p data-start=\"495\" data-end=\"805\">\u2714 Motif r\u00e9sille p\u00e2le <strong data-start=\"516\" data-end=\"527\">imprim\u00e9<\/strong> \u2013 sexy sans se d\u00e9chirer.<br data-start=\"552\" data-end=\"555\" \/>\u2714 Liser\u00e9s blancs sur les c\u00f4t\u00e9s : effet \u201cmessager athl\u00e9tique mais un peu pervers\u201d.<br data-start=\"636\" data-end=\"639\" \/>\u2714 Tissu extensible, respirant, parfait pour les \u00e9tirements\u2026 et les invitations silencieuses.<br data-start=\"731\" data-end=\"734\" \/>\u2714 Coupe moulante qui valorise la jambe, la fesse, et <em data-start=\"787\" data-end=\"796\">surtout<\/em> l\u2019avant.<\/p>\n<hr data-start=\"807\" data-end=\"810\" \/>\n<h2 data-start=\"812\" data-end=\"830\"><strong data-start=\"815\" data-end=\"828\">Le vibe :<\/strong><\/h2>\n<p data-start=\"831\" data-end=\"998\">C\u2019est le mix parfait entre un look innocent et une envie pas du tout innocente.<br data-start=\"910\" data-end=\"913\" \/>Un legging qui annonce clairement :<br data-start=\"948\" data-end=\"951\" \/><strong data-start=\"951\" data-end=\"998\">\u00ab Je suis confortable\u2026 toi, un peu moins. \u00bb<\/strong><\/p>\n<p>\u2022 75 % polyester recycl\u00e9, 25 % \u00e9lasthanne pour la production aux \u00c9tats-Unis\/Mexique<br \/>\n\u2022 82 % polyester, 18 % \u00e9lasthanne pour la production en Lettonie<br \/>\n\u2022 Poids du tissu : 225 g\/m\u00b2 (6,64 oz\/yd\u00b2) aux \u00c9tats-Unis\/Mexique<br \/>\n\u2022 Poids du tissu : 230 g\/m\u00b2 (6,78 oz\/yd\u00b2) en Lettonie<br \/>\n\u2022 Tissu \u00e9lastique : les fibres du tissu se r\u00e9tractent sur la longueur et la largeur<br \/>\n\u2022 Coupe ajust\u00e9e<br \/>\n\u2022 Empi\u00e8cement avant pour plus de confort<br \/>\n\u2022 Coutures plates et surpiq\u00fbres<br \/>\n\u2022 Ceinture \u00e9lastique<br \/>\n\u2022 Mati\u00e8re tr\u00e8s douce et \u00e9lastique<br \/>\n\u2022 Composants vierges provenant du Mexique et de Chine<\/p>\n<p>Age restrictions: Pour les adultes<br \/>\nEU Warranty: 2\u00a0ans<br \/>\nOther compliance information: R\u00e9pond aux exigences relatives \u00e0 l\u2019inflammabilit\u00e9 et aux teneurs en formald\u00e9hyde, colorants azo\u00efques, plomb, cadmium, bisph\u00e9nols et phtalates.<\/p>\n<p>En conformit\u00e9 avec le R\u00e8glement pour la S\u00e9curit\u00e9 G\u00e9n\u00e9rale des Produits (RSGP), <b>sckript creations virtuelles inc.<\/b> et <b>SINDEN VENTURES LIMITED<\/b>garantissent que tous les produits de consommation propos\u00e9s sont s\u00fbrs et conformes aux normes de l&#8217;UE. Pour toutes questions ou pr\u00e9occupations concernant les mesures de s\u00e9curit\u00e9 des produits, veuillez contacter notre repr\u00e9sentant europ\u00e9en \u00e0 <b><span \n                data-original-string='M1tY232o0UEmzmW6jAascw==539XvwhAEwsHPag1DruaCyC2Oc6tRE9JN9FCKJlvdBb0P4='\n                class='apbct-email-encoder'\n                title='This contact has been encoded by Anti-Spam by CleanTalk. Click to decode. To finish the decoding make sure that JavaScript is enabled in your browser.'>gp<span class=\"apbct-blur\">**<\/span>@<span class=\"apbct-blur\">************<\/span>es.com<\/span><\/b>. Vous pouvez \u00e9galement nous \u00e9crire \u00e0 <b>110 &#8211; 2905 mont\u00e9e Hamilton , QC, J0K 2T0 Canada<\/b> ou <b>Markou Evgenikou 11, Mesa Geitonia, 4002, Limassol, Cyprus.<b><\/b><\/b><\/p>","protected":false},"excerpt":{"rendered":"<p>Soyez au mieux de votre forme dans ce legging pour homme ! La mati\u00e8re super douce et \u00e9lastique en fait le choix id\u00e9al pour tout type d&#8217;activit\u00e9. Vous pouvez le porter seul ou sous un short. Ce legging a tout pour devenir votre nouveau v\u00eatement de sport pr\u00e9f\u00e9r\u00e9 !<\/p>","protected":false},"featured_media":26121,"comment_status":"open","ping_status":"closed","template":"","meta":{"nf_dc_page":"","_bbp_topic_count":0,"_bbp_reply_count":0,"_bbp_total_topic_count":0,"_bbp_total_reply_count":0,"_bbp_voice_count":0,"_bbp_anonymous_reply_count":0,"_bbp_topic_count_hidden":0,"_bbp_reply_count_hidden":0,"_bbp_forum_subforum_count":0,"jetpack_publicize_message":"","jetpack_publicize_feature_enabled":true,"jetpack_social_post_already_shared":true,"jetpack_social_options":{"image_generator_settings":{"template":"highway","default_image_id":0,"font":"","enabled":false},"version":2}},"product_brand":[109],"product_cat":[216],"product_tag":[218],"class_list":{"0":"post-26091","1":"product","2":"type-product","3":"status-publish","4":"has-post-thumbnail","6":"product_brand-cochon-savant","7":"product_cat-leggings","8":"product_tag-leggings","10":"first","11":"instock","12":"taxable","13":"shipping-taxable","14":"purchasable","15":"product-type-variable"},"jetpack_publicize_connections":[],"_links":{"self":[{"href":"https:\/\/lecochonsavant.com\/en\/wp-json\/wp\/v2\/product\/26091","targetHints":{"allow":["GET"]}}],"collection":[{"href":"https:\/\/lecochonsavant.com\/en\/wp-json\/wp\/v2\/product"}],"about":[{"href":"https:\/\/lecochonsavant.com\/en\/wp-json\/wp\/v2\/types\/product"}],"replies":[{"embeddable":true,"href":"https:\/\/lecochonsavant.com\/en\/wp-json\/wp\/v2\/comments?post=26091"}],"wp:featuredmedia":[{"embeddable":true,"href":"https:\/\/lecochonsavant.com\/en\/wp-json\/wp\/v2\/media\/26121"}],"wp:attachment":[{"href":"https:\/\/lecochonsavant.com\/en\/wp-json\/wp\/v2\/media?parent=26091"}],"wp:term":[{"taxonomy":"product_brand","embeddable":true,"href":"https:\/\/lecochonsavant.com\/en\/wp-json\/wp\/v2\/product_brand?post=26091"},{"taxonomy":"product_cat","embeddable":true,"href":"https:\/\/lecochonsavant.com\/en\/wp-json\/wp\/v2\/product_cat?post=26091"},{"taxonomy":"product_tag","embeddable":true,"href":"https:\/\/lecochonsavant.com\/en\/wp-json\/wp\/v2\/product_tag?post=26091"}],"curies":[{"name":"wp","href":"https:\/\/api.w.org\/{rel}","templated":true}]}}