{"id":26151,"date":"2025-11-07T13:01:38","date_gmt":"2025-11-07T18:01:38","guid":{"rendered":"https:\/\/lecochonsavant.com\/produit\/legging-queerwear-rose-et-noir\/"},"modified":"2025-12-01T23:36:49","modified_gmt":"2025-12-02T04:36:49","slug":"legging-queerwear-rose-et-noir","status":"publish","type":"product","link":"https:\/\/lecochonsavant.com\/en\/product\/legging-queerwear-rose-et-noir\/","title":{"rendered":"Legging Queerwear Rose et noir"},"content":{"rendered":"<div style=\"width: 640px;\" class=\"wp-video\"><video class=\"wp-video-shortcode\" id=\"video-26151-1\" width=\"640\" height=\"360\" preload=\"metadata\" controls=\"controls\"><source type=\"video\/mp4\" src=\"https:\/\/vod.api.video\/vod\/vi1D2HNtJlekuiPIg8EQuLwl\/mp4\/source.mp4?_=1\" \/><a href=\"https:\/\/vod.api.video\/vod\/vi1D2HNtJlekuiPIg8EQuLwl\/mp4\/source.mp4\">https:\/\/vod.api.video\/vod\/vi1D2HNtJlekuiPIg8EQuLwl\/mp4\/source.mp4<\/a><\/video><\/div>\n<p data-start=\"164\" data-end=\"411\"><img decoding=\"async\" class=\"alignnone wp-image-32586\" src=\"https:\/\/lecochonsavant.com\/wp-content\/uploads\/2025\/11\/rabais-20-300x41.jpg\" alt=\"\" width=\"337\" height=\"46\" srcset=\"https:\/\/lecochonsavant.com\/wp-content\/uploads\/2025\/11\/rabais-20-300x41.jpg 300w, https:\/\/lecochonsavant.com\/wp-content\/uploads\/2025\/11\/rabais-20-64x9.jpg 64w, https:\/\/lecochonsavant.com\/wp-content\/uploads\/2025\/11\/rabais-20.jpg 528w\" sizes=\"(max-width: 337px) 100vw, 337px\" \/><\/p>\n<p data-start=\"164\" data-end=\"411\">Ce legging, c\u2019est un <em data-start=\"185\" data-end=\"196\">manifeste<\/em>.<br data-start=\"197\" data-end=\"200\" \/>Rose criant, noir profond, lignes qui allongent les jambes et attirent les regards l\u00e0 o\u00f9 tu le veux.<br data-start=\"300\" data-end=\"303\" \/>Tu le mets, et soudain tout le monde comprend :<br data-start=\"350\" data-end=\"353\" \/><strong data-start=\"353\" data-end=\"411\">tu ne fais pas que t\u2019habiller\u2026 tu annonces la couleur.<\/strong><\/p>\n<hr data-start=\"413\" data-end=\"416\" \/>\n<h2 data-start=\"418\" data-end=\"443\"><strong data-start=\"421\" data-end=\"443\">Caract\u00e9ristiques :<\/strong><\/h2>\n<p data-start=\"444\" data-end=\"726\">\u2714 Rose vibrant fa\u00e7on <em data-start=\"465\" data-end=\"506\">\u00ab regarde-moi mais surtout regarde l\u00e0 \u00bb<\/em>.<br data-start=\"507\" data-end=\"510\" \/>\u2714 Insert noir bien plac\u00e9 \u2192 effet vitrine garantie.<br data-start=\"560\" data-end=\"563\" \/>\u2714 Bandes lat\u00e9rales sexy qui sculptent les hanches et allongent la silhouette.<br data-start=\"640\" data-end=\"643\" \/>\u2714 Mati\u00e8re stretch confortable, pour bouger librement\u2026 ou te faire admirer immobile.<\/p>\n<hr data-start=\"728\" data-end=\"731\" \/>\n<h2 data-start=\"733\" data-end=\"751\"><strong data-start=\"736\" data-end=\"749\">Le vibe :<\/strong><\/h2>\n<p data-start=\"752\" data-end=\"892\">Mi-sport, mi-fashion, 100% queer.<br data-start=\"785\" data-end=\"788\" \/>Le legging qui dit :<br data-start=\"808\" data-end=\"811\" \/><strong data-start=\"811\" data-end=\"892\">\u00ab Je suis doux comme un marshmallow\u2026 mais avec des envies de leather night. \u00bb<\/strong><\/p>\n<p>\u2022 75 % polyester recycl\u00e9, 25 % \u00e9lasthanne pour la production aux \u00c9tats-Unis\/Mexique<br \/>\n\u2022 82 % polyester, 18 % \u00e9lasthanne pour la production en Lettonie<br \/>\n\u2022 Poids du tissu : 225 g\/m\u00b2 (6,64 oz\/yd\u00b2) aux \u00c9tats-Unis\/Mexique<br \/>\n\u2022 Poids du tissu : 230 g\/m\u00b2 (6,78 oz\/yd\u00b2) en Lettonie<br \/>\n\u2022 Tissu \u00e9lastique : les fibres du tissu se r\u00e9tractent sur la longueur et la largeur<br \/>\n\u2022 Coupe ajust\u00e9e<br \/>\n\u2022 Empi\u00e8cement avant pour plus de confort<br \/>\n\u2022 Coutures plates et surpiq\u00fbres<br \/>\n\u2022 Ceinture \u00e9lastique<br \/>\n\u2022 Mati\u00e8re tr\u00e8s douce et \u00e9lastique<br \/>\n\u2022 Composants vierges provenant du Mexique et de Chine<\/p>\n<p>Age restrictions: Pour les adultes<br \/>\nEU Warranty: 2\u00a0ans<br \/>\nOther compliance information: R\u00e9pond aux exigences relatives \u00e0 l\u2019inflammabilit\u00e9 et aux teneurs en formald\u00e9hyde, colorants azo\u00efques, plomb, cadmium, bisph\u00e9nols et phtalates.<\/p>\n<p>En conformit\u00e9 avec le R\u00e8glement pour la S\u00e9curit\u00e9 G\u00e9n\u00e9rale des Produits (RSGP), <b>sckript creations virtuelles inc.<\/b> et <b>SINDEN VENTURES LIMITED<\/b>garantissent que tous les produits de consommation propos\u00e9s sont s\u00fbrs et conformes aux normes de l&#8217;UE. Pour toutes questions ou pr\u00e9occupations concernant les mesures de s\u00e9curit\u00e9 des produits, veuillez contacter notre repr\u00e9sentant europ\u00e9en \u00e0 <b><span \n                data-original-string='kRrQPXKH+tFYVs28rrBjbw==539DaU7KzU+Z6Nr8SK80nKMZ+aVKfEJ6\/Q\/04My7J5gQJY='\n                class='apbct-email-encoder'\n                title='This contact has been encoded by Anti-Spam by CleanTalk. Click to decode. To finish the decoding make sure that JavaScript is enabled in your browser.'>gp<span class=\"apbct-blur\">**<\/span>@<span class=\"apbct-blur\">************<\/span>es.com<\/span><\/b>. Vous pouvez \u00e9galement nous \u00e9crire \u00e0 <b>110 &#8211; 2905 mont\u00e9e Hamilton , QC, J0K 2T0 Canada<\/b> ou <b>Markou Evgenikou 11, Mesa Geitonia, 4002, Limassol, Cyprus.<b><\/b><\/b><\/p>","protected":false},"excerpt":{"rendered":"<p>Soyez au mieux de votre forme dans ce legging pour homme ! La mati\u00e8re super douce et \u00e9lastique en fait le choix id\u00e9al pour tout type d&#8217;activit\u00e9. Vous pouvez le porter seul ou sous un short. Ce legging a tout pour devenir votre nouveau v\u00eatement de sport pr\u00e9f\u00e9r\u00e9 !<\/p>","protected":false},"featured_media":26184,"comment_status":"open","ping_status":"closed","template":"","meta":{"nf_dc_page":"","_bbp_topic_count":0,"_bbp_reply_count":0,"_bbp_total_topic_count":0,"_bbp_total_reply_count":0,"_bbp_voice_count":0,"_bbp_anonymous_reply_count":0,"_bbp_topic_count_hidden":0,"_bbp_reply_count_hidden":0,"_bbp_forum_subforum_count":0,"jetpack_publicize_message":"","jetpack_publicize_feature_enabled":true,"jetpack_social_post_already_shared":true,"jetpack_social_options":{"image_generator_settings":{"template":"highway","default_image_id":0,"font":"","enabled":false},"version":2}},"product_brand":[109],"product_cat":[216],"product_tag":[218],"class_list":{"0":"post-26151","1":"product","2":"type-product","3":"status-publish","4":"has-post-thumbnail","6":"product_brand-cochon-savant","7":"product_cat-leggings","8":"product_tag-leggings","10":"first","11":"instock","12":"taxable","13":"shipping-taxable","14":"purchasable","15":"product-type-variable"},"jetpack_publicize_connections":[],"_links":{"self":[{"href":"https:\/\/lecochonsavant.com\/en\/wp-json\/wp\/v2\/product\/26151","targetHints":{"allow":["GET"]}}],"collection":[{"href":"https:\/\/lecochonsavant.com\/en\/wp-json\/wp\/v2\/product"}],"about":[{"href":"https:\/\/lecochonsavant.com\/en\/wp-json\/wp\/v2\/types\/product"}],"replies":[{"embeddable":true,"href":"https:\/\/lecochonsavant.com\/en\/wp-json\/wp\/v2\/comments?post=26151"}],"wp:featuredmedia":[{"embeddable":true,"href":"https:\/\/lecochonsavant.com\/en\/wp-json\/wp\/v2\/media\/26184"}],"wp:attachment":[{"href":"https:\/\/lecochonsavant.com\/en\/wp-json\/wp\/v2\/media?parent=26151"}],"wp:term":[{"taxonomy":"product_brand","embeddable":true,"href":"https:\/\/lecochonsavant.com\/en\/wp-json\/wp\/v2\/product_brand?post=26151"},{"taxonomy":"product_cat","embeddable":true,"href":"https:\/\/lecochonsavant.com\/en\/wp-json\/wp\/v2\/product_cat?post=26151"},{"taxonomy":"product_tag","embeddable":true,"href":"https:\/\/lecochonsavant.com\/en\/wp-json\/wp\/v2\/product_tag?post=26151"}],"curies":[{"name":"wp","href":"https:\/\/api.w.org\/{rel}","templated":true}]}}