{"id":26166,"date":"2025-11-07T13:05:40","date_gmt":"2025-11-07T18:05:40","guid":{"rendered":"https:\/\/lecochonsavant.com\/produit\/legging-queerwear-violet\/"},"modified":"2025-12-01T23:36:07","modified_gmt":"2025-12-02T04:36:07","slug":"legging-queerwear-violet","status":"publish","type":"product","link":"https:\/\/lecochonsavant.com\/en\/product\/legging-queerwear-violet\/","title":{"rendered":"Legging Queerwear violet"},"content":{"rendered":"<div style=\"width: 640px;\" class=\"wp-video\"><video class=\"wp-video-shortcode\" id=\"video-26166-1\" width=\"640\" height=\"360\" preload=\"metadata\" controls=\"controls\"><source type=\"video\/mp4\" src=\"https:\/\/vod.api.video\/vod\/vi1D2HNtJlekuiPIg8EQuLwl\/mp4\/source.mp4?_=1\" \/><a href=\"https:\/\/vod.api.video\/vod\/vi1D2HNtJlekuiPIg8EQuLwl\/mp4\/source.mp4\">https:\/\/vod.api.video\/vod\/vi1D2HNtJlekuiPIg8EQuLwl\/mp4\/source.mp4<\/a><\/video><\/div>\n<p data-start=\"154\" data-end=\"314\"><img decoding=\"async\" class=\"alignnone wp-image-32586\" src=\"https:\/\/lecochonsavant.com\/wp-content\/uploads\/2025\/11\/rabais-20-300x41.jpg\" alt=\"\" width=\"337\" height=\"46\" srcset=\"https:\/\/lecochonsavant.com\/wp-content\/uploads\/2025\/11\/rabais-20-300x41.jpg 300w, https:\/\/lecochonsavant.com\/wp-content\/uploads\/2025\/11\/rabais-20-64x9.jpg 64w, https:\/\/lecochonsavant.com\/wp-content\/uploads\/2025\/11\/rabais-20.jpg 528w\" sizes=\"(max-width: 337px) 100vw, 337px\" \/><\/p>\n<p data-start=\"154\" data-end=\"314\">Le violet, c\u2019est la couleur des rois\u2026<br data-start=\"191\" data-end=\"194\" \/>Mais surtout la couleur de ceux qui savent exactement <strong data-start=\"248\" data-end=\"314\">o\u00f9 ils s\u2019en vont et qui veulent se faire regarder en marchant.<\/strong><\/p>\n<p data-start=\"316\" data-end=\"533\">Ce legging ultra-violet (litt\u00e9ralement) \u00e9pouse chaque courbe, chaque muscle, chaque intention.<br data-start=\"410\" data-end=\"413\" \/>La bande noire le long de la jambe ?<br data-start=\"449\" data-end=\"452\" \/>Un petit rappel que oui, tu peux \u00eatre \u00e9l\u00e9gant tout en donnant des id\u00e9es aux gens.<\/p>\n<hr data-start=\"535\" data-end=\"538\" \/>\n<h2 data-start=\"540\" data-end=\"565\"><strong data-start=\"543\" data-end=\"565\">Caract\u00e9ristiques :<\/strong><\/h2>\n<p data-start=\"566\" data-end=\"900\">\u2714 Violet vibrant : impossible de passer inaper\u00e7u \u2014 et avoue que tu n\u2019en as aucune envie.<br data-start=\"654\" data-end=\"657\" \/>\u2714 Insert noir bien plac\u00e9 pour mettre en valeur ce que m\u00e8re Nature (ou le gym) t\u2019a donn\u00e9.<br data-start=\"745\" data-end=\"748\" \/>\u2714 Coutures qui sculptent la jambe fa\u00e7on <em data-start=\"788\" data-end=\"825\">\u00ab viens donc voir \u00e7a de plus pr\u00e8s \u00bb<\/em>.<br data-start=\"826\" data-end=\"829\" \/>\u2714 Mati\u00e8re extensible, douce et solide\u2026 un peu comme toi les bons jours.<\/p>\n<hr data-start=\"902\" data-end=\"905\" \/>\n<h2 data-start=\"907\" data-end=\"925\"><strong data-start=\"910\" data-end=\"923\">Le vibe :<\/strong><\/h2>\n<p data-start=\"926\" data-end=\"1132\">C\u2019est le legging qui dit :<br data-start=\"952\" data-end=\"955\" \/><strong data-start=\"955\" data-end=\"1021\">\u00ab Je suis magique, magnifique et possiblement tr\u00e8s flexible. \u00bb<\/strong><br data-start=\"1021\" data-end=\"1024\" \/>\u00c0 porter fi\u00e8rement, que ce soit au gym, en soir\u00e9e queer, ou simplement pour hypnotiser ton voisin de palier.<\/p>\n<p>\u2022 75 % polyester recycl\u00e9, 25 % \u00e9lasthanne pour la production aux \u00c9tats-Unis\/Mexique<br \/>\n\u2022 82 % polyester, 18 % \u00e9lasthanne pour la production en Lettonie<br \/>\n\u2022 Poids du tissu : 225 g\/m\u00b2 (6,64 oz\/yd\u00b2) aux \u00c9tats-Unis\/Mexique<br \/>\n\u2022 Poids du tissu : 230 g\/m\u00b2 (6,78 oz\/yd\u00b2) en Lettonie<br \/>\n\u2022 Tissu \u00e9lastique : les fibres du tissu se r\u00e9tractent sur la longueur et la largeur<br \/>\n\u2022 Coupe ajust\u00e9e<br \/>\n\u2022 Empi\u00e8cement avant pour plus de confort<br \/>\n\u2022 Coutures plates et surpiq\u00fbres<br \/>\n\u2022 Ceinture \u00e9lastique<br \/>\n\u2022 Mati\u00e8re tr\u00e8s douce et \u00e9lastique<br \/>\n\u2022 Composants vierges provenant du Mexique et de Chine<\/p>\n<p>Age restrictions: Pour les adultes<br \/>\nEU Warranty: 2\u00a0ans<br \/>\nOther compliance information: R\u00e9pond aux exigences relatives \u00e0 l\u2019inflammabilit\u00e9 et aux teneurs en formald\u00e9hyde, colorants azo\u00efques, plomb, cadmium, bisph\u00e9nols et phtalates.<\/p>\n<p>En conformit\u00e9 avec le R\u00e8glement pour la S\u00e9curit\u00e9 G\u00e9n\u00e9rale des Produits (RSGP), <b>sckript creations virtuelles inc.<\/b> et <b>SINDEN VENTURES LIMITED<\/b>garantissent que tous les produits de consommation propos\u00e9s sont s\u00fbrs et conformes aux normes de l&#8217;UE. Pour toutes questions ou pr\u00e9occupations concernant les mesures de s\u00e9curit\u00e9 des produits, veuillez contacter notre repr\u00e9sentant europ\u00e9en \u00e0 <b><span \n                data-original-string='EZBv13k7ZPighCRpGzyuow==539R7sbkwwwKsqenZh6r3+H4C1uUFo+z4KrZLDZmavOA\/Y='\n                class='apbct-email-encoder'\n                title='This contact has been encoded by Anti-Spam by CleanTalk. Click to decode. To finish the decoding make sure that JavaScript is enabled in your browser.'>gp<span class=\"apbct-blur\">**<\/span>@<span class=\"apbct-blur\">************<\/span>es.com<\/span><\/b>. Vous pouvez \u00e9galement nous \u00e9crire \u00e0 <b>110 &#8211; 2905 mont\u00e9e Hamilton , QC, J0K 2T0 Canada<\/b> ou <b>Markou Evgenikou 11, Mesa Geitonia, 4002, Limassol, Cyprus.<b><\/b><\/b><\/p>","protected":false},"excerpt":{"rendered":"<p>Soyez au mieux de votre forme dans ce legging pour homme ! La mati\u00e8re super douce et \u00e9lastique en fait le choix id\u00e9al pour tout type d&#8217;activit\u00e9. Vous pouvez le porter seul ou sous un short. Ce legging a tout pour devenir votre nouveau v\u00eatement de sport pr\u00e9f\u00e9r\u00e9 !<\/p>","protected":false},"featured_media":26179,"comment_status":"open","ping_status":"closed","template":"","meta":{"nf_dc_page":"","_bbp_topic_count":0,"_bbp_reply_count":0,"_bbp_total_topic_count":0,"_bbp_total_reply_count":0,"_bbp_voice_count":0,"_bbp_anonymous_reply_count":0,"_bbp_topic_count_hidden":0,"_bbp_reply_count_hidden":0,"_bbp_forum_subforum_count":0,"jetpack_publicize_message":"","jetpack_publicize_feature_enabled":true,"jetpack_social_post_already_shared":true,"jetpack_social_options":{"image_generator_settings":{"template":"highway","default_image_id":0,"font":"","enabled":false},"version":2}},"product_brand":[109],"product_cat":[216],"product_tag":[218],"class_list":{"0":"post-26166","1":"product","2":"type-product","3":"status-publish","4":"has-post-thumbnail","6":"product_brand-cochon-savant","7":"product_cat-leggings","8":"product_tag-leggings","10":"first","11":"instock","12":"taxable","13":"shipping-taxable","14":"purchasable","15":"product-type-variable"},"jetpack_publicize_connections":[],"_links":{"self":[{"href":"https:\/\/lecochonsavant.com\/en\/wp-json\/wp\/v2\/product\/26166","targetHints":{"allow":["GET"]}}],"collection":[{"href":"https:\/\/lecochonsavant.com\/en\/wp-json\/wp\/v2\/product"}],"about":[{"href":"https:\/\/lecochonsavant.com\/en\/wp-json\/wp\/v2\/types\/product"}],"replies":[{"embeddable":true,"href":"https:\/\/lecochonsavant.com\/en\/wp-json\/wp\/v2\/comments?post=26166"}],"wp:featuredmedia":[{"embeddable":true,"href":"https:\/\/lecochonsavant.com\/en\/wp-json\/wp\/v2\/media\/26179"}],"wp:attachment":[{"href":"https:\/\/lecochonsavant.com\/en\/wp-json\/wp\/v2\/media?parent=26166"}],"wp:term":[{"taxonomy":"product_brand","embeddable":true,"href":"https:\/\/lecochonsavant.com\/en\/wp-json\/wp\/v2\/product_brand?post=26166"},{"taxonomy":"product_cat","embeddable":true,"href":"https:\/\/lecochonsavant.com\/en\/wp-json\/wp\/v2\/product_cat?post=26166"},{"taxonomy":"product_tag","embeddable":true,"href":"https:\/\/lecochonsavant.com\/en\/wp-json\/wp\/v2\/product_tag?post=26166"}],"curies":[{"name":"wp","href":"https:\/\/api.w.org\/{rel}","templated":true}]}}