{"id":26189,"date":"2025-11-07T13:21:38","date_gmt":"2025-11-07T18:21:38","guid":{"rendered":"https:\/\/lecochonsavant.com\/produit\/legging-queerwear-jaune\/"},"modified":"2025-12-01T23:35:25","modified_gmt":"2025-12-02T04:35:25","slug":"legging-queerwear-jaune","status":"publish","type":"product","link":"https:\/\/lecochonsavant.com\/en\/product\/legging-queerwear-jaune\/","title":{"rendered":"Legging Queerwear jaune"},"content":{"rendered":"<div style=\"width: 640px;\" class=\"wp-video\"><video class=\"wp-video-shortcode\" id=\"video-26189-1\" width=\"640\" height=\"360\" preload=\"metadata\" controls=\"controls\"><source type=\"video\/mp4\" src=\"https:\/\/vod.api.video\/vod\/vi1D2HNtJlekuiPIg8EQuLwl\/mp4\/source.mp4?_=1\" \/><a href=\"https:\/\/vod.api.video\/vod\/vi1D2HNtJlekuiPIg8EQuLwl\/mp4\/source.mp4\">https:\/\/vod.api.video\/vod\/vi1D2HNtJlekuiPIg8EQuLwl\/mp4\/source.mp4<\/a><\/video><\/div>\n<p data-start=\"152\" data-end=\"309\"><img decoding=\"async\" class=\"alignnone wp-image-32586\" src=\"https:\/\/lecochonsavant.com\/wp-content\/uploads\/2025\/11\/rabais-20-300x41.jpg\" alt=\"\" width=\"337\" height=\"46\" srcset=\"https:\/\/lecochonsavant.com\/wp-content\/uploads\/2025\/11\/rabais-20-300x41.jpg 300w, https:\/\/lecochonsavant.com\/wp-content\/uploads\/2025\/11\/rabais-20-64x9.jpg 64w, https:\/\/lecochonsavant.com\/wp-content\/uploads\/2025\/11\/rabais-20.jpg 528w\" sizes=\"(max-width: 337px) 100vw, 337px\" \/><\/p>\n<p data-start=\"152\" data-end=\"309\">Attention : ce legging n\u2019est pas pour les timides.<br data-start=\"202\" data-end=\"205\" \/>Le jaune, c\u2019est la couleur du soleil\u2026 et de ceux qui aiment <strong data-start=\"265\" data-end=\"291\">r\u00e9chauffer les regards<\/strong> sur leur passage.<\/p>\n<p data-start=\"311\" data-end=\"515\">Ce legging Queerwear colle \u00e0 la peau comme une obsession. Le panneau noir \u00e0 l\u2019avant ?<br data-start=\"396\" data-end=\"399\" \/>Une invitation polie \u00e0 regarder exactement o\u00f9 il faut \u2014 parce qu\u2019on ne va pas se mentir, tout le monde le fait d\u00e9j\u00e0.<\/p>\n<p data-start=\"517\" data-end=\"640\">La bande lat\u00e9rale \u201cQUEERWEAR\u201d, c\u2019est ton petit drapeau :<br data-start=\"573\" data-end=\"576\" \/><strong data-start=\"576\" data-end=\"640\">&#8220;Je suis d\u00e9licieux, assum\u00e9 et oui, tu peux regarder encore.&#8221;<\/strong><\/p>\n<hr data-start=\"642\" data-end=\"645\" \/>\n<h2 data-start=\"647\" data-end=\"672\"><strong data-start=\"650\" data-end=\"672\">Caract\u00e9ristiques :<\/strong><\/h2>\n<p data-start=\"673\" data-end=\"963\">\u2714 Jaune \u00e9clatant : id\u00e9al pour illuminer la journ\u00e9e de parfaits inconnus.<br data-start=\"745\" data-end=\"748\" \/>\u2714 Confort extensible : parce que toi aussi tu aimes quand \u00e7a <em data-start=\"809\" data-end=\"821\">bouge bien<\/em>.<br data-start=\"822\" data-end=\"825\" \/>\u2714 Impression noire ultra flatteuse : un vrai projecteur int\u00e9gr\u00e9.<br data-start=\"889\" data-end=\"892\" \/>\u2714 Coupe moulante : sculpte, souligne, annonce subtilement le potentiel.<\/p>\n<hr data-start=\"965\" data-end=\"968\" \/>\n<h2 data-start=\"970\" data-end=\"988\"><strong data-start=\"973\" data-end=\"986\">Le vibe :<\/strong><\/h2>\n<p data-start=\"989\" data-end=\"1193\">Ce legging dit :<br data-start=\"1005\" data-end=\"1008\" \/><strong data-start=\"1008\" data-end=\"1085\">\u00ab Je suis un rayon de soleil\u2026 mais j\u2019ai un petit c\u00f4t\u00e9 orage \u00e9lectrique. \u00bb<\/strong><br data-start=\"1085\" data-end=\"1088\" \/>Parfait pour le gym, les soir\u00e9es queer, la danse, ou juste pour faire monter la temp\u00e9rature au d\u00e9panneur.<\/p>\n<p>\u2022 75 % polyester recycl\u00e9, 25 % \u00e9lasthanne pour la production aux \u00c9tats-Unis\/Mexique<br \/>\n\u2022 82 % polyester, 18 % \u00e9lasthanne pour la production en Lettonie<br \/>\n\u2022 Poids du tissu : 225 g\/m\u00b2 (6,64 oz\/yd\u00b2) aux \u00c9tats-Unis\/Mexique<br \/>\n\u2022 Poids du tissu : 230 g\/m\u00b2 (6,78 oz\/yd\u00b2) en Lettonie<br \/>\n\u2022 Tissu \u00e9lastique : les fibres du tissu se r\u00e9tractent sur la longueur et la largeur<br \/>\n\u2022 Coupe ajust\u00e9e<br \/>\n\u2022 Empi\u00e8cement avant pour plus de confort<br \/>\n\u2022 Coutures plates et surpiq\u00fbres<br \/>\n\u2022 Ceinture \u00e9lastique<br \/>\n\u2022 Mati\u00e8re tr\u00e8s douce et \u00e9lastique<br \/>\n\u2022 Composants vierges provenant du Mexique et de Chine<\/p>\n<p>Age restrictions: Pour les adultes<br \/>\nEU Warranty: 2\u00a0ans<br \/>\nOther compliance information: R\u00e9pond aux exigences relatives \u00e0 l\u2019inflammabilit\u00e9 et aux teneurs en formald\u00e9hyde, colorants azo\u00efques, plomb, cadmium, bisph\u00e9nols et phtalates.<\/p>\n<p>En conformit\u00e9 avec le R\u00e8glement pour la S\u00e9curit\u00e9 G\u00e9n\u00e9rale des Produits (RSGP), <b>sckript creations virtuelles inc.<\/b> et <b>SINDEN VENTURES LIMITED<\/b>garantissent que tous les produits de consommation propos\u00e9s sont s\u00fbrs et conformes aux normes de l&#8217;UE. Pour toutes questions ou pr\u00e9occupations concernant les mesures de s\u00e9curit\u00e9 des produits, veuillez contacter notre repr\u00e9sentant europ\u00e9en \u00e0 <b><span \n                data-original-string='150tkDAubHH0KYj3+2JGQw==539DYXhIkpTtkoxOopJGfra\/ZHWJ+grJ2BfQdR3DEBIFVY='\n                class='apbct-email-encoder'\n                title='This contact has been encoded by Anti-Spam by CleanTalk. Click to decode. To finish the decoding make sure that JavaScript is enabled in your browser.'>gp<span class=\"apbct-blur\">**<\/span>@<span class=\"apbct-blur\">************<\/span>es.com<\/span><\/b>. Vous pouvez \u00e9galement nous \u00e9crire \u00e0 <b>110 &#8211; 2905 mont\u00e9e Hamilton , QC, J0K 2T0 Canada<\/b> ou <b>Markou Evgenikou 11, Mesa Geitonia, 4002, Limassol, Cyprus.<b><\/b><\/b><\/p>","protected":false},"excerpt":{"rendered":"<p>Soyez au mieux de votre forme dans ce legging pour homme ! La mati\u00e8re super douce et \u00e9lastique en fait le choix id\u00e9al pour tout type d&#8217;activit\u00e9. Vous pouvez le porter seul ou sous un short. Ce legging a tout pour devenir votre nouveau v\u00eatement de sport pr\u00e9f\u00e9r\u00e9 !<\/p>","protected":false},"featured_media":26202,"comment_status":"open","ping_status":"closed","template":"","meta":{"nf_dc_page":"","_bbp_topic_count":0,"_bbp_reply_count":0,"_bbp_total_topic_count":0,"_bbp_total_reply_count":0,"_bbp_voice_count":0,"_bbp_anonymous_reply_count":0,"_bbp_topic_count_hidden":0,"_bbp_reply_count_hidden":0,"_bbp_forum_subforum_count":0,"jetpack_publicize_message":"","jetpack_publicize_feature_enabled":true,"jetpack_social_post_already_shared":true,"jetpack_social_options":{"image_generator_settings":{"template":"highway","default_image_id":0,"font":"","enabled":false},"version":2}},"product_brand":[109],"product_cat":[216],"product_tag":[218],"class_list":{"0":"post-26189","1":"product","2":"type-product","3":"status-publish","4":"has-post-thumbnail","6":"product_brand-cochon-savant","7":"product_cat-leggings","8":"product_tag-leggings","10":"first","11":"instock","12":"taxable","13":"shipping-taxable","14":"purchasable","15":"product-type-variable"},"jetpack_publicize_connections":[],"_links":{"self":[{"href":"https:\/\/lecochonsavant.com\/en\/wp-json\/wp\/v2\/product\/26189","targetHints":{"allow":["GET"]}}],"collection":[{"href":"https:\/\/lecochonsavant.com\/en\/wp-json\/wp\/v2\/product"}],"about":[{"href":"https:\/\/lecochonsavant.com\/en\/wp-json\/wp\/v2\/types\/product"}],"replies":[{"embeddable":true,"href":"https:\/\/lecochonsavant.com\/en\/wp-json\/wp\/v2\/comments?post=26189"}],"wp:featuredmedia":[{"embeddable":true,"href":"https:\/\/lecochonsavant.com\/en\/wp-json\/wp\/v2\/media\/26202"}],"wp:attachment":[{"href":"https:\/\/lecochonsavant.com\/en\/wp-json\/wp\/v2\/media?parent=26189"}],"wp:term":[{"taxonomy":"product_brand","embeddable":true,"href":"https:\/\/lecochonsavant.com\/en\/wp-json\/wp\/v2\/product_brand?post=26189"},{"taxonomy":"product_cat","embeddable":true,"href":"https:\/\/lecochonsavant.com\/en\/wp-json\/wp\/v2\/product_cat?post=26189"},{"taxonomy":"product_tag","embeddable":true,"href":"https:\/\/lecochonsavant.com\/en\/wp-json\/wp\/v2\/product_tag?post=26189"}],"curies":[{"name":"wp","href":"https:\/\/api.w.org\/{rel}","templated":true}]}}