{"id":26204,"date":"2025-11-07T13:31:14","date_gmt":"2025-11-07T18:31:14","guid":{"rendered":"https:\/\/lecochonsavant.com\/produit\/pantalon-large-queerwear\/"},"modified":"2025-12-01T23:34:43","modified_gmt":"2025-12-02T04:34:43","slug":"pantalon-large-queerwear","status":"publish","type":"product","link":"https:\/\/lecochonsavant.com\/en\/product\/pantalon-large-queerwear\/","title":{"rendered":"Pantalon large Queerwear Noir"},"content":{"rendered":"<p data-start=\"159\" data-end=\"286\"><img decoding=\"async\" class=\"alignnone wp-image-32586\" src=\"https:\/\/lecochonsavant.com\/wp-content\/uploads\/2025\/11\/rabais-20-300x41.jpg\" alt=\"\" width=\"337\" height=\"46\" srcset=\"https:\/\/lecochonsavant.com\/wp-content\/uploads\/2025\/11\/rabais-20-300x41.jpg 300w, https:\/\/lecochonsavant.com\/wp-content\/uploads\/2025\/11\/rabais-20-64x9.jpg 64w, https:\/\/lecochonsavant.com\/wp-content\/uploads\/2025\/11\/rabais-20.jpg 528w\" sizes=\"(max-width: 337px) 100vw, 337px\" \/><\/p>\n<p data-start=\"159\" data-end=\"286\">Le pantalon large qui dit clairement :<br data-start=\"197\" data-end=\"200\" \/><strong data-start=\"200\" data-end=\"286\">\u00ab Je suis relax\u2026 mais pas <em data-start=\"228\" data-end=\"234\">trop<\/em> relax. J\u2019ai quand m\u00eame envie qu\u2019on me remarque. \u00bb<\/strong><\/p>\n<p data-start=\"288\" data-end=\"561\">Avec sa coupe ample et fluide, il bouge comme toi : libre, sensuel, un peu insolent.<br data-start=\"372\" data-end=\"375\" \/>L\u2019inscription <strong data-start=\"389\" data-end=\"402\">QUEERWEAR<\/strong> sur le c\u00f4t\u00e9 ?<br data-start=\"416\" data-end=\"419\" \/>Une petite claque visuelle, juste assez voyante pour attirer l\u2019\u0153il\u2026 et laisser deviner que sous ce tissu a\u00e9rien, il y a du <em data-start=\"542\" data-end=\"560\">mat\u00e9riel premium<\/em>.<\/p>\n<p data-start=\"563\" data-end=\"715\">Ce pantalon, c\u2019est le parfait m\u00e9lange entre confort absolu et attitude de diva queer qui n\u2019a rien \u00e0 prouver \u2014 mais qui aime clairement quand on regarde.<\/p>\n<hr data-start=\"717\" data-end=\"720\" \/>\n<h2 data-start=\"722\" data-end=\"747\"><strong data-start=\"725\" data-end=\"747\">Caract\u00e9ristiques :<\/strong><\/h2>\n<p data-start=\"748\" data-end=\"1161\">\u2714 Noir profond : amincissant, myst\u00e9rieux, irr\u00e9sistible.<br data-start=\"803\" data-end=\"806\" \/>\u2714 Coupe large : \u00e7a respire, \u00e7a glisse, \u00e7a caresse\u2026 bref, \u00e7a vit.<br data-start=\"870\" data-end=\"873\" \/>\u2714 Bande \u00ab QUEERWEAR \u00bb rose : pour annoncer la couleur (m\u00eame quand tu n\u2019en portes pas).<br data-start=\"959\" data-end=\"962\" \/>\u2714 Ultra confortable : id\u00e9al pour danser, fl\u00e2ner\u2026 ou faire des choses qui demandent <em data-start=\"1045\" data-end=\"1068\">beaucoup de souplesse<\/em>.<br data-start=\"1069\" data-end=\"1072\" \/>\u2714 Style unisexe : parce que le queer n\u2019a pas de fronti\u00e8res, juste des courbes \u00e0 c\u00e9l\u00e9brer.<\/p>\n<hr data-start=\"1163\" data-end=\"1166\" \/>\n<h2 data-start=\"1168\" data-end=\"1184\"><strong data-start=\"1171\" data-end=\"1184\">Le vibe :<\/strong><\/h2>\n<p data-start=\"1185\" data-end=\"1365\">Ce pantalon murmure :<br data-start=\"1206\" data-end=\"1209\" \/><strong data-start=\"1209\" data-end=\"1255\">\u00ab Je suis chill\u2026 mais sexy par accident. \u00bb<\/strong><br data-start=\"1255\" data-end=\"1258\" \/>Tu le portes, tu t\u2019assois, tu te rel\u00e8ves\u2026 et soudain tout le monde oublie ce qu\u2019il \u00e9tait en train de faire.<\/p>\n<p>&#8211; Composition du tissu dans l&#8217;UE\u00a0: 96\u00a0% polyester, 4\u00a0% spandex<br \/>\n&#8211; Composition du tissu aux \u00c9tats-Unis\u00a0: 93\u00a0% polyester, 7\u00a0% spandex<br \/>\n&#8211; Poids du tissu dans l&#8217;UE\u00a0: 215\u00a0g\/m\u00b2 (6,34\u00a0oz\/yd\u00b2)<br \/>\n&#8211; Poids du tissu aux \u00c9tats-Unis\u00a0: 240\u00a0g\/m\u00b2 (7,08\u00a0oz\/yd\u00b2)<br \/>\n&#8211; Coupe unisexe d\u00e9contract\u00e9e<br \/>\n&#8211; Poches lat\u00e9rales pratiques<br \/>\n&#8211; Ceinture \u00e9lastique avec un cordon blanc<br \/>\n&#8211; Peut \u00eatre port\u00e9 \u00e0 la taille ou sur les hanches<br \/>\n&#8211; Tissu jersey premium de poids moyen<\/p>\n<p>Avertissement : dans les zones o\u00f9 le tissu poss\u00e8de une double couche (comme les poches), les d\u00e9tails de la couche int\u00e9rieure du tissu peuvent transpara\u00eetre, surtout avec des designs plus clairs.<\/p>\n<p>Age restrictions: Pour les adultes<br \/>\nEU Warranty: 2\u00a0ans<br \/>\nOther compliance information: R\u00e9pond aux exigences relatives \u00e0 l\u2019inflammabilit\u00e9, aux teneurs en formald\u00e9hyde, plomb, cadmium, phtalates, colorants azo\u00efques, bisph\u00e9nol et mercure.<\/p>\n<p>En conformit\u00e9 avec le R\u00e8glement pour la S\u00e9curit\u00e9 G\u00e9n\u00e9rale des Produits (RSGP), <b>sckript creations virtuelles inc.<\/b> et <b>SINDEN VENTURES LIMITED<\/b>garantissent que tous les produits de consommation propos\u00e9s sont s\u00fbrs et conformes aux normes de l&#8217;UE. Pour toutes questions ou pr\u00e9occupations concernant les mesures de s\u00e9curit\u00e9 des produits, veuillez contacter notre repr\u00e9sentant europ\u00e9en \u00e0 <b><span \n                data-original-string='cvrwOqPtE8Olrj46kFbURg==539mdDdpKi3A31ioQTicw5SmPN9eAXh4C3Np1R4gSWkBK0='\n                class='apbct-email-encoder'\n                title='This contact has been encoded by Anti-Spam by CleanTalk. Click to decode. To finish the decoding make sure that JavaScript is enabled in your browser.'>gp<span class=\"apbct-blur\">**<\/span>@<span class=\"apbct-blur\">************<\/span>es.com<\/span><\/b>. Vous pouvez \u00e9galement nous \u00e9crire \u00e0 <b>110 &#8211; 2905 mont\u00e9e Hamilton , QC, J0K 2T0 Canada<\/b> ou <b>Markou Evgenikou 11, Mesa Geitonia, 4002, Limassol, Cyprus.<b><\/b><\/b><\/p>","protected":false},"excerpt":{"rendered":"<p>Obtenez le confort d&#8217;un pyjama avec ce pantalon \u00e9l\u00e9gant. Avec la taille r\u00e9glable et un tissu extensible lisse et agr\u00e9able, c&#8217;est comme votre pantalon de surv\u00eatement pr\u00e9f\u00e9r\u00e9, mais en mieux.<\/p>","protected":false},"featured_media":26449,"comment_status":"open","ping_status":"closed","template":"","meta":{"nf_dc_page":"","_bbp_topic_count":0,"_bbp_reply_count":0,"_bbp_total_topic_count":0,"_bbp_total_reply_count":0,"_bbp_voice_count":0,"_bbp_anonymous_reply_count":0,"_bbp_topic_count_hidden":0,"_bbp_reply_count_hidden":0,"_bbp_forum_subforum_count":0,"jetpack_publicize_message":"","jetpack_publicize_feature_enabled":true,"jetpack_social_post_already_shared":true,"jetpack_social_options":{"image_generator_settings":{"template":"highway","default_image_id":0,"font":"","enabled":false},"version":2}},"product_brand":[109],"product_cat":[128],"product_tag":[470],"class_list":{"0":"post-26204","1":"product","2":"type-product","3":"status-publish","4":"has-post-thumbnail","6":"product_brand-cochon-savant","7":"product_cat-pantalons","8":"product_tag-pantalons","10":"first","11":"instock","12":"taxable","13":"shipping-taxable","14":"purchasable","15":"product-type-variable"},"jetpack_publicize_connections":[],"_links":{"self":[{"href":"https:\/\/lecochonsavant.com\/en\/wp-json\/wp\/v2\/product\/26204","targetHints":{"allow":["GET"]}}],"collection":[{"href":"https:\/\/lecochonsavant.com\/en\/wp-json\/wp\/v2\/product"}],"about":[{"href":"https:\/\/lecochonsavant.com\/en\/wp-json\/wp\/v2\/types\/product"}],"replies":[{"embeddable":true,"href":"https:\/\/lecochonsavant.com\/en\/wp-json\/wp\/v2\/comments?post=26204"}],"wp:featuredmedia":[{"embeddable":true,"href":"https:\/\/lecochonsavant.com\/en\/wp-json\/wp\/v2\/media\/26449"}],"wp:attachment":[{"href":"https:\/\/lecochonsavant.com\/en\/wp-json\/wp\/v2\/media?parent=26204"}],"wp:term":[{"taxonomy":"product_brand","embeddable":true,"href":"https:\/\/lecochonsavant.com\/en\/wp-json\/wp\/v2\/product_brand?post=26204"},{"taxonomy":"product_cat","embeddable":true,"href":"https:\/\/lecochonsavant.com\/en\/wp-json\/wp\/v2\/product_cat?post=26204"},{"taxonomy":"product_tag","embeddable":true,"href":"https:\/\/lecochonsavant.com\/en\/wp-json\/wp\/v2\/product_tag?post=26204"}],"curies":[{"name":"wp","href":"https:\/\/api.w.org\/{rel}","templated":true}]}}