{"id":26240,"date":"2025-11-07T13:42:01","date_gmt":"2025-11-07T18:42:01","guid":{"rendered":"https:\/\/lecochonsavant.com\/produit\/pantalon-large-queerwear-blanc\/"},"modified":"2025-12-01T23:31:44","modified_gmt":"2025-12-02T04:31:44","slug":"pantalon-large-queerwear-blanc","status":"publish","type":"product","link":"https:\/\/lecochonsavant.com\/en\/product\/pantalon-large-queerwear-blanc\/","title":{"rendered":"Pantalon large Queerwear blanc"},"content":{"rendered":"<p data-start=\"190\" data-end=\"315\"><img decoding=\"async\" class=\"alignnone wp-image-32586\" src=\"https:\/\/lecochonsavant.com\/wp-content\/uploads\/2025\/11\/rabais-20-300x41.jpg\" alt=\"\" width=\"337\" height=\"46\" srcset=\"https:\/\/lecochonsavant.com\/wp-content\/uploads\/2025\/11\/rabais-20-300x41.jpg 300w, https:\/\/lecochonsavant.com\/wp-content\/uploads\/2025\/11\/rabais-20-64x9.jpg 64w, https:\/\/lecochonsavant.com\/wp-content\/uploads\/2025\/11\/rabais-20.jpg 528w\" sizes=\"(max-width: 337px) 100vw, 337px\" \/><\/p>\n<p data-start=\"190\" data-end=\"315\">Ne te fais pas avoir :<br data-start=\"212\" data-end=\"215\" \/>Il <strong data-start=\"218\" data-end=\"234\">a l\u2019air sage<\/strong>, ce pantalon blanc\u2026 mais c\u2019est exactement pour \u00e7a qu\u2019il trouble tout le monde.<\/p>\n<p data-start=\"317\" data-end=\"503\">Un blanc pur, immacul\u00e9, presque ang\u00e9lique\u2026<br data-start=\"359\" data-end=\"362\" \/>Puis BOUM : une \u00e9norme bande <strong data-start=\"391\" data-end=\"404\">QUEERWEAR<\/strong> le long de la jambe qui crie<br data-start=\"433\" data-end=\"436\" \/><strong data-start=\"436\" data-end=\"503\">\u00ab Je suis peut-\u00eatre blanc, mais je suis loin d\u2019\u00eatre innocent. \u00bb<\/strong><\/p>\n<p data-start=\"505\" data-end=\"649\">C\u2019est le contraste parfait :<br data-start=\"533\" data-end=\"536\" \/>la douceur du coton,<br data-start=\"556\" data-end=\"559\" \/>la provocation de l\u2019imprim\u00e9,<br data-start=\"587\" data-end=\"590\" \/>et toi au milieu, en train de ruiner toute notion de calme.<\/p>\n<hr data-start=\"651\" data-end=\"654\" \/>\n<h2 data-start=\"656\" data-end=\"681\"><strong data-start=\"659\" data-end=\"681\">Caract\u00e9ristiques :<\/strong><\/h2>\n<p data-start=\"682\" data-end=\"1056\">\u2714 Blanc pur : le genre de blanc qui fait ressortir <em data-start=\"733\" data-end=\"739\">tout<\/em> ce qu\u2019il doit ressortir.<br data-start=\"764\" data-end=\"767\" \/>\u2714 Coupe large et fluide : \u00e7a danse avec tes hanches sans demander la permission.<br data-start=\"847\" data-end=\"850\" \/>\u2714 Imprim\u00e9 vertical QUEERWEAR : subtil comme une gifle.<br data-start=\"904\" data-end=\"907\" \/>\u2714 Ultra confortable : pour marcher, parader, cruiser, poser, s\u00e9cher ou p\u00e9cher.<br data-start=\"985\" data-end=\"988\" \/>\u2714 Unisexe et assum\u00e9 : la mode queer n\u2019a pas besoin de justification.<\/p>\n<hr data-start=\"1058\" data-end=\"1061\" \/>\n<h2 data-start=\"1063\" data-end=\"1079\"><strong data-start=\"1066\" data-end=\"1079\">Le mood :<\/strong><\/h2>\n<p data-start=\"1080\" data-end=\"1213\">Ce pantalon murmure :<br data-start=\"1101\" data-end=\"1104\" \/><strong data-start=\"1104\" data-end=\"1151\">\u00ab Je suis l\u2019ange. Toi, t\u2019es la tentation. \u00bb<\/strong><br data-start=\"1151\" data-end=\"1154\" \/>Mais tout le monde comprend rapidement qui fait chuter qui.<\/p>\n<p data-start=\"1215\" data-end=\"1297\">Tu le portes ?<br data-start=\"1229\" data-end=\"1232\" \/>T\u2019es la vision en blanc\u2026 qui donne des id\u00e9es tr\u00e8s, tr\u00e8s color\u00e9es.<\/p>\n<p>&#8211; Composition du tissu dans l&#8217;UE\u00a0: 96\u00a0% polyester, 4\u00a0% spandex<br \/>\n&#8211; Composition du tissu aux \u00c9tats-Unis\u00a0: 93\u00a0% polyester, 7\u00a0% spandex<br \/>\n&#8211; Poids du tissu dans l&#8217;UE\u00a0: 215\u00a0g\/m\u00b2 (6,34\u00a0oz\/yd\u00b2)<br \/>\n&#8211; Poids du tissu aux \u00c9tats-Unis\u00a0: 240\u00a0g\/m\u00b2 (7,08\u00a0oz\/yd\u00b2)<br \/>\n&#8211; Coupe unisexe d\u00e9contract\u00e9e<br \/>\n&#8211; Poches lat\u00e9rales pratiques<br \/>\n&#8211; Ceinture \u00e9lastique avec un cordon blanc<br \/>\n&#8211; Peut \u00eatre port\u00e9 \u00e0 la taille ou sur les hanches<br \/>\n&#8211; Tissu jersey premium de poids moyen<\/p>\n<p>Avertissement : dans les zones o\u00f9 le tissu poss\u00e8de une double couche (comme les poches), les d\u00e9tails de la couche int\u00e9rieure du tissu peuvent transpara\u00eetre, surtout avec des designs plus clairs.<\/p>\n<p>Age restrictions: Pour les adultes<br \/>\nEU Warranty: 2\u00a0ans<br \/>\nOther compliance information: R\u00e9pond aux exigences relatives \u00e0 l\u2019inflammabilit\u00e9, aux teneurs en formald\u00e9hyde, plomb, cadmium, phtalates, colorants azo\u00efques, bisph\u00e9nol et mercure.<\/p>\n<p>En conformit\u00e9 avec le R\u00e8glement pour la S\u00e9curit\u00e9 G\u00e9n\u00e9rale des Produits (RSGP), <b>sckript creations virtuelles inc.<\/b> et <b>SINDEN VENTURES LIMITED<\/b>garantissent que tous les produits de consommation propos\u00e9s sont s\u00fbrs et conformes aux normes de l&#8217;UE. Pour toutes questions ou pr\u00e9occupations concernant les mesures de s\u00e9curit\u00e9 des produits, veuillez contacter notre repr\u00e9sentant europ\u00e9en \u00e0 <b><span \n                data-original-string='2SCmlhyu1e7ZMetQO86HuA==539XT0Y\/A57gRFwG\/WVGU5BbVGktnXVZkAbWEdMcwyrM+4='\n                class='apbct-email-encoder'\n                title='This contact has been encoded by Anti-Spam by CleanTalk. Click to decode. To finish the decoding make sure that JavaScript is enabled in your browser.'>gp<span class=\"apbct-blur\">**<\/span>@<span class=\"apbct-blur\">************<\/span>es.com<\/span><\/b>. Vous pouvez \u00e9galement nous \u00e9crire \u00e0 <b>110 &#8211; 2905 mont\u00e9e Hamilton , QC, J0K 2T0 Canada<\/b> ou <b>Markou Evgenikou 11, Mesa Geitonia, 4002, Limassol, Cyprus.<b><\/b><\/b><\/p>","protected":false},"excerpt":{"rendered":"<p>Obtenez le confort d&#8217;un pyjama avec ce pantalon \u00e9l\u00e9gant. Avec la taille r\u00e9glable et un tissu extensible lisse et agr\u00e9able, c&#8217;est comme votre pantalon de surv\u00eatement pr\u00e9f\u00e9r\u00e9, mais en mieux.<\/p>","protected":false},"featured_media":26450,"comment_status":"open","ping_status":"closed","template":"","meta":{"nf_dc_page":"","_bbp_topic_count":0,"_bbp_reply_count":0,"_bbp_total_topic_count":0,"_bbp_total_reply_count":0,"_bbp_voice_count":0,"_bbp_anonymous_reply_count":0,"_bbp_topic_count_hidden":0,"_bbp_reply_count_hidden":0,"_bbp_forum_subforum_count":0,"jetpack_publicize_message":"","jetpack_publicize_feature_enabled":true,"jetpack_social_post_already_shared":true,"jetpack_social_options":{"image_generator_settings":{"template":"highway","default_image_id":0,"font":"","enabled":false},"version":2}},"product_brand":[109],"product_cat":[128],"product_tag":[470],"class_list":{"0":"post-26240","1":"product","2":"type-product","3":"status-publish","4":"has-post-thumbnail","6":"product_brand-cochon-savant","7":"product_cat-pantalons","8":"product_tag-pantalons","10":"first","11":"instock","12":"taxable","13":"shipping-taxable","14":"purchasable","15":"product-type-variable"},"jetpack_publicize_connections":[],"_links":{"self":[{"href":"https:\/\/lecochonsavant.com\/en\/wp-json\/wp\/v2\/product\/26240","targetHints":{"allow":["GET"]}}],"collection":[{"href":"https:\/\/lecochonsavant.com\/en\/wp-json\/wp\/v2\/product"}],"about":[{"href":"https:\/\/lecochonsavant.com\/en\/wp-json\/wp\/v2\/types\/product"}],"replies":[{"embeddable":true,"href":"https:\/\/lecochonsavant.com\/en\/wp-json\/wp\/v2\/comments?post=26240"}],"wp:featuredmedia":[{"embeddable":true,"href":"https:\/\/lecochonsavant.com\/en\/wp-json\/wp\/v2\/media\/26450"}],"wp:attachment":[{"href":"https:\/\/lecochonsavant.com\/en\/wp-json\/wp\/v2\/media?parent=26240"}],"wp:term":[{"taxonomy":"product_brand","embeddable":true,"href":"https:\/\/lecochonsavant.com\/en\/wp-json\/wp\/v2\/product_brand?post=26240"},{"taxonomy":"product_cat","embeddable":true,"href":"https:\/\/lecochonsavant.com\/en\/wp-json\/wp\/v2\/product_cat?post=26240"},{"taxonomy":"product_tag","embeddable":true,"href":"https:\/\/lecochonsavant.com\/en\/wp-json\/wp\/v2\/product_tag?post=26240"}],"curies":[{"name":"wp","href":"https:\/\/api.w.org\/{rel}","templated":true}]}}